{"id":413,"date":"2023-03-16T16:14:32","date_gmt":"2023-03-16T19:14:32","guid":{"rendered":"https:\/\/sites.usp.br\/polinguas\/?page_id=413"},"modified":"2024-03-18T15:58:16","modified_gmt":"2024-03-18T18:58:16","slug":"russo","status":"publish","type":"page","link":"https:\/\/sites.usp.br\/polinguas\/russo\/","title":{"rendered":"Letramento Digital em L\u00edngua Russa: Mecanismos de pesquisa cient\u00edfica da RUNET"},"content":{"rendered":"\t\t<div data-elementor-type=\"wp-page\" data-elementor-id=\"413\" class=\"elementor elementor-413\" data-elementor-post-type=\"page\">\n\t\t\t\t\t\t<section class=\"elementor-section elementor-top-section elementor-element elementor-element-df07bf5 elementor-section-boxed elementor-section-height-default elementor-section-height-default\" data-id=\"df07bf5\" data-element_type=\"section\">\n\t\t\t\t\t\t<div class=\"elementor-container elementor-column-gap-default\">\n\t\t\t\t\t<div class=\"elementor-column elementor-col-100 elementor-top-column elementor-element elementor-element-aae77e2\" data-id=\"aae77e2\" data-element_type=\"column\">\n\t\t\t<div class=\"elementor-widget-wrap elementor-element-populated\">\n\t\t\t\t\t\t<div class=\"elementor-element elementor-element-139c27e elementor-widget elementor-widget-text-editor\" data-id=\"139c27e\" data-element_type=\"widget\" data-widget_type=\"text-editor.default\">\n\t\t\t\t<div class=\"elementor-widget-container\">\n\t\t\t\t\t\t\t<p><img fetchpriority=\"high\" decoding=\"async\" class=\"wp-image-1879 size-medium alignleft\" src=\"https:\/\/sites.usp.br\/polinguas\/wp-content\/uploads\/sites\/1234\/2024\/03\/logos-300x300.png\" alt=\"\" width=\"300\" height=\"300\" srcset=\"https:\/\/sites.usp.br\/polinguas\/wp-content\/uploads\/sites\/1234\/2024\/03\/logos-300x300.png 300w, https:\/\/sites.usp.br\/polinguas\/wp-content\/uploads\/sites\/1234\/2024\/03\/logos-1024x1024.png 1024w, https:\/\/sites.usp.br\/polinguas\/wp-content\/uploads\/sites\/1234\/2024\/03\/logos-150x150.png 150w, https:\/\/sites.usp.br\/polinguas\/wp-content\/uploads\/sites\/1234\/2024\/03\/logos-768x768.png 768w, https:\/\/sites.usp.br\/polinguas\/wp-content\/uploads\/sites\/1234\/2024\/03\/logos-45x45.png 45w, https:\/\/sites.usp.br\/polinguas\/wp-content\/uploads\/sites\/1234\/2024\/03\/logos.png 1080w\" sizes=\"(max-width: 300px) 100vw, 300px\" \/>O curso<strong>\u00a0Letramento Digital em L\u00edngua Russa: Mecanismos de pesquisa cient\u00edfica da RUNET<\/strong>\u00a0foi voltado para estudantes, docentes e funcion\u00e1rias(os) da USP e teve por objetivo abordar os seguintes temas: a introdu\u00e7\u00e3o de aspectos culturais e hist\u00f3ricos russos; a R\u00fassia e suas rela\u00e7\u00f5es no palco mundial; impactos da colabora\u00e7\u00e3o cient\u00edfica na produ\u00e7\u00e3o acad\u00eamica entre pa\u00edses do BRICS; caracter\u00edsticas da colabora\u00e7\u00e3o cient\u00edfica entre R\u00fassia e Brasil e seus desdobramentos; l\u00edngua como ponte de colabora\u00e7\u00e3o; apresenta\u00e7\u00e3o e discuss\u00e3o da RUNET enquanto espa\u00e7o de russofonia virtual e de possibilidades para colabora\u00e7\u00e3o cient\u00edfica. O curso foi ministrado \u00e0 dist\u00e2ncia pelo Google Meet.<\/p><p><strong>Bolsista PROIAD respons\u00e1vel:<\/strong>\u00a0Fl\u00e1via da Silva Rabelo Nobre (<a>flavianobre@usp.br<\/a>)<\/p><p><strong>Professor respons\u00e1vel:<\/strong>\u00a0Prof. Dr. Milan Puh (<a>milanpuh@usp.br<\/a>)<\/p><p>Para conferir mais sobre o oferecimento desse curso:<\/p>\t\t\t\t\t\t<\/div>\n\t\t\t\t<\/div>\n\t\t\t\t\t<\/div>\n\t\t<\/div>\n\t\t\t\t\t<\/div>\n\t\t<\/section>\n\t\t\t\t<section class=\"elementor-section elementor-top-section elementor-element elementor-element-b1e6696 elementor-section-boxed elementor-section-height-default elementor-section-height-default\" data-id=\"b1e6696\" data-element_type=\"section\">\n\t\t\t\t\t\t<div class=\"elementor-container elementor-column-gap-default\">\n\t\t\t\t\t<div class=\"elementor-column elementor-col-33 elementor-top-column elementor-element elementor-element-7a46e68\" data-id=\"7a46e68\" data-element_type=\"column\">\n\t\t\t<div class=\"elementor-widget-wrap\">\n\t\t\t\t\t\t\t<\/div>\n\t\t<\/div>\n\t\t\t\t<div class=\"elementor-column elementor-col-33 elementor-top-column elementor-element elementor-element-7067963\" data-id=\"7067963\" data-element_type=\"column\">\n\t\t\t<div class=\"elementor-widget-wrap\">\n\t\t\t\t\t\t\t<\/div>\n\t\t<\/div>\n\t\t\t\t<div class=\"elementor-column elementor-col-33 elementor-top-column elementor-element elementor-element-ec6c3c0\" data-id=\"ec6c3c0\" data-element_type=\"column\">\n\t\t\t<div class=\"elementor-widget-wrap elementor-element-populated\">\n\t\t\t\t\t\t<div class=\"elementor-element elementor-element-bc75686 elementor-button-info elementor-widget elementor-widget-button\" data-id=\"bc75686\" data-element_type=\"widget\" data-widget_type=\"button.default\">\n\t\t\t\t<div class=\"elementor-widget-container\">\n\t\t\t\t\t\t\t<div class=\"elementor-button-wrapper\">\n\t\t\t\t\t<a class=\"elementor-button elementor-button-link elementor-size-sm\" href=\"https:\/\/sites.usp.br\/polinguas\/letramento-digital-em-lingua-russa-mecanismos-de-pesquisa-cientifica-da-runet\/\">\n\t\t\t\t\t\t<span class=\"elementor-button-content-wrapper\">\n\t\t\t\t\t\t<span class=\"elementor-button-icon\">\n\t\t\t\t<i aria-hidden=\"true\" class=\"far fa-eye\"><\/i>\t\t\t<\/span>\n\t\t\t\t\t\t\t\t\t<span class=\"elementor-button-text\">Clique aqui<\/span>\n\t\t\t\t\t<\/span>\n\t\t\t\t\t<\/a>\n\t\t\t\t<\/div>\n\t\t\t\t\t\t<\/div>\n\t\t\t\t<\/div>\n\t\t\t\t\t<\/div>\n\t\t<\/div>\n\t\t\t\t\t<\/div>\n\t\t<\/section>\n\t\t\t\t<section class=\"elementor-section elementor-top-section elementor-element elementor-element-c312ea8 elementor-section-boxed elementor-section-height-default elementor-section-height-default\" data-id=\"c312ea8\" data-element_type=\"section\">\n\t\t\t\t\t\t<div class=\"elementor-container elementor-column-gap-default\">\n\t\t\t\t\t<div class=\"elementor-column elementor-col-100 elementor-top-column elementor-element elementor-element-b5378d3\" data-id=\"b5378d3\" data-element_type=\"column\">\n\t\t\t<div class=\"elementor-widget-wrap\">\n\t\t\t\t\t\t\t<\/div>\n\t\t<\/div>\n\t\t\t\t\t<\/div>\n\t\t<\/section>\n\t\t\t\t<\/div>\n\t\t","protected":false},"excerpt":{"rendered":"<p>O curso\u00a0Letramento Digital em L\u00edngua Russa: Mecanismos de pesquisa cient\u00edfica da RUNET\u00a0foi voltado para estudantes, docentes e funcion\u00e1rias(os) da USP e teve por objetivo abordar os seguintes temas: a introdu\u00e7\u00e3o de aspectos culturais e hist\u00f3ricos russos; a R\u00fassia e suas rela\u00e7\u00f5es no palco mundial; impactos da colabora\u00e7\u00e3o cient\u00edfica na produ\u00e7\u00e3o acad\u00eamica entre pa\u00edses do BRICS; [&hellip;]<\/p>\n","protected":false},"author":23416,"featured_media":0,"parent":0,"menu_order":0,"comment_status":"closed","ping_status":"closed","template":"","meta":{"footnotes":"","_links_to":"","_links_to_target":""},"class_list":["post-413","page","type-page","status-publish","hentry"],"_links":{"self":[{"href":"https:\/\/sites.usp.br\/polinguas\/wp-json\/wp\/v2\/pages\/413","targetHints":{"allow":["GET"]}}],"collection":[{"href":"https:\/\/sites.usp.br\/polinguas\/wp-json\/wp\/v2\/pages"}],"about":[{"href":"https:\/\/sites.usp.br\/polinguas\/wp-json\/wp\/v2\/types\/page"}],"author":[{"embeddable":true,"href":"https:\/\/sites.usp.br\/polinguas\/wp-json\/wp\/v2\/users\/23416"}],"replies":[{"embeddable":true,"href":"https:\/\/sites.usp.br\/polinguas\/wp-json\/wp\/v2\/comments?post=413"}],"version-history":[{"count":4,"href":"https:\/\/sites.usp.br\/polinguas\/wp-json\/wp\/v2\/pages\/413\/revisions"}],"predecessor-version":[{"id":1905,"href":"https:\/\/sites.usp.br\/polinguas\/wp-json\/wp\/v2\/pages\/413\/revisions\/1905"}],"wp:attachment":[{"href":"https:\/\/sites.usp.br\/polinguas\/wp-json\/wp\/v2\/media?parent=413"}],"curies":[{"name":"wp","href":"https:\/\/api.w.org\/{rel}","templated":true}]}}