{"id":498,"date":"2023-03-23T11:49:23","date_gmt":"2023-03-23T14:49:23","guid":{"rendered":"https:\/\/sites.usp.br\/polinguas\/?page_id=498"},"modified":"2024-03-18T16:19:52","modified_gmt":"2024-03-18T19:19:52","slug":"chines-basico-lingua-modulo-ii","status":"publish","type":"page","link":"https:\/\/sites.usp.br\/polinguas\/chines-basico-lingua-modulo-ii\/","title":{"rendered":"Chin\u00eas B\u00e1sico &#8211; L\u00edngua M\u00f3dulo II"},"content":{"rendered":"<p><img fetchpriority=\"high\" decoding=\"async\" class=\"wp-image-1879 size-medium alignleft\" src=\"https:\/\/sites.usp.br\/polinguas\/wp-content\/uploads\/sites\/1234\/2024\/03\/logos-300x300.png\" alt=\"\" width=\"300\" height=\"300\" srcset=\"https:\/\/sites.usp.br\/polinguas\/wp-content\/uploads\/sites\/1234\/2024\/03\/logos-300x300.png 300w, https:\/\/sites.usp.br\/polinguas\/wp-content\/uploads\/sites\/1234\/2024\/03\/logos-1024x1024.png 1024w, https:\/\/sites.usp.br\/polinguas\/wp-content\/uploads\/sites\/1234\/2024\/03\/logos-150x150.png 150w, https:\/\/sites.usp.br\/polinguas\/wp-content\/uploads\/sites\/1234\/2024\/03\/logos-768x768.png 768w, https:\/\/sites.usp.br\/polinguas\/wp-content\/uploads\/sites\/1234\/2024\/03\/logos-45x45.png 45w, https:\/\/sites.usp.br\/polinguas\/wp-content\/uploads\/sites\/1234\/2024\/03\/logos.png 1080w\" sizes=\"(max-width: 300px) 100vw, 300px\" \/>O curso de <b>Chin\u00eas B\u00e1sico &#8211; L\u00edngua M\u00f3dulo II<\/b> foi voltado para estudantes da gradua\u00e7\u00e3o e tem por objetivo introduzir os estudantes \u00e0 l\u00edngua e \u00e0 cultura chinesa com foco na oralidade e na escrita. O curso foi ministrado\u00a0 \u00e0 dist\u00e2ncia via Google Meet<\/p>\n<p><strong>Bolsistas PROIAD respons\u00e1veis<\/strong>: Marina Domingues Coradi e Carla Henriques de Souza Oliveira<\/p>\n<p><strong>Professor respons\u00e1vel: <\/strong>Profa. Dra. Ho Yeh Chia<\/p>\n","protected":false},"excerpt":{"rendered":"<p>O curso de Chin\u00eas B\u00e1sico &#8211; L\u00edngua M\u00f3dulo II foi voltado para estudantes da gradua\u00e7\u00e3o e tem por objetivo introduzir os estudantes \u00e0 l\u00edngua e \u00e0 cultura chinesa com foco na oralidade e na escrita. O curso foi ministrado\u00a0 \u00e0 dist\u00e2ncia via Google Meet Bolsistas PROIAD respons\u00e1veis: Marina Domingues Coradi e Carla Henriques de Souza [&hellip;]<\/p>\n","protected":false},"author":23458,"featured_media":0,"parent":0,"menu_order":0,"comment_status":"closed","ping_status":"closed","template":"","meta":{"footnotes":"","_links_to":"","_links_to_target":""},"class_list":["post-498","page","type-page","status-publish","hentry"],"_links":{"self":[{"href":"https:\/\/sites.usp.br\/polinguas\/wp-json\/wp\/v2\/pages\/498","targetHints":{"allow":["GET"]}}],"collection":[{"href":"https:\/\/sites.usp.br\/polinguas\/wp-json\/wp\/v2\/pages"}],"about":[{"href":"https:\/\/sites.usp.br\/polinguas\/wp-json\/wp\/v2\/types\/page"}],"author":[{"embeddable":true,"href":"https:\/\/sites.usp.br\/polinguas\/wp-json\/wp\/v2\/users\/23458"}],"replies":[{"embeddable":true,"href":"https:\/\/sites.usp.br\/polinguas\/wp-json\/wp\/v2\/comments?post=498"}],"version-history":[{"count":6,"href":"https:\/\/sites.usp.br\/polinguas\/wp-json\/wp\/v2\/pages\/498\/revisions"}],"predecessor-version":[{"id":1934,"href":"https:\/\/sites.usp.br\/polinguas\/wp-json\/wp\/v2\/pages\/498\/revisions\/1934"}],"wp:attachment":[{"href":"https:\/\/sites.usp.br\/polinguas\/wp-json\/wp\/v2\/media?parent=498"}],"curies":[{"name":"wp","href":"https:\/\/api.w.org\/{rel}","templated":true}]}}