{"id":50,"date":"2023-01-04T10:54:51","date_gmt":"2023-01-04T13:54:51","guid":{"rendered":"https:\/\/sites.usp.br\/polinguas\/?page_id=50"},"modified":"2023-03-13T13:19:39","modified_gmt":"2023-03-13T16:19:39","slug":"sobre","status":"publish","type":"page","link":"https:\/\/sites.usp.br\/polinguas\/sobre\/","title":{"rendered":"Nossa Hist\u00f3ria"},"content":{"rendered":"<p style=\"font-weight: 400;\">Pensado desde 2014 e finalmente consolidado em 2021 como desdobramento de uma s\u00e9rie de reuni\u00f5es entre docentes da FFLCH e da FE, o Grupo de Trabalho Interunidades &#8220;Pol\u00edticas Lingu\u00edsticas para a USP&#8221; busca estabelecer uma pol\u00edtica lingu\u00edstica institucional que considere o papel das l\u00ednguas na universidade em ensino, pesquisa e extens\u00e3o. O GT reconhece a import\u00e2ncia hist\u00f3rica da diversidade de ensino e forma\u00e7\u00e3o docente em l\u00ednguas e cultura. No entanto, essa diversidade est\u00e1 amea\u00e7ada pela redu\u00e7\u00e3o gradual do corpo docente da \u00e1rea.<\/p>\n<p style=\"font-weight: 400;\">O GT prop\u00f5e uma pol\u00edtica pluril\u00edngue na USP, com objetivos e princ\u00edpios para os tr\u00eas pilares: ensino, pesquisa e extens\u00e3o, e enfatiza a necessidade de amplia\u00e7\u00e3o de oportunidades de aprendizado de l\u00ednguas estrangeiras, oferta de disciplinas em l\u00ednguas estrangeiras e forma\u00e7\u00e3o de professores e pesquisadores em l\u00ednguas.\u00a0Tamb\u00e9m prop\u00f5e a expans\u00e3o do uso de diferentes l\u00ednguas na apresenta\u00e7\u00e3o de trabalhos acad\u00eamicos, incentivo \u00e0 produ\u00e7\u00e3o e divulga\u00e7\u00e3o de conhecimento em diversas l\u00ednguas e demanda apoio a N\u00facleos e Grupos de Estudos e Pesquisa sobre l\u00ednguas e culturas estrangeiras.\u00a0Al\u00e9m disso, defende o debate sobre linguagem inclusiva e a produ\u00e7\u00e3o de orienta\u00e7\u00f5es relativas a seu emprego nas v\u00e1rias inst\u00e2ncias da vida universit\u00e1ria.<\/p>\n","protected":false},"excerpt":{"rendered":"<p>Pensado desde 2014 e finalmente consolidado em 2021 como desdobramento de uma s\u00e9rie de reuni\u00f5es entre docentes da FFLCH e da FE, o Grupo de Trabalho Interunidades &#8220;Pol\u00edticas Lingu\u00edsticas para a USP&#8221; busca estabelecer uma pol\u00edtica lingu\u00edstica institucional que considere o papel das l\u00ednguas na universidade em ensino, pesquisa e extens\u00e3o. O GT reconhece a [&hellip;]<\/p>\n","protected":false},"author":23400,"featured_media":0,"parent":0,"menu_order":0,"comment_status":"closed","ping_status":"closed","template":"","meta":{"footnotes":"","_links_to":"","_links_to_target":""},"class_list":["post-50","page","type-page","status-publish","hentry"],"_links":{"self":[{"href":"https:\/\/sites.usp.br\/polinguas\/wp-json\/wp\/v2\/pages\/50","targetHints":{"allow":["GET"]}}],"collection":[{"href":"https:\/\/sites.usp.br\/polinguas\/wp-json\/wp\/v2\/pages"}],"about":[{"href":"https:\/\/sites.usp.br\/polinguas\/wp-json\/wp\/v2\/types\/page"}],"author":[{"embeddable":true,"href":"https:\/\/sites.usp.br\/polinguas\/wp-json\/wp\/v2\/users\/23400"}],"replies":[{"embeddable":true,"href":"https:\/\/sites.usp.br\/polinguas\/wp-json\/wp\/v2\/comments?post=50"}],"version-history":[{"count":4,"href":"https:\/\/sites.usp.br\/polinguas\/wp-json\/wp\/v2\/pages\/50\/revisions"}],"predecessor-version":[{"id":301,"href":"https:\/\/sites.usp.br\/polinguas\/wp-json\/wp\/v2\/pages\/50\/revisions\/301"}],"wp:attachment":[{"href":"https:\/\/sites.usp.br\/polinguas\/wp-json\/wp\/v2\/media?parent=50"}],"curies":[{"name":"wp","href":"https:\/\/api.w.org\/{rel}","templated":true}]}}