{"id":5010,"date":"2026-04-07T16:11:53","date_gmt":"2026-04-07T19:11:53","guid":{"rendered":"https:\/\/sites.usp.br\/polinguas\/?page_id=5010"},"modified":"2026-05-11T15:04:40","modified_gmt":"2026-05-11T18:04:40","slug":"cursos-de-coreano-2026","status":"publish","type":"page","link":"https:\/\/sites.usp.br\/polinguas\/cursos-de-coreano-2026\/","title":{"rendered":"Cursos de Coreano 2026"},"content":{"rendered":"\t\t<div data-elementor-type=\"wp-page\" data-elementor-id=\"5010\" class=\"elementor elementor-5010\" data-elementor-post-type=\"page\">\n\t\t\t\t\t\t<section class=\"elementor-section elementor-top-section elementor-element elementor-element-d92a044 elementor-section-boxed elementor-section-height-default elementor-section-height-default\" data-id=\"d92a044\" data-element_type=\"section\">\n\t\t\t\t\t\t<div class=\"elementor-container elementor-column-gap-default\">\n\t\t\t\t\t<div class=\"elementor-column elementor-col-100 elementor-top-column elementor-element elementor-element-f2221e8\" data-id=\"f2221e8\" data-element_type=\"column\">\n\t\t\t<div class=\"elementor-widget-wrap elementor-element-populated\">\n\t\t\t\t\t\t<div class=\"elementor-element elementor-element-1cd34a0 elementor-widget elementor-widget-image\" data-id=\"1cd34a0\" data-element_type=\"widget\" data-widget_type=\"image.default\">\n\t\t\t\t<div class=\"elementor-widget-container\">\n\t\t\t\t\t\t\t\t\t\t\t\t\t<img fetchpriority=\"high\" decoding=\"async\" width=\"500\" height=\"158\" src=\"https:\/\/sites.usp.br\/polinguas\/wp-content\/uploads\/sites\/1234\/2025\/10\/5-e1761922116782.png\" class=\"attachment-large size-large wp-image-4845\" alt=\"\" srcset=\"https:\/\/sites.usp.br\/polinguas\/wp-content\/uploads\/sites\/1234\/2025\/10\/5-e1761922116782.png 500w, https:\/\/sites.usp.br\/polinguas\/wp-content\/uploads\/sites\/1234\/2025\/10\/5-e1761922116782-300x95.png 300w\" sizes=\"(max-width: 500px) 100vw, 500px\" \/>\t\t\t\t\t\t\t\t\t\t\t\t\t<\/div>\n\t\t\t\t<\/div>\n\t\t\t\t\t<\/div>\n\t\t<\/div>\n\t\t\t\t\t<\/div>\n\t\t<\/section>\n\t\t\t\t<section class=\"elementor-section elementor-top-section elementor-element elementor-element-1214b9f elementor-section-boxed elementor-section-height-default elementor-section-height-default\" data-id=\"1214b9f\" data-element_type=\"section\">\n\t\t\t\t\t\t<div class=\"elementor-container elementor-column-gap-default\">\n\t\t\t\t\t<div class=\"elementor-column elementor-col-100 elementor-top-column elementor-element elementor-element-bd3790a\" data-id=\"bd3790a\" data-element_type=\"column\">\n\t\t\t<div class=\"elementor-widget-wrap\">\n\t\t\t\t\t\t\t<\/div>\n\t\t<\/div>\n\t\t\t\t\t<\/div>\n\t\t<\/section>\n\t\t\t\t<section class=\"elementor-section elementor-top-section elementor-element elementor-element-300d22c elementor-section-boxed elementor-section-height-default elementor-section-height-default\" data-id=\"300d22c\" data-element_type=\"section\">\n\t\t\t\t\t\t<div class=\"elementor-container elementor-column-gap-default\">\n\t\t\t\t\t<div class=\"elementor-column elementor-col-50 elementor-top-column elementor-element elementor-element-59db2ef\" data-id=\"59db2ef\" data-element_type=\"column\">\n\t\t\t<div class=\"elementor-widget-wrap elementor-element-populated\">\n\t\t\t\t\t\t<div class=\"elementor-element elementor-element-c68aa0a elementor-widget elementor-widget-image\" data-id=\"c68aa0a\" data-element_type=\"widget\" data-widget_type=\"image.default\">\n\t\t\t\t<div class=\"elementor-widget-container\">\n\t\t\t\t\t\t\t\t\t\t\t\t\t<img decoding=\"async\" width=\"604\" height=\"854\" src=\"https:\/\/sites.usp.br\/polinguas\/wp-content\/uploads\/sites\/1234\/2026\/04\/Banners-2026-22-724x1024.png\" class=\"attachment-large size-large wp-image-5350\" alt=\"\" srcset=\"https:\/\/sites.usp.br\/polinguas\/wp-content\/uploads\/sites\/1234\/2026\/04\/Banners-2026-22-724x1024.png 724w, https:\/\/sites.usp.br\/polinguas\/wp-content\/uploads\/sites\/1234\/2026\/04\/Banners-2026-22-212x300.png 212w, https:\/\/sites.usp.br\/polinguas\/wp-content\/uploads\/sites\/1234\/2026\/04\/Banners-2026-22-768x1086.png 768w, https:\/\/sites.usp.br\/polinguas\/wp-content\/uploads\/sites\/1234\/2026\/04\/Banners-2026-22-1086x1536.png 1086w, https:\/\/sites.usp.br\/polinguas\/wp-content\/uploads\/sites\/1234\/2026\/04\/Banners-2026-22-1448x2048.png 1448w, https:\/\/sites.usp.br\/polinguas\/wp-content\/uploads\/sites\/1234\/2026\/04\/Banners-2026-22.png 1587w\" sizes=\"(max-width: 604px) 100vw, 604px\" \/>\t\t\t\t\t\t\t\t\t\t\t\t\t<\/div>\n\t\t\t\t<\/div>\n\t\t\t\t\t<\/div>\n\t\t<\/div>\n\t\t\t\t<div class=\"elementor-column elementor-col-50 elementor-top-column elementor-element elementor-element-0853e62\" data-id=\"0853e62\" data-element_type=\"column\">\n\t\t\t<div class=\"elementor-widget-wrap elementor-element-populated\">\n\t\t\t\t\t\t<div class=\"elementor-element elementor-element-1d8a6f4 elementor-widget elementor-widget-text-editor\" data-id=\"1d8a6f4\" data-element_type=\"widget\" data-widget_type=\"text-editor.default\">\n\t\t\t\t<div class=\"elementor-widget-container\">\n\t\t\t\t\t\t\t<p><span style=\"font-weight: 400;\">Neste curso, voltado a iniciantes no Hangul, os alunos ir\u00e3o desenvolver as habilidades de leitura e escrita ao mesmo tempo em que ir\u00e3o entrar em contato com a cultura coreana por meio de contos e mitos tradicionais. As aulas acompanham uma progress\u00e3o lingu\u00edstica \u2013 vogais, consoantes, forma\u00e7\u00e3o de s\u00edlabas, ditongos, batchim e no\u00e7\u00f5es iniciais de gram\u00e1tica \u2013 articulada a temas culturais como a origem da Coreia (<\/span><span style=\"font-weight: 400;\">\ub2e8\uad70\uc2e0\ud654<\/span><span style=\"font-weight: 400;\">, <\/span><span style=\"font-weight: 400;\">\uc8fc\ubabd\uc2e0\ud654<\/span><span style=\"font-weight: 400;\">), festividades (<\/span><span style=\"font-weight: 400;\">\ub2ec\ud1a0\ub07c<\/span><span style=\"font-weight: 400;\">, <\/span><span style=\"font-weight: 400;\">\uacac\uc6b0\uc640<\/span> <span style=\"font-weight: 400;\">\uc9c1\ub140<\/span><span style=\"font-weight: 400;\">), valores confucionistas (<\/span><span style=\"font-weight: 400;\">\uc2ec\uccad\uc804<\/span><span style=\"font-weight: 400;\">), cren\u00e7as populares (<\/span><span style=\"font-weight: 400;\">\ub3c4\uae68\ube44<\/span><span style=\"font-weight: 400;\">) e xamanismo (<\/span><span style=\"font-weight: 400;\">\ubc14\ub9ac\uacf5\uc8fc<\/span><span style=\"font-weight: 400;\">), al\u00e9m de discuss\u00f5es sobre identidade lingu\u00edstica e representa\u00e7\u00f5es sociais.<\/span><\/p><p><span style=\"font-weight: 400;\">Com material autoral organizado por temas semanais, o curso integra estruturas lingu\u00edsticas e vocabul\u00e1rio a conte\u00fados culturais significativos, refor\u00e7ados por aulas de monitoria voltadas \u00e0 pr\u00e1tica. Ao final, espera-se que os alunos sejam capazes de ler e escrever, bem como formar frases simples (Sujeito + Predicado) em coreano, utilizar express\u00f5es b\u00e1sicas e compreender no\u00e7\u00f5es introdut\u00f3rias da cultura coreana<\/span><span style=\"font-weight: 400;\">.<\/span><\/p><p><strong>Supervisores<\/strong>: Profa. Dra Ji Yun Kim e\u00a0Prof. Dr.\u00a0Luis Carlos Barroso de Sousa Gir\u00e3o<\/p><p><strong>Bolsistas ministrantes:\u00a0<\/strong>Caroline Afonso Arantes e Gustavo de Sousa Lima<\/p>\t\t\t\t\t\t<\/div>\n\t\t\t\t<\/div>\n\t\t\t\t\t<\/div>\n\t\t<\/div>\n\t\t\t\t\t<\/div>\n\t\t<\/section>\n\t\t\t\t<section class=\"elementor-section elementor-top-section elementor-element elementor-element-8773786 elementor-section-boxed elementor-section-height-default elementor-section-height-default\" data-id=\"8773786\" data-element_type=\"section\">\n\t\t\t\t\t\t<div class=\"elementor-container elementor-column-gap-default\">\n\t\t\t\t\t<div class=\"elementor-column elementor-col-100 elementor-top-column elementor-element elementor-element-ac516c1\" data-id=\"ac516c1\" data-element_type=\"column\">\n\t\t\t<div class=\"elementor-widget-wrap\">\n\t\t\t\t\t\t\t<\/div>\n\t\t<\/div>\n\t\t\t\t\t<\/div>\n\t\t<\/section>\n\t\t\t\t<section class=\"elementor-section elementor-top-section elementor-element elementor-element-c5e42c6 elementor-section-boxed elementor-section-height-default elementor-section-height-default\" data-id=\"c5e42c6\" data-element_type=\"section\">\n\t\t\t\t\t\t<div class=\"elementor-container elementor-column-gap-default\">\n\t\t\t\t\t<div class=\"elementor-column elementor-col-50 elementor-top-column elementor-element elementor-element-a2b221a\" data-id=\"a2b221a\" data-element_type=\"column\">\n\t\t\t<div class=\"elementor-widget-wrap elementor-element-populated\">\n\t\t\t\t\t\t<div class=\"elementor-element elementor-element-b55bc1c elementor-widget elementor-widget-text-editor\" data-id=\"b55bc1c\" data-element_type=\"widget\" data-widget_type=\"text-editor.default\">\n\t\t\t\t<div class=\"elementor-widget-container\">\n\t\t\t\t\t\t\t<p>Se voc\u00ea \u00e9 estudante de gradua\u00e7\u00e3o na USP, devidamente matriculado:<\/p>\t\t\t\t\t\t<\/div>\n\t\t\t\t<\/div>\n\t\t\t\t\t<\/div>\n\t\t<\/div>\n\t\t\t\t<div class=\"elementor-column elementor-col-50 elementor-top-column elementor-element elementor-element-1917e5f\" data-id=\"1917e5f\" data-element_type=\"column\">\n\t\t\t<div class=\"elementor-widget-wrap elementor-element-populated\">\n\t\t\t\t\t\t<div class=\"elementor-element elementor-element-b1021e8 elementor-widget elementor-widget-text-editor\" data-id=\"b1021e8\" data-element_type=\"widget\" data-widget_type=\"text-editor.default\">\n\t\t\t\t<div class=\"elementor-widget-container\">\n\t\t\t\t\t\t\t<p>Se <u><b>n\u00e3o<\/b><\/u> \u00e9 estudante de gradua\u00e7\u00e3o na USP:<\/p>\t\t\t\t\t\t<\/div>\n\t\t\t\t<\/div>\n\t\t\t\t\t<\/div>\n\t\t<\/div>\n\t\t\t\t\t<\/div>\n\t\t<\/section>\n\t\t\t\t<section class=\"elementor-section elementor-top-section elementor-element elementor-element-ab58e99 elementor-section-boxed elementor-section-height-default elementor-section-height-default\" data-id=\"ab58e99\" data-element_type=\"section\">\n\t\t\t\t\t\t<div class=\"elementor-container elementor-column-gap-default\">\n\t\t\t\t\t<div class=\"elementor-column elementor-col-50 elementor-top-column elementor-element elementor-element-6536c0a\" data-id=\"6536c0a\" data-element_type=\"column\">\n\t\t\t<div class=\"elementor-widget-wrap elementor-element-populated\">\n\t\t\t\t\t\t<div class=\"elementor-element elementor-element-85abe46 elementor-button-success elementor-align-center elementor-widget elementor-widget-button\" data-id=\"85abe46\" data-element_type=\"widget\" data-widget_type=\"button.default\">\n\t\t\t\t<div class=\"elementor-widget-container\">\n\t\t\t\t\t\t\t<div class=\"elementor-button-wrapper\">\n\t\t\t\t\t<a class=\"elementor-button elementor-button-link elementor-size-sm\" href=\"https:\/\/sites.usp.br\/polinguas\/orientacao-para-os-alunos-no-momento-da-inscricao-coreano\/\">\n\t\t\t\t\t\t<span class=\"elementor-button-content-wrapper\">\n\t\t\t\t\t\t\t\t\t<span class=\"elementor-button-text\">Saiba como se inscrever<\/span>\n\t\t\t\t\t<\/span>\n\t\t\t\t\t<\/a>\n\t\t\t\t<\/div>\n\t\t\t\t\t\t<\/div>\n\t\t\t\t<\/div>\n\t\t\t\t\t<\/div>\n\t\t<\/div>\n\t\t\t\t<div class=\"elementor-column elementor-col-50 elementor-top-column elementor-element elementor-element-1fa8921\" data-id=\"1fa8921\" data-element_type=\"column\">\n\t\t\t<div class=\"elementor-widget-wrap elementor-element-populated\">\n\t\t\t\t\t\t<div class=\"elementor-element elementor-element-a809581 elementor-button-info elementor-align-center elementor-widget elementor-widget-button\" data-id=\"a809581\" data-element_type=\"widget\" data-widget_type=\"button.default\">\n\t\t\t\t<div class=\"elementor-widget-container\">\n\t\t\t\t\t\t\t<div class=\"elementor-button-wrapper\">\n\t\t\t\t\t<a class=\"elementor-button elementor-button-link elementor-size-sm\" href=\"https:\/\/sites.usp.br\/polinguas\/mensagem-para-outros-estudantes\/\">\n\t\t\t\t\t\t<span class=\"elementor-button-content-wrapper\">\n\t\t\t\t\t\t\t\t\t<span class=\"elementor-button-text\">Clique aqui<\/span>\n\t\t\t\t\t<\/span>\n\t\t\t\t\t<\/a>\n\t\t\t\t<\/div>\n\t\t\t\t\t\t<\/div>\n\t\t\t\t<\/div>\n\t\t\t\t\t<\/div>\n\t\t<\/div>\n\t\t\t\t\t<\/div>\n\t\t<\/section>\n\t\t\t\t<\/div>\n\t\t","protected":false},"excerpt":{"rendered":"<p>Neste curso, voltado a iniciantes no Hangul, os alunos ir\u00e3o desenvolver as habilidades de leitura e escrita ao mesmo tempo em que ir\u00e3o entrar em contato com a cultura coreana por meio de contos e mitos tradicionais. As aulas acompanham uma progress\u00e3o lingu\u00edstica \u2013 vogais, consoantes, forma\u00e7\u00e3o de s\u00edlabas, ditongos, batchim e no\u00e7\u00f5es iniciais de [&hellip;]<\/p>\n","protected":false},"author":24538,"featured_media":0,"parent":0,"menu_order":0,"comment_status":"closed","ping_status":"closed","template":"","meta":{"footnotes":"","_links_to":"","_links_to_target":""},"class_list":["post-5010","page","type-page","status-publish","hentry"],"_links":{"self":[{"href":"https:\/\/sites.usp.br\/polinguas\/wp-json\/wp\/v2\/pages\/5010","targetHints":{"allow":["GET"]}}],"collection":[{"href":"https:\/\/sites.usp.br\/polinguas\/wp-json\/wp\/v2\/pages"}],"about":[{"href":"https:\/\/sites.usp.br\/polinguas\/wp-json\/wp\/v2\/types\/page"}],"author":[{"embeddable":true,"href":"https:\/\/sites.usp.br\/polinguas\/wp-json\/wp\/v2\/users\/24538"}],"replies":[{"embeddable":true,"href":"https:\/\/sites.usp.br\/polinguas\/wp-json\/wp\/v2\/comments?post=5010"}],"version-history":[{"count":4,"href":"https:\/\/sites.usp.br\/polinguas\/wp-json\/wp\/v2\/pages\/5010\/revisions"}],"predecessor-version":[{"id":5371,"href":"https:\/\/sites.usp.br\/polinguas\/wp-json\/wp\/v2\/pages\/5010\/revisions\/5371"}],"wp:attachment":[{"href":"https:\/\/sites.usp.br\/polinguas\/wp-json\/wp\/v2\/media?parent=5010"}],"curies":[{"name":"wp","href":"https:\/\/api.w.org\/{rel}","templated":true}]}}