{"id":5290,"date":"2026-04-23T21:02:46","date_gmt":"2026-04-24T00:02:46","guid":{"rendered":"https:\/\/sites.usp.br\/polinguas\/?page_id=5290"},"modified":"2026-04-24T15:07:49","modified_gmt":"2026-04-24T18:07:49","slug":"orientacaoinscricao-4","status":"publish","type":"page","link":"https:\/\/sites.usp.br\/polinguas\/orientacaoinscricao-4\/","title":{"rendered":"Orienta\u00e7\u00e3o para os alunos no momento da inscri\u00e7\u00e3o &#8211; \u00c1rabe"},"content":{"rendered":"\t\t<div data-elementor-type=\"wp-page\" data-elementor-id=\"5290\" class=\"elementor elementor-5290\" data-elementor-post-type=\"page\">\n\t\t\t\t\t\t<section class=\"elementor-section elementor-top-section elementor-element elementor-element-1169e1a3 elementor-section-boxed elementor-section-height-default elementor-section-height-default\" data-id=\"1169e1a3\" data-element_type=\"section\">\n\t\t\t\t\t\t<div class=\"elementor-container elementor-column-gap-default\">\n\t\t\t\t\t<div class=\"elementor-column elementor-col-100 elementor-top-column elementor-element elementor-element-237d1059\" data-id=\"237d1059\" data-element_type=\"column\">\n\t\t\t<div class=\"elementor-widget-wrap elementor-element-populated\">\n\t\t\t\t\t\t<div class=\"elementor-element elementor-element-5e1e4682 elementor-widget elementor-widget-text-editor\" data-id=\"5e1e4682\" data-element_type=\"widget\" data-widget_type=\"text-editor.default\">\n\t\t\t\t<div class=\"elementor-widget-container\">\n\t\t\t\t\t\t\t<p dir=\"ltr\" style=\"line-height: 1.2; margin-left: 1.2495574951171875pt; margin-top: 0pt; margin-bottom: 0pt;\"><span style=\"font-size: 14.039999961853026pt; font-family: Calibri,sans-serif; color: #000000; background-color: transparent; font-weight: bold; font-style: normal; font-variant: normal; text-decoration: none; vertical-align: baseline; white-space: pre-wrap;\">Leia com aten\u00e7\u00e3o\u00a0<\/span><\/p><p dir=\"ltr\" style=\"line-height: 1.3071680545806885; text-indent: 0.940673828125pt; text-align: justify; margin: 10.25543212890625pt 6.22259521484375pt 0pt 0.5335235595703125pt;\"><span style=\"font-size: 14.039999961853026pt; font-family: Calibri,sans-serif; color: #000000; background-color: transparent; font-weight: 400; font-style: normal; font-variant: normal; text-decoration: none; vertical-align: baseline; white-space: pre-wrap;\">1. Verifique o per\u00edodo de realiza\u00e7\u00e3o do curso e os dias e hor\u00e1rios de aula. Caso se\u00a0 inscreva em mais de um curso do PROIAD-L\u00ednguas, voc\u00ea conseguir\u00e1 concluir ambos? Que tal\u00a0 fazer um curso de cada vez e dar uma oportunidade a outro interessado? Al\u00e9m do mais, contarmos com baixas taxas de evas\u00e3o s\u00f3 funciona a favor do projeto de oferta plurilingue.<\/span><\/p><p dir=\"ltr\" style=\"line-height: 1.2160407543182372; margin-right: 6.21142578125pt; text-indent: 1.0670394897460938pt; text-align: justify; margin-top: 8.88153076171875pt; margin-bottom: 0pt;\"><span style=\"font-size: 14.039999961853026pt; font-family: Calibri,sans-serif; color: #000000; background-color: transparent; font-weight: 400; font-style: normal; font-variant: normal; text-decoration: none; vertical-align: baseline; white-space: pre-wrap;\">2. Se por algum motivo precisar desistir de um curso do PROIAD-L\u00ednguas, a\u00a0 justificativa \u00e9 obrigat\u00f3ria e dever\u00e1 ser enviada por e-mail ao docente\u00a0 respons\u00e1vel. Caso n\u00e3o registre a desist\u00eancia, ser\u00e1 impedido de se inscrever\u00a0 em um novo curso no pr\u00f3ximo semestre.\u00a0\u00a0<\/span><\/p><p dir=\"ltr\" style=\"line-height: 1.2174638271331786; text-indent: 0.0842437744140625pt; text-align: justify; margin: 8.53765869140625pt 6.21917724609375pt 0pt 0.8985595703125pt;\"><span style=\"font-size: 14.039999961853026pt; font-family: Calibri,sans-serif; color: #000000; background-color: transparent; font-weight: 400; font-style: normal; font-variant: normal; text-decoration: none; vertical-align: baseline; white-space: pre-wrap;\">3. Ao se inscrever, informe corretamente seu endere\u00e7o de e-mail, pois ap\u00f3s essa primeira fase, voc\u00ea receber\u00e1 um e-mail autom\u00e1tico do remetente <\/span><span style=\"font-size: 14.039999961853026pt; font-family: Calibri,sans-serif; color: #0563c1; background-color: transparent; font-weight: 400; font-style: normal; font-variant: normal; text-decoration: underline; -webkit-text-decoration-skip: none; text-decoration-skip-ink: none; vertical-align: baseline; white-space: pre-wrap;\">apolo@usp.br<\/span> <span style=\"font-size: 14.039999961853026pt; font-family: Calibri,sans-serif; color: #000000; background-color: transparent; font-weight: 400; font-style: normal; font-variant: normal; text-decoration: none; vertical-align: baseline; white-space: pre-wrap;\">com instru\u00e7\u00f5es para fazer o upload do Hist\u00f3rico Escolar e da Carta de Inten\u00e7\u00e3o\/Motiva\u00e7\u00e3o. S\u00f3 depois de fazer ambos uploads, <\/span><span style=\"font-size: 14.039999961853026pt; font-family: Calibri,sans-serif; color: #000000; background-color: transparent; font-weight: bold; font-style: normal; font-variant: normal; text-decoration: none; vertical-align: baseline; white-space: pre-wrap;\">sua inscri\u00e7\u00e3o estar\u00e1 conclu\u00edda<\/span><span style=\"font-size: 14.039999961853026pt; font-family: Calibri,sans-serif; color: #000000; background-color: transparent; font-weight: 400; font-style: normal; font-variant: normal; text-decoration: none; vertical-align: baseline; white-space: pre-wrap;\">.\u00a0<\/span><\/p><p dir=\"ltr\" style=\"line-height: 1.2174638271331786; text-indent: 0.0842437744140625pt; text-align: justify; margin: 8.53765869140625pt 6.21917724609375pt 0pt 0.8985595703125pt;\"><span style=\"font-size: 14.039999961853026pt; font-family: Calibri,sans-serif; color: #000000; background-color: transparent; font-weight: 400; font-style: normal; font-variant: normal; text-decoration: none; vertical-align: baseline; white-space: pre-wrap;\">\u00a0<\/span><\/p><p dir=\"ltr\" style=\"line-height: 1.2174638271331786; text-indent: 0.0842437744140625pt; text-align: justify; margin: 8.53765869140625pt 6.21917724609375pt 0pt 0.8985595703125pt;\"><span style=\"font-size: 14.039999961853026pt; font-family: Calibri,sans-serif; color: #000000; background-color: transparent; font-weight: 400; font-style: normal; font-variant: normal; text-decoration: none; vertical-align: baseline; white-space: pre-wrap;\">Ap\u00f3s o final do per\u00edodo de inscri\u00e7\u00f5es, voc\u00ea contar\u00e1 com dois dias a mais para incluir os documentos. No entanto, sugerimos que esses sejam preparados antes de realizar a inscri\u00e7\u00e3o:<\/span><\/p><p dir=\"ltr\" style=\"line-height: 1.216511821746826; text-indent: 0.07019805908203125pt; text-align: justify; margin: 0.775299072265625pt 6.21697998046875pt 0pt 36.84239959716797pt;\"><span style=\"font-size: 14.039999961853026pt; font-family: Calibri,sans-serif; color: #000000; background-color: transparent; font-weight: 400; font-style: normal; font-variant: normal; text-decoration: none; vertical-align: baseline; white-space: pre-wrap;\">a) o <\/span><span style=\"font-size: 14.039999961853026pt; font-family: Calibri,sans-serif; color: #000000; background-color: transparent; font-weight: bold; font-style: normal; font-variant: normal; text-decoration: none; vertical-align: baseline; white-space: pre-wrap;\">Hist\u00f3rico Escolar<\/span><span style=\"font-size: 14.039999961853026pt; font-family: Calibri,sans-serif; color: #000000; background-color: transparent; font-weight: 400; font-style: normal; font-variant: normal; text-decoration: none; vertical-align: baseline; white-space: pre-wrap;\"> \u00e9 referente ao seu curso atual na USP. Acesse o\u00a0 sistema J\u00fapiterWeb para baixar esse documento, mesmo que seja o primeiro semestre de seu curso. Anexar qualquer outro documento far\u00e1\u00a0 com que sua inscri\u00e7\u00e3o seja reprovada.\u00a0<\/span><\/p><p dir=\"ltr\" style=\"line-height: 1.2174609661102294; text-indent: 0.49140167236328125pt; text-align: justify; margin: 0.46209716796875pt 6.215087890625pt 0pt 36.84239959716797pt;\"><span style=\"font-size: 14.039999961853026pt; font-family: Calibri,sans-serif; color: #000000; background-color: transparent; font-weight: 400; font-style: normal; font-variant: normal; text-decoration: none; vertical-align: baseline; white-space: pre-wrap;\">b) a <\/span><span style=\"font-size: 14.039999961853026pt; font-family: Calibri,sans-serif; color: #000000; background-color: transparent; font-weight: bold; font-style: normal; font-variant: normal; text-decoration: none; vertical-align: baseline; white-space: pre-wrap;\">Carta de Inten\u00e7\u00e3o\/Motiva\u00e7\u00e3o<\/span><span style=\"font-size: 14.039999961853026pt; font-family: Calibri,sans-serif; color: #000000; background-color: transparent; font-weight: 400; font-style: normal; font-variant: normal; text-decoration: none; vertical-align: baseline; white-space: pre-wrap;\"> \u00e9 um elemento importante para voc\u00ea ser selecionado entre os inscritos aprovados: aqueles que conclu\u00edram a inscri\u00e7\u00e3o porque anexaram a documenta\u00e7\u00e3o corretamente.<\/span><\/p><p dir=\"ltr\" style=\"line-height: 1.2174609661102294; text-indent: 0.49140167236328125pt; text-align: justify; margin: 0.46209716796875pt 6.215087890625pt 0pt 36.84239959716797pt;\"><span style=\"font-size: 14.039999961853026pt; font-family: Calibri,sans-serif; color: #000000; background-color: transparent; font-weight: 400; font-style: normal; font-variant: normal; text-decoration: none; vertical-align: baseline; white-space: pre-wrap;\">Ao escrev\u00ea-la, recomendam-se os seguintes itens:<\/span><\/p><p dir=\"ltr\" style=\"line-height: 1.2174609661102294; text-indent: 0.49140167236328125pt; text-align: justify; margin: 0.46209716796875pt 6.215087890625pt 0pt 36.84239959716797pt;\"><span style=\"font-size: 14.039999961853026pt; font-family: Calibri,sans-serif; color: #000000; background-color: transparent; font-weight: 400; font-style: normal; font-variant: normal; text-decoration: none; vertical-align: baseline; white-space: pre-wrap;\">&#8211; apresenta\u00e7\u00e3o pessoal;<\/span><\/p><p dir=\"ltr\" style=\"line-height: 1.2174609661102294; text-indent: 0.49140167236328125pt; text-align: justify; margin: 0.46209716796875pt 6.215087890625pt 0pt 36.84239959716797pt;\"><span style=\"font-size: 14.039999961853026pt; font-family: Calibri,sans-serif; color: #000000; background-color: transparent; font-weight: 400; font-style: normal; font-variant: normal; text-decoration: none; vertical-align: baseline; white-space: pre-wrap;\">&#8211; \u2060exposi\u00e7\u00e3o\u00a0 das necessidades e\/ou interesses que o levam a pleitear uma vaga no curso;<\/span><\/p><p dir=\"ltr\" style=\"line-height: 1.2174609661102294; text-indent: 0.49140167236328125pt; text-align: justify; margin: 0.46209716796875pt 6.215087890625pt 0pt 36.84239959716797pt;\"><span style=\"font-size: 14.039999961853026pt; font-family: Calibri,sans-serif; color: #000000; background-color: transparent; font-weight: 400; font-style: normal; font-variant: normal; text-decoration: none; vertical-align: baseline; white-space: pre-wrap;\">&#8211; revis\u00e3o do texto e do n\u00famero m\u00e1ximo de 400 caracteres com espa\u00e7o.<\/span><\/p><p dir=\"ltr\" style=\"line-height: 1.2; margin-left: 1.2495574951171875pt; margin-top: 0pt; margin-bottom: 0pt;\">\u00a0<\/p><p dir=\"ltr\" style=\"line-height: 1.2174638271331786; text-indent: 0.0842437744140625pt; text-align: justify; margin: 8.53765869140625pt 6.21917724609375pt 0pt 0.8985595703125pt;\"><span style=\"font-size: 14.039999961853026pt; font-family: Calibri,sans-serif; color: #000000; background-color: transparent; font-weight: 400; font-style: normal; font-variant: normal; text-decoration: underline; -webkit-text-decoration-skip: none; text-decoration-skip-ink: none; vertical-align: baseline; white-space: pre-wrap;\">\u00daltima observa\u00e7\u00e3o<\/span><span style=\"font-size: 14.039999961853026pt; font-family: Calibri,sans-serif; color: #000000; background-color: transparent; font-weight: 400; font-style: normal; font-variant: normal; text-decoration: none; vertical-align: baseline; white-space: pre-wrap;\">: quando o n\u00famero de inscri\u00e7\u00f5es ultrapassar em 3 vezes o n\u00famero de vagas, ocorrer\u00e1 o fechamento autom\u00e1tico do per\u00edodo de inscri\u00e7\u00e3o.<\/span><\/p>\t\t\t\t\t\t<\/div>\n\t\t\t\t<\/div>\n\t\t\t\t\t<\/div>\n\t\t<\/div>\n\t\t\t\t\t<\/div>\n\t\t<\/section>\n\t\t\t\t<section class=\"elementor-section elementor-top-section elementor-element elementor-element-796026d elementor-section-boxed elementor-section-height-default elementor-section-height-default\" data-id=\"796026d\" data-element_type=\"section\">\n\t\t\t\t\t\t<div class=\"elementor-container elementor-column-gap-default\">\n\t\t\t\t\t<div class=\"elementor-column elementor-col-100 elementor-top-column elementor-element elementor-element-8552e53\" data-id=\"8552e53\" data-element_type=\"column\">\n\t\t\t<div class=\"elementor-widget-wrap elementor-element-populated\">\n\t\t\t\t\t\t<div class=\"elementor-element elementor-element-33b69d3 elementor-widget elementor-widget-html\" data-id=\"33b69d3\" data-element_type=\"widget\" data-widget_type=\"html.default\">\n\t\t\t\t<div class=\"elementor-widget-container\">\n\t\t\t<div>\r\n\r\n\r\n  <br \/><br \/>\r\n  <button class=\"elementor-element elementor-button-info elementor-button\" style=\"background: #5bc0de;\" onclick=\"toggle();\">Li e Estou Ciente<\/button>\r\n  \r\n  <a href=\"https:\/\/uspdigital.usp.br\/apolo\/inscricaoPROIAD?chave=26100127482-1\"><button id=\"button\" type=\"button\"  style=\"background: #5bc0de;\"\r\n            hidden=\"hidden\">INSCREVA-SE<\/button> <\/a> \r\n\r\n<\/div>\r\n\r\n<script>\r\n  let toggle = () => {\r\n\r\n    let element = document.getElementById(\"button\");\r\n    let hidden = element.getAttribute(\"hidden\");\r\n\r\n    if (hidden) {\r\n         element.removeAttribute(\"hidden\");\r\n    } else {\r\n     element.setAttribute(\"hidden\", \"hidden\");\r\n    }\r\n  }\r\n<\/script>\t\t<\/div>\n\t\t\t\t<\/div>\n\t\t\t\t\t<\/div>\n\t\t<\/div>\n\t\t\t\t\t<\/div>\n\t\t<\/section>\n\t\t\t\t<\/div>\n\t\t","protected":false},"excerpt":{"rendered":"<p>Leia com aten\u00e7\u00e3o\u00a0 1. Verifique o per\u00edodo de realiza\u00e7\u00e3o do curso e os dias e hor\u00e1rios de aula. Caso se\u00a0 inscreva em mais de um curso do PROIAD-L\u00ednguas, voc\u00ea conseguir\u00e1 concluir ambos? Que tal\u00a0 fazer um curso de cada vez e dar uma oportunidade a outro interessado? Al\u00e9m do mais, contarmos com baixas taxas de [&hellip;]<\/p>\n","protected":false},"author":23768,"featured_media":0,"parent":0,"menu_order":0,"comment_status":"closed","ping_status":"closed","template":"","meta":{"footnotes":"","_links_to":"","_links_to_target":""},"class_list":["post-5290","page","type-page","status-publish","hentry"],"_links":{"self":[{"href":"https:\/\/sites.usp.br\/polinguas\/wp-json\/wp\/v2\/pages\/5290","targetHints":{"allow":["GET"]}}],"collection":[{"href":"https:\/\/sites.usp.br\/polinguas\/wp-json\/wp\/v2\/pages"}],"about":[{"href":"https:\/\/sites.usp.br\/polinguas\/wp-json\/wp\/v2\/types\/page"}],"author":[{"embeddable":true,"href":"https:\/\/sites.usp.br\/polinguas\/wp-json\/wp\/v2\/users\/23768"}],"replies":[{"embeddable":true,"href":"https:\/\/sites.usp.br\/polinguas\/wp-json\/wp\/v2\/comments?post=5290"}],"version-history":[{"count":4,"href":"https:\/\/sites.usp.br\/polinguas\/wp-json\/wp\/v2\/pages\/5290\/revisions"}],"predecessor-version":[{"id":5303,"href":"https:\/\/sites.usp.br\/polinguas\/wp-json\/wp\/v2\/pages\/5290\/revisions\/5303"}],"wp:attachment":[{"href":"https:\/\/sites.usp.br\/polinguas\/wp-json\/wp\/v2\/media?parent=5290"}],"curies":[{"name":"wp","href":"https:\/\/api.w.org\/{rel}","templated":true}]}}