{"id":60,"date":"2023-01-04T11:18:38","date_gmt":"2023-01-04T14:18:38","guid":{"rendered":"https:\/\/sites.usp.br\/polinguas\/?page_id=60"},"modified":"2024-03-18T15:50:52","modified_gmt":"2024-03-18T18:50:52","slug":"blog","status":"publish","type":"page","link":"https:\/\/sites.usp.br\/polinguas\/blog\/","title":{"rendered":"Letramento Acad\u00eamico em Franc\u00eas: o resumo e a resenha em contexto franc\u00f3fono \u2013 m\u00f3dulo B1"},"content":{"rendered":"<p><img fetchpriority=\"high\" decoding=\"async\" class=\"wp-image-1879 size-medium alignleft\" src=\"https:\/\/sites.usp.br\/polinguas\/wp-content\/uploads\/sites\/1234\/2024\/03\/logos-300x300.png\" alt=\"\" width=\"300\" height=\"300\" srcset=\"https:\/\/sites.usp.br\/polinguas\/wp-content\/uploads\/sites\/1234\/2024\/03\/logos-300x300.png 300w, https:\/\/sites.usp.br\/polinguas\/wp-content\/uploads\/sites\/1234\/2024\/03\/logos-1024x1024.png 1024w, https:\/\/sites.usp.br\/polinguas\/wp-content\/uploads\/sites\/1234\/2024\/03\/logos-150x150.png 150w, https:\/\/sites.usp.br\/polinguas\/wp-content\/uploads\/sites\/1234\/2024\/03\/logos-768x768.png 768w, https:\/\/sites.usp.br\/polinguas\/wp-content\/uploads\/sites\/1234\/2024\/03\/logos-45x45.png 45w, https:\/\/sites.usp.br\/polinguas\/wp-content\/uploads\/sites\/1234\/2024\/03\/logos.png 1080w\" sizes=\"(max-width: 300px) 100vw, 300px\" \/>O curso\u00a0<b>Letramento Acad\u00eamico em Franc\u00eas: o resumo e a resenha em contexto franc\u00f3fono \u2013 m\u00f3dulo B1<\/b> foi voltado para estudantes da gradua\u00e7\u00e3o e teve por objetivo introduzir ferramentas para a reda\u00e7\u00e3o dos g\u00eaneros resumo e resenha em franc\u00eas para cursar disciplinas no Brasil ou em contexto franc\u00f3fono e desenvolver capacidades de linguagem relacionadas com a exposi\u00e7\u00e3o e a argumenta\u00e7\u00e3o.<\/p>\n<p><strong>Bolsista PROIAD respons\u00e1vel:\u00a0<\/strong>Monique Alessandra Pereira Almeida<\/p>\n<p><strong>Professor respons\u00e1vel:\u00a0<\/strong>Profa. Dra. Eliane Gouv\u00eaa Lousada (<a>elousada@usp.br<\/a>)<\/p>\n<p>&nbsp;<\/p>\n","protected":false},"excerpt":{"rendered":"<p>O curso\u00a0Letramento Acad\u00eamico em Franc\u00eas: o resumo e a resenha em contexto franc\u00f3fono \u2013 m\u00f3dulo B1 foi voltado para estudantes da gradua\u00e7\u00e3o e teve por objetivo introduzir ferramentas para a reda\u00e7\u00e3o dos g\u00eaneros resumo e resenha em franc\u00eas para cursar disciplinas no Brasil ou em contexto franc\u00f3fono e desenvolver capacidades de linguagem relacionadas com a [&hellip;]<\/p>\n","protected":false},"author":23400,"featured_media":0,"parent":0,"menu_order":0,"comment_status":"closed","ping_status":"closed","template":"","meta":{"footnotes":"","_links_to":"","_links_to_target":""},"class_list":["post-60","page","type-page","status-publish","hentry"],"_links":{"self":[{"href":"https:\/\/sites.usp.br\/polinguas\/wp-json\/wp\/v2\/pages\/60","targetHints":{"allow":["GET"]}}],"collection":[{"href":"https:\/\/sites.usp.br\/polinguas\/wp-json\/wp\/v2\/pages"}],"about":[{"href":"https:\/\/sites.usp.br\/polinguas\/wp-json\/wp\/v2\/types\/page"}],"author":[{"embeddable":true,"href":"https:\/\/sites.usp.br\/polinguas\/wp-json\/wp\/v2\/users\/23400"}],"replies":[{"embeddable":true,"href":"https:\/\/sites.usp.br\/polinguas\/wp-json\/wp\/v2\/comments?post=60"}],"version-history":[{"count":5,"href":"https:\/\/sites.usp.br\/polinguas\/wp-json\/wp\/v2\/pages\/60\/revisions"}],"predecessor-version":[{"id":1651,"href":"https:\/\/sites.usp.br\/polinguas\/wp-json\/wp\/v2\/pages\/60\/revisions\/1651"}],"wp:attachment":[{"href":"https:\/\/sites.usp.br\/polinguas\/wp-json\/wp\/v2\/media?parent=60"}],"curies":[{"name":"wp","href":"https:\/\/api.w.org\/{rel}","templated":true}]}}