{"id":778,"date":"2023-03-30T13:50:04","date_gmt":"2023-03-30T16:50:04","guid":{"rendered":"https:\/\/sites.usp.br\/polinguas\/?page_id=778"},"modified":"2024-03-18T16:17:58","modified_gmt":"2024-03-18T19:17:58","slug":"espanhol-2","status":"publish","type":"page","link":"https:\/\/sites.usp.br\/polinguas\/espanhol-2\/","title":{"rendered":"Compreens\u00e3o oral e leitora no \u00e2mbito universit\u00e1rio em l\u00edngua espanhola para a universidade \u2013 M\u00f3dulo II"},"content":{"rendered":"\t\t<div data-elementor-type=\"wp-page\" data-elementor-id=\"778\" class=\"elementor elementor-778\" data-elementor-post-type=\"page\">\n\t\t\t\t\t\t<section class=\"elementor-section elementor-top-section elementor-element elementor-element-45573f9 elementor-section-boxed elementor-section-height-default elementor-section-height-default\" data-id=\"45573f9\" data-element_type=\"section\">\n\t\t\t\t\t\t<div class=\"elementor-container elementor-column-gap-default\">\n\t\t\t\t\t<div class=\"elementor-column elementor-col-100 elementor-top-column elementor-element elementor-element-76029577\" data-id=\"76029577\" data-element_type=\"column\">\n\t\t\t<div class=\"elementor-widget-wrap elementor-element-populated\">\n\t\t\t\t\t\t<div class=\"elementor-element elementor-element-33fc6506 elementor-widget elementor-widget-text-editor\" data-id=\"33fc6506\" data-element_type=\"widget\" data-widget_type=\"text-editor.default\">\n\t\t\t\t<div class=\"elementor-widget-container\">\n\t\t\t\t\t\t\t<p><img fetchpriority=\"high\" decoding=\"async\" class=\"wp-image-1879 size-medium alignleft\" src=\"https:\/\/sites.usp.br\/polinguas\/wp-content\/uploads\/sites\/1234\/2024\/03\/logos-300x300.png\" alt=\"\" width=\"300\" height=\"300\" srcset=\"https:\/\/sites.usp.br\/polinguas\/wp-content\/uploads\/sites\/1234\/2024\/03\/logos-300x300.png 300w, https:\/\/sites.usp.br\/polinguas\/wp-content\/uploads\/sites\/1234\/2024\/03\/logos-1024x1024.png 1024w, https:\/\/sites.usp.br\/polinguas\/wp-content\/uploads\/sites\/1234\/2024\/03\/logos-150x150.png 150w, https:\/\/sites.usp.br\/polinguas\/wp-content\/uploads\/sites\/1234\/2024\/03\/logos-768x768.png 768w, https:\/\/sites.usp.br\/polinguas\/wp-content\/uploads\/sites\/1234\/2024\/03\/logos-45x45.png 45w, https:\/\/sites.usp.br\/polinguas\/wp-content\/uploads\/sites\/1234\/2024\/03\/logos.png 1080w\" sizes=\"(max-width: 300px) 100vw, 300px\" \/>O curso <strong><span style=\"color: #ffcc00;\">Compreens\u00e3o oral e leitora no \u00e2mbito universit\u00e1rio em l\u00edngua espanhola para a universidade \u2013 M\u00f3dulo II<\/span> <\/strong>foi\u00a0voltado para<span style=\"font-weight: 400;\">\u00a0estudantes da gradua\u00e7\u00e3o<\/span> e teve por objetivo <span style=\"font-weight: 400;\">dar continuidade ao desenvolvimento das habilidades na compreens\u00e3o oral e na compreens\u00e3o leitora em pr\u00e1ticas do meio acad\u00eamico em l\u00edngua espanhola, aprofundando o estudo de aspectos lingu\u00edsticos e discursivos.\u00a0 O curso foi ministrado \u00e0 dist\u00e2ncia de maneira ass\u00edncrona atrav\u00e9s do Moodle.<\/span><\/p><p><span style=\"font-weight: 400;\"><strong>Bolsista PROIAD respons\u00e1vel:<\/strong> Maria Luiza Souza Moreira e Cristina Victoria Gonz\u00e1lez Gualito.\u00a0<\/span><\/p><p><b>Docentes supervisores<\/b><span style=\"font-weight: 400;\">: Prof. Dr. Adri\u00e1n Pablo Fanjul, Prof. Dr. Benivaldo Jos\u00e9 de Araujo Junior e Profa. Dra. Mar\u00eda Teresa Celada<\/span><\/p>\t\t\t\t\t\t<\/div>\n\t\t\t\t<\/div>\n\t\t\t\t\t<\/div>\n\t\t<\/div>\n\t\t\t\t\t<\/div>\n\t\t<\/section>\n\t\t\t\t<\/div>\n\t\t","protected":false},"excerpt":{"rendered":"<p>O curso Compreens\u00e3o oral e leitora no \u00e2mbito universit\u00e1rio em l\u00edngua espanhola para a universidade \u2013 M\u00f3dulo II foi\u00a0voltado para\u00a0estudantes da gradua\u00e7\u00e3o e teve por objetivo dar continuidade ao desenvolvimento das habilidades na compreens\u00e3o oral e na compreens\u00e3o leitora em pr\u00e1ticas do meio acad\u00eamico em l\u00edngua espanhola, aprofundando o estudo de aspectos lingu\u00edsticos e discursivos.\u00a0 [&hellip;]<\/p>\n","protected":false},"author":23416,"featured_media":0,"parent":0,"menu_order":0,"comment_status":"closed","ping_status":"closed","template":"","meta":{"footnotes":"","_links_to":"","_links_to_target":""},"class_list":["post-778","page","type-page","status-publish","hentry"],"_links":{"self":[{"href":"https:\/\/sites.usp.br\/polinguas\/wp-json\/wp\/v2\/pages\/778","targetHints":{"allow":["GET"]}}],"collection":[{"href":"https:\/\/sites.usp.br\/polinguas\/wp-json\/wp\/v2\/pages"}],"about":[{"href":"https:\/\/sites.usp.br\/polinguas\/wp-json\/wp\/v2\/types\/page"}],"author":[{"embeddable":true,"href":"https:\/\/sites.usp.br\/polinguas\/wp-json\/wp\/v2\/users\/23416"}],"replies":[{"embeddable":true,"href":"https:\/\/sites.usp.br\/polinguas\/wp-json\/wp\/v2\/comments?post=778"}],"version-history":[{"count":4,"href":"https:\/\/sites.usp.br\/polinguas\/wp-json\/wp\/v2\/pages\/778\/revisions"}],"predecessor-version":[{"id":1928,"href":"https:\/\/sites.usp.br\/polinguas\/wp-json\/wp\/v2\/pages\/778\/revisions\/1928"}],"wp:attachment":[{"href":"https:\/\/sites.usp.br\/polinguas\/wp-json\/wp\/v2\/media?parent=778"}],"curies":[{"name":"wp","href":"https:\/\/api.w.org\/{rel}","templated":true}]}}