{"id":867,"date":"2023-04-03T14:33:09","date_gmt":"2023-04-03T17:33:09","guid":{"rendered":"https:\/\/sites.usp.br\/polinguas\/?page_id=867"},"modified":"2024-03-18T16:08:07","modified_gmt":"2024-03-18T19:08:07","slug":"portugues-2","status":"publish","type":"page","link":"https:\/\/sites.usp.br\/polinguas\/portugues-2\/","title":{"rendered":"L\u00edngua e cultura brasileira"},"content":{"rendered":"<p><img fetchpriority=\"high\" decoding=\"async\" class=\"wp-image-1879 size-medium alignleft\" src=\"https:\/\/sites.usp.br\/polinguas\/wp-content\/uploads\/sites\/1234\/2024\/03\/logos-300x300.png\" alt=\"\" width=\"300\" height=\"300\" srcset=\"https:\/\/sites.usp.br\/polinguas\/wp-content\/uploads\/sites\/1234\/2024\/03\/logos-300x300.png 300w, https:\/\/sites.usp.br\/polinguas\/wp-content\/uploads\/sites\/1234\/2024\/03\/logos-1024x1024.png 1024w, https:\/\/sites.usp.br\/polinguas\/wp-content\/uploads\/sites\/1234\/2024\/03\/logos-150x150.png 150w, https:\/\/sites.usp.br\/polinguas\/wp-content\/uploads\/sites\/1234\/2024\/03\/logos-768x768.png 768w, https:\/\/sites.usp.br\/polinguas\/wp-content\/uploads\/sites\/1234\/2024\/03\/logos-45x45.png 45w, https:\/\/sites.usp.br\/polinguas\/wp-content\/uploads\/sites\/1234\/2024\/03\/logos.png 1080w\" sizes=\"(max-width: 300px) 100vw, 300px\" \/>O curso<strong>\u00a0L\u00edngua e cultura brasileira<\/strong> foi voltado para estudantes intercambistas da Universidade de S\u00e3o Paulo e teve por objetivo apresentar a diversidade lingu\u00edstica no Brasil, envolvendo a m\u00fasica brasileira, com enfoque na compreens\u00e3o oral da L\u00edngua Portuguesa, e o espa\u00e7o cinematogr\u00e1fico, com discuss\u00f5es lingu\u00edsticas, culturais e sociais; al\u00e9m disso, apresentou quest\u00f5es culturais e liter\u00e1rias no museu de L\u00edngua Portuguesa e no Museu de Arte Contempor\u00e2nea. O curso foi ministrado de maneira presencial no pr\u00e9dio de Letras da FFLCH-USP.<\/p>\n<p><strong>Bolsista PROIAD respons\u00e1vel<\/strong>: Augusto Vicente, Gustavo Poloni, Nat\u00e1lia Acurcio e Nat\u00e1lia Penitente<\/p>\n<p><strong>Docente(s) supervisor(es):<\/strong>\u00a0Profa. Dra. Claudia Riolfi, Profa. Dra. Mari\u00e2ngela de Ara\u00fajo e Prof. Dr. Valdir Heitor Barzotto<\/p>\n<p><strong>Email para contato:<\/strong>\u00a0<a>proiadportugues@gmail.com<\/a><\/p>\n","protected":false},"excerpt":{"rendered":"<p>O curso\u00a0L\u00edngua e cultura brasileira foi voltado para estudantes intercambistas da Universidade de S\u00e3o Paulo e teve por objetivo apresentar a diversidade lingu\u00edstica no Brasil, envolvendo a m\u00fasica brasileira, com enfoque na compreens\u00e3o oral da L\u00edngua Portuguesa, e o espa\u00e7o cinematogr\u00e1fico, com discuss\u00f5es lingu\u00edsticas, culturais e sociais; al\u00e9m disso, apresentou quest\u00f5es culturais e liter\u00e1rias no [&hellip;]<\/p>\n","protected":false},"author":23416,"featured_media":0,"parent":0,"menu_order":0,"comment_status":"closed","ping_status":"closed","template":"","meta":{"footnotes":"","_links_to":"","_links_to_target":""},"class_list":["post-867","page","type-page","status-publish","hentry"],"_links":{"self":[{"href":"https:\/\/sites.usp.br\/polinguas\/wp-json\/wp\/v2\/pages\/867","targetHints":{"allow":["GET"]}}],"collection":[{"href":"https:\/\/sites.usp.br\/polinguas\/wp-json\/wp\/v2\/pages"}],"about":[{"href":"https:\/\/sites.usp.br\/polinguas\/wp-json\/wp\/v2\/types\/page"}],"author":[{"embeddable":true,"href":"https:\/\/sites.usp.br\/polinguas\/wp-json\/wp\/v2\/users\/23416"}],"replies":[{"embeddable":true,"href":"https:\/\/sites.usp.br\/polinguas\/wp-json\/wp\/v2\/comments?post=867"}],"version-history":[{"count":6,"href":"https:\/\/sites.usp.br\/polinguas\/wp-json\/wp\/v2\/pages\/867\/revisions"}],"predecessor-version":[{"id":1912,"href":"https:\/\/sites.usp.br\/polinguas\/wp-json\/wp\/v2\/pages\/867\/revisions\/1912"}],"wp:attachment":[{"href":"https:\/\/sites.usp.br\/polinguas\/wp-json\/wp\/v2\/media?parent=867"}],"curies":[{"name":"wp","href":"https:\/\/api.w.org\/{rel}","templated":true}]}}