{"id":873,"date":"2023-04-03T14:46:47","date_gmt":"2023-04-03T17:46:47","guid":{"rendered":"https:\/\/sites.usp.br\/polinguas\/?page_id=873"},"modified":"2024-03-18T16:15:15","modified_gmt":"2024-03-18T19:15:15","slug":"portugues-3","status":"publish","type":"page","link":"https:\/\/sites.usp.br\/polinguas\/portugues-3\/","title":{"rendered":"Compreens\u00e3o\/Produ\u00e7\u00e3o oral e leitura em Portugu\u00eas para Estrangeiros"},"content":{"rendered":"<p><img fetchpriority=\"high\" decoding=\"async\" class=\"wp-image-1879 size-medium alignleft\" src=\"https:\/\/sites.usp.br\/polinguas\/wp-content\/uploads\/sites\/1234\/2024\/03\/logos-300x300.png\" alt=\"\" width=\"300\" height=\"300\" srcset=\"https:\/\/sites.usp.br\/polinguas\/wp-content\/uploads\/sites\/1234\/2024\/03\/logos-300x300.png 300w, https:\/\/sites.usp.br\/polinguas\/wp-content\/uploads\/sites\/1234\/2024\/03\/logos-1024x1024.png 1024w, https:\/\/sites.usp.br\/polinguas\/wp-content\/uploads\/sites\/1234\/2024\/03\/logos-150x150.png 150w, https:\/\/sites.usp.br\/polinguas\/wp-content\/uploads\/sites\/1234\/2024\/03\/logos-768x768.png 768w, https:\/\/sites.usp.br\/polinguas\/wp-content\/uploads\/sites\/1234\/2024\/03\/logos-45x45.png 45w, https:\/\/sites.usp.br\/polinguas\/wp-content\/uploads\/sites\/1234\/2024\/03\/logos.png 1080w\" sizes=\"(max-width: 300px) 100vw, 300px\" \/>O curso <strong>Compreens\u00e3o\/Produ\u00e7\u00e3o oral e leitura em Portugu\u00eas para Estrangeiros<\/strong> foi voltado para estudantes intercambistas da Universidade de S\u00e3o Paulo e teve por objetivo compreender as particularidades do portugu\u00eas brasileiro a partir de obras liter\u00e1rias, musicais e cinematogr\u00e1ficas. O curso foi ministrado presencialmente no pr\u00e9dio de Letras da FFLCH-USP<\/p>\n<p><strong>Bolsista PROIAD respons\u00e1vel:<\/strong> Nat\u00e1lia Acurcio e Nat\u00e1lia Penitente<\/p>\n<p><strong>Docente supervisor:<\/strong> Claudia Riolfi, Mari\u00e2ngela de Ara\u00fajo e Valdir Heitor Barzotto<\/p>\n","protected":false},"excerpt":{"rendered":"<p>O curso Compreens\u00e3o\/Produ\u00e7\u00e3o oral e leitura em Portugu\u00eas para Estrangeiros foi voltado para estudantes intercambistas da Universidade de S\u00e3o Paulo e teve por objetivo compreender as particularidades do portugu\u00eas brasileiro a partir de obras liter\u00e1rias, musicais e cinematogr\u00e1ficas. O curso foi ministrado presencialmente no pr\u00e9dio de Letras da FFLCH-USP Bolsista PROIAD respons\u00e1vel: Nat\u00e1lia Acurcio e [&hellip;]<\/p>\n","protected":false},"author":23416,"featured_media":0,"parent":0,"menu_order":0,"comment_status":"closed","ping_status":"closed","template":"","meta":{"footnotes":"","_links_to":"","_links_to_target":""},"class_list":["post-873","page","type-page","status-publish","hentry"],"_links":{"self":[{"href":"https:\/\/sites.usp.br\/polinguas\/wp-json\/wp\/v2\/pages\/873","targetHints":{"allow":["GET"]}}],"collection":[{"href":"https:\/\/sites.usp.br\/polinguas\/wp-json\/wp\/v2\/pages"}],"about":[{"href":"https:\/\/sites.usp.br\/polinguas\/wp-json\/wp\/v2\/types\/page"}],"author":[{"embeddable":true,"href":"https:\/\/sites.usp.br\/polinguas\/wp-json\/wp\/v2\/users\/23416"}],"replies":[{"embeddable":true,"href":"https:\/\/sites.usp.br\/polinguas\/wp-json\/wp\/v2\/comments?post=873"}],"version-history":[{"count":5,"href":"https:\/\/sites.usp.br\/polinguas\/wp-json\/wp\/v2\/pages\/873\/revisions"}],"predecessor-version":[{"id":1919,"href":"https:\/\/sites.usp.br\/polinguas\/wp-json\/wp\/v2\/pages\/873\/revisions\/1919"}],"wp:attachment":[{"href":"https:\/\/sites.usp.br\/polinguas\/wp-json\/wp\/v2\/media?parent=873"}],"curies":[{"name":"wp","href":"https:\/\/api.w.org\/{rel}","templated":true}]}}