{"id":885,"date":"2023-04-03T15:33:25","date_gmt":"2023-04-03T18:33:25","guid":{"rendered":"https:\/\/sites.usp.br\/polinguas\/?page_id=885"},"modified":"2024-03-18T16:14:32","modified_gmt":"2024-03-18T19:14:32","slug":"portugues-4","status":"publish","type":"page","link":"https:\/\/sites.usp.br\/polinguas\/portugues-4\/","title":{"rendered":"Compreens\u00e3o e produ\u00e7\u00e3o oral em portugu\u00eas na sala de aula"},"content":{"rendered":"<p><img fetchpriority=\"high\" decoding=\"async\" class=\"wp-image-1879 size-medium alignleft\" src=\"https:\/\/sites.usp.br\/polinguas\/wp-content\/uploads\/sites\/1234\/2024\/03\/logos-300x300.png\" alt=\"\" width=\"300\" height=\"300\" srcset=\"https:\/\/sites.usp.br\/polinguas\/wp-content\/uploads\/sites\/1234\/2024\/03\/logos-300x300.png 300w, https:\/\/sites.usp.br\/polinguas\/wp-content\/uploads\/sites\/1234\/2024\/03\/logos-1024x1024.png 1024w, https:\/\/sites.usp.br\/polinguas\/wp-content\/uploads\/sites\/1234\/2024\/03\/logos-150x150.png 150w, https:\/\/sites.usp.br\/polinguas\/wp-content\/uploads\/sites\/1234\/2024\/03\/logos-768x768.png 768w, https:\/\/sites.usp.br\/polinguas\/wp-content\/uploads\/sites\/1234\/2024\/03\/logos-45x45.png 45w, https:\/\/sites.usp.br\/polinguas\/wp-content\/uploads\/sites\/1234\/2024\/03\/logos.png 1080w\" sizes=\"(max-width: 300px) 100vw, 300px\" \/>O curso\u00a0<strong>Compreens\u00e3o e produ\u00e7\u00e3o oral em portugu\u00eas na sala de aula<\/strong> foi voltado para estudantes intercambistas da Universidade de S\u00e3o Paulo e teve por objetivo aperfei\u00e7oar a compreens\u00e3o e a produ\u00e7\u00e3o oral em portugu\u00eas no contexto da sala de aula, utilizando textos acad\u00eamicos e preparando os estudantes para exposi\u00e7\u00f5es orais do tipo Semin\u00e1rio.<\/p>\n<p><strong>Bolsista PROIAD respons\u00e1vel: <\/strong>Gustavo Poloni<\/p>\n<p><strong>Docente supervisor:<\/strong>\u00a0Profa. Dra. Claudia Riolfi, Profa. Dra. Mari\u00e2ngela de Ara\u00fajo e Prof. Dr. Valdir Heitor Barzotto<\/p>\n","protected":false},"excerpt":{"rendered":"<p>O curso\u00a0Compreens\u00e3o e produ\u00e7\u00e3o oral em portugu\u00eas na sala de aula foi voltado para estudantes intercambistas da Universidade de S\u00e3o Paulo e teve por objetivo aperfei\u00e7oar a compreens\u00e3o e a produ\u00e7\u00e3o oral em portugu\u00eas no contexto da sala de aula, utilizando textos acad\u00eamicos e preparando os estudantes para exposi\u00e7\u00f5es orais do tipo Semin\u00e1rio. Bolsista PROIAD [&hellip;]<\/p>\n","protected":false},"author":23416,"featured_media":0,"parent":0,"menu_order":0,"comment_status":"closed","ping_status":"closed","template":"","meta":{"footnotes":"","_links_to":"","_links_to_target":""},"class_list":["post-885","page","type-page","status-publish","hentry"],"_links":{"self":[{"href":"https:\/\/sites.usp.br\/polinguas\/wp-json\/wp\/v2\/pages\/885","targetHints":{"allow":["GET"]}}],"collection":[{"href":"https:\/\/sites.usp.br\/polinguas\/wp-json\/wp\/v2\/pages"}],"about":[{"href":"https:\/\/sites.usp.br\/polinguas\/wp-json\/wp\/v2\/types\/page"}],"author":[{"embeddable":true,"href":"https:\/\/sites.usp.br\/polinguas\/wp-json\/wp\/v2\/users\/23416"}],"replies":[{"embeddable":true,"href":"https:\/\/sites.usp.br\/polinguas\/wp-json\/wp\/v2\/comments?post=885"}],"version-history":[{"count":5,"href":"https:\/\/sites.usp.br\/polinguas\/wp-json\/wp\/v2\/pages\/885\/revisions"}],"predecessor-version":[{"id":1917,"href":"https:\/\/sites.usp.br\/polinguas\/wp-json\/wp\/v2\/pages\/885\/revisions\/1917"}],"wp:attachment":[{"href":"https:\/\/sites.usp.br\/polinguas\/wp-json\/wp\/v2\/media?parent=885"}],"curies":[{"name":"wp","href":"https:\/\/api.w.org\/{rel}","templated":true}]}}