{"id":1266,"date":"2026-01-19T12:23:31","date_gmt":"2026-01-19T14:23:31","guid":{"rendered":"https:\/\/sites.usp.br\/posbfm\/?page_id=1266"},"modified":"2026-01-27T15:53:16","modified_gmt":"2026-01-27T17:53:16","slug":"calendario","status":"publish","type":"page","link":"https:\/\/sites.usp.br\/posbfm\/calendario\/","title":{"rendered":"Calend\u00e1rio de Reuni\u00f5es &#8211; CCP"},"content":{"rendered":"\t\t<div data-elementor-type=\"wp-page\" data-elementor-id=\"1266\" class=\"elementor elementor-1266\" data-elementor-post-type=\"page\">\n\t\t\t\t\t\t<section class=\"elementor-section elementor-top-section elementor-element elementor-element-559cc7b elementor-section-boxed elementor-section-height-default elementor-section-height-default\" data-id=\"559cc7b\" data-element_type=\"section\">\n\t\t\t\t\t\t<div class=\"elementor-container elementor-column-gap-default\">\n\t\t\t\t\t<div class=\"elementor-column elementor-col-100 elementor-top-column elementor-element elementor-element-58e677d\" data-id=\"58e677d\" data-element_type=\"column\">\n\t\t\t<div class=\"elementor-widget-wrap elementor-element-populated\">\n\t\t\t\t\t\t<div class=\"elementor-element elementor-element-9583809 elementor-widget elementor-widget-heading\" data-id=\"9583809\" data-element_type=\"widget\" data-widget_type=\"heading.default\">\n\t\t\t\t<div class=\"elementor-widget-container\">\n\t\t\t<h2 class=\"elementor-heading-title elementor-size-default\">Calend\u00e1rio de Reuni\u00f5es da CCP Biologia Funcional e Molecular \u2013 2026\u200b<\/h2>\t\t<\/div>\n\t\t\t\t<\/div>\n\t\t\t\t\t<\/div>\n\t\t<\/div>\n\t\t\t\t\t<\/div>\n\t\t<\/section>\n\t\t\t\t<section class=\"elementor-section elementor-top-section elementor-element elementor-element-e95e60d elementor-section-boxed elementor-section-height-default elementor-section-height-default\" data-id=\"e95e60d\" data-element_type=\"section\">\n\t\t\t\t\t\t<div class=\"elementor-container elementor-column-gap-default\">\n\t\t\t\t\t<div class=\"elementor-column elementor-col-100 elementor-top-column elementor-element elementor-element-ddd1c10\" data-id=\"ddd1c10\" data-element_type=\"column\">\n\t\t\t<div class=\"elementor-widget-wrap elementor-element-populated\">\n\t\t\t\t\t\t<div class=\"elementor-element elementor-element-937c057 elementor-widget elementor-widget-text-editor\" data-id=\"937c057\" data-element_type=\"widget\" data-widget_type=\"text-editor.default\">\n\t\t\t\t<div class=\"elementor-widget-container\">\n\t\t\t\t\t\t\t<div class=\"elementor-element elementor-element-5f1b567 elementor-widget elementor-widget-text-editor\" data-id=\"5f1b567\" data-element_type=\"widget\" data-widget_type=\"text-editor.default\"><div class=\"elementor-widget-container\"><p><img fetchpriority=\"high\" decoding=\"async\" class=\"wp-image-1263 size-full aligncenter\" src=\"https:\/\/sites.usp.br\/posbfm\/wp-content\/uploads\/sites\/1611\/2026\/01\/calendario-reunioes-2026.png\" alt=\"\" width=\"581\" height=\"435\" srcset=\"https:\/\/sites.usp.br\/posbfm\/wp-content\/uploads\/sites\/1611\/2026\/01\/calendario-reunioes-2026.png 581w, https:\/\/sites.usp.br\/posbfm\/wp-content\/uploads\/sites\/1611\/2026\/01\/calendario-reunioes-2026-300x225.png 300w, https:\/\/sites.usp.br\/posbfm\/wp-content\/uploads\/sites\/1611\/2026\/01\/calendario-reunioes-2026-80x60.png 80w, https:\/\/sites.usp.br\/posbfm\/wp-content\/uploads\/sites\/1611\/2026\/01\/calendario-reunioes-2026-400x299.png 400w\" sizes=\"(max-width: 581px) 100vw, 581px\" \/><\/p><\/div><\/div><div class=\"elementor-element elementor-element-46e94ec elementor-widget elementor-widget-text-editor\" data-id=\"46e94ec\" data-element_type=\"widget\" data-widget_type=\"text-editor.default\"><div class=\"elementor-widget-container\"><div class=\"elementor-element elementor-element-8418579 elementor-widget elementor-widget-text-editor\" data-id=\"8418579\" data-element_type=\"widget\" data-widget_type=\"text-editor.default\"><div class=\"elementor-widget-container\"><p>Obs.:\u00a0<\/p><p>\u2013 As reuni\u00f5es da CCP s\u00e3o realizadas \u00e0s 11h.<\/p><\/div><\/div><\/div><\/div>\t\t\t\t\t\t<\/div>\n\t\t\t\t<\/div>\n\t\t\t\t\t<\/div>\n\t\t<\/div>\n\t\t\t\t\t<\/div>\n\t\t<\/section>\n\t\t\t\t<\/div>\n\t\t","protected":false},"excerpt":{"rendered":"<p>Calend\u00e1rio de Reuni\u00f5es da CCP Biologia Funcional e Molecular \u2013 2026\u200b Obs.:\u00a0 \u2013 As reuni\u00f5es da CCP s\u00e3o realizadas \u00e0s 11h.<\/p>\n","protected":false},"author":24472,"featured_media":0,"parent":0,"menu_order":0,"comment_status":"closed","ping_status":"closed","template":"","meta":{"footnotes":"","_links_to":"","_links_to_target":""},"class_list":["post-1266","page","type-page","status-publish","hentry"],"_links":{"self":[{"href":"https:\/\/sites.usp.br\/posbfm\/wp-json\/wp\/v2\/pages\/1266","targetHints":{"allow":["GET"]}}],"collection":[{"href":"https:\/\/sites.usp.br\/posbfm\/wp-json\/wp\/v2\/pages"}],"about":[{"href":"https:\/\/sites.usp.br\/posbfm\/wp-json\/wp\/v2\/types\/page"}],"author":[{"embeddable":true,"href":"https:\/\/sites.usp.br\/posbfm\/wp-json\/wp\/v2\/users\/24472"}],"replies":[{"embeddable":true,"href":"https:\/\/sites.usp.br\/posbfm\/wp-json\/wp\/v2\/comments?post=1266"}],"version-history":[{"count":4,"href":"https:\/\/sites.usp.br\/posbfm\/wp-json\/wp\/v2\/pages\/1266\/revisions"}],"predecessor-version":[{"id":1437,"href":"https:\/\/sites.usp.br\/posbfm\/wp-json\/wp\/v2\/pages\/1266\/revisions\/1437"}],"wp:attachment":[{"href":"https:\/\/sites.usp.br\/posbfm\/wp-json\/wp\/v2\/media?parent=1266"}],"curies":[{"name":"wp","href":"https:\/\/api.w.org\/{rel}","templated":true}]}}