{"id":1394,"date":"2026-01-26T19:56:44","date_gmt":"2026-01-26T21:56:44","guid":{"rendered":"https:\/\/sites.usp.br\/posbfm\/?page_id=1394"},"modified":"2026-01-26T19:58:45","modified_gmt":"2026-01-26T21:58:45","slug":"defensa-de-disertacion-tesis","status":"publish","type":"page","link":"https:\/\/sites.usp.br\/posbfm\/es\/defensa-de-disertacion-tesis\/","title":{"rendered":"Rascunho autom\u00e1tico"},"content":{"rendered":"\t\t<div data-elementor-type=\"wp-page\" data-elementor-id=\"1394\" class=\"elementor elementor-1394\" data-elementor-post-type=\"page\">\n\t\t\t\t\t\t<section class=\"elementor-section elementor-top-section elementor-element elementor-element-1a783bc elementor-section-boxed elementor-section-height-default elementor-section-height-default\" data-id=\"1a783bc\" data-element_type=\"section\">\n\t\t\t\t\t\t<div class=\"elementor-container elementor-column-gap-default\">\n\t\t\t\t\t<div class=\"elementor-column elementor-col-100 elementor-top-column elementor-element elementor-element-08e5792\" data-id=\"08e5792\" data-element_type=\"column\">\n\t\t\t<div class=\"elementor-widget-wrap elementor-element-populated\">\n\t\t\t\t\t\t<div class=\"elementor-element elementor-element-905a667 elementor-widget elementor-widget-heading\" data-id=\"905a667\" data-element_type=\"widget\" data-widget_type=\"heading.default\">\n\t\t\t\t<div class=\"elementor-widget-container\">\n\t\t\t<h2 class=\"elementor-heading-title elementor-size-default\">Defensa de Disertaci\u00f3n\/Tesis<\/h2>\t\t<\/div>\n\t\t\t\t<\/div>\n\t\t\t\t\t<\/div>\n\t\t<\/div>\n\t\t\t\t\t<\/div>\n\t\t<\/section>\n\t\t\t\t<section class=\"elementor-section elementor-top-section elementor-element elementor-element-2ee3950 elementor-section-boxed elementor-section-height-default elementor-section-height-default\" data-id=\"2ee3950\" data-element_type=\"section\">\n\t\t\t\t\t\t<div class=\"elementor-container elementor-column-gap-default\">\n\t\t\t\t\t<div class=\"elementor-column elementor-col-100 elementor-top-column elementor-element elementor-element-78b273c\" data-id=\"78b273c\" data-element_type=\"column\">\n\t\t\t<div class=\"elementor-widget-wrap elementor-element-populated\">\n\t\t\t\t\t\t<div class=\"elementor-element elementor-element-7dfb122 elementor-widget elementor-widget-text-editor\" data-id=\"7dfb122\" data-element_type=\"widget\" data-widget_type=\"text-editor.default\">\n\t\t\t\t<div class=\"elementor-widget-container\">\n\t\t\t\t\t\t\t<p><span style=\"font-weight: 400;\">El\/la estudiante debe verificar su plazo m\u00e1ximo para el dep\u00f3sito en su ficha de alumno en el sistema Janus.<\/span><\/p><p><span style=\"font-weight: 400;\">Si el\/la estudiante no realiza el dep\u00f3sito de su disertaci\u00f3n\/tesis antes de la fecha indicada en su ficha, ser\u00e1 desvinculado\/a autom\u00e1ticamente por el sistema.<\/span><\/p><p><span style=\"font-weight: 400;\">Recomendamos revisar las fechas de cierre del orden del d\u00eda de las reuniones del CCP y entregar la documentaci\u00f3n para la aprobaci\u00f3n del tribunal al menos con un mes de anticipaci\u00f3n al plazo m\u00e1ximo de dep\u00f3sito.<\/span><\/p><p><span style=\"font-weight: 400;\">\u2013 <\/span><a href=\"https:\/\/sites.usp.br\/posfisio\/calendario-de-reunioes\/\"><span style=\"font-weight: 400;\">Calendario de reuniones del CCP Biolog\u00eda Funcional y Molecular<\/span><\/a><\/p><p><span style=\"font-weight: 400;\">\u2013 <\/span><a href=\"https:\/\/sites.usp.br\/posfisio\/wp-content\/uploads\/sites\/1200\/2023\/10\/NormasDefesas_2022.pdf\"><span style=\"font-weight: 400;\">Normas para el dep\u00f3sito de disertaci\u00f3n\/tesis<\/span><\/a><\/p><p><span style=\"font-weight: 400;\">\u2013 Gu\u00edas para la entrega de la documentaci\u00f3n para la aprobaci\u00f3n del tribunal de defensa para las reuniones del primer semestre de 2025: <\/span><a href=\"https:\/\/sites.usp.br\/posfisio\/wp-content\/uploads\/sites\/1200\/2025\/02\/roteiro_defesa_fev2025.pdf\"><span style=\"font-weight: 400;\">febrero<\/span><\/a><span style=\"font-weight: 400;\">, <\/span><a href=\"https:\/\/sites.usp.br\/posfisio\/wp-content\/uploads\/sites\/1200\/2025\/02\/roteiro_defesa_mar2025.pdf\"><span style=\"font-weight: 400;\">marzo<\/span><\/a><span style=\"font-weight: 400;\">, <\/span><a href=\"https:\/\/sites.usp.br\/posfisio\/wp-content\/uploads\/sites\/1200\/2025\/02\/roteiro_defesa_abr2025.pdf\"><span style=\"font-weight: 400;\">abril<\/span><\/a><span style=\"font-weight: 400;\">, <\/span><a href=\"https:\/\/sites.usp.br\/posfisio\/wp-content\/uploads\/sites\/1200\/2025\/02\/roteiro_defesa_mai2025.pdf\"><span style=\"font-weight: 400;\">mayo<\/span><\/a><span style=\"font-weight: 400;\"> y <\/span><a href=\"https:\/\/sites.usp.br\/posfisio\/wp-content\/uploads\/sites\/1200\/2025\/02\/roteiro_defesa_jun2025.pdf\"><span style=\"font-weight: 400;\">junio<\/span><\/a><span style=\"font-weight: 400;\">.<\/span><\/p><p><span style=\"font-weight: 400;\">Formularios:<\/span><\/p><p><span style=\"font-weight: 400;\">\u2013 <\/span><a href=\"https:\/\/sites.usp.br\/posfisio\/wp-content\/uploads\/sites\/1200\/2023\/10\/formulario_sugestao_banca_defesa.doc\"><span style=\"font-weight: 400;\">Formulario de sugerencia del tribunal de defensa<\/span><\/a><\/p><p><span style=\"font-weight: 400;\">\u2013 <\/span><a href=\"https:\/\/sites.usp.br\/posfisio\/wp-content\/uploads\/sites\/1200\/2023\/10\/SumulaCurricular_Aluno.docx\"><span style=\"font-weight: 400;\">Formulario de resumen curricular<\/span><\/a><\/p><p><span style=\"font-weight: 400;\">\u2013 <\/span><a href=\"https:\/\/forms.gle\/VixT6GTeykyGcPPv6\"><span style=\"font-weight: 400;\">Formulario de datos para el Informe CAPES\/Sucupira<\/span><\/a><\/p><p><span style=\"font-weight: 400;\">\u2013 <\/span><a href=\"https:\/\/forms.gle\/R12kzfTetHr9XUKY6\"><span style=\"font-weight: 400;\">Formulario para el env\u00edo de la documentaci\u00f3n para la aprobaci\u00f3n del tribunal de defensa<\/span><\/a><\/p><p><span style=\"font-weight: 400;\">\u2013 <\/span><a href=\"https:\/\/sites.usp.br\/posfisio\/wp-content\/uploads\/sites\/1200\/2023\/10\/Form-Casos-de-Excepcionalidade-Bancas-Remotas.docx\"><span style=\"font-weight: 400;\">Formulario de solicitud para la realizaci\u00f3n de la defensa de forma remota<\/span><\/a><\/p><p><span style=\"font-weight: 400;\">Documentaci\u00f3n para el dep\u00f3sito:<\/span><\/p><p><span style=\"font-weight: 400;\">Los documentos obligatorios para realizar el dep\u00f3sito en el sistema deben tener firma electr\u00f3nica tanto del\/la estudiante como de su respectivo\/a orientador\/a. La firma puede realizarse a trav\u00e9s de GovBR o USP Assina.<\/span><\/p><p>\u00a0<\/p><p><span style=\"font-weight: 400;\">\u2013<\/span><a href=\"https:\/\/biblioteca.icb.usp.br\/pos-graduacao\/\"><span style=\"font-weight: 400;\"> Sitio web de la Biblioteca del ICB (normalizaci\u00f3n t\u00e9cnica, ficha catalogr\u00e1fica, etc.)<\/span><\/a><\/p><p><span style=\"font-weight: 400;\">\u2013<\/span><a href=\"https:\/\/sites.usp.br\/posfisio\/wp-content\/uploads\/sites\/1200\/2023\/10\/Capa-para-assinatura-da-Com-Julgad_Novo-Regimento.docx\"><span style=\"font-weight: 400;\"> Portada para las firmas del Jurado Evaluador (hoja de aprobaci\u00f3n)<\/span><\/a><\/p><p><span style=\"font-weight: 400;\">\u2013 <\/span><a href=\"https:\/\/sites.usp.br\/posfisio\/wp-content\/uploads\/sites\/1200\/2023\/10\/Formulario-para-autorizacao-de-deposito-de-exemplares.doc\"><span style=\"font-weight: 400;\">Formulario de consentimiento del orientador<\/span><\/a><\/p><p><span style=\"font-weight: 400;\">\u2013 <\/span><a href=\"https:\/\/sites.usp.br\/posfisio\/wp-content\/uploads\/sites\/1200\/2023\/10\/Formulario-solic.-para-nao-dispon.-a-versao-integral-da-tese-ou-dissertacao-no-portal-da-BDTD.pdf\"><span style=\"font-weight: 400;\">Formulario sobre la no disponibilidad completa de la disertaci\u00f3n\/tesis<\/span><\/a><\/p><p><span style=\"font-weight: 400;\">\u2013 <\/span><a href=\"https:\/\/sites.usp.br\/posfisio\/wp-content\/uploads\/sites\/1200\/2023\/10\/Termo-de-ciencia-dos-procedimentos-para-a-correcao-de-exemplar-apos-a-defesa.doc\"><span style=\"font-weight: 400;\">Formulario de reconocimiento de la correcci\u00f3n de la disertaci\u00f3n\/tesis<\/span><\/a><\/p><p><span style=\"font-weight: 400;\">\u2013 <\/span><a href=\"https:\/\/sites.usp.br\/posfisio\/wp-content\/uploads\/sites\/1200\/2024\/05\/tutorial_turnitin_maio2024.pdf\"><span style=\"font-weight: 400;\">Tutorial para la emisi\u00f3n del Informe de Plagio (sistema Turnitin)<\/span><\/a><\/p>\t\t\t\t\t\t<\/div>\n\t\t\t\t<\/div>\n\t\t\t\t\t<\/div>\n\t\t<\/div>\n\t\t\t\t\t<\/div>\n\t\t<\/section>\n\t\t\t\t<\/div>\n\t\t","protected":false},"excerpt":{"rendered":"<p>Defensa de Disertaci\u00f3n\/Tesis El\/la estudiante debe verificar su plazo m\u00e1ximo para el dep\u00f3sito en su ficha de alumno en el sistema Janus. Si el\/la estudiante no realiza el dep\u00f3sito de [&hellip;]<\/p>\n","protected":false},"author":24472,"featured_media":0,"parent":0,"menu_order":0,"comment_status":"closed","ping_status":"closed","template":"","meta":{"footnotes":"","_links_to":"","_links_to_target":""},"class_list":["post-1394","page","type-page","status-publish","hentry"],"_links":{"self":[{"href":"https:\/\/sites.usp.br\/posbfm\/wp-json\/wp\/v2\/pages\/1394","targetHints":{"allow":["GET"]}}],"collection":[{"href":"https:\/\/sites.usp.br\/posbfm\/wp-json\/wp\/v2\/pages"}],"about":[{"href":"https:\/\/sites.usp.br\/posbfm\/wp-json\/wp\/v2\/types\/page"}],"author":[{"embeddable":true,"href":"https:\/\/sites.usp.br\/posbfm\/wp-json\/wp\/v2\/users\/24472"}],"replies":[{"embeddable":true,"href":"https:\/\/sites.usp.br\/posbfm\/wp-json\/wp\/v2\/comments?post=1394"}],"version-history":[{"count":4,"href":"https:\/\/sites.usp.br\/posbfm\/wp-json\/wp\/v2\/pages\/1394\/revisions"}],"predecessor-version":[{"id":1398,"href":"https:\/\/sites.usp.br\/posbfm\/wp-json\/wp\/v2\/pages\/1394\/revisions\/1398"}],"wp:attachment":[{"href":"https:\/\/sites.usp.br\/posbfm\/wp-json\/wp\/v2\/media?parent=1394"}],"curies":[{"name":"wp","href":"https:\/\/api.w.org\/{rel}","templated":true}]}}