{"id":1403,"date":"2026-01-26T20:05:57","date_gmt":"2026-01-26T22:05:57","guid":{"rendered":"https:\/\/sites.usp.br\/posbfm\/?page_id=1403"},"modified":"2026-01-26T20:07:48","modified_gmt":"2026-01-26T22:07:48","slug":"sobre-el-programa","status":"publish","type":"page","link":"https:\/\/sites.usp.br\/posbfm\/es\/sobre-el-programa\/","title":{"rendered":"Sobre el programa"},"content":{"rendered":"\t\t<div data-elementor-type=\"wp-page\" data-elementor-id=\"1403\" class=\"elementor elementor-1403\" data-elementor-post-type=\"page\">\n\t\t\t\t\t\t<section class=\"elementor-section elementor-top-section elementor-element elementor-element-1fc2d96 elementor-section-boxed elementor-section-height-default elementor-section-height-default\" data-id=\"1fc2d96\" data-element_type=\"section\">\n\t\t\t\t\t\t<div class=\"elementor-container elementor-column-gap-default\">\n\t\t\t\t\t<div class=\"elementor-column elementor-col-100 elementor-top-column elementor-element elementor-element-799d934\" data-id=\"799d934\" data-element_type=\"column\">\n\t\t\t<div class=\"elementor-widget-wrap elementor-element-populated\">\n\t\t\t\t\t\t<div class=\"elementor-element elementor-element-623c0b5 elementor-widget elementor-widget-heading\" data-id=\"623c0b5\" data-element_type=\"widget\" data-widget_type=\"heading.default\">\n\t\t\t\t<div class=\"elementor-widget-container\">\n\t\t\t<h2 class=\"elementor-heading-title elementor-size-default\">Historia del Programa de Posgrado en Biolog\u00eda Funcional y Molecular del ICB de la USP\n<\/h2>\t\t<\/div>\n\t\t\t\t<\/div>\n\t\t\t\t<section class=\"elementor-section elementor-inner-section elementor-element elementor-element-3df4c53 elementor-section-boxed elementor-section-height-default elementor-section-height-default\" data-id=\"3df4c53\" data-element_type=\"section\">\n\t\t\t\t\t\t<div class=\"elementor-container elementor-column-gap-default\">\n\t\t\t\t\t<div class=\"elementor-column elementor-col-100 elementor-inner-column elementor-element elementor-element-cf8b9db\" data-id=\"cf8b9db\" data-element_type=\"column\">\n\t\t\t<div class=\"elementor-widget-wrap elementor-element-populated\">\n\t\t\t\t\t\t<div class=\"elementor-element elementor-element-1f64a11 elementor-widget elementor-widget-text-editor\" data-id=\"1f64a11\" data-element_type=\"widget\" data-widget_type=\"text-editor.default\">\n\t\t\t\t<div class=\"elementor-widget-container\">\n\t\t\t\t\t\t\t<p><span style=\"font-weight: 400;\">Fundado en 2024, el Programa de Posgrado en Biolog\u00eda Funcional y Molecular del Instituto de Ciencias Biom\u00e9dicas (ICB) de la Universidad de S\u00e3o Paulo (USP) es el resultado de una fusi\u00f3n innovadora y sin precedentes en el \u00e1mbito del posgrado en Brasil, que uni\u00f3 dos programas considerados de excelencia por la CAPES (nota 6): los programas en Fisiolog\u00eda Humana y Farmacolog\u00eda del ICB.A pesar de su juventud, el programa ya se destaca por su excelencia e innovaci\u00f3n, consolid\u00e1ndose como una referencia en investigaci\u00f3n y en la formaci\u00f3n de cient\u00edficos de alto nivel. Nacido de la visi\u00f3n audaz de sus orientadores, el PPG se ha mantenido a la vanguardia de los estudios biol\u00f3gicos y moleculares, adapt\u00e1ndose constantemente a los avances cient\u00edficos y tecnol\u00f3gicos. El PPG-BFM est\u00e1 estructurado en cinco l\u00edneas de investigaci\u00f3n:<\/span><\/p><p><span style=\"font-weight: 400;\">1-Neurociencia y Comportamiento<\/span><\/p><p><span style=\"font-weight: 400;\">2-Se\u00f1alizaci\u00f3n Molecular y Celular<\/span><\/p><p><span style=\"font-weight: 400;\">3-Metabolismo<\/span><\/p><p><span style=\"font-weight: 400;\">4-Fisiopatolog\u00eda y Farmacolog\u00eda de \u00d3rganos y Sistemas<\/span><\/p><p><span style=\"font-weight: 400;\">5-Inflamaci\u00f3n y C\u00e1ncer<\/span><\/p>\t\t\t\t\t\t<\/div>\n\t\t\t\t<\/div>\n\t\t\t\t\t<\/div>\n\t\t<\/div>\n\t\t\t\t\t<\/div>\n\t\t<\/section>\n\t\t\t\t\t<\/div>\n\t\t<\/div>\n\t\t\t\t\t<\/div>\n\t\t<\/section>\n\t\t\t\t<section class=\"elementor-section elementor-top-section elementor-element elementor-element-bf83283 elementor-section-boxed elementor-section-height-default elementor-section-height-default\" data-id=\"bf83283\" data-element_type=\"section\">\n\t\t\t\t\t\t<div class=\"elementor-container elementor-column-gap-default\">\n\t\t\t\t\t<div class=\"elementor-column elementor-col-100 elementor-top-column elementor-element elementor-element-26f954c\" data-id=\"26f954c\" data-element_type=\"column\">\n\t\t\t<div class=\"elementor-widget-wrap elementor-element-populated\">\n\t\t\t\t\t\t<div class=\"elementor-element elementor-element-58e1e58 elementor-widget elementor-widget-heading\" data-id=\"58e1e58\" data-element_type=\"widget\" data-widget_type=\"heading.default\">\n\t\t\t\t<div class=\"elementor-widget-container\">\n\t\t\t<h2 class=\"elementor-heading-title elementor-size-default\">Misi\u00f3n del Programa\n<\/h2>\t\t<\/div>\n\t\t\t\t<\/div>\n\t\t\t\t<section class=\"elementor-section elementor-inner-section elementor-element elementor-element-bd28990 elementor-section-boxed elementor-section-height-default elementor-section-height-default\" data-id=\"bd28990\" data-element_type=\"section\">\n\t\t\t\t\t\t<div class=\"elementor-container elementor-column-gap-default\">\n\t\t\t\t\t<div class=\"elementor-column elementor-col-100 elementor-inner-column elementor-element elementor-element-163bfbe\" data-id=\"163bfbe\" data-element_type=\"column\">\n\t\t\t<div class=\"elementor-widget-wrap elementor-element-populated\">\n\t\t\t\t\t\t<div class=\"elementor-element elementor-element-52c6bb2 elementor-widget elementor-widget-text-editor\" data-id=\"52c6bb2\" data-element_type=\"widget\" data-widget_type=\"text-editor.default\">\n\t\t\t\t<div class=\"elementor-widget-container\">\n\t\t\t\t\t\t\t<p><span style=\"font-weight: 400;\">El programa tiene como misi\u00f3n formar profesionales altamente calificados, preparados para impulsar el avance cient\u00edfico de manera significativa. Valoramos un enfoque genuinamente multidisciplinario que va m\u00e1s all\u00e1 de colaboraciones puntuales, integrando diversas \u00e1reas del conocimiento. Nuestros estudiantes son incentivados a desarrollar un pensamiento cr\u00edtico e innovador, siempre guiado por la \u00e9tica y las buenas pr\u00e1cticas cient\u00edficas, para enfrentar los desaf\u00edos contempor\u00e1neos y contribuir al bienestar de la sociedad.<\/span><\/p>\t\t\t\t\t\t<\/div>\n\t\t\t\t<\/div>\n\t\t\t\t\t<\/div>\n\t\t<\/div>\n\t\t\t\t\t<\/div>\n\t\t<\/section>\n\t\t\t\t\t<\/div>\n\t\t<\/div>\n\t\t\t\t\t<\/div>\n\t\t<\/section>\n\t\t\t\t<section class=\"elementor-section elementor-top-section elementor-element elementor-element-2c505cb elementor-section-boxed elementor-section-height-default elementor-section-height-default\" data-id=\"2c505cb\" data-element_type=\"section\">\n\t\t\t\t\t\t<div class=\"elementor-container elementor-column-gap-default\">\n\t\t\t\t\t<div class=\"elementor-column elementor-col-100 elementor-top-column elementor-element elementor-element-e61db0d\" data-id=\"e61db0d\" data-element_type=\"column\">\n\t\t\t<div class=\"elementor-widget-wrap elementor-element-populated\">\n\t\t\t\t\t\t<div class=\"elementor-element elementor-element-f817388 elementor-widget elementor-widget-heading\" data-id=\"f817388\" data-element_type=\"widget\" data-widget_type=\"heading.default\">\n\t\t\t\t<div class=\"elementor-widget-container\">\n\t\t\t<h2 class=\"elementor-heading-title elementor-size-default\">Nuestros Pilares Fundamentales\n<\/h2>\t\t<\/div>\n\t\t\t\t<\/div>\n\t\t\t\t<section class=\"elementor-section elementor-inner-section elementor-element elementor-element-4c9b4a8 elementor-section-boxed elementor-section-height-default elementor-section-height-default\" data-id=\"4c9b4a8\" data-element_type=\"section\">\n\t\t\t\t\t\t<div class=\"elementor-container elementor-column-gap-default\">\n\t\t\t\t\t<div class=\"elementor-column elementor-col-100 elementor-inner-column elementor-element elementor-element-009132e\" data-id=\"009132e\" data-element_type=\"column\">\n\t\t\t<div class=\"elementor-widget-wrap elementor-element-populated\">\n\t\t\t\t\t\t<div class=\"elementor-element elementor-element-734ed87 elementor-widget elementor-widget-text-editor\" data-id=\"734ed87\" data-element_type=\"widget\" data-widget_type=\"text-editor.default\">\n\t\t\t\t<div class=\"elementor-widget-container\">\n\t\t\t\t\t\t\t<p><span style=\"font-weight: 400;\">-Excelencia Acad\u00e9mica: Ofrecemos una formaci\u00f3n s\u00f3lida y integral para preparar cient\u00edficos para carreras acad\u00e9micas y de investigaci\u00f3n.<\/span><\/p><p><span style=\"font-weight: 400;\">-Innovaci\u00f3n: Fomentamos la creatividad en proyectos que buscan soluciones a problemas complejos.<\/span><\/p><p><span style=\"font-weight: 400;\">-Colaboraci\u00f3n: Promovemos asociaciones globales entre diferentes \u00e1reas del conocimiento.<\/span><\/p><p><span style=\"font-weight: 400;\">-Responsabilidad Social: Utilizamos la ciencia como una herramienta para el desarrollo sostenible y el bienestar humano.<\/span><\/p>\t\t\t\t\t\t<\/div>\n\t\t\t\t<\/div>\n\t\t\t\t\t<\/div>\n\t\t<\/div>\n\t\t\t\t\t<\/div>\n\t\t<\/section>\n\t\t\t\t\t<\/div>\n\t\t<\/div>\n\t\t\t\t\t<\/div>\n\t\t<\/section>\n\t\t\t\t<\/div>\n\t\t","protected":false},"excerpt":{"rendered":"<p>Historia del Programa de Posgrado en Biolog\u00eda Funcional y Molecular del ICB de la USP Fundado en 2024, el Programa de Posgrado en Biolog\u00eda Funcional y Molecular del Instituto de [&hellip;]<\/p>\n","protected":false},"author":24472,"featured_media":0,"parent":0,"menu_order":0,"comment_status":"closed","ping_status":"closed","template":"","meta":{"footnotes":"","_links_to":"","_links_to_target":""},"class_list":["post-1403","page","type-page","status-publish","hentry"],"_links":{"self":[{"href":"https:\/\/sites.usp.br\/posbfm\/wp-json\/wp\/v2\/pages\/1403","targetHints":{"allow":["GET"]}}],"collection":[{"href":"https:\/\/sites.usp.br\/posbfm\/wp-json\/wp\/v2\/pages"}],"about":[{"href":"https:\/\/sites.usp.br\/posbfm\/wp-json\/wp\/v2\/types\/page"}],"author":[{"embeddable":true,"href":"https:\/\/sites.usp.br\/posbfm\/wp-json\/wp\/v2\/users\/24472"}],"replies":[{"embeddable":true,"href":"https:\/\/sites.usp.br\/posbfm\/wp-json\/wp\/v2\/comments?post=1403"}],"version-history":[{"count":4,"href":"https:\/\/sites.usp.br\/posbfm\/wp-json\/wp\/v2\/pages\/1403\/revisions"}],"predecessor-version":[{"id":1407,"href":"https:\/\/sites.usp.br\/posbfm\/wp-json\/wp\/v2\/pages\/1403\/revisions\/1407"}],"wp:attachment":[{"href":"https:\/\/sites.usp.br\/posbfm\/wp-json\/wp\/v2\/media?parent=1403"}],"curies":[{"name":"wp","href":"https:\/\/api.w.org\/{rel}","templated":true}]}}