{"id":1424,"date":"2026-01-26T21:33:25","date_gmt":"2026-01-26T23:33:25","guid":{"rendered":"https:\/\/sites.usp.br\/posbfm\/?page_id=1424"},"modified":"2026-01-26T21:38:14","modified_gmt":"2026-01-26T23:38:14","slug":"calendario-de-reuniones","status":"publish","type":"page","link":"https:\/\/sites.usp.br\/posbfm\/es\/calendario-de-reuniones\/","title":{"rendered":"Calendario de reuniones:"},"content":{"rendered":"\t\t<div data-elementor-type=\"wp-page\" data-elementor-id=\"1424\" class=\"elementor elementor-1424\" data-elementor-post-type=\"page\">\n\t\t\t\t\t\t<section class=\"elementor-section elementor-top-section elementor-element elementor-element-559cc7b elementor-section-boxed elementor-section-height-default elementor-section-height-default\" data-id=\"559cc7b\" data-element_type=\"section\">\n\t\t\t\t\t\t<div class=\"elementor-container elementor-column-gap-default\">\n\t\t\t\t\t<div class=\"elementor-column elementor-col-100 elementor-top-column elementor-element elementor-element-58e677d\" data-id=\"58e677d\" data-element_type=\"column\">\n\t\t\t<div class=\"elementor-widget-wrap elementor-element-populated\">\n\t\t\t\t\t\t<div class=\"elementor-element elementor-element-9583809 elementor-widget elementor-widget-heading\" data-id=\"9583809\" data-element_type=\"widget\" data-widget_type=\"heading.default\">\n\t\t\t\t<div class=\"elementor-widget-container\">\n\t\t\t<h2 class=\"elementor-heading-title elementor-size-default\">Calendario de reuniones de Biolog\u00eda Funcional y Molecular del CCP \u2013 2026<\/h2>\t\t<\/div>\n\t\t\t\t<\/div>\n\t\t\t\t\t<\/div>\n\t\t<\/div>\n\t\t\t\t\t<\/div>\n\t\t<\/section>\n\t\t\t\t<section class=\"elementor-section elementor-top-section elementor-element elementor-element-e95e60d elementor-section-boxed elementor-section-height-default elementor-section-height-default\" data-id=\"e95e60d\" data-element_type=\"section\">\n\t\t\t\t\t\t<div class=\"elementor-container elementor-column-gap-default\">\n\t\t\t\t\t<div class=\"elementor-column elementor-col-100 elementor-top-column elementor-element elementor-element-ddd1c10\" data-id=\"ddd1c10\" data-element_type=\"column\">\n\t\t\t<div class=\"elementor-widget-wrap elementor-element-populated\">\n\t\t\t\t\t\t<div class=\"elementor-element elementor-element-937c057 elementor-widget elementor-widget-text-editor\" data-id=\"937c057\" data-element_type=\"widget\" data-widget_type=\"text-editor.default\">\n\t\t\t\t<div class=\"elementor-widget-container\">\n\t\t\t\t\t\t\t<div data-id=\"5f1b567\" data-element_type=\"widget\" data-widget_type=\"text-editor.default\">\n<div>\n<p><a href=\"https:\/\/sites.usp.br\/posbfm\/wp-content\/uploads\/sites\/1611\/2026\/01\/calendario-reunioes-2026.png\"><img fetchpriority=\"high\" decoding=\"async\" src=\"https:\/\/sites.usp.br\/posbfm\/wp-content\/uploads\/sites\/1611\/2026\/01\/calendario-reunioes-2026.png\" alt=\"\" width=\"581\" height=\"435\"><\/a><\/p>\n<\/div>\n<\/div>\n<div data-id=\"46e94ec\" data-element_type=\"widget\" data-widget_type=\"text-editor.default\">\n<div>\n<div data-id=\"8418579\" data-element_type=\"widget\" data-widget_type=\"text-editor.default\">\n<div>\n<p>Obs.:&nbsp;<\/p>\n<p>\u2013 As reuni\u00f5es da CCP s\u00e3o realizadas \u00e0s 11h.<\/p>\n<\/div>\n<\/div>\n<\/div>\n<\/div>\t\t\t\t\t\t<\/div>\n\t\t\t\t<\/div>\n\t\t\t\t\t<\/div>\n\t\t<\/div>\n\t\t\t\t\t<\/div>\n\t\t<\/section>\n\t\t\t\t<\/div>\n\t\t","protected":false},"excerpt":{"rendered":"<p>Calendario de reuniones de Biolog\u00eda Funcional y Molecular del CCP \u2013 2026 Obs.:&nbsp; \u2013 As reuni\u00f5es da CCP s\u00e3o realizadas \u00e0s 11h.<\/p>\n","protected":false},"author":24472,"featured_media":0,"parent":0,"menu_order":0,"comment_status":"closed","ping_status":"closed","template":"","meta":{"footnotes":"","_links_to":"","_links_to_target":""},"class_list":["post-1424","page","type-page","status-publish","hentry"],"_links":{"self":[{"href":"https:\/\/sites.usp.br\/posbfm\/wp-json\/wp\/v2\/pages\/1424","targetHints":{"allow":["GET"]}}],"collection":[{"href":"https:\/\/sites.usp.br\/posbfm\/wp-json\/wp\/v2\/pages"}],"about":[{"href":"https:\/\/sites.usp.br\/posbfm\/wp-json\/wp\/v2\/types\/page"}],"author":[{"embeddable":true,"href":"https:\/\/sites.usp.br\/posbfm\/wp-json\/wp\/v2\/users\/24472"}],"replies":[{"embeddable":true,"href":"https:\/\/sites.usp.br\/posbfm\/wp-json\/wp\/v2\/comments?post=1424"}],"version-history":[{"count":4,"href":"https:\/\/sites.usp.br\/posbfm\/wp-json\/wp\/v2\/pages\/1424\/revisions"}],"predecessor-version":[{"id":1434,"href":"https:\/\/sites.usp.br\/posbfm\/wp-json\/wp\/v2\/pages\/1424\/revisions\/1434"}],"wp:attachment":[{"href":"https:\/\/sites.usp.br\/posbfm\/wp-json\/wp\/v2\/media?parent=1424"}],"curies":[{"name":"wp","href":"https:\/\/api.w.org\/{rel}","templated":true}]}}