{"id":1443,"date":"2026-01-27T15:55:39","date_gmt":"2026-01-27T17:55:39","guid":{"rendered":"https:\/\/sites.usp.br\/posbfm\/?page_id=1443"},"modified":"2026-01-27T15:57:15","modified_gmt":"2026-01-27T17:57:15","slug":"informes","status":"publish","type":"page","link":"https:\/\/sites.usp.br\/posbfm\/es\/informes\/","title":{"rendered":"Informes:"},"content":{"rendered":"\t\t<div data-elementor-type=\"wp-page\" data-elementor-id=\"1443\" class=\"elementor elementor-1443\" data-elementor-post-type=\"page\">\n\t\t\t\t\t\t<section class=\"elementor-section elementor-top-section elementor-element elementor-element-ffdb981 elementor-section-boxed elementor-section-height-default elementor-section-height-default\" data-id=\"ffdb981\" data-element_type=\"section\">\n\t\t\t\t\t\t<div class=\"elementor-container elementor-column-gap-default\">\n\t\t\t\t\t<div class=\"elementor-column elementor-col-100 elementor-top-column elementor-element elementor-element-8215cfa\" data-id=\"8215cfa\" data-element_type=\"column\">\n\t\t\t<div class=\"elementor-widget-wrap elementor-element-populated\">\n\t\t\t\t\t\t<div class=\"elementor-element elementor-element-d221415 elementor-widget elementor-widget-heading\" data-id=\"d221415\" data-element_type=\"widget\" data-widget_type=\"heading.default\">\n\t\t\t\t<div class=\"elementor-widget-container\">\n\t\t\t<h2 class=\"elementor-heading-title elementor-size-default\">Informes<\/h2>\t\t<\/div>\n\t\t\t\t<\/div>\n\t\t\t\t\t<\/div>\n\t\t<\/div>\n\t\t\t\t\t<\/div>\n\t\t<\/section>\n\t\t\t\t<section class=\"elementor-section elementor-top-section elementor-element elementor-element-e66961d elementor-section-boxed elementor-section-height-default elementor-section-height-default\" data-id=\"e66961d\" data-element_type=\"section\">\n\t\t\t\t\t\t<div class=\"elementor-container elementor-column-gap-default\">\n\t\t\t\t\t<div class=\"elementor-column elementor-col-100 elementor-top-column elementor-element elementor-element-e9f4231\" data-id=\"e9f4231\" data-element_type=\"column\">\n\t\t\t<div class=\"elementor-widget-wrap elementor-element-populated\">\n\t\t\t\t\t\t<div class=\"elementor-element elementor-element-4ece76c elementor-widget elementor-widget-text-editor\" data-id=\"4ece76c\" data-element_type=\"widget\" data-widget_type=\"text-editor.default\">\n\t\t\t\t<div class=\"elementor-widget-container\">\n\t\t\t\t\t\t\t<p><span style=\"font-weight: 400;\">Los informes deber\u00e1n entregarse respetando los plazos establecidos por la CCP: informes anuales para el doctorado, basados en la fecha de matr\u00edcula. Si el informe anual no se entrega en la fecha l\u00edmite prevista en el calendario anual, el estudiante ser\u00e1 desvinculado del Programa. El calendario se basa en el aniversario de la matr\u00edcula, y los doctorandos deber\u00e1n entregar sus informes despu\u00e9s de 1 a\u00f1o, 2 a\u00f1os y 3 a\u00f1os desde la matr\u00edcula inicial.<\/span><\/p><p><span style=\"font-weight: 400;\">El informe del estudiante deber\u00e1 enviarse mediante el siguiente formulario:<\/span><\/p><p><a href=\"https:\/\/forms.gle\/b7Bm6ijGLCB8sFh89\"><span style=\"font-weight: 400;\">https:\/\/forms.gle\/b7Bm6ijGLCB8sFh89<\/span><\/a><\/p><p><span style=\"font-weight: 400;\">\u00a0<\/span><\/p><p><span style=\"font-weight: 400;\">Adem\u00e1s, su(s) director(a) tambi\u00e9n deber\u00e1 completar el \u201cFormulario de Seguimiento de Actividades de Becarios por parte del\/la Director(a)\u201d a trav\u00e9s del siguiente enlace: <\/span><a href=\"https:\/\/forms.gle\/MiWTSwSJXBhsjtW68\"><span style=\"font-weight: 400;\">https:\/\/forms.gle\/MiWTSwSJXBhsjtW68<\/span><\/a><\/p>\t\t\t\t\t\t<\/div>\n\t\t\t\t<\/div>\n\t\t\t\t\t<\/div>\n\t\t<\/div>\n\t\t\t\t\t<\/div>\n\t\t<\/section>\n\t\t\t\t<section class=\"elementor-section elementor-top-section elementor-element elementor-element-18641b8 elementor-section-boxed elementor-section-height-default elementor-section-height-default\" data-id=\"18641b8\" data-element_type=\"section\">\n\t\t\t\t\t\t<div class=\"elementor-container elementor-column-gap-default\">\n\t\t\t\t\t<div class=\"elementor-column elementor-col-100 elementor-top-column elementor-element elementor-element-46e5de2\" data-id=\"46e5de2\" data-element_type=\"column\">\n\t\t\t<div class=\"elementor-widget-wrap elementor-element-populated\">\n\t\t\t\t\t\t<div class=\"elementor-element elementor-element-de27306 elementor-widget elementor-widget-image\" data-id=\"de27306\" data-element_type=\"widget\" data-widget_type=\"image.default\">\n\t\t\t\t<div class=\"elementor-widget-container\">\n\t\t\t\t\t\t\t\t\t\t\t\t\t<img fetchpriority=\"high\" decoding=\"async\" width=\"604\" height=\"159\" src=\"https:\/\/sites.usp.br\/posbfm\/wp-content\/uploads\/sites\/1611\/2025\/09\/alunos_entrega_relatorios.png\" class=\"attachment-large size-large wp-image-988\" alt=\"\" srcset=\"https:\/\/sites.usp.br\/posbfm\/wp-content\/uploads\/sites\/1611\/2025\/09\/alunos_entrega_relatorios.png 695w, https:\/\/sites.usp.br\/posbfm\/wp-content\/uploads\/sites\/1611\/2025\/09\/alunos_entrega_relatorios-300x79.png 300w, https:\/\/sites.usp.br\/posbfm\/wp-content\/uploads\/sites\/1611\/2025\/09\/alunos_entrega_relatorios-400x105.png 400w\" sizes=\"(max-width: 604px) 100vw, 604px\" \/>\t\t\t\t\t\t\t\t\t\t\t\t\t<\/div>\n\t\t\t\t<\/div>\n\t\t\t\t\t<\/div>\n\t\t<\/div>\n\t\t\t\t\t<\/div>\n\t\t<\/section>\n\t\t\t\t<\/div>\n\t\t","protected":false},"excerpt":{"rendered":"<p>Informes Los informes deber\u00e1n entregarse respetando los plazos establecidos por la CCP: informes anuales para el doctorado, basados en la fecha de matr\u00edcula. Si el informe anual no se entrega [&hellip;]<\/p>\n","protected":false},"author":24472,"featured_media":0,"parent":0,"menu_order":0,"comment_status":"closed","ping_status":"closed","template":"","meta":{"footnotes":"","_links_to":"","_links_to_target":""},"class_list":["post-1443","page","type-page","status-publish","hentry"],"_links":{"self":[{"href":"https:\/\/sites.usp.br\/posbfm\/wp-json\/wp\/v2\/pages\/1443","targetHints":{"allow":["GET"]}}],"collection":[{"href":"https:\/\/sites.usp.br\/posbfm\/wp-json\/wp\/v2\/pages"}],"about":[{"href":"https:\/\/sites.usp.br\/posbfm\/wp-json\/wp\/v2\/types\/page"}],"author":[{"embeddable":true,"href":"https:\/\/sites.usp.br\/posbfm\/wp-json\/wp\/v2\/users\/24472"}],"replies":[{"embeddable":true,"href":"https:\/\/sites.usp.br\/posbfm\/wp-json\/wp\/v2\/comments?post=1443"}],"version-history":[{"count":4,"href":"https:\/\/sites.usp.br\/posbfm\/wp-json\/wp\/v2\/pages\/1443\/revisions"}],"predecessor-version":[{"id":1447,"href":"https:\/\/sites.usp.br\/posbfm\/wp-json\/wp\/v2\/pages\/1443\/revisions\/1447"}],"wp:attachment":[{"href":"https:\/\/sites.usp.br\/posbfm\/wp-json\/wp\/v2\/media?parent=1443"}],"curies":[{"name":"wp","href":"https:\/\/api.w.org\/{rel}","templated":true}]}}