{"id":162,"date":"2025-02-10T06:26:42","date_gmt":"2025-02-10T08:26:42","guid":{"rendered":"https:\/\/sites.usp.br\/posbfm\/?page_id=162"},"modified":"2025-10-07T12:20:16","modified_gmt":"2025-10-07T14:20:16","slug":"formularios-para-docentes","status":"publish","type":"page","link":"https:\/\/sites.usp.br\/posbfm\/formularios-para-docentes\/","title":{"rendered":"Formul\u00e1rios para Docentes"},"content":{"rendered":"\t\t<div data-elementor-type=\"wp-page\" data-elementor-id=\"162\" class=\"elementor elementor-162\" data-elementor-post-type=\"page\">\n\t\t\t\t\t\t<section class=\"elementor-section elementor-top-section elementor-element elementor-element-55771d5 elementor-section-boxed elementor-section-height-default elementor-section-height-default\" data-id=\"55771d5\" data-element_type=\"section\">\n\t\t\t\t\t\t<div class=\"elementor-container elementor-column-gap-default\">\n\t\t\t\t\t<div class=\"elementor-column elementor-col-100 elementor-top-column elementor-element elementor-element-44dcc6b\" data-id=\"44dcc6b\" data-element_type=\"column\">\n\t\t\t<div class=\"elementor-widget-wrap elementor-element-populated\">\n\t\t\t\t\t\t<div class=\"elementor-element elementor-element-406fae2 elementor-widget elementor-widget-heading\" data-id=\"406fae2\" data-element_type=\"widget\" data-widget_type=\"heading.default\">\n\t\t\t\t<div class=\"elementor-widget-container\">\n\t\t\t<h2 class=\"elementor-heading-title elementor-size-default\">Formul\u00e1rios<\/h2>\t\t<\/div>\n\t\t\t\t<\/div>\n\t\t\t\t\t<\/div>\n\t\t<\/div>\n\t\t\t\t\t<\/div>\n\t\t<\/section>\n\t\t\t\t<section class=\"elementor-section elementor-top-section elementor-element elementor-element-de09ff3 elementor-section-boxed elementor-section-height-default elementor-section-height-default\" data-id=\"de09ff3\" data-element_type=\"section\">\n\t\t\t\t\t\t<div class=\"elementor-container elementor-column-gap-default\">\n\t\t\t\t\t<div class=\"elementor-column elementor-col-100 elementor-top-column elementor-element elementor-element-5bf0b85\" data-id=\"5bf0b85\" data-element_type=\"column\">\n\t\t\t<div class=\"elementor-widget-wrap elementor-element-populated\">\n\t\t\t\t\t\t<div class=\"elementor-element elementor-element-beb176d elementor-widget elementor-widget-text-editor\" data-id=\"beb176d\" data-element_type=\"widget\" data-widget_type=\"text-editor.default\">\n\t\t\t\t<div class=\"elementor-widget-container\">\n\t\t\t\t\t\t\t<div class=\"elementor-element elementor-element-841de1f elementor-widget elementor-widget-text-editor\" data-id=\"841de1f\" data-element_type=\"widget\" data-widget_type=\"text-editor.default\"><div class=\"elementor-widget-container\"><p><strong>Formul\u00e1rios do Programa<\/strong><\/p><p>Credenciamento e Recredenciamento de Orientadores<\/p><ul><li aria-level=\"1\"><a id=\"download-link-1482\" class=\"download-link\" title=\"\" href=\"https:\/\/sites.usp.br\/posbfm\/wp-content\/uploads\/sites\/1611\/2025\/10\/Formulario-de-credenciamento-de-orientador-e-co-orientadores.docx\" rel=\"nofollow\" data-e-disable-page-transition=\"true\" data-redirect=\"false\">Formul\u00e1rio de credenciamento de orientador e co-orientadores <\/a><\/li><li aria-level=\"1\"><a id=\"download-link-1488\" class=\"download-link\" title=\"\" href=\"https:\/\/sites.usp.br\/posbfm\/wp-content\/uploads\/sites\/1611\/2025\/10\/Formulario-para-parecer-_-Credenciamento-de-orientador.docx\" rel=\"nofollow\" data-e-disable-page-transition=\"true\" data-redirect=\"false\">Formul\u00e1rio para parecer \u2013 Credenciamento de orientador\u00a0<\/a><\/li><\/ul><p>Cria\u00e7\u00e3o\/Atualiza\u00e7\u00e3o de Disciplinas de P\u00f3s-Gradua\u00e7\u00e3o<\/p><ul><li aria-level=\"1\"><a id=\"download-link-1491\" class=\"download-link\" title=\"\" href=\"https:\/\/sites.usp.br\/posbfm\/wp-content\/uploads\/sites\/1611\/2025\/10\/Formulario-CRIACAO-DISCIPLINAS.docx\" rel=\"nofollow\" data-e-disable-page-transition=\"true\" data-redirect=\"false\">Formul\u00e1rio Cria\u00e7\u00e3o de Disciplinas Presenciais e\/ou N\u00e3o Presenciais <\/a><\/li><li aria-level=\"1\"><a id=\"download-link-1494\" class=\"download-link\" title=\"\" href=\"https:\/\/sites.usp.br\/posbfm\/wp-content\/uploads\/sites\/1611\/2025\/10\/Formulario-para-parecer-_-Credenciamento.-de-resp.-por-disciplina.docx\" rel=\"nofollow\" data-e-disable-page-transition=\"true\" data-redirect=\"false\">Formul\u00e1rio para parecer \u2013 Credenciamento. de resp. por disciplina<\/a><\/li><\/ul><\/div><\/div><div class=\"elementor-element elementor-element-38bf38a elementor-widget elementor-widget-spacer\" data-id=\"38bf38a\" data-element_type=\"widget\" data-widget_type=\"spacer.default\"><div class=\"elementor-widget-container\"><div class=\"elementor-spacer\"><div class=\"elementor-spacer-inner\">\u00a0<\/div><\/div><\/div><\/div>\t\t\t\t\t\t<\/div>\n\t\t\t\t<\/div>\n\t\t\t\t\t<\/div>\n\t\t<\/div>\n\t\t\t\t\t<\/div>\n\t\t<\/section>\n\t\t\t\t<\/div>\n\t\t","protected":false},"excerpt":{"rendered":"<p>Formul\u00e1rios Formul\u00e1rios do Programa Credenciamento e Recredenciamento de Orientadores Formul\u00e1rio de credenciamento de orientador e co-orientadores Formul\u00e1rio para parecer \u2013 Credenciamento de orientador\u00a0 Cria\u00e7\u00e3o\/Atualiza\u00e7\u00e3o de Disciplinas de P\u00f3s-Gradua\u00e7\u00e3o Formul\u00e1rio Cria\u00e7\u00e3o [&hellip;]<\/p>\n","protected":false},"author":24472,"featured_media":0,"parent":0,"menu_order":0,"comment_status":"closed","ping_status":"closed","template":"","meta":{"footnotes":"","_links_to":"","_links_to_target":""},"class_list":["post-162","page","type-page","status-publish","hentry"],"_links":{"self":[{"href":"https:\/\/sites.usp.br\/posbfm\/wp-json\/wp\/v2\/pages\/162","targetHints":{"allow":["GET"]}}],"collection":[{"href":"https:\/\/sites.usp.br\/posbfm\/wp-json\/wp\/v2\/pages"}],"about":[{"href":"https:\/\/sites.usp.br\/posbfm\/wp-json\/wp\/v2\/types\/page"}],"author":[{"embeddable":true,"href":"https:\/\/sites.usp.br\/posbfm\/wp-json\/wp\/v2\/users\/24472"}],"replies":[{"embeddable":true,"href":"https:\/\/sites.usp.br\/posbfm\/wp-json\/wp\/v2\/comments?post=162"}],"version-history":[{"count":5,"href":"https:\/\/sites.usp.br\/posbfm\/wp-json\/wp\/v2\/pages\/162\/revisions"}],"predecessor-version":[{"id":1027,"href":"https:\/\/sites.usp.br\/posbfm\/wp-json\/wp\/v2\/pages\/162\/revisions\/1027"}],"wp:attachment":[{"href":"https:\/\/sites.usp.br\/posbfm\/wp-json\/wp\/v2\/media?parent=162"}],"curies":[{"name":"wp","href":"https:\/\/api.w.org\/{rel}","templated":true}]}}