{"id":163,"date":"2025-02-10T06:26:43","date_gmt":"2025-02-10T08:26:43","guid":{"rendered":"https:\/\/sites.usp.br\/posbfm\/?page_id=163"},"modified":"2026-03-15T13:56:10","modified_gmt":"2026-03-15T15:56:10","slug":"disciplinas","status":"publish","type":"page","link":"https:\/\/sites.usp.br\/posbfm\/disciplinas\/","title":{"rendered":"Disciplinas"},"content":{"rendered":"\t\t<div data-elementor-type=\"wp-page\" data-elementor-id=\"163\" class=\"elementor elementor-163\" data-elementor-post-type=\"page\">\n\t\t\t\t\t\t<section class=\"elementor-section elementor-top-section elementor-element elementor-element-238cbb6 elementor-section-boxed elementor-section-height-default elementor-section-height-default\" data-id=\"238cbb6\" data-element_type=\"section\">\n\t\t\t\t\t\t<div class=\"elementor-container elementor-column-gap-default\">\n\t\t\t\t\t<div class=\"elementor-column elementor-col-100 elementor-top-column elementor-element elementor-element-cbfbb3c\" data-id=\"cbfbb3c\" data-element_type=\"column\">\n\t\t\t<div class=\"elementor-widget-wrap elementor-element-populated\">\n\t\t\t\t\t\t<div class=\"elementor-element elementor-element-aeb4a7f elementor-widget elementor-widget-heading\" data-id=\"aeb4a7f\" data-element_type=\"widget\" data-widget_type=\"heading.default\">\n\t\t\t\t<div class=\"elementor-widget-container\">\n\t\t\t<h2 class=\"elementor-heading-title elementor-size-default\">Disciplinas<\/h2>\t\t<\/div>\n\t\t\t\t<\/div>\n\t\t\t\t\t<\/div>\n\t\t<\/div>\n\t\t\t\t\t<\/div>\n\t\t<\/section>\n\t\t\t\t<section class=\"elementor-section elementor-top-section elementor-element elementor-element-682047f elementor-section-boxed elementor-section-height-default elementor-section-height-default\" data-id=\"682047f\" data-element_type=\"section\">\n\t\t\t\t\t\t<div class=\"elementor-container elementor-column-gap-default\">\n\t\t\t\t\t<div class=\"elementor-column elementor-col-100 elementor-top-column elementor-element elementor-element-9b79037\" data-id=\"9b79037\" data-element_type=\"column\">\n\t\t\t<div class=\"elementor-widget-wrap elementor-element-populated\">\n\t\t\t\t\t\t<div class=\"elementor-element elementor-element-66f1f92 elementor-widget elementor-widget-text-editor\" data-id=\"66f1f92\" data-element_type=\"widget\" data-widget_type=\"text-editor.default\">\n\t\t\t\t<div class=\"elementor-widget-container\">\n\t\t\t\t\t\t\t<p><strong>Disciplinas oferecidas &#8211; 42137 &#8211; Fisiologia Humana<\/strong><\/p>\n<div class=\"elementor-element elementor-element-87866e0 elementor-widget elementor-widget-text-editor\" data-id=\"87866e0\" data-element_type=\"widget\" data-widget_type=\"text-editor.default\">\n<div class=\"elementor-widget-container\">\n<p><a href=\"https:\/\/uspdigital.usp.br\/janus\/componente\/disciplinasOferecidasInicial.jsf?action=2&amp;codcpg=42&amp;codare=42137\" target=\"_blank\" rel=\"noopener\">Disciplinas Oferecidas no semestre atual<\/a><\/p>\n<p><a href=\"https:\/\/uspdigital.usp.br\/janus\/componente\/catalogoDisciplinasInicial.jsf?action=4&amp;tipo=D&amp;codcpg=42\" target=\"_blank\" rel=\"noopener\">Cat\u00e1logo de Disciplinas do Programa<\/a><\/p>\n<p><a href=\"https:\/\/ww3.icb.usp.br\/pos\/alunos-especiais-programa-de-pos-graduacao-do-icb-usp\/\" target=\"_blank\" rel=\"noopener\">Inscri\u00e7\u00f5es para Alunos Especiais<\/a><\/p><p><br><\/p><p><br><\/p>\n<\/div>\n<\/div>\t\t\t\t\t\t<\/div>\n\t\t\t\t<\/div>\n\t\t\t\t\t<\/div>\n\t\t<\/div>\n\t\t\t\t\t<\/div>\n\t\t<\/section>\n\t\t\t\t<\/div>\n\t\t","protected":false},"excerpt":{"rendered":"<p>Disciplinas Disciplinas oferecidas &#8211; 42137 &#8211; Fisiologia Humana Disciplinas Oferecidas no semestre atual Cat\u00e1logo de Disciplinas do Programa Inscri\u00e7\u00f5es para Alunos Especiais<\/p>\n","protected":false},"author":24472,"featured_media":0,"parent":0,"menu_order":0,"comment_status":"closed","ping_status":"closed","template":"","meta":{"footnotes":"","_links_to":"","_links_to_target":""},"class_list":["post-163","page","type-page","status-publish","hentry"],"_links":{"self":[{"href":"https:\/\/sites.usp.br\/posbfm\/wp-json\/wp\/v2\/pages\/163","targetHints":{"allow":["GET"]}}],"collection":[{"href":"https:\/\/sites.usp.br\/posbfm\/wp-json\/wp\/v2\/pages"}],"about":[{"href":"https:\/\/sites.usp.br\/posbfm\/wp-json\/wp\/v2\/types\/page"}],"author":[{"embeddable":true,"href":"https:\/\/sites.usp.br\/posbfm\/wp-json\/wp\/v2\/users\/24472"}],"replies":[{"embeddable":true,"href":"https:\/\/sites.usp.br\/posbfm\/wp-json\/wp\/v2\/comments?post=163"}],"version-history":[{"count":4,"href":"https:\/\/sites.usp.br\/posbfm\/wp-json\/wp\/v2\/pages\/163\/revisions"}],"predecessor-version":[{"id":1531,"href":"https:\/\/sites.usp.br\/posbfm\/wp-json\/wp\/v2\/pages\/163\/revisions\/1531"}],"wp:attachment":[{"href":"https:\/\/sites.usp.br\/posbfm\/wp-json\/wp\/v2\/media?parent=163"}],"curies":[{"name":"wp","href":"https:\/\/api.w.org\/{rel}","templated":true}]}}