{"id":165,"date":"2025-02-10T06:26:45","date_gmt":"2025-02-10T08:26:45","guid":{"rendered":"https:\/\/sites.usp.br\/posbfm\/?page_id=165"},"modified":"2025-08-29T10:38:11","modified_gmt":"2025-08-29T12:38:11","slug":"normas","status":"publish","type":"page","link":"https:\/\/sites.usp.br\/posbfm\/normas\/","title":{"rendered":"Normas"},"content":{"rendered":"\t\t<div data-elementor-type=\"wp-page\" data-elementor-id=\"165\" class=\"elementor elementor-165\" data-elementor-post-type=\"page\">\n\t\t\t\t\t\t<section class=\"elementor-section elementor-top-section elementor-element elementor-element-0b583eb elementor-section-boxed elementor-section-height-default elementor-section-height-default\" data-id=\"0b583eb\" data-element_type=\"section\">\n\t\t\t\t\t\t<div class=\"elementor-container elementor-column-gap-default\">\n\t\t\t\t\t<div class=\"elementor-column elementor-col-100 elementor-top-column elementor-element elementor-element-397fa3e\" data-id=\"397fa3e\" data-element_type=\"column\">\n\t\t\t<div class=\"elementor-widget-wrap elementor-element-populated\">\n\t\t\t\t\t\t<div class=\"elementor-element elementor-element-d8a9d3a elementor-widget elementor-widget-heading\" data-id=\"d8a9d3a\" data-element_type=\"widget\" data-widget_type=\"heading.default\">\n\t\t\t\t<div class=\"elementor-widget-container\">\n\t\t\t<h2 class=\"elementor-heading-title elementor-size-default\">Normas<\/h2>\t\t<\/div>\n\t\t\t\t<\/div>\n\t\t\t\t\t<\/div>\n\t\t<\/div>\n\t\t\t\t\t<\/div>\n\t\t<\/section>\n\t\t\t\t<section class=\"elementor-section elementor-top-section elementor-element elementor-element-e4da8b9 elementor-section-boxed elementor-section-height-default elementor-section-height-default\" data-id=\"e4da8b9\" data-element_type=\"section\">\n\t\t\t\t\t\t<div class=\"elementor-container elementor-column-gap-default\">\n\t\t\t\t\t<div class=\"elementor-column elementor-col-100 elementor-top-column elementor-element elementor-element-ad5fca3\" data-id=\"ad5fca3\" data-element_type=\"column\">\n\t\t\t<div class=\"elementor-widget-wrap elementor-element-populated\">\n\t\t\t\t\t\t<div class=\"elementor-element elementor-element-c52270f elementor-widget elementor-widget-text-editor\" data-id=\"c52270f\" data-element_type=\"widget\" data-widget_type=\"text-editor.default\">\n\t\t\t\t<div class=\"elementor-widget-container\">\n\t\t\t\t\t\t\t<div data-id=\"faa27eb\" data-element_type=\"widget\" data-widget_type=\"text-editor.default\"><div><ul><li><a href=\"https:\/\/leginf.usp.br\/?resolucao=resolucao-copgr-no-8239-de-23-de-maio-de-2022\" target=\"_blank\" rel=\"noopener\">Regulamento do Programa de P\u00f3s-Gradua\u00e7\u00e3o em Ci\u00eancias (Fisiologia Humana)<\/a><\/li><li><a href=\"https:\/\/leginf.usp.br\/?resolucao=resolucao-copgr-no-8693-de-06-de-setembro-de-2024\">Regulamento do Programa de P\u00f3s-Gradua\u00e7\u00e3o em Biologia Funcional e Molecular<\/a><\/li><li><a href=\"http:\/\/leginf.usp.br\/?resolucao=resolucao-copgr-no-7618-de-21-de-fevereiro-de-2019\" target=\"_blank\" rel=\"noopener\">Regimento de P\u00f3s-Gradua\u00e7\u00e3o do Instituto de Ci\u00eancias Biom\u00e9dicas<\/a><\/li><li><a href=\"http:\/\/leginf.usp.br\/?resolucao=resolucao-no-7493-de-27-de-marco-de-2018\" target=\"_blank\" rel=\"noopener\">Regimento de P\u00f3s-Gradua\u00e7\u00e3o da Universidade de S\u00e3o Paulo<\/a><\/li><li><a href=\"https:\/\/sites.usp.br\/posbfm\/wp-content\/uploads\/sites\/1611\/2025\/08\/Normativa-02-Julho-de-2025-Draft.pdf\">Normativa 02 &#8211; Julho de 2025 &#8211; Draft<\/a><\/li><li><a href=\"https:\/\/sites.usp.br\/posbfm\/wp-content\/uploads\/sites\/1611\/2025\/08\/Normativa-03-Julho-de-2025-Estagio-PAE.pdf\">Normativa 03 &#8211; Julho de 2025 &#8211; Est\u00e1gio PAE<\/a><\/li><li><a href=\"https:\/\/sites.usp.br\/posbfm\/wp-content\/uploads\/sites\/1611\/2025\/08\/Normativa-04-Julho-de-2025-Tempos-de-apresentacao.pdf\">Normativa 04 &#8211; Julho de 2025 &#8211; Tempos de apresenta\u00e7\u00e3o<\/a><\/li><\/ul><\/div><\/div>\t\t\t\t\t\t<\/div>\n\t\t\t\t<\/div>\n\t\t\t\t\t<\/div>\n\t\t<\/div>\n\t\t\t\t\t<\/div>\n\t\t<\/section>\n\t\t\t\t<\/div>\n\t\t","protected":false},"excerpt":{"rendered":"<p>Normas Regulamento do Programa de P\u00f3s-Gradua\u00e7\u00e3o em Ci\u00eancias (Fisiologia Humana) Regulamento do Programa de P\u00f3s-Gradua\u00e7\u00e3o em Biologia Funcional e Molecular Regimento de P\u00f3s-Gradua\u00e7\u00e3o do Instituto de Ci\u00eancias Biom\u00e9dicas Regimento de [&hellip;]<\/p>\n","protected":false},"author":24472,"featured_media":0,"parent":0,"menu_order":0,"comment_status":"closed","ping_status":"closed","template":"","meta":{"footnotes":"","_links_to":"","_links_to_target":""},"class_list":["post-165","page","type-page","status-publish","hentry"],"_links":{"self":[{"href":"https:\/\/sites.usp.br\/posbfm\/wp-json\/wp\/v2\/pages\/165","targetHints":{"allow":["GET"]}}],"collection":[{"href":"https:\/\/sites.usp.br\/posbfm\/wp-json\/wp\/v2\/pages"}],"about":[{"href":"https:\/\/sites.usp.br\/posbfm\/wp-json\/wp\/v2\/types\/page"}],"author":[{"embeddable":true,"href":"https:\/\/sites.usp.br\/posbfm\/wp-json\/wp\/v2\/users\/24472"}],"replies":[{"embeddable":true,"href":"https:\/\/sites.usp.br\/posbfm\/wp-json\/wp\/v2\/comments?post=165"}],"version-history":[{"count":4,"href":"https:\/\/sites.usp.br\/posbfm\/wp-json\/wp\/v2\/pages\/165\/revisions"}],"predecessor-version":[{"id":977,"href":"https:\/\/sites.usp.br\/posbfm\/wp-json\/wp\/v2\/pages\/165\/revisions\/977"}],"wp:attachment":[{"href":"https:\/\/sites.usp.br\/posbfm\/wp-json\/wp\/v2\/media?parent=165"}],"curies":[{"name":"wp","href":"https:\/\/api.w.org\/{rel}","templated":true}]}}