{"id":166,"date":"2025-02-10T06:26:45","date_gmt":"2025-02-10T08:26:45","guid":{"rendered":"https:\/\/sites.usp.br\/posbfm\/?page_id=166"},"modified":"2025-04-11T04:03:32","modified_gmt":"2025-04-11T06:03:32","slug":"artigos-publicados","status":"publish","type":"page","link":"https:\/\/sites.usp.br\/posbfm\/artigos-publicados\/","title":{"rendered":"Artigos Publicados"},"content":{"rendered":"\t\t<div data-elementor-type=\"wp-page\" data-elementor-id=\"166\" class=\"elementor elementor-166\" data-elementor-post-type=\"page\">\n\t\t\t\t\t\t<section class=\"elementor-section elementor-top-section elementor-element elementor-element-a29ff3c elementor-section-boxed elementor-section-height-default elementor-section-height-default\" data-id=\"a29ff3c\" data-element_type=\"section\">\n\t\t\t\t\t\t<div class=\"elementor-container elementor-column-gap-default\">\n\t\t\t\t\t<div class=\"elementor-column elementor-col-100 elementor-top-column elementor-element elementor-element-bd00646\" data-id=\"bd00646\" data-element_type=\"column\">\n\t\t\t<div class=\"elementor-widget-wrap elementor-element-populated\">\n\t\t\t\t\t\t<div class=\"elementor-element elementor-element-54221a8 elementor-widget elementor-widget-heading\" data-id=\"54221a8\" data-element_type=\"widget\" data-widget_type=\"heading.default\">\n\t\t\t\t<div class=\"elementor-widget-container\">\n\t\t\t<h2 class=\"elementor-heading-title elementor-size-default\">Artigos Publicados<\/h2>\t\t<\/div>\n\t\t\t\t<\/div>\n\t\t\t\t\t<\/div>\n\t\t<\/div>\n\t\t\t\t\t<\/div>\n\t\t<\/section>\n\t\t\t\t<section class=\"elementor-section elementor-top-section elementor-element elementor-element-5c79059 elementor-section-boxed elementor-section-height-default elementor-section-height-default\" data-id=\"5c79059\" data-element_type=\"section\">\n\t\t\t\t\t\t<div class=\"elementor-container elementor-column-gap-default\">\n\t\t\t\t\t<div class=\"elementor-column elementor-col-100 elementor-top-column elementor-element elementor-element-0005a3a\" data-id=\"0005a3a\" data-element_type=\"column\">\n\t\t\t<div class=\"elementor-widget-wrap elementor-element-populated\">\n\t\t\t\t\t\t<div class=\"elementor-element elementor-element-63b4a14 elementor-widget elementor-widget-text-editor\" data-id=\"63b4a14\" data-element_type=\"widget\" data-widget_type=\"text-editor.default\">\n\t\t\t\t<div class=\"elementor-widget-container\">\n\t\t\t\t\t\t\t<p>Para informa\u00e7\u00f5es atualizadas sobre a produ\u00e7\u00e3o intelectual do nosso Programa, acesse o site da\u00a0<a href=\"https:\/\/sucupira.capes.gov.br\/sucupira\/public\/consultas\/coleta\/producaoIntelectual\/listaProducaoIntelectual.jsf\" target=\"_blank\" rel=\"noopener\">Plataforma Sucupira<\/a>\u00a0e procure pelo Programa Ci\u00eancia (Fisiologia Humana).<\/p>\t\t\t\t\t\t<\/div>\n\t\t\t\t<\/div>\n\t\t\t\t\t<\/div>\n\t\t<\/div>\n\t\t\t\t\t<\/div>\n\t\t<\/section>\n\t\t\t\t<\/div>\n\t\t","protected":false},"excerpt":{"rendered":"<p>Artigos Publicados Para informa\u00e7\u00f5es atualizadas sobre a produ\u00e7\u00e3o intelectual do nosso Programa, acesse o site da\u00a0Plataforma Sucupira\u00a0e procure pelo Programa Ci\u00eancia (Fisiologia Humana).<\/p>\n","protected":false},"author":24472,"featured_media":0,"parent":0,"menu_order":0,"comment_status":"closed","ping_status":"closed","template":"","meta":{"footnotes":"","_links_to":"","_links_to_target":""},"class_list":["post-166","page","type-page","status-publish","hentry"],"_links":{"self":[{"href":"https:\/\/sites.usp.br\/posbfm\/wp-json\/wp\/v2\/pages\/166","targetHints":{"allow":["GET"]}}],"collection":[{"href":"https:\/\/sites.usp.br\/posbfm\/wp-json\/wp\/v2\/pages"}],"about":[{"href":"https:\/\/sites.usp.br\/posbfm\/wp-json\/wp\/v2\/types\/page"}],"author":[{"embeddable":true,"href":"https:\/\/sites.usp.br\/posbfm\/wp-json\/wp\/v2\/users\/24472"}],"replies":[{"embeddable":true,"href":"https:\/\/sites.usp.br\/posbfm\/wp-json\/wp\/v2\/comments?post=166"}],"version-history":[{"count":4,"href":"https:\/\/sites.usp.br\/posbfm\/wp-json\/wp\/v2\/pages\/166\/revisions"}],"predecessor-version":[{"id":756,"href":"https:\/\/sites.usp.br\/posbfm\/wp-json\/wp\/v2\/pages\/166\/revisions\/756"}],"wp:attachment":[{"href":"https:\/\/sites.usp.br\/posbfm\/wp-json\/wp\/v2\/media?parent=166"}],"curies":[{"name":"wp","href":"https:\/\/api.w.org\/{rel}","templated":true}]}}