{"id":168,"date":"2025-02-10T06:26:47","date_gmt":"2025-02-10T08:26:47","guid":{"rendered":"https:\/\/sites.usp.br\/posbfm\/?page_id=168"},"modified":"2026-02-12T12:01:35","modified_gmt":"2026-02-12T14:01:35","slug":"exame-de-qualificacao","status":"publish","type":"page","link":"https:\/\/sites.usp.br\/posbfm\/exame-de-qualificacao\/","title":{"rendered":"Exame de Qualifica\u00e7\u00e3o"},"content":{"rendered":"\t\t<div data-elementor-type=\"wp-page\" data-elementor-id=\"168\" class=\"elementor elementor-168\" data-elementor-post-type=\"page\">\n\t\t\t\t\t\t<section class=\"elementor-section elementor-top-section elementor-element elementor-element-1f46dda elementor-section-boxed elementor-section-height-default elementor-section-height-default\" data-id=\"1f46dda\" data-element_type=\"section\">\n\t\t\t\t\t\t<div class=\"elementor-container elementor-column-gap-default\">\n\t\t\t\t\t<div class=\"elementor-column elementor-col-100 elementor-top-column elementor-element elementor-element-379c264\" data-id=\"379c264\" data-element_type=\"column\">\n\t\t\t<div class=\"elementor-widget-wrap elementor-element-populated\">\n\t\t\t\t\t\t<div class=\"elementor-element elementor-element-6ac6fed elementor-widget elementor-widget-heading\" data-id=\"6ac6fed\" data-element_type=\"widget\" data-widget_type=\"heading.default\">\n\t\t\t\t<div class=\"elementor-widget-container\">\n\t\t\t<h2 class=\"elementor-heading-title elementor-size-default\">Exame de Qualifica\u00e7\u00e3o<\/h2>\t\t<\/div>\n\t\t\t\t<\/div>\n\t\t\t\t\t<\/div>\n\t\t<\/div>\n\t\t\t\t\t<\/div>\n\t\t<\/section>\n\t\t\t\t<section class=\"elementor-section elementor-top-section elementor-element elementor-element-4e6a25f elementor-section-boxed elementor-section-height-default elementor-section-height-default\" data-id=\"4e6a25f\" data-element_type=\"section\">\n\t\t\t\t\t\t<div class=\"elementor-container elementor-column-gap-default\">\n\t\t\t\t\t<div class=\"elementor-column elementor-col-100 elementor-top-column elementor-element elementor-element-e825cca\" data-id=\"e825cca\" data-element_type=\"column\">\n\t\t\t<div class=\"elementor-widget-wrap elementor-element-populated\">\n\t\t\t\t\t\t<div class=\"elementor-element elementor-element-b9a6648 elementor-widget elementor-widget-text-editor\" data-id=\"b9a6648\" data-element_type=\"widget\" data-widget_type=\"text-editor.default\">\n\t\t\t\t<div class=\"elementor-widget-container\">\n\t\t\t\t\t\t\t<p>O(a) aluno(a) deve verificar seu prazo m\u00e1ximo para inscri\u00e7\u00e3o no Exame de Qualifica\u00e7\u00e3o na sua\u00a0<strong>ficha de aluno<\/strong>\u00a0no sistema Janus.<br \/>Caso o(a) aluno(a) n\u00e3o realize a inscri\u00e7\u00e3o at\u00e9 a data que est\u00e1 em sua ficha, o aluno ser\u00e1 desligado automaticamente pelo sistema.<\/p><p>Recomendamos verificar as datas de fechamento de pauta de reuni\u00e3o da CCP e se basear para entregar sua documenta\u00e7\u00e3o pela\u00a0reuni\u00e3o com data anterior ao seu prazo m\u00e1ximo.<\/p><p>\u2013\u00a0<a href=\"https:\/\/sites.usp.br\/posbfm\/calendario\/\">Calend\u00e1rio de reuni\u00f5es da CCP Biologia Funcional e Molecular<\/a><\/p><p>\u2013 Normas do Exame de Qualifica\u00e7\u00e3o: <a href=\"https:\/\/sites.usp.br\/posfisio\/wp-content\/uploads\/sites\/1200\/2023\/10\/NormasEQ_2022.pdf\">Fisiologia (regulamento antigo)<\/a> ou <a href=\"https:\/\/sites.usp.br\/posbfm\/wp-content\/uploads\/sites\/1611\/2026\/02\/Normas-sobre-Exame-de-Qualificacao-ICB_Biologia-Funcional-e-Molecular.pdf\">Biologia Funcional e Molecular (regulamento atual)<\/a><\/p><p>\u2013\u00a0<a href=\"https:\/\/sites.usp.br\/posfisio\/wp-content\/uploads\/sites\/1200\/2023\/10\/PontosEQ_2023.pdf\">Lista de temas para apresenta\u00e7\u00e3o de aula no Exame de Qualifica\u00e7\u00e3o (Fisiologia)<\/a><\/p><p><strong>Formul\u00e1rios:<\/strong><\/p><p>\u2013\u00a0<a href=\"https:\/\/sites.usp.br\/posbfm\/wp-content\/uploads\/sites\/1611\/2026\/02\/Formulario_sugestao_banca_qualificacao.doc\">Formul\u00e1rio de sugest\u00e3o de banca de exame de qualifica\u00e7\u00e3o<\/a><\/p><p>\u2013\u00a0<a href=\"https:\/\/sites.usp.br\/posbfm\/wp-content\/uploads\/sites\/1611\/2026\/02\/Form-uso-de-material-radioativo.docx\">Formul\u00e1rio sobre manuseio de material radioativo<\/a><\/p><p>\u2013\u00a0<a href=\"https:\/\/forms.gle\/3kTyyTAhZaucAeZK6\">Formul\u00e1rio para inscri\u00e7\u00e3o no exame de qualifica\u00e7\u00e3o (envio da documenta\u00e7\u00e3o para aprova\u00e7\u00e3o da banca)<\/a><\/p>\t\t\t\t\t\t<\/div>\n\t\t\t\t<\/div>\n\t\t\t\t\t<\/div>\n\t\t<\/div>\n\t\t\t\t\t<\/div>\n\t\t<\/section>\n\t\t\t\t<\/div>\n\t\t","protected":false},"excerpt":{"rendered":"<p>Exame de Qualifica\u00e7\u00e3o O(a) aluno(a) deve verificar seu prazo m\u00e1ximo para inscri\u00e7\u00e3o no Exame de Qualifica\u00e7\u00e3o na sua\u00a0ficha de aluno\u00a0no sistema Janus.Caso o(a) aluno(a) n\u00e3o realize a inscri\u00e7\u00e3o at\u00e9 a [&hellip;]<\/p>\n","protected":false},"author":24472,"featured_media":0,"parent":0,"menu_order":0,"comment_status":"closed","ping_status":"closed","template":"","meta":{"footnotes":"","_links_to":"","_links_to_target":""},"class_list":["post-168","page","type-page","status-publish","hentry"],"_links":{"self":[{"href":"https:\/\/sites.usp.br\/posbfm\/wp-json\/wp\/v2\/pages\/168","targetHints":{"allow":["GET"]}}],"collection":[{"href":"https:\/\/sites.usp.br\/posbfm\/wp-json\/wp\/v2\/pages"}],"about":[{"href":"https:\/\/sites.usp.br\/posbfm\/wp-json\/wp\/v2\/types\/page"}],"author":[{"embeddable":true,"href":"https:\/\/sites.usp.br\/posbfm\/wp-json\/wp\/v2\/users\/24472"}],"replies":[{"embeddable":true,"href":"https:\/\/sites.usp.br\/posbfm\/wp-json\/wp\/v2\/comments?post=168"}],"version-history":[{"count":4,"href":"https:\/\/sites.usp.br\/posbfm\/wp-json\/wp\/v2\/pages\/168\/revisions"}],"predecessor-version":[{"id":1497,"href":"https:\/\/sites.usp.br\/posbfm\/wp-json\/wp\/v2\/pages\/168\/revisions\/1497"}],"wp:attachment":[{"href":"https:\/\/sites.usp.br\/posbfm\/wp-json\/wp\/v2\/media?parent=168"}],"curies":[{"name":"wp","href":"https:\/\/api.w.org\/{rel}","templated":true}]}}