{"id":171,"date":"2025-02-10T06:26:49","date_gmt":"2025-02-10T08:26:49","guid":{"rendered":"https:\/\/sites.usp.br\/posbfm\/?page_id=171"},"modified":"2026-01-27T16:00:35","modified_gmt":"2026-01-27T18:00:35","slug":"relatorios","status":"publish","type":"page","link":"https:\/\/sites.usp.br\/posbfm\/relatorios\/","title":{"rendered":"Relat\u00f3rios"},"content":{"rendered":"\t\t<div data-elementor-type=\"wp-page\" data-elementor-id=\"171\" class=\"elementor elementor-171\" data-elementor-post-type=\"page\">\n\t\t\t\t\t\t<section class=\"elementor-section elementor-top-section elementor-element elementor-element-ffdb981 elementor-section-boxed elementor-section-height-default elementor-section-height-default\" data-id=\"ffdb981\" data-element_type=\"section\">\n\t\t\t\t\t\t<div class=\"elementor-container elementor-column-gap-default\">\n\t\t\t\t\t<div class=\"elementor-column elementor-col-100 elementor-top-column elementor-element elementor-element-8215cfa\" data-id=\"8215cfa\" data-element_type=\"column\">\n\t\t\t<div class=\"elementor-widget-wrap elementor-element-populated\">\n\t\t\t\t\t\t<div class=\"elementor-element elementor-element-d221415 elementor-widget elementor-widget-heading\" data-id=\"d221415\" data-element_type=\"widget\" data-widget_type=\"heading.default\">\n\t\t\t\t<div class=\"elementor-widget-container\">\n\t\t\t<h2 class=\"elementor-heading-title elementor-size-default\">Relat\u00f3rios<\/h2>\t\t<\/div>\n\t\t\t\t<\/div>\n\t\t\t\t\t<\/div>\n\t\t<\/div>\n\t\t\t\t\t<\/div>\n\t\t<\/section>\n\t\t\t\t<section class=\"elementor-section elementor-top-section elementor-element elementor-element-e66961d elementor-section-boxed elementor-section-height-default elementor-section-height-default\" data-id=\"e66961d\" data-element_type=\"section\">\n\t\t\t\t\t\t<div class=\"elementor-container elementor-column-gap-default\">\n\t\t\t\t\t<div class=\"elementor-column elementor-col-100 elementor-top-column elementor-element elementor-element-e9f4231\" data-id=\"e9f4231\" data-element_type=\"column\">\n\t\t\t<div class=\"elementor-widget-wrap elementor-element-populated\">\n\t\t\t\t\t\t<div class=\"elementor-element elementor-element-4ece76c elementor-widget elementor-widget-text-editor\" data-id=\"4ece76c\" data-element_type=\"widget\" data-widget_type=\"text-editor.default\">\n\t\t\t\t<div class=\"elementor-widget-container\">\n\t\t\t\t\t\t\t<p>Os relat\u00f3rios dever\u00e3o ser entregues obedecendo os prazos fixados pela CCP: 1 ano para o mestrado e relat\u00f3rios anuais para o doutorado, tendo como base o anivers\u00e1rio da matr\u00edcula. Se n\u00e3o houver a entrega do relat\u00f3rio anual na data limite prevista no calend\u00e1rio anual, o aluno ser\u00e1 desligado do Programa. A base do calend\u00e1rio ser\u00e1 o anivers\u00e1rio da matr\u00edcula, devendo os relat\u00f3rios dos doutorandos serem entregues ap\u00f3s 1 ano, 2 anos e 3 anos da matr\u00edcula inicial.<\/p><div>O relat\u00f3rio do aluno dever\u00e1 ser entregue atrav\u00e9s do formul\u00e1rio:\u00a0<a href=\"https:\/\/forms.gle\/VVfegKBnHZR7fupC6\" target=\"_blank\" rel=\"noopener\" data-saferedirecturl=\"https:\/\/www.google.com\/url?q=https:\/\/forms.gle\/VVfegKBnHZR7fupC6&amp;source=gmail&amp;ust=1664366465441000&amp;usg=AOvVaw07No_5UB5Op7WqRBCJ4E1g\">https:\/\/forms.gle\/<wbr \/>VVfegKBnHZR7fupC6<\/a><\/div><div>\u00a0<\/div><div>Al\u00e9m disso, seu(sua) orientador(a) tamb\u00e9m dever\u00e1 preencher o \u201c<strong>Formul\u00e1rio de Acompanhamento de Atividades dos Bolsistas pelo(a) Orientador(a)<\/strong>\u201d atrav\u00e9s do link:\u00a0<a href=\"https:\/\/forms.gle\/na2B7Su2RhBVMA8J6\" target=\"_blank\" rel=\"noopener\" data-saferedirecturl=\"https:\/\/www.google.com\/url?q=https:\/\/forms.gle\/na2B7Su2RhBVMA8J6&amp;source=gmail&amp;ust=1664366465441000&amp;usg=AOvVaw3oOZj3l2zoowPN2lxc-dXj\">https:\/\/forms.gle\/<wbr \/>na2B7Su2RhBVMA8J6<\/a><\/div>\t\t\t\t\t\t<\/div>\n\t\t\t\t<\/div>\n\t\t\t\t\t<\/div>\n\t\t<\/div>\n\t\t\t\t\t<\/div>\n\t\t<\/section>\n\t\t\t\t<section class=\"elementor-section elementor-top-section elementor-element elementor-element-18641b8 elementor-section-boxed elementor-section-height-default elementor-section-height-default\" data-id=\"18641b8\" data-element_type=\"section\">\n\t\t\t\t\t\t<div class=\"elementor-container elementor-column-gap-default\">\n\t\t\t\t\t<div class=\"elementor-column elementor-col-100 elementor-top-column elementor-element elementor-element-46e5de2\" data-id=\"46e5de2\" data-element_type=\"column\">\n\t\t\t<div class=\"elementor-widget-wrap elementor-element-populated\">\n\t\t\t\t\t\t<div class=\"elementor-element elementor-element-de27306 elementor-widget elementor-widget-image\" data-id=\"de27306\" data-element_type=\"widget\" data-widget_type=\"image.default\">\n\t\t\t\t<div class=\"elementor-widget-container\">\n\t\t\t\t\t\t\t\t\t\t\t\t\t<img fetchpriority=\"high\" decoding=\"async\" width=\"604\" height=\"159\" src=\"https:\/\/sites.usp.br\/posbfm\/wp-content\/uploads\/sites\/1611\/2025\/09\/alunos_entrega_relatorios.png\" class=\"attachment-large size-large wp-image-988\" alt=\"\" srcset=\"https:\/\/sites.usp.br\/posbfm\/wp-content\/uploads\/sites\/1611\/2025\/09\/alunos_entrega_relatorios.png 695w, https:\/\/sites.usp.br\/posbfm\/wp-content\/uploads\/sites\/1611\/2025\/09\/alunos_entrega_relatorios-300x79.png 300w, https:\/\/sites.usp.br\/posbfm\/wp-content\/uploads\/sites\/1611\/2025\/09\/alunos_entrega_relatorios-400x105.png 400w\" sizes=\"(max-width: 604px) 100vw, 604px\" \/>\t\t\t\t\t\t\t\t\t\t\t\t\t<\/div>\n\t\t\t\t<\/div>\n\t\t\t\t\t<\/div>\n\t\t<\/div>\n\t\t\t\t\t<\/div>\n\t\t<\/section>\n\t\t\t\t<\/div>\n\t\t","protected":false},"excerpt":{"rendered":"<p>Relat\u00f3rios Os relat\u00f3rios dever\u00e3o ser entregues obedecendo os prazos fixados pela CCP: 1 ano para o mestrado e relat\u00f3rios anuais para o doutorado, tendo como base o anivers\u00e1rio da matr\u00edcula. [&hellip;]<\/p>\n","protected":false},"author":24472,"featured_media":0,"parent":0,"menu_order":0,"comment_status":"closed","ping_status":"closed","template":"","meta":{"footnotes":"","_links_to":"","_links_to_target":""},"class_list":["post-171","page","type-page","status-publish","hentry"],"_links":{"self":[{"href":"https:\/\/sites.usp.br\/posbfm\/wp-json\/wp\/v2\/pages\/171","targetHints":{"allow":["GET"]}}],"collection":[{"href":"https:\/\/sites.usp.br\/posbfm\/wp-json\/wp\/v2\/pages"}],"about":[{"href":"https:\/\/sites.usp.br\/posbfm\/wp-json\/wp\/v2\/types\/page"}],"author":[{"embeddable":true,"href":"https:\/\/sites.usp.br\/posbfm\/wp-json\/wp\/v2\/users\/24472"}],"replies":[{"embeddable":true,"href":"https:\/\/sites.usp.br\/posbfm\/wp-json\/wp\/v2\/comments?post=171"}],"version-history":[{"count":4,"href":"https:\/\/sites.usp.br\/posbfm\/wp-json\/wp\/v2\/pages\/171\/revisions"}],"predecessor-version":[{"id":1455,"href":"https:\/\/sites.usp.br\/posbfm\/wp-json\/wp\/v2\/pages\/171\/revisions\/1455"}],"wp:attachment":[{"href":"https:\/\/sites.usp.br\/posbfm\/wp-json\/wp\/v2\/media?parent=171"}],"curies":[{"name":"wp","href":"https:\/\/api.w.org\/{rel}","templated":true}]}}