{"id":172,"date":"2025-02-10T06:26:50","date_gmt":"2025-02-10T08:26:50","guid":{"rendered":"https:\/\/sites.usp.br\/posbfm\/?page_id=172"},"modified":"2025-04-11T04:05:11","modified_gmt":"2025-04-11T06:05:11","slug":"outros-formularios","status":"publish","type":"page","link":"https:\/\/sites.usp.br\/posbfm\/outros-formularios\/","title":{"rendered":"Outros Formul\u00e1rios"},"content":{"rendered":"\t\t<div data-elementor-type=\"wp-page\" data-elementor-id=\"172\" class=\"elementor elementor-172\" data-elementor-post-type=\"page\">\n\t\t\t\t\t\t<section class=\"elementor-section elementor-top-section elementor-element elementor-element-265c919 elementor-section-boxed elementor-section-height-default elementor-section-height-default\" data-id=\"265c919\" data-element_type=\"section\">\n\t\t\t\t\t\t<div class=\"elementor-container elementor-column-gap-default\">\n\t\t\t\t\t<div class=\"elementor-column elementor-col-100 elementor-top-column elementor-element elementor-element-13c6b2a\" data-id=\"13c6b2a\" data-element_type=\"column\">\n\t\t\t<div class=\"elementor-widget-wrap elementor-element-populated\">\n\t\t\t\t\t\t<div class=\"elementor-element elementor-element-c87fb8a elementor-widget elementor-widget-heading\" data-id=\"c87fb8a\" data-element_type=\"widget\" data-widget_type=\"heading.default\">\n\t\t\t\t<div class=\"elementor-widget-container\">\n\t\t\t<h2 class=\"elementor-heading-title elementor-size-default\">Formul\u00e1rios Diversos<\/h2>\t\t<\/div>\n\t\t\t\t<\/div>\n\t\t\t\t\t<\/div>\n\t\t<\/div>\n\t\t\t\t\t<\/div>\n\t\t<\/section>\n\t\t\t\t<section class=\"elementor-section elementor-top-section elementor-element elementor-element-fb2171b elementor-section-boxed elementor-section-height-default elementor-section-height-default\" data-id=\"fb2171b\" data-element_type=\"section\">\n\t\t\t\t\t\t<div class=\"elementor-container elementor-column-gap-default\">\n\t\t\t\t\t<div class=\"elementor-column elementor-col-100 elementor-top-column elementor-element elementor-element-00f6acb\" data-id=\"00f6acb\" data-element_type=\"column\">\n\t\t\t<div class=\"elementor-widget-wrap elementor-element-populated\">\n\t\t\t\t\t\t<div class=\"elementor-element elementor-element-16d2266 elementor-widget elementor-widget-text-editor\" data-id=\"16d2266\" data-element_type=\"widget\" data-widget_type=\"text-editor.default\">\n\t\t\t\t<div class=\"elementor-widget-container\">\n\t\t\t\t\t\t\t<p><strong>Solicita\u00e7\u00e3o de cr\u00e9ditos especiais:<\/strong><\/p><p>\u00a0\u2013\u00a0<a href=\"https:\/\/sites.usp.br\/posfisio\/wp-content\/uploads\/sites\/1200\/2023\/10\/Normas_CreditosEspeciais.pdf\">Normas para solicita\u00e7\u00e3o de cr\u00e9ditos especiais<\/a><\/p><p><br \/>\u00a0\u2013\u00a0<a href=\"https:\/\/sites.usp.br\/posfisio\/wp-content\/uploads\/sites\/1200\/2023\/10\/publicacao_somente_revista_indexada.doc\">Formul\u00e1rio atribui\u00e7\u00e3o cr\u00e9ditos por publica\u00e7\u00f5es (artigo completo)<\/a><br \/>\u00a0\u2013\u00a0<a href=\"https:\/\/sites.usp.br\/posfisio\/wp-content\/uploads\/sites\/1200\/2023\/10\/livro.doc\">Formul\u00e1rio atribui\u00e7\u00e3o cr\u00e9ditos por publica\u00e7\u00e3o de cap\u00edtulo de livro<\/a><br \/>\u00a0\u2013\u00a0<a href=\"https:\/\/sites.usp.br\/posfisio\/wp-content\/uploads\/sites\/1200\/2023\/10\/form_solic_atrib_cred_pae.doc\">Formul\u00e1rio atribui\u00e7\u00e3o de cr\u00e9ditos est\u00e1gio do programa PAE<\/a><br \/>\u00a0\u2013\u00a0<a href=\"https:\/\/sites.usp.br\/posfisio\/wp-content\/uploads\/sites\/1200\/2023\/10\/formulario-credito-disciplina-externa.doc\">Formul\u00e1rio para solicitar atribui\u00e7\u00e3o de cr\u00e9ditos em disciplinas (realizadas dentro e fora da USP)<\/a><\/p><p><strong>Solicita\u00e7\u00e3o de trancamento de matr\u00edcula:<\/strong><\/p><p>\u00a0\u2013\u00a0<a href=\"https:\/\/sites.usp.br\/posfisio\/wp-content\/uploads\/sites\/1200\/2023\/10\/Regimento_PGUSP_Trancamento.pdf\">Normas USP para solicita\u00e7\u00e3o de trancamento<\/a><\/p><p>\u00a0\u2013\u00a0<a href=\"https:\/\/sites.usp.br\/posfisio\/wp-content\/uploads\/sites\/1200\/2023\/10\/Formulario_Trancamento-de-Matricula.docx\">Formul\u00e1rio para solicita\u00e7\u00e3o de trancamento<\/a><\/p>\t\t\t\t\t\t<\/div>\n\t\t\t\t<\/div>\n\t\t\t\t\t<\/div>\n\t\t<\/div>\n\t\t\t\t\t<\/div>\n\t\t<\/section>\n\t\t\t\t<\/div>\n\t\t","protected":false},"excerpt":{"rendered":"<p>Formul\u00e1rios Diversos Solicita\u00e7\u00e3o de cr\u00e9ditos especiais: \u00a0\u2013\u00a0Normas para solicita\u00e7\u00e3o de cr\u00e9ditos especiais \u00a0\u2013\u00a0Formul\u00e1rio atribui\u00e7\u00e3o cr\u00e9ditos por publica\u00e7\u00f5es (artigo completo)\u00a0\u2013\u00a0Formul\u00e1rio atribui\u00e7\u00e3o cr\u00e9ditos por publica\u00e7\u00e3o de cap\u00edtulo de livro\u00a0\u2013\u00a0Formul\u00e1rio atribui\u00e7\u00e3o de cr\u00e9ditos [&hellip;]<\/p>\n","protected":false},"author":24472,"featured_media":0,"parent":0,"menu_order":0,"comment_status":"closed","ping_status":"closed","template":"","meta":{"footnotes":"","_links_to":"","_links_to_target":""},"class_list":["post-172","page","type-page","status-publish","hentry"],"_links":{"self":[{"href":"https:\/\/sites.usp.br\/posbfm\/wp-json\/wp\/v2\/pages\/172","targetHints":{"allow":["GET"]}}],"collection":[{"href":"https:\/\/sites.usp.br\/posbfm\/wp-json\/wp\/v2\/pages"}],"about":[{"href":"https:\/\/sites.usp.br\/posbfm\/wp-json\/wp\/v2\/types\/page"}],"author":[{"embeddable":true,"href":"https:\/\/sites.usp.br\/posbfm\/wp-json\/wp\/v2\/users\/24472"}],"replies":[{"embeddable":true,"href":"https:\/\/sites.usp.br\/posbfm\/wp-json\/wp\/v2\/comments?post=172"}],"version-history":[{"count":4,"href":"https:\/\/sites.usp.br\/posbfm\/wp-json\/wp\/v2\/pages\/172\/revisions"}],"predecessor-version":[{"id":769,"href":"https:\/\/sites.usp.br\/posbfm\/wp-json\/wp\/v2\/pages\/172\/revisions\/769"}],"wp:attachment":[{"href":"https:\/\/sites.usp.br\/posbfm\/wp-json\/wp\/v2\/media?parent=172"}],"curies":[{"name":"wp","href":"https:\/\/api.w.org\/{rel}","templated":true}]}}