{"id":173,"date":"2025-02-10T06:26:50","date_gmt":"2025-02-10T08:26:50","guid":{"rendered":"https:\/\/sites.usp.br\/posbfm\/?page_id=173"},"modified":"2025-06-02T10:17:12","modified_gmt":"2025-06-02T12:17:12","slug":"verba-capes-proex","status":"publish","type":"page","link":"https:\/\/sites.usp.br\/posbfm\/verba-capes-proex\/","title":{"rendered":"Verba CAPES\/PROEX"},"content":{"rendered":"\t\t<div data-elementor-type=\"wp-page\" data-elementor-id=\"173\" class=\"elementor elementor-173\" data-elementor-post-type=\"page\">\n\t\t\t\t\t\t<section class=\"elementor-section elementor-top-section elementor-element elementor-element-0818442 elementor-section-boxed elementor-section-height-default elementor-section-height-default\" data-id=\"0818442\" data-element_type=\"section\">\n\t\t\t\t\t\t<div class=\"elementor-container elementor-column-gap-default\">\n\t\t\t\t\t<div class=\"elementor-column elementor-col-100 elementor-top-column elementor-element elementor-element-62a69da\" data-id=\"62a69da\" data-element_type=\"column\">\n\t\t\t<div class=\"elementor-widget-wrap elementor-element-populated\">\n\t\t\t\t\t\t<div class=\"elementor-element elementor-element-d574ce1 elementor-widget elementor-widget-heading\" data-id=\"d574ce1\" data-element_type=\"widget\" data-widget_type=\"heading.default\">\n\t\t\t\t<div class=\"elementor-widget-container\">\n\t\t\t<h2 class=\"elementor-heading-title elementor-size-default\">Aux\u00edlio \u00e0 participa\u00e7\u00e3o de eventos<\/h2>\t\t<\/div>\n\t\t\t\t<\/div>\n\t\t\t\t\t<\/div>\n\t\t<\/div>\n\t\t\t\t\t<\/div>\n\t\t<\/section>\n\t\t\t\t<section class=\"elementor-section elementor-top-section elementor-element elementor-element-01f2532 elementor-section-boxed elementor-section-height-default elementor-section-height-default\" data-id=\"01f2532\" data-element_type=\"section\">\n\t\t\t\t\t\t<div class=\"elementor-container elementor-column-gap-default\">\n\t\t\t\t\t<div class=\"elementor-column elementor-col-100 elementor-top-column elementor-element elementor-element-91ff04e\" data-id=\"91ff04e\" data-element_type=\"column\">\n\t\t\t<div class=\"elementor-widget-wrap elementor-element-populated\">\n\t\t\t\t\t\t<div class=\"elementor-element elementor-element-07e4bd4 elementor-widget elementor-widget-text-editor\" data-id=\"07e4bd4\" data-element_type=\"widget\" data-widget_type=\"text-editor.default\">\n\t\t\t\t<div class=\"elementor-widget-container\">\n\t\t\t\t\t\t\t<p><a href=\"https:\/\/sites.usp.br\/posbfm\/wp-content\/uploads\/sites\/1611\/2025\/06\/editalPROEX_alunos_junho2025.pdf\">Edital de itens financi\u00e1veis com a verba CAPES\/PROEX para p\u00f3s-graduandos &#8211; junho\/2025<\/a><\/p><p><a href=\"https:\/\/sites.usp.br\/posbfm\/wp-content\/uploads\/sites\/1611\/2025\/06\/editalPROEX_solidariedadeacademica_junho2025.pdf\">Edital de apoio com verba CAPES\/PROEX: solidariedade acad\u00eamica &#8211; junho\/2025<\/a><\/p><p><a href=\"https:\/\/sites.usp.br\/posfisio\/wp-content\/uploads\/sites\/1200\/2024\/01\/TabelaVigenteDiariasCAPES.png\">Tabela da CAPES com valores das di\u00e1rias (no pa\u00eds e no exterior)<\/a><\/p>\t\t\t\t\t\t<\/div>\n\t\t\t\t<\/div>\n\t\t\t\t\t<\/div>\n\t\t<\/div>\n\t\t\t\t\t<\/div>\n\t\t<\/section>\n\t\t\t\t<\/div>\n\t\t","protected":false},"excerpt":{"rendered":"<p>Aux\u00edlio \u00e0 participa\u00e7\u00e3o de eventos Edital de itens financi\u00e1veis com a verba CAPES\/PROEX para p\u00f3s-graduandos &#8211; junho\/2025 Edital de apoio com verba CAPES\/PROEX: solidariedade acad\u00eamica &#8211; junho\/2025 Tabela da CAPES [&hellip;]<\/p>\n","protected":false},"author":24472,"featured_media":0,"parent":0,"menu_order":0,"comment_status":"closed","ping_status":"closed","template":"","meta":{"footnotes":"","_links_to":"","_links_to_target":""},"class_list":["post-173","page","type-page","status-publish","hentry"],"_links":{"self":[{"href":"https:\/\/sites.usp.br\/posbfm\/wp-json\/wp\/v2\/pages\/173","targetHints":{"allow":["GET"]}}],"collection":[{"href":"https:\/\/sites.usp.br\/posbfm\/wp-json\/wp\/v2\/pages"}],"about":[{"href":"https:\/\/sites.usp.br\/posbfm\/wp-json\/wp\/v2\/types\/page"}],"author":[{"embeddable":true,"href":"https:\/\/sites.usp.br\/posbfm\/wp-json\/wp\/v2\/users\/24472"}],"replies":[{"embeddable":true,"href":"https:\/\/sites.usp.br\/posbfm\/wp-json\/wp\/v2\/comments?post=173"}],"version-history":[{"count":4,"href":"https:\/\/sites.usp.br\/posbfm\/wp-json\/wp\/v2\/pages\/173\/revisions"}],"predecessor-version":[{"id":860,"href":"https:\/\/sites.usp.br\/posbfm\/wp-json\/wp\/v2\/pages\/173\/revisions\/860"}],"wp:attachment":[{"href":"https:\/\/sites.usp.br\/posbfm\/wp-json\/wp\/v2\/media?parent=173"}],"curies":[{"name":"wp","href":"https:\/\/api.w.org\/{rel}","templated":true}]}}