{"id":174,"date":"2025-02-10T06:26:51","date_gmt":"2025-02-10T08:26:51","guid":{"rendered":"https:\/\/sites.usp.br\/posbfm\/?page_id=174"},"modified":"2026-01-20T13:17:34","modified_gmt":"2026-01-20T15:17:34","slug":"cursos-obrigatorios","status":"publish","type":"page","link":"https:\/\/sites.usp.br\/posbfm\/cursos-obrigatorios\/","title":{"rendered":"Cursos Obrigat\u00f3rios"},"content":{"rendered":"\t\t<div data-elementor-type=\"wp-page\" data-elementor-id=\"174\" class=\"elementor elementor-174\" data-elementor-post-type=\"page\">\n\t\t\t\t\t\t<section class=\"elementor-section elementor-top-section elementor-element elementor-element-907c617 elementor-section-boxed elementor-section-height-default elementor-section-height-default\" data-id=\"907c617\" data-element_type=\"section\">\n\t\t\t\t\t\t<div class=\"elementor-container elementor-column-gap-default\">\n\t\t\t\t\t<div class=\"elementor-column elementor-col-100 elementor-top-column elementor-element elementor-element-9a64f13\" data-id=\"9a64f13\" data-element_type=\"column\">\n\t\t\t<div class=\"elementor-widget-wrap elementor-element-populated\">\n\t\t\t\t\t\t<div class=\"elementor-element elementor-element-453b9b0 elementor-widget elementor-widget-heading\" data-id=\"453b9b0\" data-element_type=\"widget\" data-widget_type=\"heading.default\">\n\t\t\t\t<div class=\"elementor-widget-container\">\n\t\t\t<h2 class=\"elementor-heading-title elementor-size-default\">Cursos obrigat\u00f3rios<\/h2>\t\t<\/div>\n\t\t\t\t<\/div>\n\t\t\t\t\t<\/div>\n\t\t<\/div>\n\t\t\t\t\t<\/div>\n\t\t<\/section>\n\t\t\t\t<section class=\"elementor-section elementor-top-section elementor-element elementor-element-4fd6166 elementor-section-boxed elementor-section-height-default elementor-section-height-default\" data-id=\"4fd6166\" data-element_type=\"section\">\n\t\t\t\t\t\t<div class=\"elementor-container elementor-column-gap-default\">\n\t\t\t\t\t<div class=\"elementor-column elementor-col-100 elementor-top-column elementor-element elementor-element-ba63156\" data-id=\"ba63156\" data-element_type=\"column\">\n\t\t\t<div class=\"elementor-widget-wrap elementor-element-populated\">\n\t\t\t\t\t\t<div class=\"elementor-element elementor-element-ba62cf0 elementor-widget elementor-widget-text-editor\" data-id=\"ba62cf0\" data-element_type=\"widget\" data-widget_type=\"text-editor.default\">\n\t\t\t\t<div class=\"elementor-widget-container\">\n\t\t\t\t\t\t\t<p><strong>Armazenamento, Manuseio e Descarte de Produtos Qu\u00edmicos da Comiss\u00e3o de Seguran\u00e7a Qu\u00edmica do ICB (CSQ)<\/strong><\/p><p>O curso \u00e9 obrigat\u00f3rio para docentes, funcion\u00e1rios e alunos que frequentam os laborat\u00f3rios do Instituto e tem validade de 5 anos.<\/p><p>Para mais informa\u00e7\u00f5es, entre em contato com\u00a0<a>matsukuma2000@usp.br<\/a>\u00a0ou\u00a0<a>csq@icb.usp.br<\/a>\u00a0por e-mail.<\/p><p><a href=\"http:\/\/www.icb.usp.br\/infoicb\/cursos\/curso_Armazenamento_Manuseio_e_Descarte_de_Produtos_Quimicos.pdf\">Informa\u00e7\u00f5es sobre o curso de Armazenamento, Manuseio e Descarte de Produtos Qu\u00edmicos da Comiss\u00e3o de Seguran\u00e7a Qu\u00edmica do ICB (CSQ)<\/a><\/p><p><strong>Uso de Animais para Experimenta\u00e7\u00e3o (ed. 2026)<\/strong><\/p><p>Todos aqueles que cujo projeto envolve experimenta\u00e7\u00e3o animal devem, obrigatoriamente, apresentar c\u00f3pia do de participa\u00e7\u00e3o no Curso de Treinamento no Uso de Animais de Experimenta\u00e7\u00e3o.<\/p><p><a href=\"http:\/\/www.icb.usp.br\/infoicb\/cursos\/curso_Uso_de_Animais_para_Experimentacao.pdf\">Informa\u00e7\u00f5es sobre o Curso de Treinamento no Uso de Animais de Experimenta\u00e7\u00e3o<\/a><\/p><p><strong>Prote\u00e7\u00e3o Radiol\u00f3gica<\/strong><\/p><p>Todos aqueles que precisarem manipular, em seus projetos de pesquisa, material radioativo, devem, obrigatoriamente, apresentar c\u00f3pia do Certificado do Curso de Radioprote\u00e7\u00e3o do ICB da USP, ou outro certificado julgado equivalente pela CCP.<\/p><p>O N\u00facleo de Radioprote\u00e7\u00e3o do ICB tem por miss\u00e3o assessorar os usu\u00e1rios de fontes emissoras de radia\u00e7\u00e3o ionizante do ICB-USP, com o prop\u00f3sito de oferecer uma prote\u00e7\u00e3o radiol\u00f3gica de qualidade, face ao cumprimento de seus objetivos: a) ser uma interface entre a comunidade institucional e o sistema de prote\u00e7\u00e3o radiol\u00f3gica, tanto da universidade, como dos \u00f3rg\u00e3os de fiscaliza\u00e7\u00e3o; b) organizar e preservar dados; c) promover treinamento e fornecer informa\u00e7\u00f5es t\u00e9cnicas adequadas aos usu\u00e1rios.<\/p><p>Na p\u00f3s-gradua\u00e7\u00e3o, os\/as alunos (as) poder\u00e3o cursar a disciplina ICB 5720 \u2013 Prote\u00e7\u00e3o Radiol\u00f3gica.<br \/>Curso de Prote\u00e7\u00e3o Radiol\u00f3gica<\/p>\t\t\t\t\t\t<\/div>\n\t\t\t\t<\/div>\n\t\t\t\t\t<\/div>\n\t\t<\/div>\n\t\t\t\t\t<\/div>\n\t\t<\/section>\n\t\t\t\t<\/div>\n\t\t","protected":false},"excerpt":{"rendered":"<p>Cursos obrigat\u00f3rios Armazenamento, Manuseio e Descarte de Produtos Qu\u00edmicos da Comiss\u00e3o de Seguran\u00e7a Qu\u00edmica do ICB (CSQ) O curso \u00e9 obrigat\u00f3rio para docentes, funcion\u00e1rios e alunos que frequentam os laborat\u00f3rios [&hellip;]<\/p>\n","protected":false},"author":24472,"featured_media":0,"parent":0,"menu_order":0,"comment_status":"closed","ping_status":"closed","template":"","meta":{"footnotes":"","_links_to":"","_links_to_target":""},"class_list":["post-174","page","type-page","status-publish","hentry"],"_links":{"self":[{"href":"https:\/\/sites.usp.br\/posbfm\/wp-json\/wp\/v2\/pages\/174","targetHints":{"allow":["GET"]}}],"collection":[{"href":"https:\/\/sites.usp.br\/posbfm\/wp-json\/wp\/v2\/pages"}],"about":[{"href":"https:\/\/sites.usp.br\/posbfm\/wp-json\/wp\/v2\/types\/page"}],"author":[{"embeddable":true,"href":"https:\/\/sites.usp.br\/posbfm\/wp-json\/wp\/v2\/users\/24472"}],"replies":[{"embeddable":true,"href":"https:\/\/sites.usp.br\/posbfm\/wp-json\/wp\/v2\/comments?post=174"}],"version-history":[{"count":4,"href":"https:\/\/sites.usp.br\/posbfm\/wp-json\/wp\/v2\/pages\/174\/revisions"}],"predecessor-version":[{"id":1280,"href":"https:\/\/sites.usp.br\/posbfm\/wp-json\/wp\/v2\/pages\/174\/revisions\/1280"}],"wp:attachment":[{"href":"https:\/\/sites.usp.br\/posbfm\/wp-json\/wp\/v2\/media?parent=174"}],"curies":[{"name":"wp","href":"https:\/\/api.w.org\/{rel}","templated":true}]}}