{"id":175,"date":"2025-02-10T06:26:52","date_gmt":"2025-02-10T08:26:52","guid":{"rendered":"https:\/\/sites.usp.br\/posbfm\/?page_id=175"},"modified":"2026-01-15T09:17:27","modified_gmt":"2026-01-15T11:17:27","slug":"alunos-especiais","status":"publish","type":"page","link":"https:\/\/sites.usp.br\/posbfm\/alunos-especiais\/","title":{"rendered":"Alunos Especiais"},"content":{"rendered":"\t\t<div data-elementor-type=\"wp-page\" data-elementor-id=\"175\" class=\"elementor elementor-175\" data-elementor-post-type=\"page\">\n\t\t\t\t\t\t<section class=\"elementor-section elementor-top-section elementor-element elementor-element-ee35c71 elementor-section-boxed elementor-section-height-default elementor-section-height-default\" data-id=\"ee35c71\" data-element_type=\"section\">\n\t\t\t\t\t\t<div class=\"elementor-container elementor-column-gap-default\">\n\t\t\t\t\t<div class=\"elementor-column elementor-col-100 elementor-top-column elementor-element elementor-element-c9352fa\" data-id=\"c9352fa\" data-element_type=\"column\">\n\t\t\t<div class=\"elementor-widget-wrap elementor-element-populated\">\n\t\t\t\t\t\t<div class=\"elementor-element elementor-element-912fc87 elementor-widget elementor-widget-heading\" data-id=\"912fc87\" data-element_type=\"widget\" data-widget_type=\"heading.default\">\n\t\t\t\t<div class=\"elementor-widget-container\">\n\t\t\t<h2 class=\"elementor-heading-title elementor-size-default\">Alunos Especiais<\/h2>\t\t<\/div>\n\t\t\t\t<\/div>\n\t\t\t\t\t<\/div>\n\t\t<\/div>\n\t\t\t\t\t<\/div>\n\t\t<\/section>\n\t\t\t\t<section class=\"elementor-section elementor-top-section elementor-element elementor-element-1d74c53 elementor-section-boxed elementor-section-height-default elementor-section-height-default\" data-id=\"1d74c53\" data-element_type=\"section\">\n\t\t\t\t\t\t<div class=\"elementor-container elementor-column-gap-default\">\n\t\t\t\t\t<div class=\"elementor-column elementor-col-100 elementor-top-column elementor-element elementor-element-d579e49\" data-id=\"d579e49\" data-element_type=\"column\">\n\t\t\t<div class=\"elementor-widget-wrap elementor-element-populated\">\n\t\t\t\t\t\t<div class=\"elementor-element elementor-element-8f499df elementor-widget elementor-widget-text-editor\" data-id=\"8f499df\" data-element_type=\"widget\" data-widget_type=\"text-editor.default\">\n\t\t\t\t<div class=\"elementor-widget-container\">\n\t\t\t\t\t\t\t<p><strong>Per\u00edodos de Inscri\u00e7\u00f5es para Alunos Especiais em Disciplinas:<\/strong><\/p><p>1\u00ba semestre de 2026 \u2013 de 05 a 16\/01\/2026<\/p><p>2\u00ba semestre de 2026 \u2013 de 01 a 08\/07\/2026<\/p><p>As inscri\u00e7\u00f5es poder\u00e3o ser por\u00a0<i>e-mail<\/i>.<\/p><p><strong>Obs.: Informamos que n\u00e3o ser\u00e3o aceitas inscri\u00e7\u00f5es ap\u00f3s o encerramento do per\u00edodo correspondente ao semestre.<\/strong><\/p><p><strong>Informa\u00e7\u00f5es sobre como e onde se inscrever:<\/strong><\/p><p><a href=\"http:\/\/ww3.icb.usp.br\/pos\/alunos-especiais-programa-de-pos-graduacao-do-icb-usp\/\">http:\/\/ww3.icb.usp.br\/pos\/alunos-especiais-programa-de-pos-graduacao-do-icb-usp\/<\/a><\/p><p><strong>Lista de disciplinas do Programa de P\u00f3s-Gradua\u00e7\u00e3o em Fisiologia Humana no Sistema Janus:<\/strong><\/p><p><a href=\"https:\/\/uspdigital.usp.br\/janus\/componente\/disciplinasOferecidasInicial.jsf?action=2&amp;codcpg=42&amp;codare=42137\">https:\/\/uspdigital.usp.br\/janus\/componente\/disciplinasOferecidasInicial.jsf?action=2&amp;codcpg=42&amp;codare=42137<\/a><\/p>\t\t\t\t\t\t<\/div>\n\t\t\t\t<\/div>\n\t\t\t\t\t<\/div>\n\t\t<\/div>\n\t\t\t\t\t<\/div>\n\t\t<\/section>\n\t\t\t\t<\/div>\n\t\t","protected":false},"excerpt":{"rendered":"<p>Alunos Especiais Per\u00edodos de Inscri\u00e7\u00f5es para Alunos Especiais em Disciplinas: 1\u00ba semestre de 2026 \u2013 de 05 a 16\/01\/2026 2\u00ba semestre de 2026 \u2013 de 01 a 08\/07\/2026 As inscri\u00e7\u00f5es [&hellip;]<\/p>\n","protected":false},"author":24472,"featured_media":0,"parent":0,"menu_order":0,"comment_status":"closed","ping_status":"closed","template":"","meta":{"footnotes":"","_links_to":"","_links_to_target":""},"class_list":["post-175","page","type-page","status-publish","hentry"],"_links":{"self":[{"href":"https:\/\/sites.usp.br\/posbfm\/wp-json\/wp\/v2\/pages\/175","targetHints":{"allow":["GET"]}}],"collection":[{"href":"https:\/\/sites.usp.br\/posbfm\/wp-json\/wp\/v2\/pages"}],"about":[{"href":"https:\/\/sites.usp.br\/posbfm\/wp-json\/wp\/v2\/types\/page"}],"author":[{"embeddable":true,"href":"https:\/\/sites.usp.br\/posbfm\/wp-json\/wp\/v2\/users\/24472"}],"replies":[{"embeddable":true,"href":"https:\/\/sites.usp.br\/posbfm\/wp-json\/wp\/v2\/comments?post=175"}],"version-history":[{"count":4,"href":"https:\/\/sites.usp.br\/posbfm\/wp-json\/wp\/v2\/pages\/175\/revisions"}],"predecessor-version":[{"id":1259,"href":"https:\/\/sites.usp.br\/posbfm\/wp-json\/wp\/v2\/pages\/175\/revisions\/1259"}],"wp:attachment":[{"href":"https:\/\/sites.usp.br\/posbfm\/wp-json\/wp\/v2\/media?parent=175"}],"curies":[{"name":"wp","href":"https:\/\/api.w.org\/{rel}","templated":true}]}}