{"id":176,"date":"2025-02-10T06:26:53","date_gmt":"2025-02-10T08:26:53","guid":{"rendered":"https:\/\/sites.usp.br\/posbfm\/?page_id=176"},"modified":"2025-04-11T04:04:34","modified_gmt":"2025-04-11T06:04:34","slug":"teses-e-dissertacoes-defendidas","status":"publish","type":"page","link":"https:\/\/sites.usp.br\/posbfm\/teses-e-dissertacoes-defendidas\/","title":{"rendered":"Teses e Disserta\u00e7\u00f5es Defendidas"},"content":{"rendered":"\t\t<div data-elementor-type=\"wp-page\" data-elementor-id=\"176\" class=\"elementor elementor-176\" data-elementor-post-type=\"page\">\n\t\t\t\t\t\t<section class=\"elementor-section elementor-top-section elementor-element elementor-element-1a783bc elementor-section-boxed elementor-section-height-default elementor-section-height-default\" data-id=\"1a783bc\" data-element_type=\"section\">\n\t\t\t\t\t\t<div class=\"elementor-container elementor-column-gap-default\">\n\t\t\t\t\t<div class=\"elementor-column elementor-col-100 elementor-top-column elementor-element elementor-element-08e5792\" data-id=\"08e5792\" data-element_type=\"column\">\n\t\t\t<div class=\"elementor-widget-wrap elementor-element-populated\">\n\t\t\t\t\t\t<div class=\"elementor-element elementor-element-905a667 elementor-widget elementor-widget-heading\" data-id=\"905a667\" data-element_type=\"widget\" data-widget_type=\"heading.default\">\n\t\t\t\t<div class=\"elementor-widget-container\">\n\t\t\t<h2 class=\"elementor-heading-title elementor-size-default\">Teses e Disserta\u00e7\u00f5es<\/h2>\t\t<\/div>\n\t\t\t\t<\/div>\n\t\t\t\t\t<\/div>\n\t\t<\/div>\n\t\t\t\t\t<\/div>\n\t\t<\/section>\n\t\t\t\t<section class=\"elementor-section elementor-top-section elementor-element elementor-element-2ee3950 elementor-section-boxed elementor-section-height-default elementor-section-height-default\" data-id=\"2ee3950\" data-element_type=\"section\">\n\t\t\t\t\t\t<div class=\"elementor-container elementor-column-gap-default\">\n\t\t\t\t\t<div class=\"elementor-column elementor-col-100 elementor-top-column elementor-element elementor-element-78b273c\" data-id=\"78b273c\" data-element_type=\"column\">\n\t\t\t<div class=\"elementor-widget-wrap elementor-element-populated\">\n\t\t\t\t\t\t<div class=\"elementor-element elementor-element-7dfb122 elementor-widget elementor-widget-text-editor\" data-id=\"7dfb122\" data-element_type=\"widget\" data-widget_type=\"text-editor.default\">\n\t\t\t\t<div class=\"elementor-widget-container\">\n\t\t\t\t\t\t\t<p><span class=\"destaque\"><strong>Divulga\u00e7\u00e3o digital das Teses e Disserta\u00e7\u00f5es\u00a0produzidas pelos Programas de Doutorado e Mestrado reconhecidos<br \/><a href=\"http:\/\/www.capes.gov.br\/images\/stories\/download\/legislacao\/Portaria_013_2006.pdf\">Portaria n\u00ba 013, de 15 de fevereiro de 2006<\/a><\/strong><\/span><\/p><p class=\"destaque\">Informamos que as Disserta\u00e7\u00f5es\/Teses se tornar\u00e3o p\u00fablicas em todo o seu conte\u00fado somente ap\u00f3s\u00a0 a publica\u00e7\u00e3o em revistas especializadas.<\/p><p class=\"destaque\">As Disserta\u00e7\u00f5es\/Teses poder\u00e3o ser consultadas diretamente no site da\u00a0<a href=\"https:\/\/www.teses.usp.br\/\" target=\"_blank\" rel=\"noopener\">Biblioteca Digital da USP<\/a>. \u00c9 poss\u00edvel consultar as Disserta\u00e7\u00f5es\/Teses defendidas do nosso Programa atrav\u00e9s\u00a0<a href=\"https:\/\/www.teses.usp.br\/index.php?option=com_jumi&amp;fileid=9&amp;Itemid=159&amp;lang=pt-br&amp;id=42137&amp;prog=42006&amp;exp=0\">deste link<\/a>.<\/p>\t\t\t\t\t\t<\/div>\n\t\t\t\t<\/div>\n\t\t\t\t\t<\/div>\n\t\t<\/div>\n\t\t\t\t\t<\/div>\n\t\t<\/section>\n\t\t\t\t<\/div>\n\t\t","protected":false},"excerpt":{"rendered":"<p>Teses e Disserta\u00e7\u00f5es Divulga\u00e7\u00e3o digital das Teses e Disserta\u00e7\u00f5es\u00a0produzidas pelos Programas de Doutorado e Mestrado reconhecidosPortaria n\u00ba 013, de 15 de fevereiro de 2006 Informamos que as Disserta\u00e7\u00f5es\/Teses se tornar\u00e3o [&hellip;]<\/p>\n","protected":false},"author":24472,"featured_media":0,"parent":0,"menu_order":0,"comment_status":"closed","ping_status":"closed","template":"","meta":{"footnotes":"","_links_to":"","_links_to_target":""},"class_list":["post-176","page","type-page","status-publish","hentry"],"_links":{"self":[{"href":"https:\/\/sites.usp.br\/posbfm\/wp-json\/wp\/v2\/pages\/176","targetHints":{"allow":["GET"]}}],"collection":[{"href":"https:\/\/sites.usp.br\/posbfm\/wp-json\/wp\/v2\/pages"}],"about":[{"href":"https:\/\/sites.usp.br\/posbfm\/wp-json\/wp\/v2\/types\/page"}],"author":[{"embeddable":true,"href":"https:\/\/sites.usp.br\/posbfm\/wp-json\/wp\/v2\/users\/24472"}],"replies":[{"embeddable":true,"href":"https:\/\/sites.usp.br\/posbfm\/wp-json\/wp\/v2\/comments?post=176"}],"version-history":[{"count":4,"href":"https:\/\/sites.usp.br\/posbfm\/wp-json\/wp\/v2\/pages\/176\/revisions"}],"predecessor-version":[{"id":765,"href":"https:\/\/sites.usp.br\/posbfm\/wp-json\/wp\/v2\/pages\/176\/revisions\/765"}],"wp:attachment":[{"href":"https:\/\/sites.usp.br\/posbfm\/wp-json\/wp\/v2\/media?parent=176"}],"curies":[{"name":"wp","href":"https:\/\/api.w.org\/{rel}","templated":true}]}}