{"id":444,"date":"2025-02-17T01:44:09","date_gmt":"2025-02-17T03:44:09","guid":{"rendered":"https:\/\/sites.usp.br\/posbfm\/?page_id=444"},"modified":"2026-01-26T20:03:41","modified_gmt":"2026-01-26T22:03:41","slug":"sobre","status":"publish","type":"page","link":"https:\/\/sites.usp.br\/posbfm\/sobre\/","title":{"rendered":"Sobre o Programa"},"content":{"rendered":"\t\t<div data-elementor-type=\"wp-page\" data-elementor-id=\"444\" class=\"elementor elementor-444\" data-elementor-post-type=\"page\">\n\t\t\t\t\t\t<section class=\"elementor-section elementor-top-section elementor-element elementor-element-1fc2d96 elementor-section-boxed elementor-section-height-default elementor-section-height-default\" data-id=\"1fc2d96\" data-element_type=\"section\">\n\t\t\t\t\t\t<div class=\"elementor-container elementor-column-gap-default\">\n\t\t\t\t\t<div class=\"elementor-column elementor-col-100 elementor-top-column elementor-element elementor-element-799d934\" data-id=\"799d934\" data-element_type=\"column\">\n\t\t\t<div class=\"elementor-widget-wrap elementor-element-populated\">\n\t\t\t\t\t\t<div class=\"elementor-element elementor-element-623c0b5 elementor-widget elementor-widget-heading\" data-id=\"623c0b5\" data-element_type=\"widget\" data-widget_type=\"heading.default\">\n\t\t\t\t<div class=\"elementor-widget-container\">\n\t\t\t<h2 class=\"elementor-heading-title elementor-size-default\">Hist\u00f3rico do Programa de P\u00f3s-Gradua\u00e7\u00e3o em Biologia Funcional e Molecular do ICB da USP\n<\/h2>\t\t<\/div>\n\t\t\t\t<\/div>\n\t\t\t\t<section class=\"elementor-section elementor-inner-section elementor-element elementor-element-3df4c53 elementor-section-boxed elementor-section-height-default elementor-section-height-default\" data-id=\"3df4c53\" data-element_type=\"section\">\n\t\t\t\t\t\t<div class=\"elementor-container elementor-column-gap-default\">\n\t\t\t\t\t<div class=\"elementor-column elementor-col-100 elementor-inner-column elementor-element elementor-element-cf8b9db\" data-id=\"cf8b9db\" data-element_type=\"column\">\n\t\t\t<div class=\"elementor-widget-wrap elementor-element-populated\">\n\t\t\t\t\t\t<div class=\"elementor-element elementor-element-1f64a11 elementor-widget elementor-widget-text-editor\" data-id=\"1f64a11\" data-element_type=\"widget\" data-widget_type=\"text-editor.default\">\n\t\t\t\t<div class=\"elementor-widget-container\">\n\t\t\t\t\t\t\t<p><span style=\"font-weight: 400;\">Fundado em 2024, o Programa de P\u00f3s-Gradua\u00e7\u00e3o em Biologia Funcional e Molecular do Instituto de Ci\u00eancias Biom\u00e9dicas (ICB) da Universidade de S\u00e3o Paulo (USP) \u00e9 fruto da fus\u00e3o inovadora e in\u00e9dita na p\u00f3s-gradua\u00e7\u00e3o no Brasil de dois programas considerados de excel\u00eancia na CAPES (nota 6), os programas em Fisiologia Humana e Farmacologia do ICB. Apesar de sua juventude, o programa j\u00e1 se destaca pela excel\u00eancia e inova\u00e7\u00e3o, consolidando-se como refer\u00eancia em pesquisa e forma\u00e7\u00e3o de cientistas de alto n\u00edvel. Nascido da vis\u00e3o ousada de seus orientadores, o PPG tem se mantido na vanguarda dos estudos biol\u00f3gicos e moleculares, adaptando-se constantemente \u00e0s evolu\u00e7\u00f5es cient\u00edficas e tecnol\u00f3gicas. O PPG-BFM est\u00e1 estruturado em 5 linhas pesquisa:<\/span><\/p><ol><li style=\"font-weight: 400;\" aria-level=\"1\"><span style=\"font-weight: 400;\">1. Neuroci\u00eancia e Comportamento;\u00a0<\/span><\/li><li style=\"font-weight: 400;\" aria-level=\"1\"><span style=\"font-weight: 400;\">Sinaliza\u00e7\u00e3o Molecular e Celular;\u00a0<\/span><\/li><li style=\"font-weight: 400;\" aria-level=\"1\"><span style=\"font-weight: 400;\">Metabolismo;\u00a0<\/span><\/li><li style=\"font-weight: 400;\" aria-level=\"1\"><span style=\"font-weight: 400;\">Fisiopatologia e Farmacologia de \u00d3rg\u00e3os e Sistemas;\u00a0<\/span><\/li><li style=\"font-weight: 400;\" aria-level=\"1\"><span style=\"font-weight: 400;\">Inflama\u00e7\u00e3o e C\u00e2ncer.\u00a0<\/span><\/li><\/ol>\t\t\t\t\t\t<\/div>\n\t\t\t\t<\/div>\n\t\t\t\t\t<\/div>\n\t\t<\/div>\n\t\t\t\t\t<\/div>\n\t\t<\/section>\n\t\t\t\t\t<\/div>\n\t\t<\/div>\n\t\t\t\t\t<\/div>\n\t\t<\/section>\n\t\t\t\t<section class=\"elementor-section elementor-top-section elementor-element elementor-element-bf83283 elementor-section-boxed elementor-section-height-default elementor-section-height-default\" data-id=\"bf83283\" data-element_type=\"section\">\n\t\t\t\t\t\t<div class=\"elementor-container elementor-column-gap-default\">\n\t\t\t\t\t<div class=\"elementor-column elementor-col-100 elementor-top-column elementor-element elementor-element-26f954c\" data-id=\"26f954c\" data-element_type=\"column\">\n\t\t\t<div class=\"elementor-widget-wrap elementor-element-populated\">\n\t\t\t\t\t\t<div class=\"elementor-element elementor-element-58e1e58 elementor-widget elementor-widget-heading\" data-id=\"58e1e58\" data-element_type=\"widget\" data-widget_type=\"heading.default\">\n\t\t\t\t<div class=\"elementor-widget-container\">\n\t\t\t<h2 class=\"elementor-heading-title elementor-size-default\">Miss\u00e3o do Programa<\/h2>\t\t<\/div>\n\t\t\t\t<\/div>\n\t\t\t\t<section class=\"elementor-section elementor-inner-section elementor-element elementor-element-bd28990 elementor-section-boxed elementor-section-height-default elementor-section-height-default\" data-id=\"bd28990\" data-element_type=\"section\">\n\t\t\t\t\t\t<div class=\"elementor-container elementor-column-gap-default\">\n\t\t\t\t\t<div class=\"elementor-column elementor-col-100 elementor-inner-column elementor-element elementor-element-163bfbe\" data-id=\"163bfbe\" data-element_type=\"column\">\n\t\t\t<div class=\"elementor-widget-wrap elementor-element-populated\">\n\t\t\t\t\t\t<div class=\"elementor-element elementor-element-52c6bb2 elementor-widget elementor-widget-text-editor\" data-id=\"52c6bb2\" data-element_type=\"widget\" data-widget_type=\"text-editor.default\">\n\t\t\t\t<div class=\"elementor-widget-container\">\n\t\t\t\t\t\t\t<p><span style=\"font-weight: 400;\">O programa tem como miss\u00e3o formar profissionais altamente qualificados, prontos para impulsionar o avan\u00e7o cient\u00edfico de forma significativa. Valorizamos uma abordagem genuinamente multidisciplinar que vai al\u00e9m de colabora\u00e7\u00f5es pontuais, integrando diversas \u00e1reas do conhecimento. Nossos estudantes s\u00e3o incentivados a desenvolver um pensamento cr\u00edtico e inovador, sempre pautado na \u00e9tica e nas boas pr\u00e1ticas cient\u00edficas, para enfrentar os desafios contempor\u00e2neos e contribuir para o bem-estar da sociedade.<\/span><\/p>\t\t\t\t\t\t<\/div>\n\t\t\t\t<\/div>\n\t\t\t\t\t<\/div>\n\t\t<\/div>\n\t\t\t\t\t<\/div>\n\t\t<\/section>\n\t\t\t\t\t<\/div>\n\t\t<\/div>\n\t\t\t\t\t<\/div>\n\t\t<\/section>\n\t\t\t\t<section class=\"elementor-section elementor-top-section elementor-element elementor-element-2c505cb elementor-section-boxed elementor-section-height-default elementor-section-height-default\" data-id=\"2c505cb\" data-element_type=\"section\">\n\t\t\t\t\t\t<div class=\"elementor-container elementor-column-gap-default\">\n\t\t\t\t\t<div class=\"elementor-column elementor-col-100 elementor-top-column elementor-element elementor-element-e61db0d\" data-id=\"e61db0d\" data-element_type=\"column\">\n\t\t\t<div class=\"elementor-widget-wrap elementor-element-populated\">\n\t\t\t\t\t\t<div class=\"elementor-element elementor-element-f817388 elementor-widget elementor-widget-heading\" data-id=\"f817388\" data-element_type=\"widget\" data-widget_type=\"heading.default\">\n\t\t\t\t<div class=\"elementor-widget-container\">\n\t\t\t<h2 class=\"elementor-heading-title elementor-size-default\">Nossos Pilares Fundamentais:<\/h2>\t\t<\/div>\n\t\t\t\t<\/div>\n\t\t\t\t<section class=\"elementor-section elementor-inner-section elementor-element elementor-element-4c9b4a8 elementor-section-boxed elementor-section-height-default elementor-section-height-default\" data-id=\"4c9b4a8\" data-element_type=\"section\">\n\t\t\t\t\t\t<div class=\"elementor-container elementor-column-gap-default\">\n\t\t\t\t\t<div class=\"elementor-column elementor-col-100 elementor-inner-column elementor-element elementor-element-009132e\" data-id=\"009132e\" data-element_type=\"column\">\n\t\t\t<div class=\"elementor-widget-wrap elementor-element-populated\">\n\t\t\t\t\t\t<div class=\"elementor-element elementor-element-734ed87 elementor-widget elementor-widget-text-editor\" data-id=\"734ed87\" data-element_type=\"widget\" data-widget_type=\"text-editor.default\">\n\t\t\t\t<div class=\"elementor-widget-container\">\n\t\t\t\t\t\t\t<p><span style=\"font-weight: 400;\">&#8211; Excel\u00eancia Acad\u00eamica: Oferecemos uma forma\u00e7\u00e3o s\u00f3lida e abrangente para preparar cientistas para carreiras acad\u00eamicas e de pesquisa.<\/span><\/p><p><span style=\"font-weight: 400;\">&#8211; Inova\u00e7\u00e3o: Estimulamos a criatividade em projetos que buscam solu\u00e7\u00f5es para problemas complexos.<\/span><\/p><p><span style=\"font-weight: 400;\">&#8211; Colabora\u00e7\u00e3o: Promovemos parcerias globais entre diferentes \u00e1reas do conhecimento.<\/span><\/p><p><span style=\"font-weight: 400;\">&#8211; Responsabilidade Social: Utilizamos a ci\u00eancia como uma ferramenta para o desenvolvimento sustent\u00e1vel e o bem-estar humano.<\/span><\/p>\t\t\t\t\t\t<\/div>\n\t\t\t\t<\/div>\n\t\t\t\t\t<\/div>\n\t\t<\/div>\n\t\t\t\t\t<\/div>\n\t\t<\/section>\n\t\t\t\t\t<\/div>\n\t\t<\/div>\n\t\t\t\t\t<\/div>\n\t\t<\/section>\n\t\t\t\t<\/div>\n\t\t","protected":false},"excerpt":{"rendered":"<p>Hist\u00f3rico do Programa de P\u00f3s-Gradua\u00e7\u00e3o em Biologia Funcional e Molecular do ICB da USP Fundado em 2024, o Programa de P\u00f3s-Gradua\u00e7\u00e3o em Biologia Funcional e Molecular do Instituto de Ci\u00eancias [&hellip;]<\/p>\n","protected":false},"author":24472,"featured_media":0,"parent":0,"menu_order":0,"comment_status":"closed","ping_status":"closed","template":"","meta":{"footnotes":"","_links_to":"","_links_to_target":""},"class_list":["post-444","page","type-page","status-publish","hentry"],"_links":{"self":[{"href":"https:\/\/sites.usp.br\/posbfm\/wp-json\/wp\/v2\/pages\/444","targetHints":{"allow":["GET"]}}],"collection":[{"href":"https:\/\/sites.usp.br\/posbfm\/wp-json\/wp\/v2\/pages"}],"about":[{"href":"https:\/\/sites.usp.br\/posbfm\/wp-json\/wp\/v2\/types\/page"}],"author":[{"embeddable":true,"href":"https:\/\/sites.usp.br\/posbfm\/wp-json\/wp\/v2\/users\/24472"}],"replies":[{"embeddable":true,"href":"https:\/\/sites.usp.br\/posbfm\/wp-json\/wp\/v2\/comments?post=444"}],"version-history":[{"count":4,"href":"https:\/\/sites.usp.br\/posbfm\/wp-json\/wp\/v2\/pages\/444\/revisions"}],"predecessor-version":[{"id":1402,"href":"https:\/\/sites.usp.br\/posbfm\/wp-json\/wp\/v2\/pages\/444\/revisions\/1402"}],"wp:attachment":[{"href":"https:\/\/sites.usp.br\/posbfm\/wp-json\/wp\/v2\/media?parent=444"}],"curies":[{"name":"wp","href":"https:\/\/api.w.org\/{rel}","templated":true}]}}