{"id":718,"date":"2025-04-11T03:45:17","date_gmt":"2025-04-11T05:45:17","guid":{"rendered":"https:\/\/sites.usp.br\/posbfm\/?page_id=718"},"modified":"2026-01-21T09:58:39","modified_gmt":"2026-01-21T11:58:39","slug":"editais","status":"publish","type":"page","link":"https:\/\/sites.usp.br\/posbfm\/editais\/","title":{"rendered":"Editais"},"content":{"rendered":"\t\t<div data-elementor-type=\"wp-page\" data-elementor-id=\"718\" class=\"elementor elementor-718\" data-elementor-post-type=\"page\">\n\t\t\t\t\t\t<section class=\"elementor-section elementor-top-section elementor-element elementor-element-559cc7b elementor-section-boxed elementor-section-height-default elementor-section-height-default\" data-id=\"559cc7b\" data-element_type=\"section\">\n\t\t\t\t\t\t<div class=\"elementor-container elementor-column-gap-default\">\n\t\t\t\t\t<div class=\"elementor-column elementor-col-100 elementor-top-column elementor-element elementor-element-58e677d\" data-id=\"58e677d\" data-element_type=\"column\">\n\t\t\t<div class=\"elementor-widget-wrap elementor-element-populated\">\n\t\t\t\t\t\t<div class=\"elementor-element elementor-element-9583809 elementor-widget elementor-widget-heading\" data-id=\"9583809\" data-element_type=\"widget\" data-widget_type=\"heading.default\">\n\t\t\t\t<div class=\"elementor-widget-container\">\n\t\t\t<h2 class=\"elementor-heading-title elementor-size-default\">Editais<\/h2>\t\t<\/div>\n\t\t\t\t<\/div>\n\t\t\t\t\t<\/div>\n\t\t<\/div>\n\t\t\t\t\t<\/div>\n\t\t<\/section>\n\t\t\t\t<section class=\"elementor-section elementor-top-section elementor-element elementor-element-e95e60d elementor-section-boxed elementor-section-height-default elementor-section-height-default\" data-id=\"e95e60d\" data-element_type=\"section\">\n\t\t\t\t\t\t<div class=\"elementor-container elementor-column-gap-default\">\n\t\t\t\t\t<div class=\"elementor-column elementor-col-100 elementor-top-column elementor-element elementor-element-ddd1c10\" data-id=\"ddd1c10\" data-element_type=\"column\">\n\t\t\t<div class=\"elementor-widget-wrap elementor-element-populated\">\n\t\t\t\t\t\t<div class=\"elementor-element elementor-element-937c057 elementor-widget elementor-widget-text-editor\" data-id=\"937c057\" data-element_type=\"widget\" data-widget_type=\"text-editor.default\">\n\t\t\t\t<div class=\"elementor-widget-container\">\n\t\t\t\t\t\t\t<div class=\"elementor-element elementor-element-5f1b567 elementor-widget elementor-widget-text-editor\" data-id=\"5f1b567\" data-element_type=\"widget\" data-widget_type=\"text-editor.default\"><div class=\"elementor-widget-container\"><p><strong>Editais para sele\u00e7\u00e3o de candidatos ao Mestrado e Doutorado Direto do Programa de Biologia Funcional e Molecular<br \/><\/strong><\/p><p><strong>Per\u00edodo de Inscri\u00e7\u00e3o:\u00a0<\/strong>06\/10 a 31\/10\/2025<\/p><p><a href=\"https:\/\/sites.usp.br\/posbfm\/wp-content\/uploads\/sites\/1611\/2025\/10\/edital_mestrado_ppg-bfm_out2025.pdf\"><b><\/b><b>Clique aqui para acessar o Edital da Sele\u00e7\u00e3o de Mestrado<\/b><\/a><\/p><p><a href=\"https:\/\/sites.usp.br\/posbfm\/wp-content\/uploads\/sites\/1611\/2025\/10\/edital_doutoradodireto_ppg-bfm_out2025.pdf\"><b>Clique aqui para acessar o Edital da Sele\u00e7\u00e3o de Doutorado Direto<\/b><\/a><\/p><p>______________________________________________________________________________<\/p><\/div><\/div><div class=\"elementor-element elementor-element-52c3e5f elementor-widget elementor-widget-text-editor\" data-id=\"52c3e5f\" data-element_type=\"widget\" data-widget_type=\"text-editor.default\"><div class=\"elementor-widget-container\"><p><strong>Edital para sele\u00e7\u00e3o de candidatos ao\u00a0Doutorado portador do t\u00edtulo de Mestre\u00a0do Programa de Biologia Funcional e Molecular<br \/><\/strong><\/p><p><strong>Per\u00edodo de Inscri\u00e7\u00e3o:<\/strong> 26\/01 a 30\/06\/2026<\/p><p><a href=\"https:\/\/sites.usp.br\/posbfm\/wp-content\/uploads\/sites\/1611\/2026\/01\/Edital_DO_PPG-BFM_1Sem2026.pdf\"><strong>C<\/strong><b>lique aqui para acessar o Edital<\/b><\/a><\/p><\/div><\/div><div class=\"elementor-element elementor-element-2988ca5 elementor-widget-divider--view-line elementor-widget elementor-widget-divider\" data-id=\"2988ca5\" data-element_type=\"widget\" data-widget_type=\"divider.default\"><div class=\"elementor-widget-container\"><div class=\"elementor-divider\"><p>______________________________________________________________________________<\/p><\/div><\/div><\/div><div class=\"elementor-element elementor-element-46e94ec elementor-widget elementor-widget-text-editor\" data-id=\"46e94ec\" data-element_type=\"widget\" data-widget_type=\"text-editor.default\"><div class=\"elementor-widget-container\"><p><a href=\"http:\/\/posfisio.icb.usp.br\/wp-content\/uploads\/2020\/07\/Tutorial_ORCID.pdf\" target=\"_blank\" rel=\"noopener\"><strong>Tutorial USP para uso do ORCID<\/strong><\/a><\/p><\/div><\/div>\t\t\t\t\t\t<\/div>\n\t\t\t\t<\/div>\n\t\t\t\t\t<\/div>\n\t\t<\/div>\n\t\t\t\t\t<\/div>\n\t\t<\/section>\n\t\t\t\t<\/div>\n\t\t","protected":false},"excerpt":{"rendered":"<p>Editais Editais para sele\u00e7\u00e3o de candidatos ao Mestrado e Doutorado Direto do Programa de Biologia Funcional e Molecular Per\u00edodo de Inscri\u00e7\u00e3o:\u00a006\/10 a 31\/10\/2025 Clique aqui para acessar o Edital da [&hellip;]<\/p>\n","protected":false},"author":24472,"featured_media":0,"parent":0,"menu_order":0,"comment_status":"closed","ping_status":"closed","template":"","meta":{"footnotes":"","_links_to":"","_links_to_target":""},"class_list":["post-718","page","type-page","status-publish","hentry"],"_links":{"self":[{"href":"https:\/\/sites.usp.br\/posbfm\/wp-json\/wp\/v2\/pages\/718","targetHints":{"allow":["GET"]}}],"collection":[{"href":"https:\/\/sites.usp.br\/posbfm\/wp-json\/wp\/v2\/pages"}],"about":[{"href":"https:\/\/sites.usp.br\/posbfm\/wp-json\/wp\/v2\/types\/page"}],"author":[{"embeddable":true,"href":"https:\/\/sites.usp.br\/posbfm\/wp-json\/wp\/v2\/users\/24472"}],"replies":[{"embeddable":true,"href":"https:\/\/sites.usp.br\/posbfm\/wp-json\/wp\/v2\/comments?post=718"}],"version-history":[{"count":4,"href":"https:\/\/sites.usp.br\/posbfm\/wp-json\/wp\/v2\/pages\/718\/revisions"}],"predecessor-version":[{"id":1284,"href":"https:\/\/sites.usp.br\/posbfm\/wp-json\/wp\/v2\/pages\/718\/revisions\/1284"}],"wp:attachment":[{"href":"https:\/\/sites.usp.br\/posbfm\/wp-json\/wp\/v2\/media?parent=718"}],"curies":[{"name":"wp","href":"https:\/\/api.w.org\/{rel}","templated":true}]}}