{"id":956,"date":"2025-07-14T09:53:37","date_gmt":"2025-07-14T11:53:37","guid":{"rendered":"https:\/\/sites.usp.br\/posbfm\/?page_id=956"},"modified":"2025-11-25T09:23:56","modified_gmt":"2025-11-25T11:23:56","slug":"prova-selecao","status":"publish","type":"page","link":"https:\/\/sites.usp.br\/posbfm\/prova-selecao\/","title":{"rendered":"Prova de Conhecimentos Gerais"},"content":{"rendered":"\t\t<div data-elementor-type=\"wp-page\" data-elementor-id=\"956\" class=\"elementor elementor-956\" data-elementor-post-type=\"page\">\n\t\t\t\t\t\t<section class=\"elementor-section elementor-top-section elementor-element elementor-element-7455dd4 elementor-section-boxed elementor-section-height-default elementor-section-height-default\" data-id=\"7455dd4\" data-element_type=\"section\">\n\t\t\t\t\t\t<div class=\"elementor-container elementor-column-gap-default\">\n\t\t\t\t\t<div class=\"elementor-column elementor-col-100 elementor-top-column elementor-element elementor-element-1112c87\" data-id=\"1112c87\" data-element_type=\"column\">\n\t\t\t<div class=\"elementor-widget-wrap elementor-element-populated\">\n\t\t\t\t\t\t<div class=\"elementor-element elementor-element-c89aaf4 elementor-widget elementor-widget-heading\" data-id=\"c89aaf4\" data-element_type=\"widget\" data-widget_type=\"heading.default\">\n\t\t\t\t<div class=\"elementor-widget-container\">\n\t\t\t<h2 class=\"elementor-heading-title elementor-size-default\">Prova de Conhecimentos Gerais<\/h2>\t\t<\/div>\n\t\t\t\t<\/div>\n\t\t\t\t\t<\/div>\n\t\t<\/div>\n\t\t\t\t\t<\/div>\n\t\t<\/section>\n\t\t\t\t<section class=\"elementor-section elementor-top-section elementor-element elementor-element-2240c46 elementor-section-boxed elementor-section-height-default elementor-section-height-default\" data-id=\"2240c46\" data-element_type=\"section\">\n\t\t\t\t\t\t<div class=\"elementor-container elementor-column-gap-default\">\n\t\t\t\t\t<div class=\"elementor-column elementor-col-100 elementor-top-column elementor-element elementor-element-e9f1e63\" data-id=\"e9f1e63\" data-element_type=\"column\">\n\t\t\t<div class=\"elementor-widget-wrap elementor-element-populated\">\n\t\t\t\t\t\t<div class=\"elementor-element elementor-element-9ace919 elementor-widget elementor-widget-text-editor\" data-id=\"9ace919\" data-element_type=\"widget\" data-widget_type=\"text-editor.default\">\n\t\t\t\t<div class=\"elementor-widget-container\">\n\t\t\t\t\t\t\t<p><b>Resultados das provas de conhecimentos gerais em Fisiologia Humana ou Farmacologia:<br \/><\/b><\/p><p>=============================================================================<\/p><p><strong>Resultado da Prova de Conhecimentos Gerais realizada no dia 05\/11\/2025<\/strong><\/p><p><strong>Lista de 12 (doze) aprovados para a Pr\u00f3xima Etapa (An\u00e1lise Curricular e Argui\u00e7\u00e3o do Projeto de Pesquisa):<\/strong><\/p><div>1. Astre Gon\u00e7alves Felipe dos Santos (Mestrado)<\/div><div>2. Gabriela Esteves Sbardellotto (Doutorado Direto)<\/div><div>3. Gabriela Peres Vivoni (Mestrado)<\/div><div>4. Giovanna Matos Rodrigues (Doutorado Direto)<\/div><div>5. Giovanna Tresso Cust\u00f3dio (Mestrado)<\/div><div>6. Isabelle Caroline Santos (Mestrado)<\/div><div>7. Julia Sanches de Almeida (Mestrado)<\/div><div>8. Livia Marques Kilinsky (Mestrado)<\/div><div>9. L\u00f3ris Cristina Rodrigues (Mestrado)<\/div><div>10. Rafaela Augusto Maia (Doutorado Direto)<\/div><div>11. Samuel Santana Santos (Mestrado)<\/div><div>12. Thiago Moraes Inoc\u00eancio (Mestrado)<\/div><div>\u00a0<\/div><p>=============================================================================<\/p><p><strong>Resultado da Prova de Conhecimentos Gerais realizada no dia 26\/06\/2025<\/strong><\/p><p><strong>Lista de 14 (quatorze) aprovados para a Pr\u00f3xima Etapa (An\u00e1lise Curricular e Argui\u00e7\u00e3o do Projeto de Pesquisa):<\/strong><\/p><p>1. B\u00e1rbara Vict\u00f3ria Poffo Firmino (Mestrado)<br \/>2. Bianca Lugatti Cardoso Ferreira (Mestrado)<br \/>3. Filipe de Farias Furtado Martins (Mestrado)<br \/>4. Giovanna Isabelli de Freitas (Mestrado)<br \/>5. Isabella do Nascimento Gouvea (Doutorado Direto)<br \/>6. Jo\u00e3o Victor Santos Pinheiro (Doutorado Direto)<br \/>7. Jos\u00e9 Israel Coronel Hidalgo (Mestrado)<br \/>8. Leticya Pinto de Ara\u00fajo (Doutorado Direto)<br \/>9. Luara Beatriz Gheler de Novaes (Mestrado)<br \/>10. Maria Eduarda Bianchetti Goulart (Doutorado Direto)<br \/>11. Maria Eduarda de Oliveira Ara\u00fajo (Mestrado)<br \/>12. Marina da Silva Meira Neta (Doutorado Direto)<br \/>13. Nat\u00e1lia Marques Guilherme (Mestrado)<br \/>14. Thales Vieira Rodrigues (Doutorado Direto)<\/p><div><p>=============================================================================<\/p><p><strong>Resultado da Prova de Conhecimentos Gerais realizada no dia 09\/12\/2024<\/strong><\/p><p><strong>Lista de 10 (dez) aprovados para a Pr\u00f3xima Etapa (An\u00e1lise Curricular e Argui\u00e7\u00e3o do Projeto de Pesquisa):<\/strong><\/p><p>1. Barbara Rubio de Jesus (Mestrado)<br \/>2. Beatriz Monteiro Curcio (Doutorado Direto)<br \/>3. Davi de Souza (Mestrado)<br \/>4. Giovanna Isabelli de Freitas (Mestrado)<br \/>5. Guilherme C\u00e1ssio Soares Nascimento (Mestrado)<br \/>6. Lucas Tadeu Brancacio de Simone (Mestrado)<br \/>7. Mariana Gon\u00e7alves Macedo (Doutorado Direto)<br \/>8. Pedro Sousa Soares (Doutorado Direto)<br \/>9. Thais Martins Rodrigues (Mestrado)<br \/>10. Val\u00e9ria Cabral Santos (Mestrado)<\/p><\/div><p>==============================<wbr \/>==============================<wbr \/>==================<\/p><div><p><strong>Resultado da Prova de Fisiologia Humana realizada no dia <span id=\"OBJ_PREFIX_DWT723_com_zimbra_date\" class=\"Object\"><span id=\"OBJ_PREFIX_DWT724_com_zimbra_date\" class=\"Object\">02\/07\/2024<\/span><\/span><\/strong><\/p><p><strong>Lista de 01 (uma) aprovada para a Pr\u00f3xima Etapa (An\u00e1lise Curricular e Argui\u00e7\u00e3o do Projeto de Pesquisa):<\/strong><\/p><p>1. <span data-sheets-formula-bar-text-style=\"font-size:15px;color:#000000;font-weight:normal;text-decoration:none;font-family:'docs-Calibri';font-style:normal;text-decoration-skip-ink:none;\">La\u00eds do Vale Sant\u2019Anna<\/span> (Mestrado).<\/p><p>=====================================================================<\/p><p><strong>Resultado da Prova de Fisiologia Humana realizada no dia 22\/01\/2024<\/strong><\/p><p><strong>Lista de 10 (dez) aprovados para a Pr\u00f3xima Etapa: An\u00e1lise Curricular e Argui\u00e7\u00e3o do Projeto de Pesquisa:<\/strong><\/p><\/div><div><p>1. Beatriz Pereira da Silva e Souza (Mestrado)<br \/>2. Gabriel Mora de Barros (Mestrado)<br \/>3. Giovanna Castrignano Camargo (Mestrado)<br \/>4. Helena de La Torre Batista de Oliveira (Mestrado)<br \/>5. Let\u00edcia Barreto da Silva (Mestrado)<br \/>6. Let\u00edcia Ferreira Serra de Lima (Mestrado)<br \/>7. Nicolas Pereira Ciochetti (Mestrado)<br \/>8. Pedro Sousa Soares (Doutorado Direto)<br \/>9. Priscila Montanheri da Rocha (Mestrado)<br \/>10. Stephanie Junqueira dos Reis Rusew (Doutorado Direto)<\/p><\/div>\t\t\t\t\t\t<\/div>\n\t\t\t\t<\/div>\n\t\t\t\t\t<\/div>\n\t\t<\/div>\n\t\t\t\t\t<\/div>\n\t\t<\/section>\n\t\t\t\t<\/div>\n\t\t","protected":false},"excerpt":{"rendered":"<p>Prova de Conhecimentos Gerais Resultados das provas de conhecimentos gerais em Fisiologia Humana ou Farmacologia: ============================================================================= Resultado da Prova de Conhecimentos Gerais realizada no dia 05\/11\/2025 Lista de 12 (doze) [&hellip;]<\/p>\n","protected":false},"author":24472,"featured_media":0,"parent":0,"menu_order":0,"comment_status":"closed","ping_status":"closed","template":"","meta":{"footnotes":"","_links_to":"","_links_to_target":""},"class_list":["post-956","page","type-page","status-publish","hentry"],"_links":{"self":[{"href":"https:\/\/sites.usp.br\/posbfm\/wp-json\/wp\/v2\/pages\/956","targetHints":{"allow":["GET"]}}],"collection":[{"href":"https:\/\/sites.usp.br\/posbfm\/wp-json\/wp\/v2\/pages"}],"about":[{"href":"https:\/\/sites.usp.br\/posbfm\/wp-json\/wp\/v2\/types\/page"}],"author":[{"embeddable":true,"href":"https:\/\/sites.usp.br\/posbfm\/wp-json\/wp\/v2\/users\/24472"}],"replies":[{"embeddable":true,"href":"https:\/\/sites.usp.br\/posbfm\/wp-json\/wp\/v2\/comments?post=956"}],"version-history":[{"count":4,"href":"https:\/\/sites.usp.br\/posbfm\/wp-json\/wp\/v2\/pages\/956\/revisions"}],"predecessor-version":[{"id":1242,"href":"https:\/\/sites.usp.br\/posbfm\/wp-json\/wp\/v2\/pages\/956\/revisions\/1242"}],"wp:attachment":[{"href":"https:\/\/sites.usp.br\/posbfm\/wp-json\/wp\/v2\/media?parent=956"}],"curies":[{"name":"wp","href":"https:\/\/api.w.org\/{rel}","templated":true}]}}