{"id":1140,"date":"2022-11-06T19:01:21","date_gmt":"2022-11-06T21:01:21","guid":{"rendered":"https:\/\/sites.usp.br\/posfisio\/?page_id=1140"},"modified":"2024-10-25T08:17:00","modified_gmt":"2024-10-25T10:17:00","slug":"selecao-de-ingresso-2","status":"publish","type":"page","link":"https:\/\/sites.usp.br\/posfisio\/es\/selecao-de-ingresso-2\/","title":{"rendered":"Sele\u00e7\u00e3o de Ingresso"},"content":{"rendered":"\t\t<div data-elementor-type=\"wp-page\" data-elementor-id=\"1140\" class=\"elementor elementor-1140\" data-elementor-post-type=\"page\">\n\t\t\t\t\t\t<section class=\"elementor-section elementor-top-section elementor-element elementor-element-92cd0c7 elementor-section-boxed elementor-section-height-default elementor-section-height-default\" data-id=\"92cd0c7\" data-element_type=\"section\">\n\t\t\t\t\t\t<div class=\"elementor-container elementor-column-gap-default\">\n\t\t\t\t\t<div class=\"elementor-column elementor-col-100 elementor-top-column elementor-element elementor-element-800c841\" data-id=\"800c841\" data-element_type=\"column\">\n\t\t\t<div class=\"elementor-widget-wrap elementor-element-populated\">\n\t\t\t\t\t\t<div class=\"elementor-element elementor-element-8b01721 elementor-widget elementor-widget-spacer\" data-id=\"8b01721\" data-element_type=\"widget\" data-widget_type=\"spacer.default\">\n\t\t\t\t<div class=\"elementor-widget-container\">\n\t\t\t\t\t<div class=\"elementor-spacer\">\n\t\t\t<div class=\"elementor-spacer-inner\"><\/div>\n\t\t<\/div>\n\t\t\t\t<\/div>\n\t\t\t\t<\/div>\n\t\t\t\t\t<\/div>\n\t\t<\/div>\n\t\t\t\t\t<\/div>\n\t\t<\/section>\n\t\t\t\t<section class=\"elementor-section elementor-top-section elementor-element elementor-element-4534b4c elementor-section-boxed elementor-section-height-default elementor-section-height-default\" data-id=\"4534b4c\" data-element_type=\"section\">\n\t\t\t\t\t\t<div class=\"elementor-container elementor-column-gap-default\">\n\t\t\t\t\t<div class=\"elementor-column elementor-col-33 elementor-top-column elementor-element elementor-element-5cebca1\" data-id=\"5cebca1\" data-element_type=\"column\" data-settings=\"{&quot;background_background&quot;:&quot;classic&quot;}\">\n\t\t\t<div class=\"elementor-widget-wrap elementor-element-populated\">\n\t\t\t\t\t\t<div class=\"elementor-element elementor-element-d9f7a57 elementor-nav-menu__text-align-aside elementor-widget elementor-widget-nav-menu\" data-id=\"d9f7a57\" data-element_type=\"widget\" data-settings=\"{&quot;layout&quot;:&quot;dropdown&quot;,&quot;submenu_icon&quot;:{&quot;value&quot;:&quot;&lt;i class=\\&quot;fas fa-caret-down\\&quot;&gt;&lt;\\\/i&gt;&quot;,&quot;library&quot;:&quot;fa-solid&quot;}}\" data-widget_type=\"nav-menu.default\">\n\t\t\t\t<div class=\"elementor-widget-container\">\n\t\t\t\t\t\t<nav class=\"elementor-nav-menu--dropdown elementor-nav-menu__container\" aria-hidden=\"true\">\n\t\t\t\t<ul id=\"menu-2-d9f7a57\" class=\"elementor-nav-menu\"><li class=\"menu-item menu-item-type-custom menu-item-object-custom menu-item-home menu-item-444\"><a href=\"https:\/\/sites.usp.br\/posfisio\/es\/\" class=\"elementor-item\" tabindex=\"-1\">Home<\/a><\/li>\n<li class=\"menu-item menu-item-type-custom menu-item-object-custom menu-item-has-children menu-item-183\"><a href=\"https:\/\/sites.usp.br\/posfisio\/es\/programa\/\" class=\"elementor-item\" tabindex=\"-1\">Programa<\/a>\n<ul class=\"sub-menu elementor-nav-menu--dropdown\">\n\t<li class=\"menu-item menu-item-type-custom menu-item-object-custom menu-item-1981\"><a href=\"https:\/\/sites.usp.br\/posfisio\/es\/programa\/\" class=\"elementor-sub-item\" tabindex=\"-1\">Sobre o Programa<\/a><\/li>\n\t<li class=\"menu-item menu-item-type-custom menu-item-object-custom menu-item-733\"><a href=\"https:\/\/sites.usp.br\/posfisio\/es\/comissao-coordenadora\/\" class=\"elementor-sub-item\" tabindex=\"-1\">Comiss\u00e3o Coordenadora<\/a><\/li>\n\t<li class=\"menu-item menu-item-type-custom menu-item-object-custom menu-item-735\"><a href=\"https:\/\/sites.usp.br\/posfisio\/es\/formularios\/\" class=\"elementor-sub-item\" tabindex=\"-1\">Formul\u00e1rios<\/a><\/li>\n\t<li class=\"menu-item menu-item-type-custom menu-item-object-custom menu-item-745\"><a href=\"https:\/\/sites.usp.br\/posfisio\/es\/disciplinas\/\" class=\"elementor-sub-item\" tabindex=\"-1\">Disciplinas<\/a><\/li>\n\t<li class=\"menu-item menu-item-type-post_type menu-item-object-page menu-item-2360\"><a href=\"https:\/\/sites.usp.br\/posfisio\/es\/defesas-agendadas\/\" class=\"elementor-sub-item\" tabindex=\"-1\">Def<\/a><\/li>\n\t<li class=\"menu-item menu-item-type-custom menu-item-object-custom menu-item-751\"><a href=\"https:\/\/sites.usp.br\/posfisio\/es\/normas\/\" class=\"elementor-sub-item\" tabindex=\"-1\">Normas<\/a><\/li>\n\t<li class=\"menu-item menu-item-type-custom menu-item-object-custom menu-item-1213\"><a href=\"https:\/\/sites.usp.br\/posfisio\/es\/artigos-publicados\/\" class=\"elementor-sub-item\" tabindex=\"-1\">Artigos publicados<\/a><\/li>\n<\/ul>\n<\/li>\n<li class=\"menu-item menu-item-type-custom menu-item-object-custom menu-item-734\"><a href=\"https:\/\/sites.usp.br\/posfisio\/es\/orientadores\/\" class=\"elementor-item\" tabindex=\"-1\">Orientadores<\/a><\/li>\n<li class=\"menu-item menu-item-type-custom menu-item-object-custom menu-item-has-children menu-item-558\"><a href=\"https:\/\/sites.usp.br\/posfisio\/es\/selecao-de-ingresso\/\" class=\"elementor-item\" tabindex=\"-1\">Sele\u00e7\u00e3o de Ingresso<\/a>\n<ul class=\"sub-menu elementor-nav-menu--dropdown\">\n\t<li class=\"menu-item menu-item-type-post_type menu-item-object-page menu-item-1781\"><a href=\"https:\/\/sites.usp.br\/posfisio\/es\/selecao-de-ingresso-2\/\" class=\"elementor-sub-item\" tabindex=\"-1\">Sele\u00e7\u00e3o de Ingresso<\/a><\/li>\n\t<li class=\"menu-item menu-item-type-custom menu-item-object-custom menu-item-1214\"><a href=\"https:\/\/sites.usp.br\/posfisio\/es\/editais\/\" class=\"elementor-sub-item\" tabindex=\"-1\">Editais<\/a><\/li>\n\t<li class=\"menu-item menu-item-type-custom menu-item-object-custom menu-item-1215\"><a href=\"https:\/\/sites.usp.br\/posfisio\/es\/gre\/\" class=\"elementor-sub-item\" tabindex=\"-1\">GRE<\/a><\/li>\n\t<li class=\"menu-item menu-item-type-custom menu-item-object-custom menu-item-1216\"><a href=\"https:\/\/sites.usp.br\/posfisio\/es\/prova-de-fisiologia\/\" class=\"elementor-sub-item\" tabindex=\"-1\">Prova de Fisiologia<\/a><\/li>\n\t<li class=\"menu-item menu-item-type-custom menu-item-object-custom menu-item-1217\"><a href=\"https:\/\/sites.usp.br\/posfisio\/es\/prova-de-proficiencia\/\" class=\"elementor-sub-item\" tabindex=\"-1\">Prova de Profici\u00eancia<\/a><\/li>\n\t<li class=\"menu-item menu-item-type-custom menu-item-object-custom menu-item-1678\"><a href=\"https:\/\/sites.usp.br\/posfisio\/es\/criterios-para-bolsas-do\/\" class=\"elementor-sub-item\" tabindex=\"-1\">Crit\u00e9rios para Bolsas &#8211; DO<\/a><\/li>\n<\/ul>\n<\/li>\n<li class=\"menu-item menu-item-type-custom menu-item-object-custom menu-item-has-children menu-item-553\"><a href=\"https:\/\/sites.usp.br\/posfisio\/es\/pos-graduandos-2\/\" class=\"elementor-item\" tabindex=\"-1\">Post-Graduaci\u00f3n<\/a>\n<ul class=\"sub-menu elementor-nav-menu--dropdown\">\n\t<li class=\"menu-item menu-item-type-custom menu-item-object-custom menu-item-1682\"><a href=\"https:\/\/sites.usp.br\/posfisio\/wp-content\/uploads\/sites\/1200\/2024\/01\/lista_alunos_fisio_jan24.pdf\" class=\"elementor-sub-item\" tabindex=\"-1\">Post-Graduaci\u00f3n<\/a><\/li>\n\t<li class=\"menu-item menu-item-type-post_type menu-item-object-page menu-item-2537\"><a href=\"https:\/\/sites.usp.br\/posfisio\/es\/exame-de-qualificacao\/\" class=\"elementor-sub-item\" tabindex=\"-1\">Exame de Qualifica\u00e7\u00e3o<\/a><\/li>\n\t<li class=\"menu-item menu-item-type-post_type menu-item-object-page menu-item-2536\"><a href=\"https:\/\/sites.usp.br\/posfisio\/es\/defesas\/\" class=\"elementor-sub-item\" tabindex=\"-1\">Defesa de Disserta\u00e7\u00e3o\/Tese<\/a><\/li>\n\t<li class=\"menu-item menu-item-type-custom menu-item-object-custom menu-item-752\"><a href=\"https:\/\/sites.usp.br\/posfisio\/es\/pae\/\" class=\"elementor-sub-item\" tabindex=\"-1\">PAE<\/a><\/li>\n\t<li class=\"menu-item menu-item-type-post_type menu-item-object-page menu-item-2535\"><a href=\"https:\/\/sites.usp.br\/posfisio\/es\/cursos-obrigatorios\/\" class=\"elementor-sub-item\" tabindex=\"-1\">[Modelo de P\u00e1gina] \u2013 Duplicate \u2013 [#533] \u2013 Duplicate \u2013 [#2472] \u2013 Duplicate \u2013 [#2490]<\/a><\/li>\n\t<li class=\"menu-item menu-item-type-custom menu-item-object-custom menu-item-1218\"><a href=\"https:\/\/sites.usp.br\/posfisio\/es\/relatorios\/\" class=\"elementor-sub-item\" tabindex=\"-1\">Relat\u00f3rios<\/a><\/li>\n\t<li class=\"menu-item menu-item-type-custom menu-item-object-custom menu-item-1219\"><a href=\"https:\/\/sites.usp.br\/posfisio\/es\/alunos-especiais\/\" class=\"elementor-sub-item\" tabindex=\"-1\">Alunos especiais<\/a><\/li>\n\t<li class=\"menu-item menu-item-type-post_type menu-item-object-page menu-item-2534\"><a href=\"https:\/\/sites.usp.br\/posfisio\/es\/outros-formularios\/\" class=\"elementor-sub-item\" tabindex=\"-1\">Outros Formul\u00e1rios<\/a><\/li>\n\t<li class=\"menu-item menu-item-type-custom menu-item-object-custom menu-item-929\"><a href=\"https:\/\/sites.usp.br\/posfisio\/es\/teses\/\" class=\"elementor-sub-item\" tabindex=\"-1\">Defesas<\/a><\/li>\n<\/ul>\n<\/li>\n<li class=\"menu-item menu-item-type-custom menu-item-object-custom menu-item-1769\"><a href=\"https:\/\/fisiologia.icb.usp.br\/\" class=\"elementor-item\" tabindex=\"-1\">Departamento<\/a><\/li>\n<li class=\"menu-item menu-item-type-custom menu-item-object-custom menu-item-561\"><a href=\"https:\/\/sites.usp.br\/posfisio\/es\/contato\/\" class=\"elementor-item\" tabindex=\"-1\">Fale Conosco<\/a><\/li>\n<\/ul>\t\t\t<\/nav>\n\t\t\t\t<\/div>\n\t\t\t\t<\/div>\n\t\t\t\t\t<\/div>\n\t\t<\/div>\n\t\t\t\t<div class=\"elementor-column elementor-col-66 elementor-top-column elementor-element elementor-element-2d762f0\" data-id=\"2d762f0\" data-element_type=\"column\">\n\t\t\t<div class=\"elementor-widget-wrap elementor-element-populated\">\n\t\t\t\t\t\t<div class=\"elementor-element elementor-element-317091d elementor-widget elementor-widget-heading\" data-id=\"317091d\" data-element_type=\"widget\" data-widget_type=\"heading.default\">\n\t\t\t\t<div class=\"elementor-widget-container\">\n\t\t\t<h3 class=\"elementor-heading-title elementor-size-default\">Sele\u00e7\u00e3o de Ingresso<\/h3>\t\t<\/div>\n\t\t\t\t<\/div>\n\t\t\t\t<div class=\"elementor-element elementor-element-769cf4d elementor-widget elementor-widget-text-editor\" data-id=\"769cf4d\" data-element_type=\"widget\" data-widget_type=\"text-editor.default\">\n\t\t\t\t<div class=\"elementor-widget-container\">\n\t\t\t\t\t\t\t<p><strong>CANDIDATOS AO MESTRADO OU DOUTORADO DIRETO<\/strong><\/p><p>Para ingressar no Programa de P\u00f3s-Gradua\u00e7\u00e3o em Biologia Funcional e Molecular do ICB da USP, o candidato dever\u00e1 ser graduado.<\/p><p>O programa aceita graduados provenientes de outras \u00e1reas que n\u00e3o a \u00e1rea biom\u00e9dica.<\/p><p>O candidato dever\u00e1 escolher um orientador credenciado ao Programa e entrar em contato pr\u00e9vio com o mesmo para realizar um est\u00e1gio probat\u00f3rio.<\/p><p>As inscri\u00e7\u00f5es para o exame de sele\u00e7\u00e3o ocorrem semestralmente, e s\u00e3o divulgadas atrav\u00e9s de\u00a0<a href=\"http:\/\/posfisio.icb.usp.br\/selecao\/edital-de-selecao\/\">Edital<\/a>, geralmente nos meses de maio e outubro de cada ano.<\/p><p>As datas das provas semestrais de ingresso geralmente s\u00e3o realizadas:<\/p><p>\u2013 No primeiro semestre, a primeira ter\u00e7a-feira do m\u00eas de junho;<\/p><p>\u2013 No segundo semestre, a \u00faltima ter\u00e7a-feira do m\u00eas de novembro.<\/p><p><strong>Sele\u00e7\u00e3o<\/strong><\/p><p>1. Ser\u00e1 realizada uma prova de conhecimentos gerais em Fisiologia Humana com o\u00a0<a href=\"http:\/\/posfisio.icb.usp.br\/selecao\/conteudo-programatico\/\">conte\u00fado program\u00e1tico<\/a> que abrange as \u00e1reas de Biof\u00edsica, Neurofisiologia e Fisiologias Cardiovascular, Respirat\u00f3ria, Renal, Gastrointestinal e End\u00f3crina. Ser\u00e1 classificado para a pr\u00f3xima fase o candidato ao Mestrado que obtiver m\u00e9dia igual ou superior a 5 (cinco) e o candidato ao Doutorado Direto que obtiver m\u00e9dia igual ou superior a 7 (sete) .<\/p><p>2. Realizar o exame de profici\u00eancia em ingl\u00eas no Centro de L\u00ednguas da FFLCH \u2013 USP.<br \/>A profici\u00eancia no idioma ingl\u00eas ser\u00e1 exigido na etapa de An\u00e1lise Curricular e Argui\u00e7\u00e3o do Projeto de Pesquisa de todos os candidatos aprovados que prestarem a Sele\u00e7\u00e3o de Ingresso a partir de 21\/07\/2014. Para isso exige-se o grau Suficiente emitido pelo Centro de L\u00ednguas da FFLCH\/USP ap\u00f3s a realiza\u00e7\u00e3o de sua prova trimestral.\u00a0 Tamb\u00e9m, segue lista dos certificados que s\u00e3o considerados equivalentes para a demonstra\u00e7\u00e3o da profici\u00eancia na l\u00edngua inglesa:\u00a0<a href=\"http:\/\/posfisio.icb.usp.br\/wp-content\/uploads\/2020\/10\/proficiencia_ingles_mestradodoutorado_v2.pdf\" target=\"_blank\" rel=\"noopener\">Lista.<\/a><\/p><p>3. Submeter-se a An\u00e1lise Curricular e Argui\u00e7\u00e3o do Projeto de Pesquisa, no caso de aprova\u00e7\u00e3o na prova escrita de Fisiologia, com a Comiss\u00e3o Coordenadora do Programa. Nesta, o candidato \u00e9 arguido quanto ao seu curr\u00edculo e ao projeto de pesquisa a ser desenvolvido.<\/p><p><strong>Inscri\u00e7\u00e3o, seguindo o modo de envio\/entrega descrito no\u00a0<a href=\"http:\/\/posfisio.icb.usp.br\/selecao\/edital-de-selecao\/\" target=\"_blank\" rel=\"noopener\">Edital<\/a><br \/><\/strong><\/p><p>1. Documentos pessoais;<\/p><p>2. Documentos de comprova\u00e7\u00e3o da Gradua\u00e7\u00e3o;<\/p><p>3.\u00a0<a href=\"https:\/\/sites.usp.br\/posfisio\/wp-content\/uploads\/sites\/1200\/2023\/11\/formulario_de_inscricao_ME-DD-DO.doc\">Formul\u00e1rio de Inscri\u00e7\u00e3o de Mestrado e Doutorado Direto<\/a>;<\/p><p>4. <a href=\"https:\/\/sites.usp.br\/posfisio\/wp-content\/uploads\/sites\/1200\/2023\/11\/Form_aceitacao_orientacao.doc\">Formul\u00e1rio de aceite do orientador<\/a>;<\/p><p>* Todos os formul\u00e1rios devem ser entregues digitados.<\/p><hr \/><p><strong>PARA OS CANDIDATOS AO DOUTORADO COM MESTRADO<\/strong><\/p><p>A sele\u00e7\u00e3o destes candidatos \u00e9 de fluxo cont\u00ednuo, de acordo com as normas abaixo:<\/p><p>i \u2013 An\u00e1lise do Curr\u00edculo<\/p><p>ii \u2013 An\u00e1lise da Disserta\u00e7\u00e3o de Mestrado;<\/p><p>iii \u2013 Argui\u00e7\u00e3o da Disserta\u00e7\u00e3o;<\/p><p>iv \u2013 Argui\u00e7\u00e3o do Projeto\/Trabalho de Pesquisa.<\/p><p>Para a inscri\u00e7\u00e3o, conforme o modo de envio\/entrega descrito no\u00a0<a href=\"http:\/\/posfisio.icb.usp.br\/selecao\/edital-de-selecao\/\" target=\"_blank\" rel=\"noopener\">Edital<\/a>, os documentos necess\u00e1rios s\u00e3o:<\/p><p>1. Documentos pessoais;<\/p><p>2. Documentos de comprova\u00e7\u00e3o da Gradua\u00e7\u00e3o;<\/p><p>3. Documentos de comprova\u00e7\u00e3o do Mestrado;<\/p><p>4.\u00a0<a href=\"https:\/\/sites.usp.br\/posfisio\/wp-content\/uploads\/sites\/1200\/2023\/11\/formulario_de_inscricao_ME-DD-DO.doc\">Formul\u00e1rio de Inscri\u00e7\u00e3o de Doutorado com Mestrado<\/a>;<\/p><p>5. <a href=\"https:\/\/sites.usp.br\/posfisio\/wp-content\/uploads\/sites\/1200\/2023\/11\/Form_aceitacao_orientacao.doc\">Formul\u00e1rio de aceite do orientador<\/a>;<\/p><p>6. Projeto de Pesquisa a ser desenvolvido (p\/ entrevista) com: resumo, introdu\u00e7\u00e3o e justificativa, objetivos, cronograma, material e m\u00e9todos e bibliografia.<br \/>Deve ter no m\u00e1ximo 20 p\u00e1ginas e ser enviado no formato PDF para o endere\u00e7o eletr\u00f4nico posfisio@icb.usp.br .<\/p><p>* Todos os formul\u00e1rios devem ser entregues digitados.<\/p><p>* Profici\u00eancia no idioma ingl\u00eas: segue lista dos certificados que s\u00e3o considerados equivalentes para a demonstra\u00e7\u00e3o da profici\u00eancia na l\u00edngua inglesa:\u00a0<a href=\"http:\/\/posfisio.icb.usp.br\/wp-content\/uploads\/2020\/10\/proficiencia_ingles_doutorado_v2.pdf\" target=\"_blank\" rel=\"noopener\">Lista.<\/a><\/p><p>Por ser fluxo cont\u00ednuo, as datas de abertura das inscri\u00e7\u00f5es do Edital s\u00e3o:<\/p><p>\u2013 No primeiro semestre, inscri\u00e7\u00f5es do in\u00edcio de fevereiro at\u00e9 o fim do m\u00eas de junho;<\/p><p>\u2013 No segundo semestre, inscri\u00e7\u00f5es do in\u00edcio de julho at\u00e9 o fim do m\u00eas de novembro.<\/p><p>Maiores detalhes: veja o\u00a0<a href=\"http:\/\/posfisio.icb.usp.br\/selecao\/edital-de-selecao\/\">Edital<\/a>\u00a0para os candidatos ao Doutorado com Mestrado.<\/p>\t\t\t\t\t\t<\/div>\n\t\t\t\t<\/div>\n\t\t\t\t\t<\/div>\n\t\t<\/div>\n\t\t\t\t\t<\/div>\n\t\t<\/section>\n\t\t\t\t<section class=\"elementor-section elementor-top-section elementor-element elementor-element-004ebd1 elementor-section-boxed elementor-section-height-default elementor-section-height-default\" data-id=\"004ebd1\" data-element_type=\"section\">\n\t\t\t\t\t\t<div class=\"elementor-container elementor-column-gap-default\">\n\t\t\t\t\t<div class=\"elementor-column elementor-col-100 elementor-top-column elementor-element elementor-element-d9a94b4\" data-id=\"d9a94b4\" data-element_type=\"column\">\n\t\t\t<div class=\"elementor-widget-wrap elementor-element-populated\">\n\t\t\t\t\t\t<div class=\"elementor-element elementor-element-8810dca elementor-widget elementor-widget-spacer\" data-id=\"8810dca\" data-element_type=\"widget\" data-widget_type=\"spacer.default\">\n\t\t\t\t<div class=\"elementor-widget-container\">\n\t\t\t\t\t<div class=\"elementor-spacer\">\n\t\t\t<div class=\"elementor-spacer-inner\"><\/div>\n\t\t<\/div>\n\t\t\t\t<\/div>\n\t\t\t\t<\/div>\n\t\t\t\t\t<\/div>\n\t\t<\/div>\n\t\t\t\t\t<\/div>\n\t\t<\/section>\n\t\t\t\t<\/div>\n\t\t","protected":false},"excerpt":{"rendered":"<p>Sele\u00e7\u00e3o de Ingresso CANDIDATOS AO MESTRADO OU DOUTORADO DIRETO Para ingressar no Programa de P\u00f3s-Gradua\u00e7\u00e3o em Biologia Funcional e Molecular do ICB da USP, o candidato dever\u00e1 ser graduado. O programa aceita graduados provenientes de outras \u00e1reas que n\u00e3o a \u00e1rea biom\u00e9dica. O candidato dever\u00e1 escolher um orientador credenciado ao Programa e entrar em contato &hellip; <\/p>\n<p class=\"link-more\"><a href=\"https:\/\/sites.usp.br\/posfisio\/es\/selecao-de-ingresso-2\/\" class=\"more-link\">Seguir leyendo<span class=\"screen-reader-text\"> \u00abSele\u00e7\u00e3o de Ingresso\u00bb<\/span><\/a><\/p>\n","protected":false},"author":1138,"featured_media":0,"parent":0,"menu_order":0,"comment_status":"closed","ping_status":"closed","template":"elementor_header_footer","meta":{"footnotes":"","_links_to":"","_links_to_target":""},"class_list":["post-1140","page","type-page","status-publish","hentry","entry"],"_links":{"self":[{"href":"https:\/\/sites.usp.br\/posfisio\/es\/wp-json\/wp\/v2\/pages\/1140","targetHints":{"allow":["GET"]}}],"collection":[{"href":"https:\/\/sites.usp.br\/posfisio\/es\/wp-json\/wp\/v2\/pages"}],"about":[{"href":"https:\/\/sites.usp.br\/posfisio\/es\/wp-json\/wp\/v2\/types\/page"}],"author":[{"embeddable":true,"href":"https:\/\/sites.usp.br\/posfisio\/es\/wp-json\/wp\/v2\/users\/1138"}],"replies":[{"embeddable":true,"href":"https:\/\/sites.usp.br\/posfisio\/es\/wp-json\/wp\/v2\/comments?post=1140"}],"version-history":[{"count":4,"href":"https:\/\/sites.usp.br\/posfisio\/es\/wp-json\/wp\/v2\/pages\/1140\/revisions"}],"predecessor-version":[{"id":2836,"href":"https:\/\/sites.usp.br\/posfisio\/es\/wp-json\/wp\/v2\/pages\/1140\/revisions\/2836"}],"wp:attachment":[{"href":"https:\/\/sites.usp.br\/posfisio\/es\/wp-json\/wp\/v2\/media?parent=1140"}],"curies":[{"name":"wp","href":"https:\/\/api.w.org\/{rel}","templated":true}]}}