{"id":2510,"date":"2023-10-24T10:59:28","date_gmt":"2023-10-24T12:59:28","guid":{"rendered":"https:\/\/sites.usp.br\/posfisio\/?page_id=2510"},"modified":"2024-04-12T12:07:33","modified_gmt":"2024-04-12T14:07:33","slug":"outros-formularios","status":"publish","type":"page","link":"https:\/\/sites.usp.br\/posfisio\/es\/outros-formularios\/","title":{"rendered":"Outros Formul\u00e1rios"},"content":{"rendered":"\t\t<div data-elementor-type=\"wp-page\" data-elementor-id=\"2510\" class=\"elementor elementor-2510\" data-elementor-post-type=\"page\">\n\t\t\t\t\t\t<section class=\"elementor-section elementor-top-section elementor-element elementor-element-ad9ade1 elementor-section-boxed elementor-section-height-default elementor-section-height-default\" data-id=\"ad9ade1\" data-element_type=\"section\">\n\t\t\t\t\t\t<div class=\"elementor-container elementor-column-gap-default\">\n\t\t\t\t\t<div class=\"elementor-column elementor-col-100 elementor-top-column elementor-element elementor-element-77b7e18\" data-id=\"77b7e18\" data-element_type=\"column\">\n\t\t\t<div class=\"elementor-widget-wrap elementor-element-populated\">\n\t\t\t\t\t\t<div class=\"elementor-element elementor-element-986a488 elementor-widget elementor-widget-spacer\" data-id=\"986a488\" data-element_type=\"widget\" data-widget_type=\"spacer.default\">\n\t\t\t\t<div class=\"elementor-widget-container\">\n\t\t\t\t\t<div class=\"elementor-spacer\">\n\t\t\t<div class=\"elementor-spacer-inner\"><\/div>\n\t\t<\/div>\n\t\t\t\t<\/div>\n\t\t\t\t<\/div>\n\t\t\t\t\t<\/div>\n\t\t<\/div>\n\t\t\t\t\t<\/div>\n\t\t<\/section>\n\t\t\t\t<section class=\"elementor-section elementor-top-section elementor-element elementor-element-1baa82f elementor-section-boxed elementor-section-height-default elementor-section-height-default\" data-id=\"1baa82f\" data-element_type=\"section\">\n\t\t\t\t\t\t<div class=\"elementor-container elementor-column-gap-default\">\n\t\t\t\t\t<div class=\"elementor-column elementor-col-50 elementor-top-column elementor-element elementor-element-8b5ee59\" data-id=\"8b5ee59\" data-element_type=\"column\" data-settings=\"{&quot;background_background&quot;:&quot;classic&quot;}\">\n\t\t\t<div class=\"elementor-widget-wrap elementor-element-populated\">\n\t\t\t\t\t\t<div class=\"elementor-element elementor-element-3425de5 elementor-nav-menu__text-align-aside elementor-widget elementor-widget-nav-menu\" data-id=\"3425de5\" data-element_type=\"widget\" data-settings=\"{&quot;layout&quot;:&quot;dropdown&quot;,&quot;submenu_icon&quot;:{&quot;value&quot;:&quot;&lt;i class=\\&quot;fas fa-caret-down\\&quot;&gt;&lt;\\\/i&gt;&quot;,&quot;library&quot;:&quot;fa-solid&quot;}}\" data-widget_type=\"nav-menu.default\">\n\t\t\t\t<div class=\"elementor-widget-container\">\n\t\t\t\t\t\t<nav class=\"elementor-nav-menu--dropdown elementor-nav-menu__container\" aria-hidden=\"true\">\n\t\t\t\t<ul id=\"menu-2-3425de5\" class=\"elementor-nav-menu\"><li class=\"menu-item menu-item-type-custom menu-item-object-custom menu-item-home menu-item-444\"><a href=\"https:\/\/sites.usp.br\/posfisio\/es\/\" class=\"elementor-item\" tabindex=\"-1\">Home<\/a><\/li>\n<li class=\"menu-item menu-item-type-custom menu-item-object-custom menu-item-has-children menu-item-183\"><a href=\"https:\/\/sites.usp.br\/posfisio\/es\/programa\/\" class=\"elementor-item\" tabindex=\"-1\">Programa<\/a>\n<ul class=\"sub-menu elementor-nav-menu--dropdown\">\n\t<li class=\"menu-item menu-item-type-custom menu-item-object-custom menu-item-1981\"><a href=\"https:\/\/sites.usp.br\/posfisio\/es\/programa\/\" class=\"elementor-sub-item\" tabindex=\"-1\">Sobre o Programa<\/a><\/li>\n\t<li class=\"menu-item menu-item-type-custom menu-item-object-custom menu-item-733\"><a href=\"https:\/\/sites.usp.br\/posfisio\/es\/comissao-coordenadora\/\" class=\"elementor-sub-item\" tabindex=\"-1\">Comiss\u00e3o Coordenadora<\/a><\/li>\n\t<li class=\"menu-item menu-item-type-custom menu-item-object-custom menu-item-735\"><a href=\"https:\/\/sites.usp.br\/posfisio\/es\/formularios\/\" class=\"elementor-sub-item\" tabindex=\"-1\">Formul\u00e1rios<\/a><\/li>\n\t<li class=\"menu-item menu-item-type-custom menu-item-object-custom menu-item-745\"><a href=\"https:\/\/sites.usp.br\/posfisio\/es\/disciplinas\/\" class=\"elementor-sub-item\" tabindex=\"-1\">Disciplinas<\/a><\/li>\n\t<li class=\"menu-item menu-item-type-post_type menu-item-object-page menu-item-2360\"><a href=\"https:\/\/sites.usp.br\/posfisio\/es\/defesas-agendadas\/\" class=\"elementor-sub-item\" tabindex=\"-1\">Def<\/a><\/li>\n\t<li class=\"menu-item menu-item-type-custom menu-item-object-custom menu-item-751\"><a href=\"https:\/\/sites.usp.br\/posfisio\/es\/normas\/\" class=\"elementor-sub-item\" tabindex=\"-1\">Normas<\/a><\/li>\n\t<li class=\"menu-item menu-item-type-custom menu-item-object-custom menu-item-1213\"><a href=\"https:\/\/sites.usp.br\/posfisio\/es\/artigos-publicados\/\" class=\"elementor-sub-item\" tabindex=\"-1\">Artigos publicados<\/a><\/li>\n<\/ul>\n<\/li>\n<li class=\"menu-item menu-item-type-custom menu-item-object-custom menu-item-734\"><a href=\"https:\/\/sites.usp.br\/posfisio\/es\/orientadores\/\" class=\"elementor-item\" tabindex=\"-1\">Orientadores<\/a><\/li>\n<li class=\"menu-item menu-item-type-custom menu-item-object-custom menu-item-has-children menu-item-558\"><a href=\"https:\/\/sites.usp.br\/posfisio\/es\/selecao-de-ingresso\/\" class=\"elementor-item\" tabindex=\"-1\">Sele\u00e7\u00e3o de Ingresso<\/a>\n<ul class=\"sub-menu elementor-nav-menu--dropdown\">\n\t<li class=\"menu-item menu-item-type-post_type menu-item-object-page menu-item-1781\"><a href=\"https:\/\/sites.usp.br\/posfisio\/es\/selecao-de-ingresso-2\/\" class=\"elementor-sub-item\" tabindex=\"-1\">Sele\u00e7\u00e3o de Ingresso<\/a><\/li>\n\t<li class=\"menu-item menu-item-type-custom menu-item-object-custom menu-item-1214\"><a href=\"https:\/\/sites.usp.br\/posfisio\/es\/editais\/\" class=\"elementor-sub-item\" tabindex=\"-1\">Editais<\/a><\/li>\n\t<li class=\"menu-item menu-item-type-custom menu-item-object-custom menu-item-1215\"><a href=\"https:\/\/sites.usp.br\/posfisio\/es\/gre\/\" class=\"elementor-sub-item\" tabindex=\"-1\">GRE<\/a><\/li>\n\t<li class=\"menu-item menu-item-type-custom menu-item-object-custom menu-item-1216\"><a href=\"https:\/\/sites.usp.br\/posfisio\/es\/prova-de-fisiologia\/\" class=\"elementor-sub-item\" tabindex=\"-1\">Prova de Fisiologia<\/a><\/li>\n\t<li class=\"menu-item menu-item-type-custom menu-item-object-custom menu-item-1217\"><a href=\"https:\/\/sites.usp.br\/posfisio\/es\/prova-de-proficiencia\/\" class=\"elementor-sub-item\" tabindex=\"-1\">Prova de Profici\u00eancia<\/a><\/li>\n\t<li class=\"menu-item menu-item-type-custom menu-item-object-custom menu-item-1678\"><a href=\"https:\/\/sites.usp.br\/posfisio\/es\/criterios-para-bolsas-do\/\" class=\"elementor-sub-item\" tabindex=\"-1\">Crit\u00e9rios para Bolsas &#8211; DO<\/a><\/li>\n<\/ul>\n<\/li>\n<li class=\"menu-item menu-item-type-custom menu-item-object-custom menu-item-has-children menu-item-553\"><a href=\"https:\/\/sites.usp.br\/posfisio\/es\/pos-graduandos-2\/\" class=\"elementor-item\" tabindex=\"-1\">Post-Graduaci\u00f3n<\/a>\n<ul class=\"sub-menu elementor-nav-menu--dropdown\">\n\t<li class=\"menu-item menu-item-type-custom menu-item-object-custom menu-item-1682\"><a href=\"https:\/\/sites.usp.br\/posfisio\/wp-content\/uploads\/sites\/1200\/2024\/01\/lista_alunos_fisio_jan24.pdf\" class=\"elementor-sub-item\" tabindex=\"-1\">Post-Graduaci\u00f3n<\/a><\/li>\n\t<li class=\"menu-item menu-item-type-post_type menu-item-object-page menu-item-2537\"><a href=\"https:\/\/sites.usp.br\/posfisio\/es\/exame-de-qualificacao\/\" class=\"elementor-sub-item\" tabindex=\"-1\">Exame de Qualifica\u00e7\u00e3o<\/a><\/li>\n\t<li class=\"menu-item menu-item-type-post_type menu-item-object-page menu-item-2536\"><a href=\"https:\/\/sites.usp.br\/posfisio\/es\/defesas\/\" class=\"elementor-sub-item\" tabindex=\"-1\">Defesa de Disserta\u00e7\u00e3o\/Tese<\/a><\/li>\n\t<li class=\"menu-item menu-item-type-custom menu-item-object-custom menu-item-752\"><a href=\"https:\/\/sites.usp.br\/posfisio\/es\/pae\/\" class=\"elementor-sub-item\" tabindex=\"-1\">PAE<\/a><\/li>\n\t<li class=\"menu-item menu-item-type-post_type menu-item-object-page menu-item-2535\"><a href=\"https:\/\/sites.usp.br\/posfisio\/es\/cursos-obrigatorios\/\" class=\"elementor-sub-item\" tabindex=\"-1\">[Modelo de P\u00e1gina] \u2013 Duplicate \u2013 [#533] \u2013 Duplicate \u2013 [#2472] \u2013 Duplicate \u2013 [#2490]<\/a><\/li>\n\t<li class=\"menu-item menu-item-type-custom menu-item-object-custom menu-item-1218\"><a href=\"https:\/\/sites.usp.br\/posfisio\/es\/relatorios\/\" class=\"elementor-sub-item\" tabindex=\"-1\">Relat\u00f3rios<\/a><\/li>\n\t<li class=\"menu-item menu-item-type-custom menu-item-object-custom menu-item-1219\"><a href=\"https:\/\/sites.usp.br\/posfisio\/es\/alunos-especiais\/\" class=\"elementor-sub-item\" tabindex=\"-1\">Alunos especiais<\/a><\/li>\n\t<li class=\"menu-item menu-item-type-post_type menu-item-object-page menu-item-2534\"><a href=\"https:\/\/sites.usp.br\/posfisio\/es\/outros-formularios\/\" class=\"elementor-sub-item\" tabindex=\"-1\">Outros Formul\u00e1rios<\/a><\/li>\n\t<li class=\"menu-item menu-item-type-custom menu-item-object-custom menu-item-929\"><a href=\"https:\/\/sites.usp.br\/posfisio\/es\/teses\/\" class=\"elementor-sub-item\" tabindex=\"-1\">Defesas<\/a><\/li>\n<\/ul>\n<\/li>\n<li class=\"menu-item menu-item-type-custom menu-item-object-custom menu-item-1769\"><a href=\"https:\/\/fisiologia.icb.usp.br\/\" class=\"elementor-item\" tabindex=\"-1\">Departamento<\/a><\/li>\n<li class=\"menu-item menu-item-type-custom menu-item-object-custom menu-item-561\"><a href=\"https:\/\/sites.usp.br\/posfisio\/es\/contato\/\" class=\"elementor-item\" tabindex=\"-1\">Fale Conosco<\/a><\/li>\n<\/ul>\t\t\t<\/nav>\n\t\t\t\t<\/div>\n\t\t\t\t<\/div>\n\t\t\t\t\t<\/div>\n\t\t<\/div>\n\t\t\t\t<div class=\"elementor-column elementor-col-50 elementor-top-column elementor-element elementor-element-d2d3fbb\" data-id=\"d2d3fbb\" data-element_type=\"column\">\n\t\t\t<div class=\"elementor-widget-wrap elementor-element-populated\">\n\t\t\t\t\t\t<div class=\"elementor-element elementor-element-2c54e76 elementor-widget elementor-widget-heading\" data-id=\"2c54e76\" data-element_type=\"widget\" data-widget_type=\"heading.default\">\n\t\t\t\t<div class=\"elementor-widget-container\">\n\t\t\t<h3 class=\"elementor-heading-title elementor-size-default\">Formul\u00e1rios Diversos<\/h3>\t\t<\/div>\n\t\t\t\t<\/div>\n\t\t\t\t<div class=\"elementor-element elementor-element-1c74497 elementor-widget elementor-widget-text-editor\" data-id=\"1c74497\" data-element_type=\"widget\" data-widget_type=\"text-editor.default\">\n\t\t\t\t<div class=\"elementor-widget-container\">\n\t\t\t\t\t\t\t<p><strong>Solicita\u00e7\u00e3o de cr\u00e9ditos especiais:<\/strong><\/p><p>\u00a0&#8211; <a href=\"https:\/\/sites.usp.br\/posfisio\/wp-content\/uploads\/sites\/1200\/2023\/10\/Normas_CreditosEspeciais.pdf\">Normas para solicita\u00e7\u00e3o de cr\u00e9ditos especiais<\/a><\/p><p><br \/>\u00a0&#8211; <a href=\"https:\/\/sites.usp.br\/posfisio\/wp-content\/uploads\/sites\/1200\/2023\/10\/publicacao_somente_revista_indexada.doc\">Formul\u00e1rio atribui\u00e7\u00e3o cr\u00e9ditos por publica\u00e7\u00f5es (artigo completo)<\/a> <br \/>\u00a0&#8211; <a href=\"https:\/\/sites.usp.br\/posfisio\/wp-content\/uploads\/sites\/1200\/2023\/10\/livro.doc\">Formul\u00e1rio atribui\u00e7\u00e3o cr\u00e9ditos por publica\u00e7\u00e3o de cap\u00edtulo de livro<\/a><br \/>\u00a0&#8211; <a href=\"https:\/\/sites.usp.br\/posfisio\/wp-content\/uploads\/sites\/1200\/2023\/10\/form_solic_atrib_cred_pae.doc\">Formul\u00e1rio atribui\u00e7\u00e3o de cr\u00e9ditos est\u00e1gio do programa PAE<\/a> <br \/>\u00a0&#8211; <a href=\"https:\/\/sites.usp.br\/posfisio\/wp-content\/uploads\/sites\/1200\/2023\/10\/formulario-credito-disciplina-externa.doc\">Formul\u00e1rio para solicitar atribui\u00e7\u00e3o de cr\u00e9ditos em disciplinas (realizadas dentro e fora da USP)<\/a><\/p><p><strong>Solicita\u00e7\u00e3o de trancamento de matr\u00edcula:<\/strong><\/p><p>\u00a0&#8211; <a href=\"https:\/\/sites.usp.br\/posfisio\/wp-content\/uploads\/sites\/1200\/2023\/10\/Regimento_PGUSP_Trancamento.pdf\">Normas USP para solicita\u00e7\u00e3o de trancamento<\/a><\/p><p>\u00a0&#8211; <a href=\"https:\/\/sites.usp.br\/posfisio\/wp-content\/uploads\/sites\/1200\/2023\/10\/Formulario_Trancamento-de-Matricula.docx\">Formul\u00e1rio para solicita\u00e7\u00e3o de trancamento<\/a><\/p>\t\t\t\t\t\t<\/div>\n\t\t\t\t<\/div>\n\t\t\t\t\t<\/div>\n\t\t<\/div>\n\t\t\t\t\t<\/div>\n\t\t<\/section>\n\t\t\t\t<\/div>\n\t\t","protected":false},"excerpt":{"rendered":"<p>Formul\u00e1rios Diversos Solicita\u00e7\u00e3o de cr\u00e9ditos especiais: \u00a0&#8211; Normas para solicita\u00e7\u00e3o de cr\u00e9ditos especiais \u00a0&#8211; Formul\u00e1rio atribui\u00e7\u00e3o cr\u00e9ditos por publica\u00e7\u00f5es (artigo completo) \u00a0&#8211; Formul\u00e1rio atribui\u00e7\u00e3o cr\u00e9ditos por publica\u00e7\u00e3o de cap\u00edtulo de livro\u00a0&#8211; Formul\u00e1rio atribui\u00e7\u00e3o de cr\u00e9ditos est\u00e1gio do programa PAE \u00a0&#8211; Formul\u00e1rio para solicitar atribui\u00e7\u00e3o de cr\u00e9ditos em disciplinas (realizadas dentro e fora da USP) Solicita\u00e7\u00e3o &hellip; <\/p>\n<p class=\"link-more\"><a href=\"https:\/\/sites.usp.br\/posfisio\/es\/outros-formularios\/\" class=\"more-link\">Seguir leyendo<span class=\"screen-reader-text\"> \u00abOutros Formul\u00e1rios\u00bb<\/span><\/a><\/p>\n","protected":false},"author":1138,"featured_media":0,"parent":0,"menu_order":0,"comment_status":"closed","ping_status":"closed","template":"elementor_header_footer","meta":{"footnotes":"","_links_to":"","_links_to_target":""},"class_list":["post-2510","page","type-page","status-publish","hentry","entry"],"_links":{"self":[{"href":"https:\/\/sites.usp.br\/posfisio\/es\/wp-json\/wp\/v2\/pages\/2510","targetHints":{"allow":["GET"]}}],"collection":[{"href":"https:\/\/sites.usp.br\/posfisio\/es\/wp-json\/wp\/v2\/pages"}],"about":[{"href":"https:\/\/sites.usp.br\/posfisio\/es\/wp-json\/wp\/v2\/types\/page"}],"author":[{"embeddable":true,"href":"https:\/\/sites.usp.br\/posfisio\/es\/wp-json\/wp\/v2\/users\/1138"}],"replies":[{"embeddable":true,"href":"https:\/\/sites.usp.br\/posfisio\/es\/wp-json\/wp\/v2\/comments?post=2510"}],"version-history":[{"count":4,"href":"https:\/\/sites.usp.br\/posfisio\/es\/wp-json\/wp\/v2\/pages\/2510\/revisions"}],"predecessor-version":[{"id":2747,"href":"https:\/\/sites.usp.br\/posfisio\/es\/wp-json\/wp\/v2\/pages\/2510\/revisions\/2747"}],"wp:attachment":[{"href":"https:\/\/sites.usp.br\/posfisio\/es\/wp-json\/wp\/v2\/media?parent=2510"}],"curies":[{"name":"wp","href":"https:\/\/api.w.org\/{rel}","templated":true}]}}