{"id":504,"date":"2022-10-24T17:12:14","date_gmt":"2022-10-24T19:12:14","guid":{"rendered":"https:\/\/sites.usp.br\/posfisio\/?page_id=504"},"modified":"2022-12-18T11:28:00","modified_gmt":"2022-12-18T13:28:00","slug":"home","status":"publish","type":"page","link":"https:\/\/sites.usp.br\/posfisio\/es\/","title":{"rendered":"Home"},"content":{"rendered":"<p class=\"qtranxs-available-languages-message qtranxs-available-languages-message-es\">Disculpa, pero esta entrada est\u00e1 disponible s\u00f3lo en <a href=\"https:\/\/sites.usp.br\/posfisio\/pt\/wp-json\/wp\/v2\/pages\/504\" class=\"qtranxs-available-language-link qtranxs-available-language-link-pt\" title=\"Portugu\u00eas\">Portugu\u00eas<\/a> y <a href=\"https:\/\/sites.usp.br\/posfisio\/en\/wp-json\/wp\/v2\/pages\/504\" class=\"qtranxs-available-language-link qtranxs-available-language-link-en\" title=\"English\">English<\/a>.<\/p>","protected":false},"excerpt":{"rendered":"<p>Disculpa, pero esta entrada est\u00e1 disponible s\u00f3lo en Portugu\u00eas y English.<\/p>\n","protected":false},"author":1200,"featured_media":0,"parent":0,"menu_order":0,"comment_status":"closed","ping_status":"closed","template":"elementor_header_footer","meta":{"footnotes":"","_links_to":"","_links_to_target":""},"class_list":["post-504","page","type-page","status-publish","hentry","entry"],"_links":{"self":[{"href":"https:\/\/sites.usp.br\/posfisio\/es\/wp-json\/wp\/v2\/pages\/504","targetHints":{"allow":["GET"]}}],"collection":[{"href":"https:\/\/sites.usp.br\/posfisio\/es\/wp-json\/wp\/v2\/pages"}],"about":[{"href":"https:\/\/sites.usp.br\/posfisio\/es\/wp-json\/wp\/v2\/types\/page"}],"author":[{"embeddable":true,"href":"https:\/\/sites.usp.br\/posfisio\/es\/wp-json\/wp\/v2\/users\/1200"}],"replies":[{"embeddable":true,"href":"https:\/\/sites.usp.br\/posfisio\/es\/wp-json\/wp\/v2\/comments?post=504"}],"version-history":[{"count":4,"href":"https:\/\/sites.usp.br\/posfisio\/es\/wp-json\/wp\/v2\/pages\/504\/revisions"}],"predecessor-version":[{"id":1994,"href":"https:\/\/sites.usp.br\/posfisio\/es\/wp-json\/wp\/v2\/pages\/504\/revisions\/1994"}],"wp:attachment":[{"href":"https:\/\/sites.usp.br\/posfisio\/es\/wp-json\/wp\/v2\/media?parent=504"}],"curies":[{"name":"wp","href":"https:\/\/api.w.org\/{rel}","templated":true}]}}