{"id":1075,"date":"2022-11-05T21:01:02","date_gmt":"2022-11-05T23:01:02","guid":{"rendered":"https:\/\/sites.usp.br\/posfisio\/?page_id=1075"},"modified":"2022-12-18T11:37:45","modified_gmt":"2022-12-18T13:37:45","slug":"lisete-compagno-michelini","status":"publish","type":"page","link":"https:\/\/sites.usp.br\/posfisio\/lisete-compagno-michelini\/","title":{"rendered":"Lisete Compagno Michelini"},"content":{"rendered":"\t\t<div data-elementor-type=\"wp-page\" data-elementor-id=\"1075\" class=\"elementor elementor-1075\" data-elementor-post-type=\"page\">\n\t\t\t\t\t\t<section class=\"elementor-section elementor-top-section elementor-element elementor-element-f7de093 elementor-section-boxed elementor-section-height-default elementor-section-height-default\" data-id=\"f7de093\" data-element_type=\"section\">\n\t\t\t\t\t\t<div class=\"elementor-container elementor-column-gap-default\">\n\t\t\t\t\t<div class=\"elementor-column elementor-col-100 elementor-top-column elementor-element elementor-element-bb8c978\" data-id=\"bb8c978\" data-element_type=\"column\">\n\t\t\t<div class=\"elementor-widget-wrap elementor-element-populated\">\n\t\t\t\t\t\t<div class=\"elementor-element elementor-element-9225021 elementor-widget elementor-widget-spacer\" data-id=\"9225021\" data-element_type=\"widget\" data-widget_type=\"spacer.default\">\n\t\t\t\t<div class=\"elementor-widget-container\">\n\t\t\t\t\t<div class=\"elementor-spacer\">\n\t\t\t<div class=\"elementor-spacer-inner\"><\/div>\n\t\t<\/div>\n\t\t\t\t<\/div>\n\t\t\t\t<\/div>\n\t\t\t\t\t<\/div>\n\t\t<\/div>\n\t\t\t\t\t<\/div>\n\t\t<\/section>\n\t\t\t\t<section class=\"elementor-section elementor-top-section elementor-element elementor-element-d013f59 elementor-section-boxed elementor-section-height-default elementor-section-height-default\" data-id=\"d013f59\" data-element_type=\"section\">\n\t\t\t\t\t\t<div class=\"elementor-container elementor-column-gap-default\">\n\t\t\t\t\t<div class=\"elementor-column elementor-col-33 elementor-top-column elementor-element elementor-element-fd71dd4\" data-id=\"fd71dd4\" data-element_type=\"column\" data-settings=\"{&quot;background_background&quot;:&quot;classic&quot;}\">\n\t\t\t<div class=\"elementor-widget-wrap elementor-element-populated\">\n\t\t\t\t\t\t<div class=\"elementor-element elementor-element-252d74f elementor-nav-menu__text-align-aside elementor-widget elementor-widget-nav-menu\" data-id=\"252d74f\" data-element_type=\"widget\" data-settings=\"{&quot;layout&quot;:&quot;dropdown&quot;,&quot;submenu_icon&quot;:{&quot;value&quot;:&quot;&lt;i class=\\&quot;fas fa-caret-down\\&quot;&gt;&lt;\\\/i&gt;&quot;,&quot;library&quot;:&quot;fa-solid&quot;}}\" data-widget_type=\"nav-menu.default\">\n\t\t\t\t<div class=\"elementor-widget-container\">\n\t\t\t\t\t\t<nav class=\"elementor-nav-menu--dropdown elementor-nav-menu__container\" aria-hidden=\"true\">\n\t\t\t\t<ul id=\"menu-2-252d74f\" class=\"elementor-nav-menu\"><li class=\"menu-item menu-item-type-custom menu-item-object-custom menu-item-home menu-item-444\"><a href=\"https:\/\/sites.usp.br\/posfisio\/\" class=\"elementor-item\" tabindex=\"-1\">In\u00edcio<\/a><\/li>\n<li class=\"menu-item menu-item-type-custom menu-item-object-custom menu-item-has-children menu-item-183\"><a href=\"https:\/\/sites.usp.br\/posfisio\/programa\/\" class=\"elementor-item\" tabindex=\"-1\">Programa<\/a>\n<ul class=\"sub-menu elementor-nav-menu--dropdown\">\n\t<li class=\"menu-item menu-item-type-custom menu-item-object-custom menu-item-1981\"><a href=\"https:\/\/sites.usp.br\/posfisio\/programa\/\" class=\"elementor-sub-item\" tabindex=\"-1\">Sobre o Programa<\/a><\/li>\n\t<li class=\"menu-item menu-item-type-custom menu-item-object-custom menu-item-733\"><a href=\"https:\/\/sites.usp.br\/posfisio\/comissao-coordenadora\/\" class=\"elementor-sub-item\" tabindex=\"-1\">Comiss\u00e3o Coordenadora<\/a><\/li>\n\t<li class=\"menu-item menu-item-type-post_type menu-item-object-page menu-item-2359\"><a href=\"https:\/\/sites.usp.br\/posfisio\/calendario-de-reunioes\/\" class=\"elementor-sub-item\" tabindex=\"-1\">Calend\u00e1rio de Reuni\u00f5es<\/a><\/li>\n\t<li class=\"menu-item menu-item-type-custom menu-item-object-custom menu-item-735\"><a href=\"https:\/\/sites.usp.br\/posfisio\/formularios\/\" class=\"elementor-sub-item\" tabindex=\"-1\">Formul\u00e1rios<\/a><\/li>\n\t<li class=\"menu-item menu-item-type-custom menu-item-object-custom menu-item-745\"><a href=\"https:\/\/sites.usp.br\/posfisio\/disciplinas\/\" class=\"elementor-sub-item\" tabindex=\"-1\">Disciplinas<\/a><\/li>\n\t<li class=\"menu-item menu-item-type-post_type menu-item-object-page menu-item-2360\"><a href=\"https:\/\/sites.usp.br\/posfisio\/defesas-agendadas\/\" class=\"elementor-sub-item\" tabindex=\"-1\">Defesas Agendadas<\/a><\/li>\n\t<li class=\"menu-item menu-item-type-custom menu-item-object-custom menu-item-751\"><a href=\"https:\/\/sites.usp.br\/posfisio\/normas\/\" class=\"elementor-sub-item\" tabindex=\"-1\">Normas<\/a><\/li>\n\t<li class=\"menu-item menu-item-type-custom menu-item-object-custom menu-item-1213\"><a href=\"https:\/\/sites.usp.br\/posfisio\/artigos-publicados\/\" class=\"elementor-sub-item\" tabindex=\"-1\">Artigos publicados<\/a><\/li>\n<\/ul>\n<\/li>\n<li class=\"menu-item menu-item-type-custom menu-item-object-custom menu-item-734\"><a href=\"https:\/\/sites.usp.br\/posfisio\/orientadores\/\" class=\"elementor-item\" tabindex=\"-1\">Orientadores<\/a><\/li>\n<li class=\"menu-item menu-item-type-custom menu-item-object-custom menu-item-has-children menu-item-558\"><a href=\"https:\/\/sites.usp.br\/posfisio\/selecao-de-ingresso\/\" class=\"elementor-item\" tabindex=\"-1\">Sele\u00e7\u00e3o de Ingresso<\/a>\n<ul class=\"sub-menu elementor-nav-menu--dropdown\">\n\t<li class=\"menu-item menu-item-type-post_type menu-item-object-page menu-item-1781\"><a href=\"https:\/\/sites.usp.br\/posfisio\/selecao-de-ingresso-2\/\" class=\"elementor-sub-item\" tabindex=\"-1\">Sobre a Sele\u00e7\u00e3o de Ingresso<\/a><\/li>\n\t<li class=\"menu-item menu-item-type-custom menu-item-object-custom menu-item-1214\"><a href=\"https:\/\/sites.usp.br\/posfisio\/editais\/\" class=\"elementor-sub-item\" tabindex=\"-1\">Editais<\/a><\/li>\n\t<li class=\"menu-item menu-item-type-custom menu-item-object-custom menu-item-1215\"><a href=\"https:\/\/sites.usp.br\/posfisio\/gre\/\" class=\"elementor-sub-item\" tabindex=\"-1\">GRE<\/a><\/li>\n\t<li class=\"menu-item menu-item-type-custom menu-item-object-custom menu-item-1216\"><a href=\"https:\/\/sites.usp.br\/posfisio\/prova-de-fisiologia\/\" class=\"elementor-sub-item\" tabindex=\"-1\">Prova de Fisiologia<\/a><\/li>\n\t<li class=\"menu-item menu-item-type-custom menu-item-object-custom menu-item-1217\"><a href=\"https:\/\/sites.usp.br\/posfisio\/prova-de-proficiencia\/\" class=\"elementor-sub-item\" tabindex=\"-1\">Prova de Profici\u00eancia<\/a><\/li>\n\t<li class=\"menu-item menu-item-type-custom menu-item-object-custom menu-item-1678\"><a href=\"https:\/\/sites.usp.br\/posfisio\/criterios-para-bolsas-do\/\" class=\"elementor-sub-item\" tabindex=\"-1\">Crit\u00e9rios para Bolsas &#8211; DO<\/a><\/li>\n<\/ul>\n<\/li>\n<li class=\"menu-item menu-item-type-custom menu-item-object-custom menu-item-has-children menu-item-553\"><a href=\"https:\/\/sites.usp.br\/posfisio\/pos-graduandos-2\/\" class=\"elementor-item\" tabindex=\"-1\">P\u00f3s-Graduandos<\/a>\n<ul class=\"sub-menu elementor-nav-menu--dropdown\">\n\t<li class=\"menu-item menu-item-type-custom menu-item-object-custom menu-item-1682\"><a href=\"https:\/\/sites.usp.br\/posfisio\/wp-content\/uploads\/sites\/1200\/2024\/01\/lista_alunos_fisio_jan24.pdf\" class=\"elementor-sub-item\" tabindex=\"-1\">Lista de P\u00f3s-Graduandos<\/a><\/li>\n\t<li class=\"menu-item menu-item-type-post_type menu-item-object-page menu-item-2537\"><a href=\"https:\/\/sites.usp.br\/posfisio\/exame-de-qualificacao\/\" class=\"elementor-sub-item\" tabindex=\"-1\">Exame de Qualifica\u00e7\u00e3o<\/a><\/li>\n\t<li class=\"menu-item menu-item-type-post_type menu-item-object-page menu-item-2536\"><a href=\"https:\/\/sites.usp.br\/posfisio\/defesas\/\" class=\"elementor-sub-item\" tabindex=\"-1\">Defesa de Disserta\u00e7\u00e3o\/Tese<\/a><\/li>\n\t<li class=\"menu-item menu-item-type-custom menu-item-object-custom menu-item-752\"><a href=\"https:\/\/sites.usp.br\/posfisio\/pae\/\" class=\"elementor-sub-item\" tabindex=\"-1\">PAE<\/a><\/li>\n\t<li class=\"menu-item menu-item-type-post_type menu-item-object-page menu-item-2535\"><a href=\"https:\/\/sites.usp.br\/posfisio\/cursos-obrigatorios\/\" class=\"elementor-sub-item\" tabindex=\"-1\">Cursos Obrigat\u00f3rios<\/a><\/li>\n\t<li class=\"menu-item menu-item-type-custom menu-item-object-custom menu-item-1218\"><a href=\"https:\/\/sites.usp.br\/posfisio\/relatorios\/\" class=\"elementor-sub-item\" tabindex=\"-1\">Relat\u00f3rios<\/a><\/li>\n\t<li class=\"menu-item menu-item-type-post_type menu-item-object-page menu-item-2361\"><a href=\"https:\/\/sites.usp.br\/posfisio\/auxilio-a-participacao-de-eventos\/\" class=\"elementor-sub-item\" tabindex=\"-1\">Verba CAPES\/PROEX<\/a><\/li>\n\t<li class=\"menu-item menu-item-type-custom menu-item-object-custom menu-item-1219\"><a href=\"https:\/\/sites.usp.br\/posfisio\/alunos-especiais\/\" class=\"elementor-sub-item\" tabindex=\"-1\">Alunos especiais<\/a><\/li>\n\t<li class=\"menu-item menu-item-type-post_type menu-item-object-page menu-item-2534\"><a href=\"https:\/\/sites.usp.br\/posfisio\/outros-formularios\/\" class=\"elementor-sub-item\" tabindex=\"-1\">Outros Formul\u00e1rios<\/a><\/li>\n\t<li class=\"menu-item menu-item-type-custom menu-item-object-custom menu-item-929\"><a href=\"https:\/\/sites.usp.br\/posfisio\/teses\/\" class=\"elementor-sub-item\" tabindex=\"-1\">Teses e Disserta\u00e7\u00f5es Defendidas<\/a><\/li>\n<\/ul>\n<\/li>\n<li class=\"menu-item menu-item-type-custom menu-item-object-custom menu-item-1769\"><a href=\"https:\/\/fisiologia.icb.usp.br\/\" class=\"elementor-item\" tabindex=\"-1\">Departamento<\/a><\/li>\n<li class=\"menu-item menu-item-type-custom menu-item-object-custom menu-item-561\"><a href=\"https:\/\/sites.usp.br\/posfisio\/contato\/\" class=\"elementor-item\" tabindex=\"-1\">Contato<\/a><\/li>\n<\/ul>\t\t\t<\/nav>\n\t\t\t\t<\/div>\n\t\t\t\t<\/div>\n\t\t\t\t\t<\/div>\n\t\t<\/div>\n\t\t\t\t<div class=\"elementor-column elementor-col-66 elementor-top-column elementor-element elementor-element-7e7ea8c\" data-id=\"7e7ea8c\" data-element_type=\"column\">\n\t\t\t<div class=\"elementor-widget-wrap elementor-element-populated\">\n\t\t\t\t\t\t<div class=\"elementor-element elementor-element-15dd5d1 elementor-widget elementor-widget-heading\" data-id=\"15dd5d1\" data-element_type=\"widget\" data-widget_type=\"heading.default\">\n\t\t\t\t<div class=\"elementor-widget-container\">\n\t\t\t<h3 class=\"elementor-heading-title elementor-size-default\">Profa. Dra. Lisete Compagno Michelini<\/h3>\t\t<\/div>\n\t\t\t\t<\/div>\n\t\t\t\t<section class=\"elementor-section elementor-inner-section elementor-element elementor-element-fa78eb2 elementor-section-boxed elementor-section-height-default elementor-section-height-default\" data-id=\"fa78eb2\" data-element_type=\"section\">\n\t\t\t\t\t\t<div class=\"elementor-container elementor-column-gap-default\">\n\t\t\t\t\t<div class=\"elementor-column elementor-col-50 elementor-inner-column elementor-element elementor-element-86a314d\" data-id=\"86a314d\" data-element_type=\"column\">\n\t\t\t<div class=\"elementor-widget-wrap elementor-element-populated\">\n\t\t\t\t\t\t<div class=\"elementor-element elementor-element-45d2327 elementor-widget elementor-widget-image\" data-id=\"45d2327\" data-element_type=\"widget\" data-widget_type=\"image.default\">\n\t\t\t\t<div class=\"elementor-widget-container\">\n\t\t\t\t\t\t\t\t\t\t\t\t\t<img decoding=\"async\" src=\"https:\/\/sites.usp.br\/posfisio\/wp-content\/uploads\/sites\/1200\/elementor\/thumbs\/lisete-pwxdbi2olroijkfktsm35p4fmud90lfvyo1ybeoo28.png\" title=\"lisete\" alt=\"lisete\" loading=\"lazy\" \/>\t\t\t\t\t\t\t\t\t\t\t\t\t<\/div>\n\t\t\t\t<\/div>\n\t\t\t\t\t<\/div>\n\t\t<\/div>\n\t\t\t\t<div class=\"elementor-column elementor-col-50 elementor-inner-column elementor-element elementor-element-39fc25f\" data-id=\"39fc25f\" data-element_type=\"column\">\n\t\t\t<div class=\"elementor-widget-wrap elementor-element-populated\">\n\t\t\t\t\t\t<div class=\"elementor-element elementor-element-b98b9b8 elementor-widget elementor-widget-text-editor\" data-id=\"b98b9b8\" data-element_type=\"widget\" data-widget_type=\"text-editor.default\">\n\t\t\t\t<div class=\"elementor-widget-container\">\n\t\t\t\t\t\t\t<p><b>Laborat\u00f3rio de\u00a0Fisiologia Cardiovascular<\/b><\/p><p><b>Linha de Pesquisa: <\/b><span style=\"font-weight: 400;\">Controle Neuro-hormonal da circula\u00e7\u00e3o na hipertens\u00e3o e exerc\u00edcio<\/span><\/p><p><b>Resumo: <\/b><span style=\"font-weight: 400;\">Os objetivos: 1) identificar mecanismos celulares\/moleculares, centrais e perif\u00e9ricos, que condicionam os ajustes estruturais e funcionais do sistema circulat\u00f3rio \u00e0 hipertens\u00e3o, ao envelhecimento e ao treinamento aer\u00f3bio; 2) identificar circuitos neuronais (vias, neurotransmissores, receptores) envolvidos nos ajustes cardiovasculares bem como poss\u00edveis altera\u00e7\u00f5es em sua express\u00e3o\/atividade (plasticidade neuronal) induzidos pela hipertens\u00e3o, envelhecimento e exerc\u00edcio; 3) investigar a participa\u00e7\u00e3o do sistema renina-angiotensina, do estresse oxidativo e da inflama\u00e7\u00e3o na modula\u00e7\u00e3o destas adapta\u00e7\u00f5es cardiovasculares.<\/span><\/p><p><b>Curr\u00edculo Lattes: <a href=\"http:\/\/lattes.cnpq.br\/7970704932733980\"><span style=\"font-weight: 400;\"><img decoding=\"async\" class=\"\" src=\"https:\/\/ppghp.unespar.edu.br\/imagens\/plataforma-lattes-logo.jpg\/@@images\/e29e9c29-a848-4a8f-a2a5-c16b980326ae.jpeg\" alt=\"plataforma-lattes-logo.jpg \u2014 Programa de P\u00f3s-Gradua\u00e7\u00e3o em Hist\u00f3ria P\u00fablica PPGHP\" width=\"20\" height=\"24\" \/><\/span><\/a> <\/b><em>\u00a0<\/em><\/p>\t\t\t\t\t\t<\/div>\n\t\t\t\t<\/div>\n\t\t\t\t\t<\/div>\n\t\t<\/div>\n\t\t\t\t\t<\/div>\n\t\t<\/section>\n\t\t\t\t<section class=\"elementor-section elementor-inner-section elementor-element elementor-element-0056070 elementor-section-boxed elementor-section-height-default elementor-section-height-default\" data-id=\"0056070\" data-element_type=\"section\">\n\t\t\t\t\t\t<div class=\"elementor-container elementor-column-gap-default\">\n\t\t\t\t\t<div class=\"elementor-column elementor-col-33 elementor-inner-column elementor-element elementor-element-fbd0d28\" data-id=\"fbd0d28\" data-element_type=\"column\">\n\t\t\t<div class=\"elementor-widget-wrap elementor-element-populated\">\n\t\t\t\t\t\t<div class=\"elementor-element elementor-element-153447d elementor-align-center elementor-icon-list--layout-traditional elementor-list-item-link-full_width elementor-widget elementor-widget-icon-list\" data-id=\"153447d\" data-element_type=\"widget\" data-widget_type=\"icon-list.default\">\n\t\t\t\t<div class=\"elementor-widget-container\">\n\t\t\t\t\t<ul class=\"elementor-icon-list-items\">\n\t\t\t\t\t\t\t<li class=\"elementor-icon-list-item\">\n\t\t\t\t\t\t\t\t\t\t\t<span class=\"elementor-icon-list-icon\">\n\t\t\t\t\t\t\t<i aria-hidden=\"true\" class=\"far fa-envelope\"><\/i>\t\t\t\t\t\t<\/span>\n\t\t\t\t\t\t\t\t\t\t<span class=\"elementor-icon-list-text\">lisete@icb.usp.br<\/span>\n\t\t\t\t\t\t\t\t\t<\/li>\n\t\t\t\t\t\t<\/ul>\n\t\t\t\t<\/div>\n\t\t\t\t<\/div>\n\t\t\t\t\t<\/div>\n\t\t<\/div>\n\t\t\t\t<div class=\"elementor-column elementor-col-33 elementor-inner-column elementor-element elementor-element-eed15c0\" data-id=\"eed15c0\" data-element_type=\"column\">\n\t\t\t<div class=\"elementor-widget-wrap elementor-element-populated\">\n\t\t\t\t\t\t<div class=\"elementor-element elementor-element-2199d12 elementor-align-center elementor-icon-list--layout-traditional elementor-list-item-link-full_width elementor-widget elementor-widget-icon-list\" data-id=\"2199d12\" data-element_type=\"widget\" data-widget_type=\"icon-list.default\">\n\t\t\t\t<div class=\"elementor-widget-container\">\n\t\t\t\t\t<ul class=\"elementor-icon-list-items\">\n\t\t\t\t\t\t\t<li class=\"elementor-icon-list-item\">\n\t\t\t\t\t\t\t\t\t\t\t<span class=\"elementor-icon-list-icon\">\n\t\t\t\t\t\t\t<i aria-hidden=\"true\" class=\"fas fa-phone\"><\/i>\t\t\t\t\t\t<\/span>\n\t\t\t\t\t\t\t\t\t\t<span class=\"elementor-icon-list-text\">3091-7213<\/span>\n\t\t\t\t\t\t\t\t\t<\/li>\n\t\t\t\t\t\t<\/ul>\n\t\t\t\t<\/div>\n\t\t\t\t<\/div>\n\t\t\t\t\t<\/div>\n\t\t<\/div>\n\t\t\t\t<div class=\"elementor-column elementor-col-33 elementor-inner-column elementor-element elementor-element-01dea68\" data-id=\"01dea68\" data-element_type=\"column\">\n\t\t\t<div class=\"elementor-widget-wrap elementor-element-populated\">\n\t\t\t\t\t\t<div class=\"elementor-element elementor-element-a05add0 elementor-align-center elementor-icon-list--layout-traditional elementor-list-item-link-full_width elementor-widget elementor-widget-icon-list\" data-id=\"a05add0\" data-element_type=\"widget\" data-widget_type=\"icon-list.default\">\n\t\t\t\t<div class=\"elementor-widget-container\">\n\t\t\t\t\t<ul class=\"elementor-icon-list-items\">\n\t\t\t\t\t\t\t<li class=\"elementor-icon-list-item\">\n\t\t\t\t\t\t\t\t\t\t\t<span class=\"elementor-icon-list-icon\">\n\t\t\t\t\t\t\t<i aria-hidden=\"true\" class=\"fas fa-university\"><\/i>\t\t\t\t\t\t<\/span>\n\t\t\t\t\t\t\t\t\t\t<span class=\"elementor-icon-list-text\">Sala 103<\/span>\n\t\t\t\t\t\t\t\t\t<\/li>\n\t\t\t\t\t\t<\/ul>\n\t\t\t\t<\/div>\n\t\t\t\t<\/div>\n\t\t\t\t\t<\/div>\n\t\t<\/div>\n\t\t\t\t\t<\/div>\n\t\t<\/section>\n\t\t\t\t\t<\/div>\n\t\t<\/div>\n\t\t\t\t\t<\/div>\n\t\t<\/section>\n\t\t\t\t<section class=\"elementor-section elementor-top-section elementor-element elementor-element-7bacb59 elementor-section-boxed elementor-section-height-default elementor-section-height-default\" data-id=\"7bacb59\" data-element_type=\"section\">\n\t\t\t\t\t\t<div class=\"elementor-container elementor-column-gap-default\">\n\t\t\t\t\t<div class=\"elementor-column elementor-col-100 elementor-top-column elementor-element elementor-element-72e43cc\" data-id=\"72e43cc\" data-element_type=\"column\">\n\t\t\t<div class=\"elementor-widget-wrap elementor-element-populated\">\n\t\t\t\t\t\t<div class=\"elementor-element elementor-element-68655a7 elementor-widget elementor-widget-spacer\" data-id=\"68655a7\" data-element_type=\"widget\" data-widget_type=\"spacer.default\">\n\t\t\t\t<div class=\"elementor-widget-container\">\n\t\t\t\t\t<div class=\"elementor-spacer\">\n\t\t\t<div class=\"elementor-spacer-inner\"><\/div>\n\t\t<\/div>\n\t\t\t\t<\/div>\n\t\t\t\t<\/div>\n\t\t\t\t\t<\/div>\n\t\t<\/div>\n\t\t\t\t\t<\/div>\n\t\t<\/section>\n\t\t\t\t<\/div>\n\t\t","protected":false},"excerpt":{"rendered":"<p>Profa. Dra. Lisete Compagno Michelini Laborat\u00f3rio de\u00a0Fisiologia Cardiovascular Linha de Pesquisa: Controle Neuro-hormonal da circula\u00e7\u00e3o na hipertens\u00e3o e exerc\u00edcio Resumo: Os objetivos: 1) identificar mecanismos celulares\/moleculares, centrais e perif\u00e9ricos, que condicionam os ajustes estruturais e funcionais do sistema circulat\u00f3rio \u00e0 hipertens\u00e3o, ao envelhecimento e ao treinamento aer\u00f3bio; 2) identificar circuitos neuronais (vias, neurotransmissores, receptores) envolvidos &hellip; <\/p>\n<p class=\"link-more\"><a href=\"https:\/\/sites.usp.br\/posfisio\/lisete-compagno-michelini\/\" class=\"more-link\">Continue lendo<span class=\"screen-reader-text\"> &#8220;Lisete Compagno Michelini&#8221;<\/span><\/a><\/p>\n","protected":false},"author":1138,"featured_media":0,"parent":0,"menu_order":0,"comment_status":"closed","ping_status":"closed","template":"elementor_header_footer","meta":{"footnotes":"","_links_to":"","_links_to_target":""},"class_list":["post-1075","page","type-page","status-publish","hentry","entry"],"_links":{"self":[{"href":"https:\/\/sites.usp.br\/posfisio\/wp-json\/wp\/v2\/pages\/1075","targetHints":{"allow":["GET"]}}],"collection":[{"href":"https:\/\/sites.usp.br\/posfisio\/wp-json\/wp\/v2\/pages"}],"about":[{"href":"https:\/\/sites.usp.br\/posfisio\/wp-json\/wp\/v2\/types\/page"}],"author":[{"embeddable":true,"href":"https:\/\/sites.usp.br\/posfisio\/wp-json\/wp\/v2\/users\/1138"}],"replies":[{"embeddable":true,"href":"https:\/\/sites.usp.br\/posfisio\/wp-json\/wp\/v2\/comments?post=1075"}],"version-history":[{"count":4,"href":"https:\/\/sites.usp.br\/posfisio\/wp-json\/wp\/v2\/pages\/1075\/revisions"}],"predecessor-version":[{"id":2069,"href":"https:\/\/sites.usp.br\/posfisio\/wp-json\/wp\/v2\/pages\/1075\/revisions\/2069"}],"wp:attachment":[{"href":"https:\/\/sites.usp.br\/posfisio\/wp-json\/wp\/v2\/media?parent=1075"}],"curies":[{"name":"wp","href":"https:\/\/api.w.org\/{rel}","templated":true}]}}