{"id":2490,"date":"2023-10-24T08:43:14","date_gmt":"2023-10-24T10:43:14","guid":{"rendered":"https:\/\/sites.usp.br\/posfisio\/?page_id=2490"},"modified":"2025-02-04T13:52:18","modified_gmt":"2025-02-04T15:52:18","slug":"defesas","status":"publish","type":"page","link":"https:\/\/sites.usp.br\/posfisio\/defesas\/","title":{"rendered":"Defesa de Disserta\u00e7\u00e3o\/Tese"},"content":{"rendered":"\t\t<div data-elementor-type=\"wp-page\" data-elementor-id=\"2490\" class=\"elementor elementor-2490\" data-elementor-post-type=\"page\">\n\t\t\t\t\t\t<section class=\"elementor-section elementor-top-section elementor-element elementor-element-ad9ade1 elementor-section-boxed elementor-section-height-default elementor-section-height-default\" data-id=\"ad9ade1\" data-element_type=\"section\">\n\t\t\t\t\t\t<div class=\"elementor-container elementor-column-gap-default\">\n\t\t\t\t\t<div class=\"elementor-column elementor-col-100 elementor-top-column elementor-element elementor-element-77b7e18\" data-id=\"77b7e18\" data-element_type=\"column\">\n\t\t\t<div class=\"elementor-widget-wrap elementor-element-populated\">\n\t\t\t\t\t\t<div class=\"elementor-element elementor-element-986a488 elementor-widget elementor-widget-spacer\" data-id=\"986a488\" data-element_type=\"widget\" data-widget_type=\"spacer.default\">\n\t\t\t\t<div class=\"elementor-widget-container\">\n\t\t\t\t\t<div class=\"elementor-spacer\">\n\t\t\t<div class=\"elementor-spacer-inner\"><\/div>\n\t\t<\/div>\n\t\t\t\t<\/div>\n\t\t\t\t<\/div>\n\t\t\t\t\t<\/div>\n\t\t<\/div>\n\t\t\t\t\t<\/div>\n\t\t<\/section>\n\t\t\t\t<section class=\"elementor-section elementor-top-section elementor-element elementor-element-1baa82f elementor-section-boxed elementor-section-height-default elementor-section-height-default\" data-id=\"1baa82f\" data-element_type=\"section\">\n\t\t\t\t\t\t<div class=\"elementor-container elementor-column-gap-default\">\n\t\t\t\t\t<div class=\"elementor-column elementor-col-50 elementor-top-column elementor-element elementor-element-8b5ee59\" data-id=\"8b5ee59\" data-element_type=\"column\" data-settings=\"{&quot;background_background&quot;:&quot;classic&quot;}\">\n\t\t\t<div class=\"elementor-widget-wrap elementor-element-populated\">\n\t\t\t\t\t\t<div class=\"elementor-element elementor-element-3425de5 elementor-nav-menu__text-align-aside elementor-widget elementor-widget-nav-menu\" data-id=\"3425de5\" data-element_type=\"widget\" data-settings=\"{&quot;layout&quot;:&quot;dropdown&quot;,&quot;submenu_icon&quot;:{&quot;value&quot;:&quot;&lt;i class=\\&quot;fas fa-caret-down\\&quot;&gt;&lt;\\\/i&gt;&quot;,&quot;library&quot;:&quot;fa-solid&quot;}}\" data-widget_type=\"nav-menu.default\">\n\t\t\t\t<div class=\"elementor-widget-container\">\n\t\t\t\t\t\t<nav class=\"elementor-nav-menu--dropdown elementor-nav-menu__container\" aria-hidden=\"true\">\n\t\t\t\t<ul id=\"menu-2-3425de5\" class=\"elementor-nav-menu\"><li class=\"menu-item menu-item-type-custom menu-item-object-custom menu-item-home menu-item-444\"><a href=\"https:\/\/sites.usp.br\/posfisio\/\" class=\"elementor-item\" tabindex=\"-1\">In\u00edcio<\/a><\/li>\n<li class=\"menu-item menu-item-type-custom menu-item-object-custom menu-item-has-children menu-item-183\"><a href=\"https:\/\/sites.usp.br\/posfisio\/programa\/\" class=\"elementor-item\" tabindex=\"-1\">Programa<\/a>\n<ul class=\"sub-menu elementor-nav-menu--dropdown\">\n\t<li class=\"menu-item menu-item-type-custom menu-item-object-custom menu-item-1981\"><a href=\"https:\/\/sites.usp.br\/posfisio\/programa\/\" class=\"elementor-sub-item\" tabindex=\"-1\">Sobre o Programa<\/a><\/li>\n\t<li class=\"menu-item menu-item-type-custom menu-item-object-custom menu-item-733\"><a href=\"https:\/\/sites.usp.br\/posfisio\/comissao-coordenadora\/\" class=\"elementor-sub-item\" tabindex=\"-1\">Comiss\u00e3o Coordenadora<\/a><\/li>\n\t<li class=\"menu-item menu-item-type-post_type menu-item-object-page menu-item-2359\"><a href=\"https:\/\/sites.usp.br\/posfisio\/calendario-de-reunioes\/\" class=\"elementor-sub-item\" tabindex=\"-1\">Calend\u00e1rio de Reuni\u00f5es<\/a><\/li>\n\t<li class=\"menu-item menu-item-type-custom menu-item-object-custom menu-item-735\"><a href=\"https:\/\/sites.usp.br\/posfisio\/formularios\/\" class=\"elementor-sub-item\" tabindex=\"-1\">Formul\u00e1rios<\/a><\/li>\n\t<li class=\"menu-item menu-item-type-custom menu-item-object-custom menu-item-745\"><a href=\"https:\/\/sites.usp.br\/posfisio\/disciplinas\/\" class=\"elementor-sub-item\" tabindex=\"-1\">Disciplinas<\/a><\/li>\n\t<li class=\"menu-item menu-item-type-post_type menu-item-object-page menu-item-2360\"><a href=\"https:\/\/sites.usp.br\/posfisio\/defesas-agendadas\/\" class=\"elementor-sub-item\" tabindex=\"-1\">Defesas Agendadas<\/a><\/li>\n\t<li class=\"menu-item menu-item-type-custom menu-item-object-custom menu-item-751\"><a href=\"https:\/\/sites.usp.br\/posfisio\/normas\/\" class=\"elementor-sub-item\" tabindex=\"-1\">Normas<\/a><\/li>\n\t<li class=\"menu-item menu-item-type-custom menu-item-object-custom menu-item-1213\"><a href=\"https:\/\/sites.usp.br\/posfisio\/artigos-publicados\/\" class=\"elementor-sub-item\" tabindex=\"-1\">Artigos publicados<\/a><\/li>\n<\/ul>\n<\/li>\n<li class=\"menu-item menu-item-type-custom menu-item-object-custom menu-item-734\"><a href=\"https:\/\/sites.usp.br\/posfisio\/orientadores\/\" class=\"elementor-item\" tabindex=\"-1\">Orientadores<\/a><\/li>\n<li class=\"menu-item menu-item-type-custom menu-item-object-custom menu-item-has-children menu-item-558\"><a href=\"https:\/\/sites.usp.br\/posfisio\/selecao-de-ingresso\/\" class=\"elementor-item\" tabindex=\"-1\">Sele\u00e7\u00e3o de Ingresso<\/a>\n<ul class=\"sub-menu elementor-nav-menu--dropdown\">\n\t<li class=\"menu-item menu-item-type-post_type menu-item-object-page menu-item-1781\"><a href=\"https:\/\/sites.usp.br\/posfisio\/selecao-de-ingresso-2\/\" class=\"elementor-sub-item\" tabindex=\"-1\">Sobre a Sele\u00e7\u00e3o de Ingresso<\/a><\/li>\n\t<li class=\"menu-item menu-item-type-custom menu-item-object-custom menu-item-1214\"><a href=\"https:\/\/sites.usp.br\/posfisio\/editais\/\" class=\"elementor-sub-item\" tabindex=\"-1\">Editais<\/a><\/li>\n\t<li class=\"menu-item menu-item-type-custom menu-item-object-custom menu-item-1215\"><a href=\"https:\/\/sites.usp.br\/posfisio\/gre\/\" class=\"elementor-sub-item\" tabindex=\"-1\">GRE<\/a><\/li>\n\t<li class=\"menu-item menu-item-type-custom menu-item-object-custom menu-item-1216\"><a href=\"https:\/\/sites.usp.br\/posfisio\/prova-de-fisiologia\/\" class=\"elementor-sub-item\" tabindex=\"-1\">Prova de Fisiologia<\/a><\/li>\n\t<li class=\"menu-item menu-item-type-custom menu-item-object-custom menu-item-1217\"><a href=\"https:\/\/sites.usp.br\/posfisio\/prova-de-proficiencia\/\" class=\"elementor-sub-item\" tabindex=\"-1\">Prova de Profici\u00eancia<\/a><\/li>\n\t<li class=\"menu-item menu-item-type-custom menu-item-object-custom menu-item-1678\"><a href=\"https:\/\/sites.usp.br\/posfisio\/criterios-para-bolsas-do\/\" class=\"elementor-sub-item\" tabindex=\"-1\">Crit\u00e9rios para Bolsas &#8211; DO<\/a><\/li>\n<\/ul>\n<\/li>\n<li class=\"menu-item menu-item-type-custom menu-item-object-custom menu-item-has-children menu-item-553\"><a href=\"https:\/\/sites.usp.br\/posfisio\/pos-graduandos-2\/\" class=\"elementor-item\" tabindex=\"-1\">P\u00f3s-Graduandos<\/a>\n<ul class=\"sub-menu elementor-nav-menu--dropdown\">\n\t<li class=\"menu-item menu-item-type-custom menu-item-object-custom menu-item-1682\"><a href=\"https:\/\/sites.usp.br\/posfisio\/wp-content\/uploads\/sites\/1200\/2024\/01\/lista_alunos_fisio_jan24.pdf\" class=\"elementor-sub-item\" tabindex=\"-1\">Lista de P\u00f3s-Graduandos<\/a><\/li>\n\t<li class=\"menu-item menu-item-type-post_type menu-item-object-page menu-item-2537\"><a href=\"https:\/\/sites.usp.br\/posfisio\/exame-de-qualificacao\/\" class=\"elementor-sub-item\" tabindex=\"-1\">Exame de Qualifica\u00e7\u00e3o<\/a><\/li>\n\t<li class=\"menu-item menu-item-type-post_type menu-item-object-page menu-item-2536\"><a href=\"https:\/\/sites.usp.br\/posfisio\/defesas\/\" class=\"elementor-sub-item\" tabindex=\"-1\">Defesa de Disserta\u00e7\u00e3o\/Tese<\/a><\/li>\n\t<li class=\"menu-item menu-item-type-custom menu-item-object-custom menu-item-752\"><a href=\"https:\/\/sites.usp.br\/posfisio\/pae\/\" class=\"elementor-sub-item\" tabindex=\"-1\">PAE<\/a><\/li>\n\t<li class=\"menu-item menu-item-type-post_type menu-item-object-page menu-item-2535\"><a href=\"https:\/\/sites.usp.br\/posfisio\/cursos-obrigatorios\/\" class=\"elementor-sub-item\" tabindex=\"-1\">Cursos Obrigat\u00f3rios<\/a><\/li>\n\t<li class=\"menu-item menu-item-type-custom menu-item-object-custom menu-item-1218\"><a href=\"https:\/\/sites.usp.br\/posfisio\/relatorios\/\" class=\"elementor-sub-item\" tabindex=\"-1\">Relat\u00f3rios<\/a><\/li>\n\t<li class=\"menu-item menu-item-type-post_type menu-item-object-page menu-item-2361\"><a href=\"https:\/\/sites.usp.br\/posfisio\/auxilio-a-participacao-de-eventos\/\" class=\"elementor-sub-item\" tabindex=\"-1\">Verba CAPES\/PROEX<\/a><\/li>\n\t<li class=\"menu-item menu-item-type-custom menu-item-object-custom menu-item-1219\"><a href=\"https:\/\/sites.usp.br\/posfisio\/alunos-especiais\/\" class=\"elementor-sub-item\" tabindex=\"-1\">Alunos especiais<\/a><\/li>\n\t<li class=\"menu-item menu-item-type-post_type menu-item-object-page menu-item-2534\"><a href=\"https:\/\/sites.usp.br\/posfisio\/outros-formularios\/\" class=\"elementor-sub-item\" tabindex=\"-1\">Outros Formul\u00e1rios<\/a><\/li>\n\t<li class=\"menu-item menu-item-type-custom menu-item-object-custom menu-item-929\"><a href=\"https:\/\/sites.usp.br\/posfisio\/teses\/\" class=\"elementor-sub-item\" tabindex=\"-1\">Teses e Disserta\u00e7\u00f5es Defendidas<\/a><\/li>\n<\/ul>\n<\/li>\n<li class=\"menu-item menu-item-type-custom menu-item-object-custom menu-item-1769\"><a href=\"https:\/\/fisiologia.icb.usp.br\/\" class=\"elementor-item\" tabindex=\"-1\">Departamento<\/a><\/li>\n<li class=\"menu-item menu-item-type-custom menu-item-object-custom menu-item-561\"><a href=\"https:\/\/sites.usp.br\/posfisio\/contato\/\" class=\"elementor-item\" tabindex=\"-1\">Contato<\/a><\/li>\n<\/ul>\t\t\t<\/nav>\n\t\t\t\t<\/div>\n\t\t\t\t<\/div>\n\t\t\t\t\t<\/div>\n\t\t<\/div>\n\t\t\t\t<div class=\"elementor-column elementor-col-50 elementor-top-column elementor-element elementor-element-d2d3fbb\" data-id=\"d2d3fbb\" data-element_type=\"column\">\n\t\t\t<div class=\"elementor-widget-wrap elementor-element-populated\">\n\t\t\t\t\t\t<div class=\"elementor-element elementor-element-2c54e76 elementor-widget elementor-widget-heading\" data-id=\"2c54e76\" data-element_type=\"widget\" data-widget_type=\"heading.default\">\n\t\t\t\t<div class=\"elementor-widget-container\">\n\t\t\t<h3 class=\"elementor-heading-title elementor-size-default\">Defesa de Disserta\u00e7\u00e3o\/Tese<\/h3>\t\t<\/div>\n\t\t\t\t<\/div>\n\t\t\t\t<div class=\"elementor-element elementor-element-1c74497 elementor-widget elementor-widget-text-editor\" data-id=\"1c74497\" data-element_type=\"widget\" data-widget_type=\"text-editor.default\">\n\t\t\t\t<div class=\"elementor-widget-container\">\n\t\t\t\t\t\t\t<p>O(a) aluno(a) deve verificar seu prazo m\u00e1ximo para dep\u00f3sito na sua <span style=\"text-decoration: underline;\"><strong>ficha de aluno<\/strong><\/span> no sistema Janus.<br \/>Caso o(a) aluno(a) n\u00e3o fa\u00e7a o dep\u00f3sito da sua disserta\u00e7\u00e3o\/tese at\u00e9 a data que est\u00e1 em sua ficha, o aluno ser\u00e1 desligado automaticamente pelo sistema.<\/p><p>Recomendamos verificar as datas de fechamento de pauta de reuni\u00e3o da CCP e entregar sua documenta\u00e7\u00e3o para aprova\u00e7\u00e3o da banca <span style=\"text-decoration: underline;\">pelo menos 1 m\u00eas antes do prazo m\u00e1ximo de dep\u00f3sito<\/span>.<\/p><p>&#8211; <a href=\"https:\/\/sites.usp.br\/posfisio\/calendario-de-reunioes\/\">Calend\u00e1rio de reuni\u00f5es da CCP Biologia Funcional e Molecular<\/a><\/p><p>&#8211; <a href=\"https:\/\/sites.usp.br\/posfisio\/wp-content\/uploads\/sites\/1200\/2023\/10\/NormasDefesas_2022.pdf\">Normas para dep\u00f3sito de disserta\u00e7\u00e3o\/tese<\/a><\/p><p>&#8211; Roteiros para entrega da documenta\u00e7\u00e3o para aprova\u00e7\u00e3o de banca de defesa para as reuni\u00f5es do 1\u00ba semestre\/2025: <a href=\"https:\/\/sites.usp.br\/posfisio\/wp-content\/uploads\/sites\/1200\/2025\/02\/roteiro_defesa_fev2025.pdf\">fevereiro<\/a>, <a href=\"https:\/\/sites.usp.br\/posfisio\/wp-content\/uploads\/sites\/1200\/2025\/02\/roteiro_defesa_mar2025.pdf\">mar\u00e7o<\/a>, <a href=\"https:\/\/sites.usp.br\/posfisio\/wp-content\/uploads\/sites\/1200\/2025\/02\/roteiro_defesa_abr2025.pdf\">abril<\/a>, <a href=\"https:\/\/sites.usp.br\/posfisio\/wp-content\/uploads\/sites\/1200\/2025\/02\/roteiro_defesa_mai2025.pdf\">maio<\/a> e <a href=\"https:\/\/sites.usp.br\/posfisio\/wp-content\/uploads\/sites\/1200\/2025\/02\/roteiro_defesa_jun2025.pdf\">junho<\/a>.<\/p><p><strong>Formul\u00e1rios:<\/strong><\/p><p>&#8211; <a href=\"https:\/\/sites.usp.br\/posfisio\/wp-content\/uploads\/sites\/1200\/2023\/10\/formulario_sugestao_banca_defesa.doc\">Formul\u00e1rio de sugest\u00e3o de banca de defesa<\/a><\/p><p>&#8211; <a href=\"https:\/\/sites.usp.br\/posfisio\/wp-content\/uploads\/sites\/1200\/2023\/10\/SumulaCurricular_Aluno.docx\">Formul\u00e1rio de S\u00famula Curricular<\/a><\/p><p>&#8211; <a href=\"https:\/\/forms.gle\/VixT6GTeykyGcPPv6\">Formul\u00e1rio de dados para o Relat\u00f3rio CAPES\/Sucupira <\/a><\/p><p>&#8211; <a href=\"https:\/\/forms.gle\/R12kzfTetHr9XUKY6\">Formul\u00e1rio para envio da documenta\u00e7\u00e3o para aprova\u00e7\u00e3o da banca de defesa<\/a><\/p><p>&#8211; <a href=\"https:\/\/sites.usp.br\/posfisio\/wp-content\/uploads\/sites\/1200\/2023\/10\/Form-Casos-de-Excepcionalidade-Bancas-Remotas.docx\">Formul\u00e1rio de solicita\u00e7\u00e3o de realiza\u00e7\u00e3o de defesa de forma remota<\/a><\/p><p><strong>Documenta\u00e7\u00e3o para dep\u00f3sito:<\/strong><\/p><p>Os documentos obrigat\u00f3rios para efetuar <span class=\"il\">dep\u00f3sito<\/span> junto ao sistema dever\u00e3o estar com <span class=\"il\">assinatura<\/span> eletr\u00f4nica, tanto do aluno como do respectivo orientador. A <span class=\"il\">assinatura<\/span> pode ser tanto GovBR como <span class=\"il\">USP Assina<\/span>.<\/p><p>\u00a0&#8211; <a href=\"https:\/\/biblioteca.icb.usp.br\/pos-graduacao\/\">Site da Biblioteca do ICB (normaliza\u00e7\u00e3o t\u00e9cnica, ficha catalogr\u00e1fica, etc.)<\/a><\/p><p>\u00a0&#8211; <a href=\"https:\/\/sites.usp.br\/posfisio\/wp-content\/uploads\/sites\/1200\/2023\/10\/Capa-para-assinatura-da-Com-Julgad_Novo-Regimento.docx\">Capa para assinaturas da Comiss\u00e3o Julgadora (folha de aprova\u00e7\u00e3o)<\/a><\/p><p>\u00a0&#8211; <a href=\"https:\/\/sites.usp.br\/posfisio\/wp-content\/uploads\/sites\/1200\/2023\/10\/Formulario-para-autorizacao-de-deposito-de-exemplares.doc\">Formul\u00e1rio de anu\u00eancia do orientador<\/a><\/p><p>\u00a0&#8211; <a href=\"https:\/\/sites.usp.br\/posfisio\/wp-content\/uploads\/sites\/1200\/2023\/10\/Formulario-solic.-para-nao-dispon.-a-versao-integral-da-tese-ou-dissertacao-no-portal-da-BDTD.pdf\">Formul\u00e1rio sobre a n\u00e3o disponibiliza\u00e7\u00e3o integral da disserta\u00e7\u00e3o\/tese<\/a><\/p><p>\u00a0&#8211; <a href=\"https:\/\/sites.usp.br\/posfisio\/wp-content\/uploads\/sites\/1200\/2023\/10\/Termo-de-ciencia-dos-procedimentos-para-a-correcao-de-exemplar-apos-a-defesa.doc\">Formul\u00e1rio de ci\u00eancia da corre\u00e7\u00e3o da disserta\u00e7\u00e3o\/tese<\/a><\/p><p>\u00a0&#8211; <a href=\"https:\/\/sites.usp.br\/posfisio\/wp-content\/uploads\/sites\/1200\/2024\/05\/tutorial_turnitin_maio2024.pdf\">Tutorial para emiss\u00e3o do Relat\u00f3rio de Pl\u00e1gio (sistema Turnitin)<\/a><\/p>\t\t\t\t\t\t<\/div>\n\t\t\t\t<\/div>\n\t\t\t\t\t<\/div>\n\t\t<\/div>\n\t\t\t\t\t<\/div>\n\t\t<\/section>\n\t\t\t\t<\/div>\n\t\t","protected":false},"excerpt":{"rendered":"<p>Defesa de Disserta\u00e7\u00e3o\/Tese O(a) aluno(a) deve verificar seu prazo m\u00e1ximo para dep\u00f3sito na sua ficha de aluno no sistema Janus.Caso o(a) aluno(a) n\u00e3o fa\u00e7a o dep\u00f3sito da sua disserta\u00e7\u00e3o\/tese at\u00e9 a data que est\u00e1 em sua ficha, o aluno ser\u00e1 desligado automaticamente pelo sistema. Recomendamos verificar as datas de fechamento de pauta de reuni\u00e3o da &hellip; <\/p>\n<p class=\"link-more\"><a href=\"https:\/\/sites.usp.br\/posfisio\/defesas\/\" class=\"more-link\">Continue lendo<span class=\"screen-reader-text\"> &#8220;Defesa de Disserta\u00e7\u00e3o\/Tese&#8221;<\/span><\/a><\/p>\n","protected":false},"author":1138,"featured_media":0,"parent":0,"menu_order":0,"comment_status":"closed","ping_status":"closed","template":"elementor_header_footer","meta":{"footnotes":"","_links_to":"","_links_to_target":""},"class_list":["post-2490","page","type-page","status-publish","hentry","entry"],"_links":{"self":[{"href":"https:\/\/sites.usp.br\/posfisio\/wp-json\/wp\/v2\/pages\/2490","targetHints":{"allow":["GET"]}}],"collection":[{"href":"https:\/\/sites.usp.br\/posfisio\/wp-json\/wp\/v2\/pages"}],"about":[{"href":"https:\/\/sites.usp.br\/posfisio\/wp-json\/wp\/v2\/types\/page"}],"author":[{"embeddable":true,"href":"https:\/\/sites.usp.br\/posfisio\/wp-json\/wp\/v2\/users\/1138"}],"replies":[{"embeddable":true,"href":"https:\/\/sites.usp.br\/posfisio\/wp-json\/wp\/v2\/comments?post=2490"}],"version-history":[{"count":4,"href":"https:\/\/sites.usp.br\/posfisio\/wp-json\/wp\/v2\/pages\/2490\/revisions"}],"predecessor-version":[{"id":2978,"href":"https:\/\/sites.usp.br\/posfisio\/wp-json\/wp\/v2\/pages\/2490\/revisions\/2978"}],"wp:attachment":[{"href":"https:\/\/sites.usp.br\/posfisio\/wp-json\/wp\/v2\/media?parent=2490"}],"curies":[{"name":"wp","href":"https:\/\/api.w.org\/{rel}","templated":true}]}}