{"id":673,"date":"2022-10-27T16:39:06","date_gmt":"2022-10-27T18:39:06","guid":{"rendered":"https:\/\/sites.usp.br\/posfisio\/?page_id=673"},"modified":"2025-05-26T10:51:10","modified_gmt":"2025-05-26T12:51:10","slug":"formularios","status":"publish","type":"page","link":"https:\/\/sites.usp.br\/posfisio\/formularios\/","title":{"rendered":"Formul\u00e1rios"},"content":{"rendered":"\t\t<div data-elementor-type=\"wp-page\" data-elementor-id=\"673\" class=\"elementor elementor-673\" data-elementor-post-type=\"page\">\n\t\t\t\t\t\t<section class=\"elementor-section elementor-top-section elementor-element elementor-element-2fad319 elementor-section-boxed elementor-section-height-default elementor-section-height-default\" data-id=\"2fad319\" data-element_type=\"section\">\n\t\t\t\t\t\t<div class=\"elementor-container elementor-column-gap-default\">\n\t\t\t\t\t<div class=\"elementor-column elementor-col-100 elementor-top-column elementor-element elementor-element-4ed761e\" data-id=\"4ed761e\" data-element_type=\"column\">\n\t\t\t<div class=\"elementor-widget-wrap elementor-element-populated\">\n\t\t\t\t\t\t<div class=\"elementor-element elementor-element-d980305 elementor-widget elementor-widget-spacer\" data-id=\"d980305\" data-element_type=\"widget\" data-widget_type=\"spacer.default\">\n\t\t\t\t<div class=\"elementor-widget-container\">\n\t\t\t\t\t<div class=\"elementor-spacer\">\n\t\t\t<div class=\"elementor-spacer-inner\"><\/div>\n\t\t<\/div>\n\t\t\t\t<\/div>\n\t\t\t\t<\/div>\n\t\t\t\t\t<\/div>\n\t\t<\/div>\n\t\t\t\t\t<\/div>\n\t\t<\/section>\n\t\t\t\t<section class=\"elementor-section elementor-top-section elementor-element elementor-element-32dd31a elementor-section-boxed elementor-section-height-default elementor-section-height-default\" data-id=\"32dd31a\" data-element_type=\"section\">\n\t\t\t\t\t\t<div class=\"elementor-container elementor-column-gap-default\">\n\t\t\t\t\t<div class=\"elementor-column elementor-col-50 elementor-top-column elementor-element elementor-element-4a7e90e\" data-id=\"4a7e90e\" data-element_type=\"column\">\n\t\t\t<div class=\"elementor-widget-wrap elementor-element-populated\">\n\t\t\t\t\t\t<div class=\"elementor-element elementor-element-743b810 elementor-nav-menu__text-align-aside elementor-widget elementor-widget-nav-menu\" data-id=\"743b810\" data-element_type=\"widget\" data-settings=\"{&quot;layout&quot;:&quot;dropdown&quot;,&quot;submenu_icon&quot;:{&quot;value&quot;:&quot;&lt;i class=\\&quot;fas fa-caret-down\\&quot;&gt;&lt;\\\/i&gt;&quot;,&quot;library&quot;:&quot;fa-solid&quot;}}\" data-widget_type=\"nav-menu.default\">\n\t\t\t\t<div class=\"elementor-widget-container\">\n\t\t\t\t\t\t<nav class=\"elementor-nav-menu--dropdown elementor-nav-menu__container\" aria-hidden=\"true\">\n\t\t\t\t<ul id=\"menu-2-743b810\" class=\"elementor-nav-menu\"><li class=\"menu-item menu-item-type-custom menu-item-object-custom menu-item-home menu-item-444\"><a href=\"https:\/\/sites.usp.br\/posfisio\/\" class=\"elementor-item\" tabindex=\"-1\">In\u00edcio<\/a><\/li>\n<li class=\"menu-item menu-item-type-custom menu-item-object-custom menu-item-has-children menu-item-183\"><a href=\"https:\/\/sites.usp.br\/posfisio\/programa\/\" class=\"elementor-item\" tabindex=\"-1\">Programa<\/a>\n<ul class=\"sub-menu elementor-nav-menu--dropdown\">\n\t<li class=\"menu-item menu-item-type-custom menu-item-object-custom menu-item-1981\"><a href=\"https:\/\/sites.usp.br\/posfisio\/programa\/\" class=\"elementor-sub-item\" tabindex=\"-1\">Sobre o Programa<\/a><\/li>\n\t<li class=\"menu-item menu-item-type-custom menu-item-object-custom menu-item-733\"><a href=\"https:\/\/sites.usp.br\/posfisio\/comissao-coordenadora\/\" class=\"elementor-sub-item\" tabindex=\"-1\">Comiss\u00e3o Coordenadora<\/a><\/li>\n\t<li class=\"menu-item menu-item-type-post_type menu-item-object-page menu-item-2359\"><a href=\"https:\/\/sites.usp.br\/posfisio\/calendario-de-reunioes\/\" class=\"elementor-sub-item\" tabindex=\"-1\">Calend\u00e1rio de Reuni\u00f5es<\/a><\/li>\n\t<li class=\"menu-item menu-item-type-custom menu-item-object-custom menu-item-735\"><a href=\"https:\/\/sites.usp.br\/posfisio\/formularios\/\" class=\"elementor-sub-item\" tabindex=\"-1\">Formul\u00e1rios<\/a><\/li>\n\t<li class=\"menu-item menu-item-type-custom menu-item-object-custom menu-item-745\"><a href=\"https:\/\/sites.usp.br\/posfisio\/disciplinas\/\" class=\"elementor-sub-item\" tabindex=\"-1\">Disciplinas<\/a><\/li>\n\t<li class=\"menu-item menu-item-type-post_type menu-item-object-page menu-item-2360\"><a href=\"https:\/\/sites.usp.br\/posfisio\/defesas-agendadas\/\" class=\"elementor-sub-item\" tabindex=\"-1\">Defesas Agendadas<\/a><\/li>\n\t<li class=\"menu-item menu-item-type-custom menu-item-object-custom menu-item-751\"><a href=\"https:\/\/sites.usp.br\/posfisio\/normas\/\" class=\"elementor-sub-item\" tabindex=\"-1\">Normas<\/a><\/li>\n\t<li class=\"menu-item menu-item-type-custom menu-item-object-custom menu-item-1213\"><a href=\"https:\/\/sites.usp.br\/posfisio\/artigos-publicados\/\" class=\"elementor-sub-item\" tabindex=\"-1\">Artigos publicados<\/a><\/li>\n<\/ul>\n<\/li>\n<li class=\"menu-item menu-item-type-custom menu-item-object-custom menu-item-734\"><a href=\"https:\/\/sites.usp.br\/posfisio\/orientadores\/\" class=\"elementor-item\" tabindex=\"-1\">Orientadores<\/a><\/li>\n<li class=\"menu-item menu-item-type-custom menu-item-object-custom menu-item-has-children menu-item-558\"><a href=\"https:\/\/sites.usp.br\/posfisio\/selecao-de-ingresso\/\" class=\"elementor-item\" tabindex=\"-1\">Sele\u00e7\u00e3o de Ingresso<\/a>\n<ul class=\"sub-menu elementor-nav-menu--dropdown\">\n\t<li class=\"menu-item menu-item-type-post_type menu-item-object-page menu-item-1781\"><a href=\"https:\/\/sites.usp.br\/posfisio\/selecao-de-ingresso-2\/\" class=\"elementor-sub-item\" tabindex=\"-1\">Sobre a Sele\u00e7\u00e3o de Ingresso<\/a><\/li>\n\t<li class=\"menu-item menu-item-type-custom menu-item-object-custom menu-item-1214\"><a href=\"https:\/\/sites.usp.br\/posfisio\/editais\/\" class=\"elementor-sub-item\" tabindex=\"-1\">Editais<\/a><\/li>\n\t<li class=\"menu-item menu-item-type-custom menu-item-object-custom menu-item-1215\"><a href=\"https:\/\/sites.usp.br\/posfisio\/gre\/\" class=\"elementor-sub-item\" tabindex=\"-1\">GRE<\/a><\/li>\n\t<li class=\"menu-item menu-item-type-custom menu-item-object-custom menu-item-1216\"><a href=\"https:\/\/sites.usp.br\/posfisio\/prova-de-fisiologia\/\" class=\"elementor-sub-item\" tabindex=\"-1\">Prova de Fisiologia<\/a><\/li>\n\t<li class=\"menu-item menu-item-type-custom menu-item-object-custom menu-item-1217\"><a href=\"https:\/\/sites.usp.br\/posfisio\/prova-de-proficiencia\/\" class=\"elementor-sub-item\" tabindex=\"-1\">Prova de Profici\u00eancia<\/a><\/li>\n\t<li class=\"menu-item menu-item-type-custom menu-item-object-custom menu-item-1678\"><a href=\"https:\/\/sites.usp.br\/posfisio\/criterios-para-bolsas-do\/\" class=\"elementor-sub-item\" tabindex=\"-1\">Crit\u00e9rios para Bolsas &#8211; DO<\/a><\/li>\n<\/ul>\n<\/li>\n<li class=\"menu-item menu-item-type-custom menu-item-object-custom menu-item-has-children menu-item-553\"><a href=\"https:\/\/sites.usp.br\/posfisio\/pos-graduandos-2\/\" class=\"elementor-item\" tabindex=\"-1\">P\u00f3s-Graduandos<\/a>\n<ul class=\"sub-menu elementor-nav-menu--dropdown\">\n\t<li class=\"menu-item menu-item-type-custom menu-item-object-custom menu-item-1682\"><a href=\"https:\/\/sites.usp.br\/posfisio\/wp-content\/uploads\/sites\/1200\/2024\/01\/lista_alunos_fisio_jan24.pdf\" class=\"elementor-sub-item\" tabindex=\"-1\">Lista de P\u00f3s-Graduandos<\/a><\/li>\n\t<li class=\"menu-item menu-item-type-post_type menu-item-object-page menu-item-2537\"><a href=\"https:\/\/sites.usp.br\/posfisio\/exame-de-qualificacao\/\" class=\"elementor-sub-item\" tabindex=\"-1\">Exame de Qualifica\u00e7\u00e3o<\/a><\/li>\n\t<li class=\"menu-item menu-item-type-post_type menu-item-object-page menu-item-2536\"><a href=\"https:\/\/sites.usp.br\/posfisio\/defesas\/\" class=\"elementor-sub-item\" tabindex=\"-1\">Defesa de Disserta\u00e7\u00e3o\/Tese<\/a><\/li>\n\t<li class=\"menu-item menu-item-type-custom menu-item-object-custom menu-item-752\"><a href=\"https:\/\/sites.usp.br\/posfisio\/pae\/\" class=\"elementor-sub-item\" tabindex=\"-1\">PAE<\/a><\/li>\n\t<li class=\"menu-item menu-item-type-post_type menu-item-object-page menu-item-2535\"><a href=\"https:\/\/sites.usp.br\/posfisio\/cursos-obrigatorios\/\" class=\"elementor-sub-item\" tabindex=\"-1\">Cursos Obrigat\u00f3rios<\/a><\/li>\n\t<li class=\"menu-item menu-item-type-custom menu-item-object-custom menu-item-1218\"><a href=\"https:\/\/sites.usp.br\/posfisio\/relatorios\/\" class=\"elementor-sub-item\" tabindex=\"-1\">Relat\u00f3rios<\/a><\/li>\n\t<li class=\"menu-item menu-item-type-post_type menu-item-object-page menu-item-2361\"><a href=\"https:\/\/sites.usp.br\/posfisio\/auxilio-a-participacao-de-eventos\/\" class=\"elementor-sub-item\" tabindex=\"-1\">Verba CAPES\/PROEX<\/a><\/li>\n\t<li class=\"menu-item menu-item-type-custom menu-item-object-custom menu-item-1219\"><a href=\"https:\/\/sites.usp.br\/posfisio\/alunos-especiais\/\" class=\"elementor-sub-item\" tabindex=\"-1\">Alunos especiais<\/a><\/li>\n\t<li class=\"menu-item menu-item-type-post_type menu-item-object-page menu-item-2534\"><a href=\"https:\/\/sites.usp.br\/posfisio\/outros-formularios\/\" class=\"elementor-sub-item\" tabindex=\"-1\">Outros Formul\u00e1rios<\/a><\/li>\n\t<li class=\"menu-item menu-item-type-custom menu-item-object-custom menu-item-929\"><a href=\"https:\/\/sites.usp.br\/posfisio\/teses\/\" class=\"elementor-sub-item\" tabindex=\"-1\">Teses e Disserta\u00e7\u00f5es Defendidas<\/a><\/li>\n<\/ul>\n<\/li>\n<li class=\"menu-item menu-item-type-custom menu-item-object-custom menu-item-1769\"><a href=\"https:\/\/fisiologia.icb.usp.br\/\" class=\"elementor-item\" tabindex=\"-1\">Departamento<\/a><\/li>\n<li class=\"menu-item menu-item-type-custom menu-item-object-custom menu-item-561\"><a href=\"https:\/\/sites.usp.br\/posfisio\/contato\/\" class=\"elementor-item\" tabindex=\"-1\">Contato<\/a><\/li>\n<\/ul>\t\t\t<\/nav>\n\t\t\t\t<\/div>\n\t\t\t\t<\/div>\n\t\t\t\t\t<\/div>\n\t\t<\/div>\n\t\t\t\t<div class=\"elementor-column elementor-col-50 elementor-top-column elementor-element elementor-element-7a1ab6c\" data-id=\"7a1ab6c\" data-element_type=\"column\">\n\t\t\t<div class=\"elementor-widget-wrap elementor-element-populated\">\n\t\t\t\t\t\t<div class=\"elementor-element elementor-element-60cdc36 elementor-widget elementor-widget-heading\" data-id=\"60cdc36\" data-element_type=\"widget\" data-widget_type=\"heading.default\">\n\t\t\t\t<div class=\"elementor-widget-container\">\n\t\t\t<h3 class=\"elementor-heading-title elementor-size-default\">Formul\u00e1rios<\/h3>\t\t<\/div>\n\t\t\t\t<\/div>\n\t\t\t\t<div class=\"elementor-element elementor-element-841de1f elementor-widget elementor-widget-text-editor\" data-id=\"841de1f\" data-element_type=\"widget\" data-widget_type=\"text-editor.default\">\n\t\t\t\t<div class=\"elementor-widget-container\">\n\t\t\t\t\t\t\t<p><strong>Formul\u00e1rios do Programa<\/strong><\/p><p><span style=\"font-weight: 400;\">Credenciamento e Recredenciamento de Orientadores<\/span><\/p><ul><li style=\"font-weight: 400;\" aria-level=\"1\"><span style=\"font-weight: 400;\"><a href=\"https:\/\/sites.usp.br\/posfisio\/wp-content\/uploads\/sites\/1200\/2025\/05\/Formulario-de-credenciamento-de-orientador-e-co-orientadores-1.docx\">Formul\u00e1rio de credenciamento de orientador e co-orientadores<\/a> <br \/><\/span><\/li><li style=\"font-weight: 400;\" aria-level=\"1\"><a href=\"https:\/\/sites.usp.br\/posfisio\/wp-content\/uploads\/sites\/1200\/2025\/05\/Formulario-para-parecer-_-Credenciamento-orientador.docx\"><span style=\"font-weight: 400;\">Formul\u00e1rio para parecer \u2013 Credenciamento de orientador<\/span><\/a><\/li><\/ul><p><span style=\"font-weight: 400;\">\u00a0<\/span><\/p><p><span style=\"font-weight: 400;\">Cria\u00e7\u00e3o\/Atualiza\u00e7\u00e3o de Disciplinas de P\u00f3s-Gradua\u00e7\u00e3o<\/span><\/p><ul><li style=\"font-weight: 400;\" aria-level=\"1\"><span style=\"font-weight: 400;\"><a href=\"https:\/\/sites.usp.br\/posfisio\/wp-content\/uploads\/sites\/1200\/2025\/05\/Formulario-CRIACAO-DISCIPLINAS.docx\">Formul\u00e1rio Cria\u00e7\u00e3o\/Atualiza\u00e7\u00e3o de Disciplinas Presenciais e\/ou N\u00e3o Presenciais<\/a> <br \/><\/span><\/li><li style=\"font-weight: 400;\" aria-level=\"1\"><a href=\"https:\/\/sites.usp.br\/posfisio\/wp-content\/uploads\/sites\/1200\/2025\/05\/Formulario-para-parecer-_-Credenciamento-disciplina.docx\"><span style=\"font-weight: 400;\">Formul\u00e1rio para parecer \u2013 Credenciamento. de resp. por disciplina<\/span><\/a><\/li><\/ul>\t\t\t\t\t\t<\/div>\n\t\t\t\t<\/div>\n\t\t\t\t<div class=\"elementor-element elementor-element-38bf38a elementor-widget elementor-widget-spacer\" data-id=\"38bf38a\" data-element_type=\"widget\" data-widget_type=\"spacer.default\">\n\t\t\t\t<div class=\"elementor-widget-container\">\n\t\t\t\t\t<div class=\"elementor-spacer\">\n\t\t\t<div class=\"elementor-spacer-inner\"><\/div>\n\t\t<\/div>\n\t\t\t\t<\/div>\n\t\t\t\t<\/div>\n\t\t\t\t<div class=\"elementor-element elementor-element-fee9b49 elementor-widget elementor-widget-text-editor\" data-id=\"fee9b49\" data-element_type=\"widget\" data-widget_type=\"text-editor.default\">\n\t\t\t\t<div class=\"elementor-widget-container\">\n\t\t\t\t\t\t\t<p><strong>Formul\u00e1rios de Sele\u00e7\u00e3o de Ingresso<\/strong><\/p><p><a href=\"https:\/\/sites.usp.br\/posfisio\/wp-content\/uploads\/sites\/1200\/2022\/11\/formulario_de_inscricao_me-dd_v6.doc\">Formul\u00e1rio de inscri\u00e7\u00e3o para o processo seletivo para o\u00a0<strong>Mestrado e Doutorado Direto<\/strong>\u00a0junto ao Programa de P\u00f3s-Gradua\u00e7\u00e3o em Fisiologia Humana<\/a>\u00a0<\/p><p><a href=\"https:\/\/sites.usp.br\/posfisio\/wp-content\/uploads\/sites\/1200\/2022\/11\/formulario_de_inscricao_dout-com-mest_v4.doc\">Formul\u00e1rio de inscri\u00e7\u00e3o para o processo seletivo para o\u00a0<strong>Doutorado com Mestrado<\/strong>\u00a0junto ao Programa de P\u00f3s-Gradua\u00e7\u00e3o em Fisiologia Humana<\/a><\/p>\t\t\t\t\t\t<\/div>\n\t\t\t\t<\/div>\n\t\t\t\t<div class=\"elementor-element elementor-element-046ca32 elementor-widget elementor-widget-spacer\" data-id=\"046ca32\" data-element_type=\"widget\" data-widget_type=\"spacer.default\">\n\t\t\t\t<div class=\"elementor-widget-container\">\n\t\t\t\t\t<div class=\"elementor-spacer\">\n\t\t\t<div class=\"elementor-spacer-inner\"><\/div>\n\t\t<\/div>\n\t\t\t\t<\/div>\n\t\t\t\t<\/div>\n\t\t\t\t<div class=\"elementor-element elementor-element-2eaea35 elementor-widget elementor-widget-text-editor\" data-id=\"2eaea35\" data-element_type=\"widget\" data-widget_type=\"text-editor.default\">\n\t\t\t\t<div class=\"elementor-widget-container\">\n\t\t\t\t\t\t\t<p><strong>Formul\u00e1rio para a Avalia\u00e7\u00e3o de Relat\u00f3rios<\/strong><\/p><p><a style=\"font-family: var( --e-global-typography-19af9c8-font-family ), Sans-serif; font-size: var( --e-global-typography-19af9c8-font-size ); font-weight: var( --e-global-typography-19af9c8-font-weight ); letter-spacing: var( --e-global-typography-19af9c8-letter-spacing ); word-spacing: var( --e-global-typography-19af9c8-word-spacing ); background-color: #ffffff;\" href=\"https:\/\/docs.google.com\/forms\/d\/e\/1FAIpQLSeL2CZKTdB5TJ4POHJAhsVL9lhFF_YPJTT0UssnQ8z69JK3OA\/viewform\" target=\"_blank\" rel=\"noopener\">Formul\u00e1rio para a avalia\u00e7\u00e3o de relat\u00f3rio cient\u00edfico anual &#8211; PG Fisiologia Humana &#8211; ICB\/USP<\/a><\/p>\t\t\t\t\t\t<\/div>\n\t\t\t\t<\/div>\n\t\t\t\t\t<\/div>\n\t\t<\/div>\n\t\t\t\t\t<\/div>\n\t\t<\/section>\n\t\t\t\t<section class=\"elementor-section elementor-top-section elementor-element elementor-element-584cd31 elementor-section-boxed elementor-section-height-default elementor-section-height-default\" data-id=\"584cd31\" data-element_type=\"section\">\n\t\t\t\t\t\t<div class=\"elementor-container elementor-column-gap-default\">\n\t\t\t\t\t<div class=\"elementor-column elementor-col-100 elementor-top-column elementor-element elementor-element-8d98bba\" data-id=\"8d98bba\" data-element_type=\"column\">\n\t\t\t<div class=\"elementor-widget-wrap elementor-element-populated\">\n\t\t\t\t\t\t<div class=\"elementor-element elementor-element-6e5ca9a elementor-widget elementor-widget-spacer\" data-id=\"6e5ca9a\" data-element_type=\"widget\" data-widget_type=\"spacer.default\">\n\t\t\t\t<div class=\"elementor-widget-container\">\n\t\t\t\t\t<div class=\"elementor-spacer\">\n\t\t\t<div class=\"elementor-spacer-inner\"><\/div>\n\t\t<\/div>\n\t\t\t\t<\/div>\n\t\t\t\t<\/div>\n\t\t\t\t\t<\/div>\n\t\t<\/div>\n\t\t\t\t\t<\/div>\n\t\t<\/section>\n\t\t\t\t<\/div>\n\t\t","protected":false},"excerpt":{"rendered":"<p>Formul\u00e1rios Formul\u00e1rios do Programa Credenciamento e Recredenciamento de Orientadores Formul\u00e1rio de credenciamento de orientador e co-orientadores Formul\u00e1rio para parecer \u2013 Credenciamento de orientador \u00a0 Cria\u00e7\u00e3o\/Atualiza\u00e7\u00e3o de Disciplinas de P\u00f3s-Gradua\u00e7\u00e3o Formul\u00e1rio Cria\u00e7\u00e3o\/Atualiza\u00e7\u00e3o de Disciplinas Presenciais e\/ou N\u00e3o Presenciais Formul\u00e1rio para parecer \u2013 Credenciamento. de resp. por disciplina Formul\u00e1rios de Sele\u00e7\u00e3o de Ingresso Formul\u00e1rio de inscri\u00e7\u00e3o para &hellip; <\/p>\n<p class=\"link-more\"><a href=\"https:\/\/sites.usp.br\/posfisio\/formularios\/\" class=\"more-link\">Continue lendo<span class=\"screen-reader-text\"> &#8220;Formul\u00e1rios&#8221;<\/span><\/a><\/p>\n","protected":false},"author":1138,"featured_media":0,"parent":0,"menu_order":0,"comment_status":"closed","ping_status":"closed","template":"elementor_header_footer","meta":{"footnotes":"","_links_to":"","_links_to_target":""},"class_list":["post-673","page","type-page","status-publish","hentry","entry"],"_links":{"self":[{"href":"https:\/\/sites.usp.br\/posfisio\/wp-json\/wp\/v2\/pages\/673","targetHints":{"allow":["GET"]}}],"collection":[{"href":"https:\/\/sites.usp.br\/posfisio\/wp-json\/wp\/v2\/pages"}],"about":[{"href":"https:\/\/sites.usp.br\/posfisio\/wp-json\/wp\/v2\/types\/page"}],"author":[{"embeddable":true,"href":"https:\/\/sites.usp.br\/posfisio\/wp-json\/wp\/v2\/users\/1138"}],"replies":[{"embeddable":true,"href":"https:\/\/sites.usp.br\/posfisio\/wp-json\/wp\/v2\/comments?post=673"}],"version-history":[{"count":4,"href":"https:\/\/sites.usp.br\/posfisio\/wp-json\/wp\/v2\/pages\/673\/revisions"}],"predecessor-version":[{"id":3049,"href":"https:\/\/sites.usp.br\/posfisio\/wp-json\/wp\/v2\/pages\/673\/revisions\/3049"}],"wp:attachment":[{"href":"https:\/\/sites.usp.br\/posfisio\/wp-json\/wp\/v2\/media?parent=673"}],"curies":[{"name":"wp","href":"https:\/\/api.w.org\/{rel}","templated":true}]}}