{"id":895,"date":"2022-10-30T16:28:43","date_gmt":"2022-10-30T18:28:43","guid":{"rendered":"https:\/\/sites.usp.br\/posfisio\/?page_id=895"},"modified":"2025-10-10T13:41:58","modified_gmt":"2025-10-10T15:41:58","slug":"editais","status":"publish","type":"page","link":"https:\/\/sites.usp.br\/posfisio\/editais\/","title":{"rendered":"Editais"},"content":{"rendered":"\t\t<div data-elementor-type=\"wp-page\" data-elementor-id=\"895\" class=\"elementor elementor-895\" data-elementor-post-type=\"page\">\n\t\t\t\t\t\t<section class=\"elementor-section elementor-top-section elementor-element elementor-element-4cecef5 elementor-section-boxed elementor-section-height-default elementor-section-height-default\" data-id=\"4cecef5\" data-element_type=\"section\">\n\t\t\t\t\t\t<div class=\"elementor-container elementor-column-gap-default\">\n\t\t\t\t\t<div class=\"elementor-column elementor-col-100 elementor-top-column elementor-element elementor-element-88c629f\" data-id=\"88c629f\" data-element_type=\"column\">\n\t\t\t<div class=\"elementor-widget-wrap elementor-element-populated\">\n\t\t\t\t\t\t<div class=\"elementor-element elementor-element-2dcfa3b elementor-widget elementor-widget-spacer\" data-id=\"2dcfa3b\" data-element_type=\"widget\" data-widget_type=\"spacer.default\">\n\t\t\t\t<div class=\"elementor-widget-container\">\n\t\t\t\t\t<div class=\"elementor-spacer\">\n\t\t\t<div class=\"elementor-spacer-inner\"><\/div>\n\t\t<\/div>\n\t\t\t\t<\/div>\n\t\t\t\t<\/div>\n\t\t\t\t\t<\/div>\n\t\t<\/div>\n\t\t\t\t\t<\/div>\n\t\t<\/section>\n\t\t\t\t<section class=\"elementor-section elementor-top-section elementor-element elementor-element-5e087e1 elementor-section-boxed elementor-section-height-default elementor-section-height-default\" data-id=\"5e087e1\" data-element_type=\"section\">\n\t\t\t\t\t\t<div class=\"elementor-container elementor-column-gap-default\">\n\t\t\t\t\t<div class=\"elementor-column elementor-col-50 elementor-top-column elementor-element elementor-element-3f8df89\" data-id=\"3f8df89\" data-element_type=\"column\">\n\t\t\t<div class=\"elementor-widget-wrap elementor-element-populated\">\n\t\t\t\t\t\t<div class=\"elementor-element elementor-element-031dc07 elementor-nav-menu__text-align-aside elementor-widget elementor-widget-nav-menu\" data-id=\"031dc07\" data-element_type=\"widget\" data-settings=\"{&quot;layout&quot;:&quot;dropdown&quot;,&quot;submenu_icon&quot;:{&quot;value&quot;:&quot;&lt;i class=\\&quot;fas fa-caret-down\\&quot;&gt;&lt;\\\/i&gt;&quot;,&quot;library&quot;:&quot;fa-solid&quot;}}\" data-widget_type=\"nav-menu.default\">\n\t\t\t\t<div class=\"elementor-widget-container\">\n\t\t\t\t\t\t<nav class=\"elementor-nav-menu--dropdown elementor-nav-menu__container\" aria-hidden=\"true\">\n\t\t\t\t<ul id=\"menu-2-031dc07\" class=\"elementor-nav-menu\"><li class=\"menu-item menu-item-type-custom menu-item-object-custom menu-item-home menu-item-444\"><a href=\"https:\/\/sites.usp.br\/posfisio\/\" class=\"elementor-item\" tabindex=\"-1\">In\u00edcio<\/a><\/li>\n<li class=\"menu-item menu-item-type-custom menu-item-object-custom menu-item-has-children menu-item-183\"><a href=\"https:\/\/sites.usp.br\/posfisio\/programa\/\" class=\"elementor-item\" tabindex=\"-1\">Programa<\/a>\n<ul class=\"sub-menu elementor-nav-menu--dropdown\">\n\t<li class=\"menu-item menu-item-type-custom menu-item-object-custom menu-item-1981\"><a href=\"https:\/\/sites.usp.br\/posfisio\/programa\/\" class=\"elementor-sub-item\" tabindex=\"-1\">Sobre o Programa<\/a><\/li>\n\t<li class=\"menu-item menu-item-type-custom menu-item-object-custom menu-item-733\"><a href=\"https:\/\/sites.usp.br\/posfisio\/comissao-coordenadora\/\" class=\"elementor-sub-item\" tabindex=\"-1\">Comiss\u00e3o Coordenadora<\/a><\/li>\n\t<li class=\"menu-item menu-item-type-post_type menu-item-object-page menu-item-2359\"><a href=\"https:\/\/sites.usp.br\/posfisio\/calendario-de-reunioes\/\" class=\"elementor-sub-item\" tabindex=\"-1\">Calend\u00e1rio de Reuni\u00f5es<\/a><\/li>\n\t<li class=\"menu-item menu-item-type-custom menu-item-object-custom menu-item-735\"><a href=\"https:\/\/sites.usp.br\/posfisio\/formularios\/\" class=\"elementor-sub-item\" tabindex=\"-1\">Formul\u00e1rios<\/a><\/li>\n\t<li class=\"menu-item menu-item-type-custom menu-item-object-custom menu-item-745\"><a href=\"https:\/\/sites.usp.br\/posfisio\/disciplinas\/\" class=\"elementor-sub-item\" tabindex=\"-1\">Disciplinas<\/a><\/li>\n\t<li class=\"menu-item menu-item-type-post_type menu-item-object-page menu-item-2360\"><a href=\"https:\/\/sites.usp.br\/posfisio\/defesas-agendadas\/\" class=\"elementor-sub-item\" tabindex=\"-1\">Defesas Agendadas<\/a><\/li>\n\t<li class=\"menu-item menu-item-type-custom menu-item-object-custom menu-item-751\"><a href=\"https:\/\/sites.usp.br\/posfisio\/normas\/\" class=\"elementor-sub-item\" tabindex=\"-1\">Normas<\/a><\/li>\n\t<li class=\"menu-item menu-item-type-custom menu-item-object-custom menu-item-1213\"><a href=\"https:\/\/sites.usp.br\/posfisio\/artigos-publicados\/\" class=\"elementor-sub-item\" tabindex=\"-1\">Artigos publicados<\/a><\/li>\n<\/ul>\n<\/li>\n<li class=\"menu-item menu-item-type-custom menu-item-object-custom menu-item-734\"><a href=\"https:\/\/sites.usp.br\/posfisio\/orientadores\/\" class=\"elementor-item\" tabindex=\"-1\">Orientadores<\/a><\/li>\n<li class=\"menu-item menu-item-type-custom menu-item-object-custom menu-item-has-children menu-item-558\"><a href=\"https:\/\/sites.usp.br\/posfisio\/selecao-de-ingresso\/\" class=\"elementor-item\" tabindex=\"-1\">Sele\u00e7\u00e3o de Ingresso<\/a>\n<ul class=\"sub-menu elementor-nav-menu--dropdown\">\n\t<li class=\"menu-item menu-item-type-post_type menu-item-object-page menu-item-1781\"><a href=\"https:\/\/sites.usp.br\/posfisio\/selecao-de-ingresso-2\/\" class=\"elementor-sub-item\" tabindex=\"-1\">Sobre a Sele\u00e7\u00e3o de Ingresso<\/a><\/li>\n\t<li class=\"menu-item menu-item-type-custom menu-item-object-custom menu-item-1214\"><a href=\"https:\/\/sites.usp.br\/posfisio\/editais\/\" class=\"elementor-sub-item\" tabindex=\"-1\">Editais<\/a><\/li>\n\t<li class=\"menu-item menu-item-type-custom menu-item-object-custom menu-item-1215\"><a href=\"https:\/\/sites.usp.br\/posfisio\/gre\/\" class=\"elementor-sub-item\" tabindex=\"-1\">GRE<\/a><\/li>\n\t<li class=\"menu-item menu-item-type-custom menu-item-object-custom menu-item-1216\"><a href=\"https:\/\/sites.usp.br\/posfisio\/prova-de-fisiologia\/\" class=\"elementor-sub-item\" tabindex=\"-1\">Prova de Fisiologia<\/a><\/li>\n\t<li class=\"menu-item menu-item-type-custom menu-item-object-custom menu-item-1217\"><a href=\"https:\/\/sites.usp.br\/posfisio\/prova-de-proficiencia\/\" class=\"elementor-sub-item\" tabindex=\"-1\">Prova de Profici\u00eancia<\/a><\/li>\n\t<li class=\"menu-item menu-item-type-custom menu-item-object-custom menu-item-1678\"><a href=\"https:\/\/sites.usp.br\/posfisio\/criterios-para-bolsas-do\/\" class=\"elementor-sub-item\" tabindex=\"-1\">Crit\u00e9rios para Bolsas &#8211; DO<\/a><\/li>\n<\/ul>\n<\/li>\n<li class=\"menu-item menu-item-type-custom menu-item-object-custom menu-item-has-children menu-item-553\"><a href=\"https:\/\/sites.usp.br\/posfisio\/pos-graduandos-2\/\" class=\"elementor-item\" tabindex=\"-1\">P\u00f3s-Graduandos<\/a>\n<ul class=\"sub-menu elementor-nav-menu--dropdown\">\n\t<li class=\"menu-item menu-item-type-custom menu-item-object-custom menu-item-1682\"><a href=\"https:\/\/sites.usp.br\/posfisio\/wp-content\/uploads\/sites\/1200\/2024\/01\/lista_alunos_fisio_jan24.pdf\" class=\"elementor-sub-item\" tabindex=\"-1\">Lista de P\u00f3s-Graduandos<\/a><\/li>\n\t<li class=\"menu-item menu-item-type-post_type menu-item-object-page menu-item-2537\"><a href=\"https:\/\/sites.usp.br\/posfisio\/exame-de-qualificacao\/\" class=\"elementor-sub-item\" tabindex=\"-1\">Exame de Qualifica\u00e7\u00e3o<\/a><\/li>\n\t<li class=\"menu-item menu-item-type-post_type menu-item-object-page menu-item-2536\"><a href=\"https:\/\/sites.usp.br\/posfisio\/defesas\/\" class=\"elementor-sub-item\" tabindex=\"-1\">Defesa de Disserta\u00e7\u00e3o\/Tese<\/a><\/li>\n\t<li class=\"menu-item menu-item-type-custom menu-item-object-custom menu-item-752\"><a href=\"https:\/\/sites.usp.br\/posfisio\/pae\/\" class=\"elementor-sub-item\" tabindex=\"-1\">PAE<\/a><\/li>\n\t<li class=\"menu-item menu-item-type-post_type menu-item-object-page menu-item-2535\"><a href=\"https:\/\/sites.usp.br\/posfisio\/cursos-obrigatorios\/\" class=\"elementor-sub-item\" tabindex=\"-1\">Cursos Obrigat\u00f3rios<\/a><\/li>\n\t<li class=\"menu-item menu-item-type-custom menu-item-object-custom menu-item-1218\"><a href=\"https:\/\/sites.usp.br\/posfisio\/relatorios\/\" class=\"elementor-sub-item\" tabindex=\"-1\">Relat\u00f3rios<\/a><\/li>\n\t<li class=\"menu-item menu-item-type-post_type menu-item-object-page menu-item-2361\"><a href=\"https:\/\/sites.usp.br\/posfisio\/auxilio-a-participacao-de-eventos\/\" class=\"elementor-sub-item\" tabindex=\"-1\">Verba CAPES\/PROEX<\/a><\/li>\n\t<li class=\"menu-item menu-item-type-custom menu-item-object-custom menu-item-1219\"><a href=\"https:\/\/sites.usp.br\/posfisio\/alunos-especiais\/\" class=\"elementor-sub-item\" tabindex=\"-1\">Alunos especiais<\/a><\/li>\n\t<li class=\"menu-item menu-item-type-post_type menu-item-object-page menu-item-2534\"><a href=\"https:\/\/sites.usp.br\/posfisio\/outros-formularios\/\" class=\"elementor-sub-item\" tabindex=\"-1\">Outros Formul\u00e1rios<\/a><\/li>\n\t<li class=\"menu-item menu-item-type-custom menu-item-object-custom menu-item-929\"><a href=\"https:\/\/sites.usp.br\/posfisio\/teses\/\" class=\"elementor-sub-item\" tabindex=\"-1\">Teses e Disserta\u00e7\u00f5es Defendidas<\/a><\/li>\n<\/ul>\n<\/li>\n<li class=\"menu-item menu-item-type-custom menu-item-object-custom menu-item-1769\"><a href=\"https:\/\/fisiologia.icb.usp.br\/\" class=\"elementor-item\" tabindex=\"-1\">Departamento<\/a><\/li>\n<li class=\"menu-item menu-item-type-custom menu-item-object-custom menu-item-561\"><a href=\"https:\/\/sites.usp.br\/posfisio\/contato\/\" class=\"elementor-item\" tabindex=\"-1\">Contato<\/a><\/li>\n<\/ul>\t\t\t<\/nav>\n\t\t\t\t<\/div>\n\t\t\t\t<\/div>\n\t\t\t\t\t<\/div>\n\t\t<\/div>\n\t\t\t\t<div class=\"elementor-column elementor-col-50 elementor-top-column elementor-element elementor-element-fdc5aa6\" data-id=\"fdc5aa6\" data-element_type=\"column\">\n\t\t\t<div class=\"elementor-widget-wrap elementor-element-populated\">\n\t\t\t\t\t\t<div class=\"elementor-element elementor-element-e6a6bd3 elementor-widget elementor-widget-heading\" data-id=\"e6a6bd3\" data-element_type=\"widget\" data-widget_type=\"heading.default\">\n\t\t\t\t<div class=\"elementor-widget-container\">\n\t\t\t<h3 class=\"elementor-heading-title elementor-size-default\">Editais<\/h3>\t\t<\/div>\n\t\t\t\t<\/div>\n\t\t\t\t<div class=\"elementor-element elementor-element-5f1b567 elementor-widget elementor-widget-text-editor\" data-id=\"5f1b567\" data-element_type=\"widget\" data-widget_type=\"text-editor.default\">\n\t\t\t\t<div class=\"elementor-widget-container\">\n\t\t\t\t\t\t\t<div class=\"elementor-element elementor-element-5f1b567 elementor-widget elementor-widget-text-editor\" data-id=\"5f1b567\" data-element_type=\"widget\" data-widget_type=\"text-editor.default\"><div class=\"elementor-widget-container\"><p><strong>Editais para sele\u00e7\u00e3o de candidatos ao Mestrado e Doutorado Direto do Programa de Biologia Funcional e Molecular<br \/><\/strong><\/p><p><strong>Per\u00edodo de Inscri\u00e7\u00e3o:\u00a0<\/strong>06\/10 a 31\/10\/2025<\/p><p><a href=\"https:\/\/sites.usp.br\/posbfm\/wp-content\/uploads\/sites\/1611\/2025\/10\/edital_mestrado_ppg-bfm_out2025.pdf\"><b><\/b><b>Clique aqui para acessar o Edital da Sele\u00e7\u00e3o de Mestrado<\/b><\/a><\/p><p><a href=\"https:\/\/sites.usp.br\/posbfm\/wp-content\/uploads\/sites\/1611\/2025\/10\/edital_doutoradodireto_ppg-bfm_out2025.pdf\"><b>Clique aqui para acessar o Edital da Sele\u00e7\u00e3o de Doutorado Direto<\/b><\/a><\/p><p>______________________________________________________________________________<\/p><\/div><\/div><div class=\"elementor-element elementor-element-52c3e5f elementor-widget elementor-widget-text-editor\" data-id=\"52c3e5f\" data-element_type=\"widget\" data-widget_type=\"text-editor.default\"><div class=\"elementor-widget-container\"><p><strong>Edital para sele\u00e7\u00e3o de candidatos ao\u00a0Doutorado portador do t\u00edtulo de Mestre\u00a0do Programa de Biologia Funcional e Molecular<br \/><\/strong><\/p><p><strong>Per\u00edodo de Inscri\u00e7\u00e3o:<\/strong> 27\/06 a 15\/11\/2025<\/p><p><a href=\"https:\/\/sites.usp.br\/posbfm\/wp-content\/uploads\/sites\/1611\/2025\/06\/Edital_BFM_ProcSel-DO_junho2025.pdf\"><strong>C<\/strong><b>lique aqui para acessar o Edital<\/b><\/a><\/p><\/div><\/div><div class=\"elementor-element elementor-element-2988ca5 elementor-widget-divider--view-line elementor-widget elementor-widget-divider\" data-id=\"2988ca5\" data-element_type=\"widget\" data-widget_type=\"divider.default\"><div class=\"elementor-widget-container\"><div class=\"elementor-divider\"><p>______________________________________________________________________________<\/p><\/div><\/div><\/div><div class=\"elementor-element elementor-element-46e94ec elementor-widget elementor-widget-text-editor\" data-id=\"46e94ec\" data-element_type=\"widget\" data-widget_type=\"text-editor.default\"><div class=\"elementor-widget-container\"><p><a href=\"http:\/\/posfisio.icb.usp.br\/wp-content\/uploads\/2020\/07\/Tutorial_ORCID.pdf\" target=\"_blank\" rel=\"noopener\"><strong>Tutorial USP para uso do ORCID<\/strong><\/a><\/p><\/div><\/div>\t\t\t\t\t\t<\/div>\n\t\t\t\t<\/div>\n\t\t\t\t<div class=\"elementor-element elementor-element-18f174e elementor-widget-divider--view-line elementor-widget elementor-widget-divider\" data-id=\"18f174e\" data-element_type=\"widget\" data-widget_type=\"divider.default\">\n\t\t\t\t<div class=\"elementor-widget-container\">\n\t\t\t\t\t<div class=\"elementor-divider\">\n\t\t\t<span class=\"elementor-divider-separator\">\n\t\t\t\t\t\t<\/span>\n\t\t<\/div>\n\t\t\t\t<\/div>\n\t\t\t\t<\/div>\n\t\t\t\t<div class=\"elementor-element elementor-element-52c3e5f elementor-widget elementor-widget-text-editor\" data-id=\"52c3e5f\" data-element_type=\"widget\" data-widget_type=\"text-editor.default\">\n\t\t\t\t<div class=\"elementor-widget-container\">\n\t\t\t\t\t\t\t<p><strong style=\"font-family: var( --e-global-typography-19af9c8-font-family ), Sans-serif; font-size: var( --e-global-typography-19af9c8-font-size ); letter-spacing: var( --e-global-typography-19af9c8-letter-spacing ); word-spacing: var( --e-global-typography-19af9c8-word-spacing );\">Edital para sele\u00e7\u00e3o de candidatos ao <span style=\"text-decoration-line: underline;\">Doutorado portador do t\u00edtulo de Mestre<\/span> do Programa de Biologia Funcional e Molecular<br \/><\/strong><\/p><p><strong>Per\u00edodo de Inscri\u00e7\u00e3o:<\/strong> 01\/11\/2024 a 31\/05\/2025<\/p><p><strong>Hor\u00e1rio de Inscri\u00e7\u00e3o:<\/strong> das 09h00 \u00e0s 15h00<\/p><p><a href=\"https:\/\/sites.usp.br\/posfisio\/wp-content\/uploads\/sites\/1200\/2024\/10\/Edital_DOcomME_BFM_out2024.pdf\"><strong>C<\/strong><b>lique aqui para acessar o Edital<\/b><\/a><\/p>\t\t\t\t\t\t<\/div>\n\t\t\t\t<\/div>\n\t\t\t\t<div class=\"elementor-element elementor-element-2988ca5 elementor-widget-divider--view-line elementor-widget elementor-widget-divider\" data-id=\"2988ca5\" data-element_type=\"widget\" data-widget_type=\"divider.default\">\n\t\t\t\t<div class=\"elementor-widget-container\">\n\t\t\t\t\t<div class=\"elementor-divider\">\n\t\t\t<span class=\"elementor-divider-separator\">\n\t\t\t\t\t\t<\/span>\n\t\t<\/div>\n\t\t\t\t<\/div>\n\t\t\t\t<\/div>\n\t\t\t\t<div class=\"elementor-element elementor-element-46e94ec elementor-widget elementor-widget-text-editor\" data-id=\"46e94ec\" data-element_type=\"widget\" data-widget_type=\"text-editor.default\">\n\t\t\t\t<div class=\"elementor-widget-container\">\n\t\t\t\t\t\t\t<p><a style=\"font-family: var( --e-global-typography-19af9c8-font-family ), Sans-serif; font-size: var( --e-global-typography-19af9c8-font-size ); font-weight: var( --e-global-typography-19af9c8-font-weight ); letter-spacing: var( --e-global-typography-19af9c8-letter-spacing ); word-spacing: var( --e-global-typography-19af9c8-word-spacing ); background-color: #ffffff;\" href=\"http:\/\/posfisio.icb.usp.br\/wp-content\/uploads\/2020\/07\/Tutorial_ORCID.pdf\" target=\"_blank\" rel=\"noopener\"><strong>Tutorial USP para uso do ORCID<\/strong><\/a><\/p>\t\t\t\t\t\t<\/div>\n\t\t\t\t<\/div>\n\t\t\t\t\t<\/div>\n\t\t<\/div>\n\t\t\t\t\t<\/div>\n\t\t<\/section>\n\t\t\t\t<section class=\"elementor-section elementor-top-section elementor-element elementor-element-f727647 elementor-section-boxed elementor-section-height-default elementor-section-height-default\" data-id=\"f727647\" data-element_type=\"section\">\n\t\t\t\t\t\t<div class=\"elementor-container elementor-column-gap-default\">\n\t\t\t\t\t<div class=\"elementor-column elementor-col-100 elementor-top-column elementor-element elementor-element-8201454\" data-id=\"8201454\" data-element_type=\"column\">\n\t\t\t<div class=\"elementor-widget-wrap elementor-element-populated\">\n\t\t\t\t\t\t<div class=\"elementor-element elementor-element-a0c4035 elementor-widget elementor-widget-spacer\" data-id=\"a0c4035\" data-element_type=\"widget\" data-widget_type=\"spacer.default\">\n\t\t\t\t<div class=\"elementor-widget-container\">\n\t\t\t\t\t<div class=\"elementor-spacer\">\n\t\t\t<div class=\"elementor-spacer-inner\"><\/div>\n\t\t<\/div>\n\t\t\t\t<\/div>\n\t\t\t\t<\/div>\n\t\t\t\t\t<\/div>\n\t\t<\/div>\n\t\t\t\t\t<\/div>\n\t\t<\/section>\n\t\t\t\t<\/div>\n\t\t","protected":false},"excerpt":{"rendered":"<p>Editais Editais para sele\u00e7\u00e3o de candidatos ao Mestrado e Doutorado Direto do Programa de Biologia Funcional e Molecular Per\u00edodo de Inscri\u00e7\u00e3o:\u00a006\/10 a 31\/10\/2025 Clique aqui para acessar o Edital da Sele\u00e7\u00e3o de Mestrado Clique aqui para acessar o Edital da Sele\u00e7\u00e3o de Doutorado Direto ______________________________________________________________________________ Edital para sele\u00e7\u00e3o de candidatos ao\u00a0Doutorado portador do t\u00edtulo de &hellip; <\/p>\n<p class=\"link-more\"><a href=\"https:\/\/sites.usp.br\/posfisio\/editais\/\" class=\"more-link\">Continue lendo<span class=\"screen-reader-text\"> &#8220;Editais&#8221;<\/span><\/a><\/p>\n","protected":false},"author":1138,"featured_media":0,"parent":0,"menu_order":0,"comment_status":"closed","ping_status":"closed","template":"elementor_header_footer","meta":{"footnotes":"","_links_to":"","_links_to_target":""},"class_list":["post-895","page","type-page","status-publish","hentry","entry"],"_links":{"self":[{"href":"https:\/\/sites.usp.br\/posfisio\/wp-json\/wp\/v2\/pages\/895","targetHints":{"allow":["GET"]}}],"collection":[{"href":"https:\/\/sites.usp.br\/posfisio\/wp-json\/wp\/v2\/pages"}],"about":[{"href":"https:\/\/sites.usp.br\/posfisio\/wp-json\/wp\/v2\/types\/page"}],"author":[{"embeddable":true,"href":"https:\/\/sites.usp.br\/posfisio\/wp-json\/wp\/v2\/users\/1138"}],"replies":[{"embeddable":true,"href":"https:\/\/sites.usp.br\/posfisio\/wp-json\/wp\/v2\/comments?post=895"}],"version-history":[{"count":4,"href":"https:\/\/sites.usp.br\/posfisio\/wp-json\/wp\/v2\/pages\/895\/revisions"}],"predecessor-version":[{"id":3062,"href":"https:\/\/sites.usp.br\/posfisio\/wp-json\/wp\/v2\/pages\/895\/revisions\/3062"}],"wp:attachment":[{"href":"https:\/\/sites.usp.br\/posfisio\/wp-json\/wp\/v2\/media?parent=895"}],"curies":[{"name":"wp","href":"https:\/\/api.w.org\/{rel}","templated":true}]}}