{"id":1085,"date":"2023-05-30T09:11:27","date_gmt":"2023-05-30T12:11:27","guid":{"rendered":"https:\/\/sites.usp.br\/posgpp\/?page_id=1085"},"modified":"2023-05-30T09:11:27","modified_gmt":"2023-05-30T12:11:27","slug":"norma-antiga","status":"publish","type":"page","link":"https:\/\/sites.usp.br\/posgpp\/norma-antiga\/","title":{"rendered":"Norma Antiga"},"content":{"rendered":"<p>A norma antiga do Programa de P\u00f3s-Gradua\u00e7\u00e3o em Gest\u00e3o de Pol\u00edticas P\u00fablicas (PMGPP) da Escola de Artes Ci\u00eancias e Humanidades (EACH\/USP) por ser acessada <a href=\"https:\/\/drive.google.com\/file\/d\/1Ods7yMxv7fUVpstr1cDHxgu-CM9SFkXb\/view\" target=\"_blank\" rel=\"noopener\">aqui<\/a>.<\/p>\n","protected":false},"excerpt":{"rendered":"<p>A norma antiga do Programa de P\u00f3s-Gradua\u00e7\u00e3o em Gest\u00e3o de Pol\u00edticas P\u00fablicas (PMGPP) da Escola de Artes Ci\u00eancias e Humanidades (EACH\/USP) por ser acessada aqui.<\/p>\n","protected":false},"author":22000,"featured_media":0,"parent":0,"menu_order":0,"comment_status":"closed","ping_status":"closed","template":"","meta":{"footnotes":"","_links_to":"","_links_to_target":""},"class_list":["post-1085","page","type-page","status-publish","hentry"],"_links":{"self":[{"href":"https:\/\/sites.usp.br\/posgpp\/wp-json\/wp\/v2\/pages\/1085","targetHints":{"allow":["GET"]}}],"collection":[{"href":"https:\/\/sites.usp.br\/posgpp\/wp-json\/wp\/v2\/pages"}],"about":[{"href":"https:\/\/sites.usp.br\/posgpp\/wp-json\/wp\/v2\/types\/page"}],"author":[{"embeddable":true,"href":"https:\/\/sites.usp.br\/posgpp\/wp-json\/wp\/v2\/users\/22000"}],"replies":[{"embeddable":true,"href":"https:\/\/sites.usp.br\/posgpp\/wp-json\/wp\/v2\/comments?post=1085"}],"version-history":[{"count":1,"href":"https:\/\/sites.usp.br\/posgpp\/wp-json\/wp\/v2\/pages\/1085\/revisions"}],"predecessor-version":[{"id":1086,"href":"https:\/\/sites.usp.br\/posgpp\/wp-json\/wp\/v2\/pages\/1085\/revisions\/1086"}],"wp:attachment":[{"href":"https:\/\/sites.usp.br\/posgpp\/wp-json\/wp\/v2\/media?parent=1085"}],"curies":[{"name":"wp","href":"https:\/\/api.w.org\/{rel}","templated":true}]}}