{"id":1305,"date":"2026-03-17T14:03:11","date_gmt":"2026-03-17T17:03:11","guid":{"rendered":"https:\/\/sites.usp.br\/posgpp\/?page_id=1305"},"modified":"2026-03-17T14:03:14","modified_gmt":"2026-03-17T17:03:14","slug":"representacao-discente","status":"publish","type":"page","link":"https:\/\/sites.usp.br\/posgpp\/representacao-discente\/","title":{"rendered":"Representa\u00e7\u00e3o Discente"},"content":{"rendered":"<p>A representa\u00e7\u00e3o discente na p\u00f3s-gradua\u00e7\u00e3o em Gest\u00e3o de Pol\u00edticas P\u00fablicas (GPP) da EACH-USP consiste na participa\u00e7\u00e3o ativa de alunos eleitos (representantes) nos \u00f3rg\u00e3os colegiados, como a Comiss\u00e3o Coordenadora do programa de P\u00f3s-Gradua\u00e7\u00e3o em Gest\u00e3o de Pol\u00edticas Publicas (CCP). Anualmente, s\u00e3o eleitos por vota\u00e7\u00e3o os representantes discentes, sendo um titular e um suplente e h\u00e1 como objetivos o di\u00e1logo sobre os interesses dos discentes, debater melhorias no curso e garantir voz democr\u00e1tica nas decis\u00f5es acad\u00eamicas.<\/p>\n<p>Conhe\u00e7a a representa\u00e7\u00e3o discente vigente:<\/p>\n<p><a href=\"https:\/\/sites.usp.br\/posgpp\/wp-content\/uploads\/sites\/1047\/2026\/03\/WhatsApp-Image-2026-03-16-at-13.18.58.jpeg\"><img loading=\"lazy\" decoding=\"async\" class=\"alignnone size-medium wp-image-1316\" src=\"https:\/\/sites.usp.br\/posgpp\/wp-content\/uploads\/sites\/1047\/2026\/03\/WhatsApp-Image-2026-03-16-at-13.18.58-211x300.jpeg\" alt=\"\" width=\"211\" height=\"300\" data-id=\"1316\" srcset=\"https:\/\/sites.usp.br\/posgpp\/wp-content\/uploads\/sites\/1047\/2026\/03\/WhatsApp-Image-2026-03-16-at-13.18.58-211x300.jpeg 211w, https:\/\/sites.usp.br\/posgpp\/wp-content\/uploads\/sites\/1047\/2026\/03\/WhatsApp-Image-2026-03-16-at-13.18.58-721x1024.jpeg 721w, https:\/\/sites.usp.br\/posgpp\/wp-content\/uploads\/sites\/1047\/2026\/03\/WhatsApp-Image-2026-03-16-at-13.18.58-768x1091.jpeg 768w, https:\/\/sites.usp.br\/posgpp\/wp-content\/uploads\/sites\/1047\/2026\/03\/WhatsApp-Image-2026-03-16-at-13.18.58-1081x1536.jpeg 1081w, https:\/\/sites.usp.br\/posgpp\/wp-content\/uploads\/sites\/1047\/2026\/03\/WhatsApp-Image-2026-03-16-at-13.18.58-400x568.jpeg 400w, https:\/\/sites.usp.br\/posgpp\/wp-content\/uploads\/sites\/1047\/2026\/03\/WhatsApp-Image-2026-03-16-at-13.18.58.jpeg 1126w\" sizes=\"auto, (max-width: 211px) 100vw, 211px\" \/><\/a><\/p>\n<p><strong>Jos\u00e9 Fl\u00e1vio dos Santos Lopes | Represente discente titular 2026<\/strong><\/p>\n<p>Mestrando em Gest\u00e3o de Pol\u00edticas P\u00fablicas pela EACH-USP e Bacharel em Administra\u00e7\u00e3o P\u00fablica pela Universidade da Integra\u00e7\u00e3o Internacional da Lusofonia Afro Brasileira (UNILAB). Interesse em pesquisas em An\u00e1lises de Pol\u00edticas P\u00fablicas e Meio Ambiente.<br \/>\nContato: <a href=\"mailto:j.flavioosantos@usp.br\">j.flavioosantos@usp.br<\/a><\/p>\n<p>&nbsp;<\/p>\n<p><a href=\"https:\/\/sites.usp.br\/posgpp\/wp-content\/uploads\/sites\/1047\/2026\/03\/IMG_1230-scaled.jpg\"><img loading=\"lazy\" decoding=\"async\" class=\"alignnone size-medium wp-image-1306\" src=\"https:\/\/sites.usp.br\/posgpp\/wp-content\/uploads\/sites\/1047\/2026\/03\/IMG_1230-300x200.jpg\" alt=\"\" width=\"300\" height=\"200\" data-id=\"1306\" srcset=\"https:\/\/sites.usp.br\/posgpp\/wp-content\/uploads\/sites\/1047\/2026\/03\/IMG_1230-300x200.jpg 300w, https:\/\/sites.usp.br\/posgpp\/wp-content\/uploads\/sites\/1047\/2026\/03\/IMG_1230-1024x683.jpg 1024w, https:\/\/sites.usp.br\/posgpp\/wp-content\/uploads\/sites\/1047\/2026\/03\/IMG_1230-768x512.jpg 768w, https:\/\/sites.usp.br\/posgpp\/wp-content\/uploads\/sites\/1047\/2026\/03\/IMG_1230-1536x1024.jpg 1536w, https:\/\/sites.usp.br\/posgpp\/wp-content\/uploads\/sites\/1047\/2026\/03\/IMG_1230-2048x1365.jpg 2048w, https:\/\/sites.usp.br\/posgpp\/wp-content\/uploads\/sites\/1047\/2026\/03\/IMG_1230-400x267.jpg 400w\" sizes=\"auto, (max-width: 300px) 100vw, 300px\" \/><\/a><\/p>\n<p><strong>Dennisy Silva de Figueiredo | Representante discente suplente 2026<\/strong><\/p>\n<p>Paraibana, Mestranda em Gest\u00e3o de Pol\u00edticas P\u00fablicas pela EACH-USP, p\u00f3s-graduada em Administra\u00e7\u00e3o P\u00fablica, Licenciada na Educa\u00e7\u00e3o Profissionalizante pelo Instituto Federal do Rio Grande do Norte e Bacharela em Comunica\u00e7\u00e3o em M\u00eddias Digitais pela Universidade Federal da Para\u00edba. Atua\u00e7\u00e3o no terceiro setor e no servi\u00e7o p\u00fablico.<\/p>\n<p>Contato: <a href=\"mailto:dennisyfigueiredo@usp.br\" target=\"_blank\" rel=\"noopener\">dennisyfigueiredo@usp.br<\/a><\/p>\n","protected":false},"excerpt":{"rendered":"<p>A representa\u00e7\u00e3o discente na p\u00f3s-gradua\u00e7\u00e3o em Gest\u00e3o de Pol\u00edticas P\u00fablicas (GPP) da EACH-USP consiste na participa\u00e7\u00e3o ativa de alunos eleitos (representantes) nos \u00f3rg\u00e3os colegiados, como a Comiss\u00e3o Coordenadora do programa de P\u00f3s-Gradua\u00e7\u00e3o em Gest\u00e3o de Pol\u00edticas Publicas (CCP). Anualmente, s\u00e3o eleitos por vota\u00e7\u00e3o os representantes discentes, sendo um titular e um suplente e h\u00e1 como objetivos o di\u00e1logo sobre os interesses dos discentes, debater melhorias no curso e garantir voz democr\u00e1tica nas decis\u00f5es acad\u00eamicas. Conhe\u00e7a a representa\u00e7\u00e3o discente vigente: Jos\u00e9 Fl\u00e1vio dos Santos Lopes | Represente discente titular 2026 Mestrando em Gest\u00e3o de Pol\u00edticas P\u00fablicas pela EACH-USP e Bacharel em Administra\u00e7\u00e3o P\u00fablica pela Universidade da Integra\u00e7\u00e3o Internacional da Lusofonia Afro Brasileira (UNILAB). Interesse em pesquisas em An\u00e1lises de Pol\u00edticas P\u00fablicas e Meio Ambiente. Contato: j.flavioosantos@usp.br &nbsp; Dennisy Silva de Figueiredo | Representante discente suplente 2026 Paraibana, Mestranda em Gest\u00e3o de Pol\u00edticas P\u00fablicas pela EACH-USP, p\u00f3s-graduada em Administra\u00e7\u00e3o P\u00fablica, Licenciada na Educa\u00e7\u00e3o Profissionalizante pelo Instituto Federal do Rio Grande do Norte e Bacharela em Comunica\u00e7\u00e3o em M\u00eddias Digitais pela Universidade Federal da Para\u00edba. Atua\u00e7\u00e3o no terceiro setor e no servi\u00e7o p\u00fablico. Contato: dennisyfigueiredo@usp.br<\/p>\n","protected":false},"author":24879,"featured_media":0,"parent":0,"menu_order":0,"comment_status":"closed","ping_status":"closed","template":"","meta":{"footnotes":"","_links_to":"","_links_to_target":""},"class_list":["post-1305","page","type-page","status-publish","hentry"],"_links":{"self":[{"href":"https:\/\/sites.usp.br\/posgpp\/wp-json\/wp\/v2\/pages\/1305","targetHints":{"allow":["GET"]}}],"collection":[{"href":"https:\/\/sites.usp.br\/posgpp\/wp-json\/wp\/v2\/pages"}],"about":[{"href":"https:\/\/sites.usp.br\/posgpp\/wp-json\/wp\/v2\/types\/page"}],"author":[{"embeddable":true,"href":"https:\/\/sites.usp.br\/posgpp\/wp-json\/wp\/v2\/users\/24879"}],"replies":[{"embeddable":true,"href":"https:\/\/sites.usp.br\/posgpp\/wp-json\/wp\/v2\/comments?post=1305"}],"version-history":[{"count":4,"href":"https:\/\/sites.usp.br\/posgpp\/wp-json\/wp\/v2\/pages\/1305\/revisions"}],"predecessor-version":[{"id":1319,"href":"https:\/\/sites.usp.br\/posgpp\/wp-json\/wp\/v2\/pages\/1305\/revisions\/1319"}],"wp:attachment":[{"href":"https:\/\/sites.usp.br\/posgpp\/wp-json\/wp\/v2\/media?parent=1305"}],"curies":[{"name":"wp","href":"https:\/\/api.w.org\/{rel}","templated":true}]}}