{"id":800,"date":"2021-11-16T16:19:02","date_gmt":"2021-11-16T19:19:02","guid":{"rendered":"https:\/\/sites.usp.br\/posgpp\/?page_id=800"},"modified":"2023-11-06T10:42:18","modified_gmt":"2023-11-06T13:42:18","slug":"docentes","status":"publish","type":"page","link":"https:\/\/sites.usp.br\/posgpp\/docentes\/","title":{"rendered":"Docentes"},"content":{"rendered":"<ol>\n<li><a href=\"http:\/\/lattes.cnpq.br\/8820252813007468\" target=\"_blank\" rel=\"noopener\">Alexandre Ribeiro Leichsenring<\/a><\/li>\n<li><a href=\"http:\/\/lattes.cnpq.br\/2204782841421432\">Andr\u00e9 Carlos Busanelli de Aquino<\/a><\/li>\n<li><a href=\"http:\/\/buscatextual.cnpq.br\/buscatextual\/visualizacv.do?id=K4258664Y2&amp;tokenCaptchar=03AGdBq26brsupsapRou6k8v7zEUV5ZvAoTI8BjOIyc8Zed1E3j7qzneFohYkyiZrkX_oPpRivYXTCpscwkRpRlpL2RMNC8j3lJ5zIuUhisj_zJvn_Zh17LuyoNCN-PTACs5S0bOdBlgtagFtslL1ttxI5-QR-7D6pCm1XXSjaxIXIKQEouIfgtU-uha3DDr-xO575nRcpCOxfvWOcDW-al-t6oXNJXoP0KBcMsQ_3Ouin27B1xWbp-lLptsyMXRvNS0e3HiryOhItrxBf0SWK-kx46Pj-gn6d9jxh1D2VJEK_9ceCAp6NoauyhvaAVv37IAGC_dsJZjccR2zbD1-_IjQ9e5fkoRPLcA6VRbMUvtxYdliHGdksLxhU4v84EF49WxGu-WUtT3lCJXV5PlP6RySYqEzIJwoGESpyrWaIbEzrbwJi0IQw_5CK2xYMKHlXPLDWMSoc9QuN7EYEqMnNhfcxOvP0qVy5lA\">Andr\u00e9 Gal Mountian<\/a><\/li>\n<li><a href=\"http:\/\/lattes.cnpq.br\/4860756897513148\">Andrea Leite Rodrigues<\/a><\/li>\n<li><a href=\"http:\/\/lattes.cnpq.br\/6241833227222552\">Andrea Lucchesi<\/a><\/li>\n<li><a href=\"http:\/\/lattes.cnpq.br\/6693020858470448\">Cec\u00edlia Olivieri<\/a><\/li>\n<li><a href=\"http:\/\/lattes.cnpq.br\/2390988873671777\">Felipe Gon\u00e7alves Brasil<\/a><\/li>\n<li><a href=\"http:\/\/lattes.cnpq.br\/2038805993153668\">Fernando de Souza Coelho<\/a><\/li>\n<li><a href=\"http:\/\/lattes.cnpq.br\/1533188485721174\">Jacqueline I. M.Brigagao<\/a><\/li>\n<li><a href=\"http:\/\/lattes.cnpq.br\/6839916429676664\">Jaime Crozatti<\/a><\/li>\n<li><a href=\"http:\/\/lattes.cnpq.br\/0053168971489438\">Jos\u00e9 Carlos Vaz<\/a><a href=\"http:\/\/www.vaz.blog.br\/\">[site]<\/a><\/li>\n<li><a href=\"http:\/\/lattes.cnpq.br\/8821007760183784\">Jos\u00e9 Ver\u00edssimo Rom\u00e3o Neto<\/a><\/li>\n<li><a href=\"http:\/\/lattes.cnpq.br\/1133372380940042\">Osmany Porto de Oliveira<\/a><\/li>\n<li><a href=\"http:\/\/lattes.cnpq.br\/0900224487589839\">Patricia Maria Emerenciano de Mendon\u00e7a<\/a><\/li>\n<li><a href=\"http:\/\/lattes.cnpq.br\/4618458977187100\">Renata Mirandola Bichir<\/a><\/li>\n<li><a href=\"http:\/\/lattes.cnpq.br\/8552819482890160\" target=\"_blank\" rel=\"noopener\">Ricardo Rocha de Azevedo<\/a><\/li>\n<li><a href=\"http:\/\/buscatextual.cnpq.br\/buscatextual\/visualizacv.do?metodo=apresentar&amp;id=K4277531Z2\">Rogerio Schlegel<\/a><\/li>\n<li><a href=\"http:\/\/lattes.cnpq.br\/5635693179849300\">Ursula Dias Peres<\/a><\/li>\n<\/ol>\n<p>&nbsp;<\/p>\n","protected":false},"excerpt":{"rendered":"<p>Alexandre Ribeiro Leichsenring Andr\u00e9 Carlos Busanelli de Aquino Andr\u00e9 Gal Mountian Andrea Leite Rodrigues Andrea Lucchesi Cec\u00edlia Olivieri Felipe Gon\u00e7alves Brasil Fernando de Souza Coelho Jacqueline I. M.Brigagao Jaime Crozatti Jos\u00e9 Carlos Vaz[site] Jos\u00e9 Ver\u00edssimo Rom\u00e3o Neto Osmany Porto de Oliveira Patricia Maria Emerenciano de Mendon\u00e7a Renata Mirandola Bichir Ricardo Rocha de Azevedo Rogerio Schlegel Ursula Dias Peres &nbsp;<\/p>\n","protected":false},"author":22000,"featured_media":0,"parent":0,"menu_order":0,"comment_status":"closed","ping_status":"closed","template":"","meta":{"footnotes":"","_links_to":"","_links_to_target":""},"class_list":["post-800","page","type-page","status-publish","hentry"],"_links":{"self":[{"href":"https:\/\/sites.usp.br\/posgpp\/wp-json\/wp\/v2\/pages\/800","targetHints":{"allow":["GET"]}}],"collection":[{"href":"https:\/\/sites.usp.br\/posgpp\/wp-json\/wp\/v2\/pages"}],"about":[{"href":"https:\/\/sites.usp.br\/posgpp\/wp-json\/wp\/v2\/types\/page"}],"author":[{"embeddable":true,"href":"https:\/\/sites.usp.br\/posgpp\/wp-json\/wp\/v2\/users\/22000"}],"replies":[{"embeddable":true,"href":"https:\/\/sites.usp.br\/posgpp\/wp-json\/wp\/v2\/comments?post=800"}],"version-history":[{"count":4,"href":"https:\/\/sites.usp.br\/posgpp\/wp-json\/wp\/v2\/pages\/800\/revisions"}],"predecessor-version":[{"id":1140,"href":"https:\/\/sites.usp.br\/posgpp\/wp-json\/wp\/v2\/pages\/800\/revisions\/1140"}],"wp:attachment":[{"href":"https:\/\/sites.usp.br\/posgpp\/wp-json\/wp\/v2\/media?parent=800"}],"curies":[{"name":"wp","href":"https:\/\/api.w.org\/{rel}","templated":true}]}}