{"id":1003,"date":"2017-06-13T16:57:13","date_gmt":"2017-06-13T19:57:13","guid":{"rendered":"http:\/\/sites.usp.br\/ppgarqmae\/?page_id=1003"},"modified":"2026-02-12T11:07:29","modified_gmt":"2026-02-12T14:07:29","slug":"proex","status":"publish","type":"page","link":"https:\/\/sites.usp.br\/ppgarqmae\/proex\/","title":{"rendered":"PROEX"},"content":{"rendered":"<p><strong>PROEX &#8211; Programa de Excel\u00eancia Acad\u00eamica da CAPES<br \/>\n<\/strong><\/p>\n<p><strong>Objetivo:<\/strong> <span style=\"color: #333300;\">Manter o padr\u00e3o de qualidade dos programas de p\u00f3s-gradua\u00e7\u00e3o com nota 6 ou 7, pertencentes a institui\u00e7\u00f5es jur\u00eddicas de direito p\u00fablico e privado, atendendo adequadamente suas necessidades e especificidades. <\/span><\/p>\n<section><\/section>\n<p><strong>Quem pode utilizar:<\/strong><\/p>\n<ul>\n<li><span style=\"color: #333300;\">Alunos\/as regularmente matriculados\/as. N\u00e3o h\u00e1 necessidade de ser bolsista Capes para ser apoiado\/a pelo programa.<\/span><\/li>\n<li><span style=\"color: #333300;\">Professores\/as da casa.<\/span><\/li>\n<li><span style=\"color: #333300;\">Professores convidados\/as em Bancas Examinadoras de disserta\u00e7\u00f5es e teses, exclusivamente para custeio de aux\u00edlios di\u00e1rios.<br \/>\n<\/span><\/li>\n<li>As al\u00edneas de gasto para a verba PROEX s\u00e3o definidas pela CPG de acordo \u00e0s normas da CAPES (veja o edital completo <a href=\"https:\/\/www.gov.br\/capes\/pt-br\/centrais-de-conteudo\/01122017_1___Regulamento_do_PROEX_2017.pdf\">aqui<\/a>).<\/li>\n<\/ul>\n<p><strong>Para que possa realizar os recursos em 2026:<\/strong><\/p>\n<p>Atualmente \u00e9 poss\u00edvel que estudantes e professores\/as solicitem recursos para:<\/p>\n<ul style=\"list-style-type: disc;\">\n<li>Aux\u00edlios di\u00e1rios nacionais ou internacionais para pesquisa de campo, visita de acervos e participa\u00e7\u00e3o em eventos.<\/li>\n<li>Materiais de consumo para laborat\u00f3rios de pesquisa (ser\u00e1 necess\u00e1rio fornecer 3 or\u00e7amentos para o material que se solicita).<\/li>\n<li>Servi\u00e7os de terceiros somente mediante aprova\u00e7\u00e3o da CPG e dependendo da disponibilidade de recursos.<\/li>\n<\/ul>\n<p><strong>Itens que N\u00c3O podem ser adquiridos com o recurso:<br \/>\n<\/strong><\/p>\n<ul>\n<li>Material permanente (computadores, notebook, impressoras etc.).<\/li>\n<li>Livros.<\/li>\n<li>Taxas de inscri\u00e7\u00e3o para eventos.<\/li>\n<li>Taxas de publica\u00e7\u00e3o em revistas.<\/li>\n<li>Passagens a\u00e9reas.<\/li>\n<\/ul>\n<p><strong>Normativa interna:<\/strong><\/p>\n<ul>\n<li>O programa nunca custeia o per\u00edodo total de uma viagem (nacional ou internacional), somente at\u00e9 50% do per\u00edodo para viagens de curta dura\u00e7\u00e3o.<\/li>\n<li>Para estudantes realizando trabalho de campo ou visitas a acervos de mais de 10 dias, poder\u00e1 ser concedido um m\u00e1ximo de 5 aux\u00edlios di\u00e1rios nacionais.<\/li>\n<li>Cada estudante poder\u00e1 solicitar, no m\u00e1ximo, 10 aux\u00edlios di\u00e1rios nacionais por ano distribu\u00eddas em dois ou mais pedidos.<\/li>\n<li>O valor do aux\u00edlio di\u00e1rio nacional \u00e9 de R$ 320,0. O valor do aux\u00edlio di\u00e1rio internacional segue a tabela vigente da CAPES e varia de acordo ao pa\u00eds de destino.<\/li>\n<li>O valor m\u00e1ximo outorgado em aux\u00edlios di\u00e1rios internacionais n\u00e3o pode ultrapassar em mais de 10% o valor m\u00e1ximo anual outorgado em aux\u00edlios di\u00e1rios nacionais.<\/li>\n<li>Os aux\u00edlios di\u00e1rios dispon\u00edveis por ano n\u00e3o se acumulam, se n\u00e3o foram solicitadas n\u00e3o ficar\u00e3o dispon\u00edveis para o ano seguinte.<\/li>\n<li>O repasse de aux\u00edlios di\u00e1rios n\u00e3o leva em considera\u00e7\u00e3o relev\u00e2ncia ou import\u00e2ncia de uma pesquisa, todos\/as os\/as docentes e discentes do programa t\u00eam o direito de fazer a solicita\u00e7\u00e3o, que estar\u00e1 sempre condicionada \u00e0 normativa vigente e \u00e0 disponibilidade de recursos.<\/li>\n<li>Esta normativa permite que o recurso possa ser utilizado por o maior n\u00famero de estudantes e docentes.<\/li>\n<\/ul>\n<p><strong>Procedimento:<\/strong><\/p>\n<ul>\n<li>Encaminhar solicita\u00e7\u00e3o \u00e0 coordena\u00e7\u00e3o do programa pelo e-mail: <a href=\"mailto:ppgarq.mae@usp.br\">ppgarq.mae@usp.br<\/a>, colocando SEMPRE em c\u00f3pia o e-mail <a href=\"mailto:proap.mae@usp.br\">proex.mae@usp.br.<\/a> Estuantes devem tamb\u00e9m colocar em c\u00f3pia o\/a orientador\/a e ao\/a representante discente.<\/li>\n<li>Enviar plano de trabalho e justificativa da rela\u00e7\u00e3o do trabalho de campo, visita de acervo ou participa\u00e7\u00e3o em evento com a sua pesquisa. No caso de pedidos de aux\u00edlios di\u00e1rios para participa\u00e7\u00e3o em eventos, enviar tamb\u00e9m o comprovante de inscri\u00e7\u00e3o.<\/li>\n<li>Docentes e alunos\/as que receberam aux\u00edlio di\u00e1rio Proex para realiza\u00e7\u00e3o de pesquisa de campo, visita em acervos ou participa\u00e7\u00e3o em congressos\/semin\u00e1rios devem, <strong><span style=\"text-decoration: underline;\">obrigatoriamente, enviar relat\u00f3rio de atividades, em no m\u00e1ximo 15 dias ap\u00f3s o t\u00e9rmino da viagem<\/span><\/strong> para o e-mail <a href=\"mailto:proap.mae@usp.br\">proex.mae@usp.br<\/a>, <span style=\"text-decoration: underline;\"><strong>anexando os comprovantes da viagem realizada<\/strong><\/span> (e.g. passagem a\u00e9rea, bilhete de \u00f4nibus ou declara\u00e7\u00e3o de que a viagem foi realizada com ve\u00edculo pr\u00f3prio &#8211; aceitamos prints de tela ou fotos dos bilhetes de embarque feitas com celular).<\/li>\n<li>Aten\u00e7\u00e3o! O dep\u00f3sito dos aux\u00edlios di\u00e1rios nem sempre pode ser feito com anteced\u00eancia \u00e0 viagem, pedimos paci\u00eancia, j\u00e1 que as transfer\u00eancias s\u00e3o feitas pessoalmente pela coordenadora e n\u00e3o por funcion\u00e1rios ou sistemas administrativos.<\/li>\n<li><strong>As transfer\u00eancias ser\u00e3o realizadas exclusivamente para contas do BANCO DO BRASIL<\/strong><\/li>\n<\/ul>\n<p><strong>TABELA MUNSELL P\/SOLOS DISPON\u00cdVEL PARA EMPR\u00c9STIMO<\/strong><\/p>\n<ul>\n<li>Uma Tabela de cores Munsell para solos foi adquirida com recursos Proap para uso em trabalhos de campo vinculados com pesquisas de alunos\/as do programa.<\/li>\n<li>Quem tiver interesse em emprestar, por favor fa\u00e7a a solicita\u00e7\u00e3o pelo e-mail <a href=\"mailto:ppgarq.mae@usp.br\">ppgarq.mae@usp.br<\/a>, colocando em c\u00f3pia ao\/a representante discente.<\/li>\n<li>Dever\u00e1 ser informado o per\u00edodo completo do trabalho de campo e assinado um termo de devolu\u00e7\u00e3o.<\/li>\n<\/ul>\n<p><strong>PENEIRAS GRANULOM\u00c9TRICAS DISPON\u00cdVEIS NA SALA DE LAVAGEM<\/strong><\/p>\n<ul>\n<li>Um jogo de quatro peneiras granulom\u00e9tricas (malhas de 4, 2, 1 e 0,5 mm) adquiridos com recursos Proap est\u00e1 dispon\u00edvel para triagem de materiais arqueol\u00f3gicos na sala de lavagem do Bloco A.<\/li>\n<li>Uso livre.<\/li>\n<\/ul>\n","protected":false},"excerpt":{"rendered":"<p>PROEX &#8211; Programa de Excel\u00eancia Acad\u00eamica da CAPES Objetivo: Manter o padr\u00e3o de qualidade dos programas de p\u00f3s-gradua\u00e7\u00e3o com nota 6 ou 7, pertencentes a institui\u00e7\u00f5es jur\u00eddicas de direito p\u00fablico e privado, atendendo adequadamente suas necessidades e especificidades. Quem pode utilizar: Alunos\/as regularmente matriculados\/as. N\u00e3o h\u00e1 necessidade de ser bolsista Capes para ser apoiado\/a pelo programa. Professores\/as da casa. Professores convidados\/as em Bancas Examinadoras de disserta\u00e7\u00f5es e teses, exclusivamente para custeio de aux\u00edlios di\u00e1rios. As al\u00edneas de gasto para a verba PROEX s\u00e3o definidas pela CPG de acordo \u00e0s normas da CAPES (veja o edital completo aqui). Para que possa realizar os recursos em 2026: Atualmente \u00e9 poss\u00edvel que estudantes e professores\/as solicitem recursos para: Aux\u00edlios di\u00e1rios nacionais ou internacionais para pesquisa de campo, visita de acervos e participa\u00e7\u00e3o em eventos. Materiais de consumo para laborat\u00f3rios de pesquisa (ser\u00e1 necess\u00e1rio fornecer 3 or\u00e7amentos para o material que se solicita). Servi\u00e7os de terceiros somente mediante aprova\u00e7\u00e3o da CPG e dependendo da disponibilidade de recursos. Itens que N\u00c3O podem ser adquiridos com o recurso: Material permanente (computadores, notebook, impressoras etc.). Livros. Taxas de inscri\u00e7\u00e3o para eventos. Taxas de publica\u00e7\u00e3o em revistas. Passagens a\u00e9reas. Normativa interna: O programa nunca custeia o per\u00edodo total [&#8230;]<\/p>\n","protected":false},"author":362,"featured_media":0,"parent":0,"menu_order":0,"comment_status":"closed","ping_status":"closed","template":"page-full.php","meta":{"_monsterinsights_skip_tracking":false,"_monsterinsights_sitenote_active":false,"_monsterinsights_sitenote_note":"","_monsterinsights_sitenote_category":0,"footnotes":"","_links_to":"","_links_to_target":""},"class_list":["post-1003","page","type-page","status-publish","hentry"],"_links":{"self":[{"href":"https:\/\/sites.usp.br\/ppgarqmae\/wp-json\/wp\/v2\/pages\/1003","targetHints":{"allow":["GET"]}}],"collection":[{"href":"https:\/\/sites.usp.br\/ppgarqmae\/wp-json\/wp\/v2\/pages"}],"about":[{"href":"https:\/\/sites.usp.br\/ppgarqmae\/wp-json\/wp\/v2\/types\/page"}],"author":[{"embeddable":true,"href":"https:\/\/sites.usp.br\/ppgarqmae\/wp-json\/wp\/v2\/users\/362"}],"replies":[{"embeddable":true,"href":"https:\/\/sites.usp.br\/ppgarqmae\/wp-json\/wp\/v2\/comments?post=1003"}],"version-history":[{"count":6,"href":"https:\/\/sites.usp.br\/ppgarqmae\/wp-json\/wp\/v2\/pages\/1003\/revisions"}],"predecessor-version":[{"id":4007,"href":"https:\/\/sites.usp.br\/ppgarqmae\/wp-json\/wp\/v2\/pages\/1003\/revisions\/4007"}],"wp:attachment":[{"href":"https:\/\/sites.usp.br\/ppgarqmae\/wp-json\/wp\/v2\/media?parent=1003"}],"curies":[{"name":"wp","href":"https:\/\/api.w.org\/{rel}","templated":true}]}}