{"id":1121,"date":"2017-06-20T11:58:16","date_gmt":"2017-06-20T14:58:16","guid":{"rendered":"http:\/\/sites.usp.br\/ppgarqmae\/?page_id=1121"},"modified":"2022-11-21T12:17:16","modified_gmt":"2022-11-21T15:17:16","slug":"estudantes-regulares","status":"publish","type":"page","link":"https:\/\/sites.usp.br\/ppgarqmae\/estudantes-regulares\/","title":{"rendered":"Informa\u00e7\u00f5es para Ingressantes"},"content":{"rendered":"<h3 style=\"text-align: left;\"><strong><span style=\"color: #800000;\">Informa\u00e7\u00f5es para Ingressantes<\/span><\/strong><\/h3>\n<p><span style=\"color: #000000;\"><strong>E-mail USP (Obrigat\u00f3rio a todos\/as os\/as estudantes de P\u00f3s-Gradua\u00e7\u00e3o)<\/strong><\/span><\/p>\n<p style=\"text-align: justify;\"><span style=\"color: #333300;\">Ap\u00f3s a matr\u00edcula, os\/as alunos\/as regulares precisam providenciar um e-mail institucional, sem o qual n\u00e3o receber\u00e3o mensagens com avisos e lembretes do Sistema Janus sobre as ocorr\u00eancias do seu curso de P\u00f3s-Gradua\u00e7\u00e3o.<\/span><\/p>\n<p style=\"text-align: justify;\"><span style=\"color: #333300;\">\u00c9 muito importante que voc\u00ea acesse regularmente seu e-mail USP ou cadastre um redirecionamento de mensagens no e-mail que voc\u00ea usa regularmente para que receba os e-mails USP.<\/span><\/p>\n<p style=\"text-align: justify;\"><span style=\"color: #333300;\">Ele te avisa dos diversos prazos do seu Programa de P\u00f3s-Gradua\u00e7\u00e3o, enviando alertas para lembr\u00e1-lo(a) dos prazos importantes referentes ao seu curso.<\/span><\/p>\n<p style=\"text-align: justify;\"><em><span style=\"color: #333300;\">Para criar seu e-mail entre no site <a href=\"https:\/\/pedidoemail.usp.br\/\">https:\/\/pedidoemail.usp.br\/<\/a> e siga as instru\u00e7\u00f5es.<\/span><\/em><\/p>\n<p><span style=\"color: #000000;\"><strong>Acesso ao sistema Janus:\u00a0<\/strong><\/span><\/p>\n<p><span style=\"color: #333300;\">Para ter acesso ao Sistema Janus o aluno precisar\u00e1 acessar o link PRIMEIRO ACESSO (<a href=\"http:\/\/uspdigital.usp.br\/janus\">http:\/\/uspdigital.usp.br\/janus<\/a>):<\/span><\/p>\n<p><span style=\"color: #333300;\">Digitar: Usu\u00e1rio (\u00e9 o seu N\u00famero USP)<\/span><\/p>\n<p><span style=\"color: #333300;\">E-mail:<\/span><\/p>\n<p><strong><span style=\"color: #ff0000;\">Aten\u00e7\u00e3o:<\/span><\/strong> <span style=\"color: #333300;\">Comece desde j\u00e1 a acompanhar a sua vida acad\u00eamica atrav\u00e9s da sua FICHA DE ALUNO, acess\u00edvel no Sistema Janus no menu Aluno Regular.<\/span><\/p>\n<p><strong><span style=\"color: #333300;\">Cart\u00e3o USP<\/span><\/strong><\/p>\n<p style=\"text-align: justify;\"><span style=\"color: #333300;\">Para solicitar o cart\u00e3o USP, entre no Sistema Janus. Acesse &#8220;Cart\u00e3o USP&#8221; e siga as instru\u00e7\u00f5es.<\/span><\/p>\n<p style=\"text-align: justify;\"><span style=\"color: #333300;\">A confec\u00e7\u00e3o leva em torno de 45 dias. O\/a aluno\/a \u00e9 informado\/a pelo sistema quando o cart\u00e3o estiver dispon\u00edvel na unidade, neste caso, no Servi\u00e7o de P\u00f3s-Gradua\u00e7\u00e3o (SVPOSGR). Espere pelo menos uma semana para vir retirar, que \u00e9 o tempo m\u00e9dio de envio dos cart\u00f5es para o SVPOSGR.<\/span><\/p>\n<p style=\"text-align: justify;\"><span style=\"color: #333300;\">Para a Renova\u00e7\u00e3o do Cart\u00e3o, basta entrar no sistema a partir do m\u00eas do vencimento e solicitar novo cart\u00e3o.<\/span><\/p>\n<p style=\"text-align: justify;\"><span style=\"color: #333300;\">Em caso de Extravio, se dever\u00e1 comparecer \u00e0 Tesouraria do MAE para efetuar o pagamento da taxa do novo cart\u00e3o. Ap\u00f3s o pagamento, seguir os mesmos procedimentos de solicita\u00e7\u00e3o.<\/span><\/p>\n<p><strong><span style=\"color: #333300;\">Bilhete USP (BUSP)<\/span><\/strong><\/p>\n<p style=\"text-align: justify;\"><span style=\"color: #333300;\">Todo\/a aluno\/a matriculado\/a ter\u00e1 direito ao Bilhete USP. Esse bilhete leva os passageiros at\u00e9 a Esta\u00e7\u00e3o Butant\u00e3 do Metr\u00f4 e desta para a USP todos os dias da semana.<\/span><\/p>\n<p style=\"text-align: justify;\"><span style=\"color: #333300;\">O procedimento para pedir esse cart\u00e3o \u00e9 o mesmo utilizado para o Cart\u00e3o USP, no Sistema Janus.<\/span><\/p>\n","protected":false},"excerpt":{"rendered":"<p>Informa\u00e7\u00f5es para Ingressantes E-mail USP (Obrigat\u00f3rio a todos\/as os\/as estudantes de P\u00f3s-Gradua\u00e7\u00e3o) Ap\u00f3s a matr\u00edcula, os\/as alunos\/as regulares precisam providenciar um e-mail institucional, sem o qual n\u00e3o receber\u00e3o mensagens com avisos e lembretes do Sistema Janus sobre as ocorr\u00eancias do seu curso de P\u00f3s-Gradua\u00e7\u00e3o. \u00c9 muito importante que voc\u00ea acesse regularmente seu e-mail USP ou cadastre um redirecionamento de mensagens no e-mail que voc\u00ea usa regularmente para que receba os e-mails USP. Ele te avisa dos diversos prazos do seu Programa de P\u00f3s-Gradua\u00e7\u00e3o, enviando alertas para lembr\u00e1-lo(a) dos prazos importantes referentes ao seu curso. Para criar seu e-mail entre no site https:\/\/pedidoemail.usp.br\/ e siga as instru\u00e7\u00f5es. Acesso ao sistema Janus:\u00a0 Para ter acesso ao Sistema Janus o aluno precisar\u00e1 acessar o link PRIMEIRO ACESSO (http:\/\/uspdigital.usp.br\/janus): Digitar: Usu\u00e1rio (\u00e9 o seu N\u00famero USP) E-mail: Aten\u00e7\u00e3o: Comece desde j\u00e1 a acompanhar a sua vida acad\u00eamica atrav\u00e9s da sua FICHA DE ALUNO, acess\u00edvel no Sistema Janus no menu Aluno Regular. Cart\u00e3o USP Para solicitar o cart\u00e3o USP, entre no Sistema Janus. Acesse &#8220;Cart\u00e3o USP&#8221; e siga as instru\u00e7\u00f5es. A confec\u00e7\u00e3o leva em torno de 45 dias. O\/a aluno\/a \u00e9 informado\/a pelo sistema quando o cart\u00e3o estiver dispon\u00edvel na unidade, neste caso, no Servi\u00e7o [&#8230;]<\/p>\n","protected":false},"author":362,"featured_media":0,"parent":0,"menu_order":0,"comment_status":"closed","ping_status":"closed","template":"page-full.php","meta":{"_monsterinsights_skip_tracking":false,"_monsterinsights_sitenote_active":false,"_monsterinsights_sitenote_note":"","_monsterinsights_sitenote_category":0,"footnotes":"","_links_to":"","_links_to_target":""},"class_list":["post-1121","page","type-page","status-publish","hentry"],"_links":{"self":[{"href":"https:\/\/sites.usp.br\/ppgarqmae\/wp-json\/wp\/v2\/pages\/1121","targetHints":{"allow":["GET"]}}],"collection":[{"href":"https:\/\/sites.usp.br\/ppgarqmae\/wp-json\/wp\/v2\/pages"}],"about":[{"href":"https:\/\/sites.usp.br\/ppgarqmae\/wp-json\/wp\/v2\/types\/page"}],"author":[{"embeddable":true,"href":"https:\/\/sites.usp.br\/ppgarqmae\/wp-json\/wp\/v2\/users\/362"}],"replies":[{"embeddable":true,"href":"https:\/\/sites.usp.br\/ppgarqmae\/wp-json\/wp\/v2\/comments?post=1121"}],"version-history":[{"count":5,"href":"https:\/\/sites.usp.br\/ppgarqmae\/wp-json\/wp\/v2\/pages\/1121\/revisions"}],"predecessor-version":[{"id":3212,"href":"https:\/\/sites.usp.br\/ppgarqmae\/wp-json\/wp\/v2\/pages\/1121\/revisions\/3212"}],"wp:attachment":[{"href":"https:\/\/sites.usp.br\/ppgarqmae\/wp-json\/wp\/v2\/media?parent=1121"}],"curies":[{"name":"wp","href":"https:\/\/api.w.org\/{rel}","templated":true}]}}