{"id":1129,"date":"2017-06-20T12:20:55","date_gmt":"2017-06-20T15:20:55","guid":{"rendered":"http:\/\/sites.usp.br\/ppgarqmae\/?page_id=1129"},"modified":"2021-12-07T12:51:37","modified_gmt":"2021-12-07T15:51:37","slug":"creditos-e-prazos","status":"publish","type":"page","link":"https:\/\/sites.usp.br\/ppgarqmae\/creditos-e-prazos\/","title":{"rendered":"Cr\u00e9ditos e Prazos"},"content":{"rendered":"<p><strong>PRAZOS PARA DEP\u00d3SITOS<\/strong><\/p>\n<p><span style=\"text-decoration: underline;\">Regimento antigo (at\u00e9 turma de 2019)<\/span><\/p>\n<ul>\n<li style=\"text-align: justify;\"><span style=\"color: #333300;\"><strong>Mestrado:<\/strong> prazo para dep\u00f3sito da disserta\u00e7\u00e3o \u00e9 de 36 (trinta e seis) meses.<\/span><\/li>\n<li style=\"text-align: justify;\"><span style=\"color: #333300;\"><strong>Doutorado: <\/strong>para portador\/a do t\u00edtulo de mestre, o prazo para dep\u00f3sito da tese \u00e9 de 48 (quarenta e oito) meses.<\/span><\/li>\n<li style=\"text-align: justify;\"><span style=\"color: #333300;\"><strong>Doutorado Direto <\/strong>(sem obten\u00e7\u00e3o pr\u00e9via do t\u00edtulo de mestre): o prazo para dep\u00f3sito da tese \u00e9 de 60 (sessenta) meses.<\/span><\/li>\n<\/ul>\n<p>Em qualquer um dos cursos, em casos excepcionais devidamente justificados, os estudantes poder\u00e3o solicitar prorroga\u00e7\u00e3o de prazo por um per\u00edodo m\u00e1ximo de 120 (cento e vinte dias).<\/p>\n<p><span style=\"text-decoration: underline;\">Regimento novo (a partir de 2020)<\/span><\/p>\n<ul>\n<li><strong>Mestrado<\/strong>: prazo para dep\u00f3sito da disserta\u00e7\u00e3o \u00e9 de 26 (vinte e seis) meses.<\/li>\n<li><strong>Doutorado;<\/strong> para portador\/a do t\u00edtulo de mestre, o prazo para dep\u00f3sito da tese \u00e9 de 48 (quarenta e oito) meses.<\/li>\n<li><strong>Doutorado Direto <\/strong>(sem obten\u00e7\u00e3o pr\u00e9via do t\u00edtulo de mestre): o prazo para dep\u00f3sito da tese \u00e9 de 60 (sessenta) meses.<\/li>\n<\/ul>\n<p>Em qualquer um dos cursos, em casos excepcionais devidamente justificados, os estudantes poder\u00e3o solicitar prorroga\u00e7\u00e3o de prazo por um per\u00edodo m\u00e1ximo de 120 (cento e vinte dias).<\/p>\n<p><strong><span style=\"color: #000000;\">CR\u00c9DITOS M\u00cdNIMOS<\/span><\/strong><\/p>\n<p><span style=\"text-decoration: underline;\">Regimento antigo (at\u00e9 turma de 2019) e Regimento novo (a partir de 2020)<\/span><\/p>\n<ul>\n<li><strong>Mestrado<\/strong>:<span style=\"color: #333300;\"> m\u00ednimo de <\/span><span style=\"color: #333300;\">96 (noventa e seis) unidades de cr\u00e9dito, sendo 24 (vinte e quatro) em disciplinas e 72 (setenta e duas) na disserta\u00e7\u00e3o.<\/span><\/li>\n<li><strong>Doutorado<\/strong>: <span style=\"color: #333300;\">m\u00ednimo de <\/span><span style=\"color: #333300;\">172 (cento e setenta e duas) unidades de cr\u00e9dito, sendo 12 (doze) em disciplinas e 160 (cento e sessenta) na tese.<\/span><\/li>\n<li><span style=\"color: #333300;\"><strong>Doutorado Direto <\/strong>(sem a obten\u00e7\u00e3o pr\u00e9via do t\u00edtulo de Mestre):\u00a0 m\u00ednimo de <\/span><span style=\"color: #333300;\">192 (cento e noventa e duas) unidades de cr\u00e9dito, sendo 32 (trinta e duas) em disciplinas e 160 (cento e sessenta) na tese.<\/span><\/li>\n<\/ul>\n<p><strong>DISCIPLINAS OBRIGAT\u00d3RIAS<\/strong><\/p>\n<p><span style=\"text-decoration: underline;\">Regimento antigo (at\u00e9 turma de 2019)<\/span><\/p>\n<ul>\n<li><strong>Mestrado: <\/strong>3 (tr\u00eas) disciplinas obrigat\u00f3rias\u00a0 oferecidas pelo Programa: Hist\u00f3ria da Arqueologia, Teoria Arqueol\u00f3gica e M\u00e9todos arqueol\u00f3gicos.<\/li>\n<li><strong>Doutorado: <\/strong>egressos do Mestrado do PPGArq a \u00fanica disciplina obrigat\u00f3ria ser\u00e1 An\u00e1lise Cr\u00edtica de Projetos de Pesquisa. Egressos do Mestrado de outro programa dever\u00e3o cursar duas disciplinas obrigato\u0301rias especi\u0301ficas oferecidas pelo PPGArq: Ana\u0301lise Cri\u0301tica de Projetos de Pesquisa e Histo\u0301ria da Arqueologia ou Teoria Arqueolo\u0301gica ou Me\u0301todos Arqueolo\u0301gicos.<\/li>\n<li><strong>Doutorado Direto:<\/strong> dever\u00e3o cursar todas as disciplinas obrigat\u00f3rias espec\u00edficas oferecidas pelo Programa (Hist\u00f3ria da Arqueologia, Teoria Arqueol\u00f3gica, M\u00e9todos Arqueol\u00f3gicos e An\u00e1lise Cr\u00edtica de Projetos de Pesquisa).<\/li>\n<\/ul>\n<p><span style=\"text-decoration: underline;\">Regimento novo (a partir de 2020)<\/span><\/p>\n<ul>\n<li><span style=\"color: #333300;\"><strong>Mestrado: <\/strong>12 (doze) cr\u00e9ditos nas tr\u00eas disciplinas obrigat\u00f3rias no Programa:\u00a0 Teoria Arqueol\u00f3gica I (4 cr\u00e9ditos), Teoria Arqueol\u00f3gica II\u00a0 (4 cr\u00e9ditos), An\u00e1lise Cr\u00edtica de Projetos I (4 cr\u00e9ditos).<\/span><\/li>\n<li><strong>Doutorado: <\/strong>para egressos do Mestrado do PPGArq a \u00fanica disicplina obrigat\u00f3ria ser\u00e1 An\u00e1lise Cr\u00edtica de Projetos II (4 cr\u00e9ditos); estudantes n\u00e3o egressos do Mestrado do PPGArq dever\u00e3o\u00a0 cursar Teoria Arqueol\u00f3gica II (4 cr\u00e9ditos) e An\u00e1lise Cr\u00edtica de Projetos II (4 cr\u00e9ditos)<\/li>\n<li><strong>Doutorado Direto<\/strong>: dever\u00e3o cursar Teoria Arqueol\u00f3gica II (4 cr\u00e9ditos) e An\u00e1lise Cr\u00edtica de Projetos II (4 cr\u00e9ditos)<\/li>\n<\/ul>\n<p><strong>CR\u00c9DITOS ESPECIAIS<\/strong><\/p>\n<p><span style=\"text-decoration: underline;\">Regimento antigo (at\u00e9 turma de 2019)<\/span><\/p>\n<p>Poder\u00e3o ser concedidos, como cr\u00e9ditos especiais, no <strong>m\u00e1ximo 12 (doze) cr\u00e9ditos para o Curso de Mestrado, 6 (seis) cr\u00e9ditos para o Curso de Doutorado e 16 (dezesseis) cr\u00e9ditos para o Curso de Doutorado Direto:<\/strong><\/p>\n<ul>\n<li>No caso de trabalho completo publicado em revista de circula\u00e7\u00e3o nacional ou internacional que tenha corpo editorial reconhecido, ou trabalho completo publicado em anais (ou similares), ou livro ou cap\u00edtulo de livro de reconhecido m\u00e9rito na \u00e1rea do conhecimento, sendo o\/a estudante primeiro\/a autor\/a e que possua rela\u00e7\u00e3o com o projeto de sua disserta\u00e7\u00e3o ou tese, o n\u00famero de cr\u00e9ditos especiais \u00e9 igual a 2 (dois).<\/li>\n<li>Dep\u00f3sito de patentes o n\u00famero de cr\u00e9ditos especiais \u00e9 igual a 1 (um).<\/li>\n<li>Publica\u00e7\u00e3o de cap\u00edtulo em manual tecnol\u00f3gico reconhecido por \u00f3rg\u00e3os oficiais nacionais e internacionais o n\u00famero de cr\u00e9ditos especiais \u00e9 igual a 2 (dois).<\/li>\n<li>Participa\u00e7\u00e3o em Congressos, Workshops, Simp\u00f3sios ou outro tipo de reuni\u00e3o cient\u00edfica com apresenta\u00e7\u00e3o de trabalho, cujo resumo seja publicado (na forma impressa ou digital) em anais (ou similares) e que o\/a estudante seja primeiro\/a autor\/a, o n\u00famero de cr\u00e9ditos especiais concedidos \u00e9 igual a 1 (um) por evento.<\/li>\n<li>Participa\u00e7\u00e3o no Programa de Aperfei\u00e7oamento de Ensino (PAE), o n\u00famero de cr\u00e9ditos especiais \u00e9 igual a 1 (um).<\/li>\n<\/ul>\n<p><span style=\"text-decoration: underline;\">Regimento novo (a partir de 2020)<\/span><\/p>\n<p>Poder\u00e3o ser concedidos, como cr\u00e9ditos especiais, no <strong>m\u00e1ximo 2 (dois) cr\u00e9ditos para os Cursos de Mestrado, Doutorado ou Doutorado Direto:<\/strong><\/p>\n<ul>\n<li>No caso de trabalho completo publicado em revista de circula\u00e7\u00e3o nacional ou internacional arbitrada, ou cap\u00edtulo de livro de reconhecido m\u00e9rito na \u00e1rea do conhecimento, sendo o\/a estudante primeiro\/a autor\/a e que possua rela\u00e7\u00e3o com o projeto de sua disserta\u00e7\u00e3o ou tese, o n\u00famero de cr\u00e9ditos especiais \u00e9 igual a um (1) por trabalho ou cap\u00edtulo de livro at\u00e9 o m\u00e1ximo de cr\u00e9ditos especiais permitidos.<\/li>\n<li>No caso de dep\u00f3sito de patentes o n\u00famero de cr\u00e9ditos especiais \u00e9 igual a um (1) para cada patente depositada at\u00e9 o m\u00e1ximo de cr\u00e9ditos especiais permitido.<\/li>\n<li>No caso de publica\u00e7\u00e3o de cap\u00edtulo em manual tecnol\u00f3gico reconhecido por \u00f3rg\u00e3os oficiais nacionais e internacionais o n\u00famero de cr\u00e9ditos especiais \u00e9 igual a um (1) para cada cap\u00edtulo at\u00e9 o m\u00e1ximo de cr\u00e9ditos especiais permitido.<\/li>\n<li>No caso de participa\u00e7\u00e3o em Congressos, Workshops, Simp\u00f3sios ou outro tipo de reuni\u00e3o cient\u00edfica com apresenta\u00e7\u00e3o de trabalho completo e que seja publicado (na forma impressa ou digital) em anais (ou similares) e que o aluno seja o primeiro autor, o n\u00famero de cr\u00e9ditos concedidos \u00e9 igual a um (1).<\/li>\n<li>No caso de participa\u00e7\u00e3o no Programa de Aperfei\u00e7oamento de Ensino (PAE) o n\u00famero de cr\u00e9ditos especiais \u00e9 igual a um (1).<\/li>\n<\/ul>\n<p>&nbsp;<\/p>\n","protected":false},"excerpt":{"rendered":"<p>PRAZOS PARA DEP\u00d3SITOS Regimento antigo (at\u00e9 turma de 2019) Mestrado: prazo para dep\u00f3sito da disserta\u00e7\u00e3o \u00e9 de 36 (trinta e seis) meses. Doutorado: para portador\/a do t\u00edtulo de mestre, o prazo para dep\u00f3sito da tese \u00e9 de 48 (quarenta e oito) meses. Doutorado Direto (sem obten\u00e7\u00e3o pr\u00e9via do t\u00edtulo de mestre): o prazo para dep\u00f3sito da tese \u00e9 de 60 (sessenta) meses. Em qualquer um dos cursos, em casos excepcionais devidamente justificados, os estudantes poder\u00e3o solicitar prorroga\u00e7\u00e3o de prazo por um per\u00edodo m\u00e1ximo de 120 (cento e vinte dias). Regimento novo (a partir de 2020) Mestrado: prazo para dep\u00f3sito da disserta\u00e7\u00e3o \u00e9 de 26 (vinte e seis) meses. Doutorado; para portador\/a do t\u00edtulo de mestre, o prazo para dep\u00f3sito da tese \u00e9 de 48 (quarenta e oito) meses. Doutorado Direto (sem obten\u00e7\u00e3o pr\u00e9via do t\u00edtulo de mestre): o prazo para dep\u00f3sito da tese \u00e9 de 60 (sessenta) meses. Em qualquer um dos cursos, em casos excepcionais devidamente justificados, os estudantes poder\u00e3o solicitar prorroga\u00e7\u00e3o de prazo por um per\u00edodo m\u00e1ximo de 120 (cento e vinte dias). CR\u00c9DITOS M\u00cdNIMOS Regimento antigo (at\u00e9 turma de 2019) e Regimento novo (a partir de 2020) Mestrado: m\u00ednimo de 96 (noventa e seis) unidades de cr\u00e9dito, [&#8230;]<\/p>\n","protected":false},"author":362,"featured_media":0,"parent":0,"menu_order":0,"comment_status":"closed","ping_status":"closed","template":"page-full.php","meta":{"_monsterinsights_skip_tracking":false,"_monsterinsights_sitenote_active":false,"_monsterinsights_sitenote_note":"","_monsterinsights_sitenote_category":0,"footnotes":"","_links_to":"","_links_to_target":""},"class_list":["post-1129","page","type-page","status-publish","hentry"],"_links":{"self":[{"href":"https:\/\/sites.usp.br\/ppgarqmae\/wp-json\/wp\/v2\/pages\/1129","targetHints":{"allow":["GET"]}}],"collection":[{"href":"https:\/\/sites.usp.br\/ppgarqmae\/wp-json\/wp\/v2\/pages"}],"about":[{"href":"https:\/\/sites.usp.br\/ppgarqmae\/wp-json\/wp\/v2\/types\/page"}],"author":[{"embeddable":true,"href":"https:\/\/sites.usp.br\/ppgarqmae\/wp-json\/wp\/v2\/users\/362"}],"replies":[{"embeddable":true,"href":"https:\/\/sites.usp.br\/ppgarqmae\/wp-json\/wp\/v2\/comments?post=1129"}],"version-history":[{"count":5,"href":"https:\/\/sites.usp.br\/ppgarqmae\/wp-json\/wp\/v2\/pages\/1129\/revisions"}],"predecessor-version":[{"id":2824,"href":"https:\/\/sites.usp.br\/ppgarqmae\/wp-json\/wp\/v2\/pages\/1129\/revisions\/2824"}],"wp:attachment":[{"href":"https:\/\/sites.usp.br\/ppgarqmae\/wp-json\/wp\/v2\/media?parent=1129"}],"curies":[{"name":"wp","href":"https:\/\/api.w.org\/{rel}","templated":true}]}}