{"id":1133,"date":"2017-06-20T13:57:44","date_gmt":"2017-06-20T16:57:44","guid":{"rendered":"http:\/\/sites.usp.br\/ppgarqmae\/?page_id=1133"},"modified":"2024-02-19T10:18:07","modified_gmt":"2024-02-19T13:18:07","slug":"exame-de-qualificacao","status":"publish","type":"page","link":"https:\/\/sites.usp.br\/ppgarqmae\/exame-de-qualificacao\/","title":{"rendered":"Exame de Qualifica\u00e7\u00e3o"},"content":{"rendered":"<h3>ATEN\u00c7\u00c3O! N\u00c3O SER\u00c3O MAIS ACEITAS INSCRI\u00c7\u00d5ES VIA EMAIL.<\/h3>\n<ul>\n<li>A documenta\u00e7\u00e3o (formul\u00e1rios e exemplares da qualifica\u00e7\u00e3o) para inscri\u00e7\u00e3o no exame dever\u00e1 ser entregue no balc\u00e3o da secretaria acad\u00eamica ou enviado via Sedex.<\/li>\n<li>A inscri\u00e7\u00e3o no exame tamb\u00e9m poder\u00e1 ser feita no balc\u00e3o por parte do\/a orientador\/a ou de um\/a colega.<\/li>\n<li>Aceitamos envio por email unicamente do arquivo pdf do exemplar da qualifica\u00e7\u00e3o (ainda assim deve ser entregue c\u00f3pia f\u00edsica, segundo o regimento da sua matr\u00edcula, verifique procedimentos abaixo).<\/li>\n<li>A realiza\u00e7\u00e3o do exame poder\u00e1 ser presencial ou h\u00edbrida (presencial\/remota), para o\/a estudante e para os\/as examinadores\/as, devendo obrigatoriamente ter a presen\u00e7a de um\/a membro examinador\/a docente do Programa na sua sede ou na USP; <strong>em casos excepcionais,\u00a0 a CPG poder\u00e1 autorizar, mediante apresenta\u00e7\u00e3o de justificativa pelo(a) aluno(a) com a concord\u00e2ncia do(a) orientador(a), a realiza\u00e7\u00e3o totalmente remota do exame<\/strong> (conforme <a href=\"https:\/\/leginf.usp.br\/?resolucao=resolucao-no-8359-de-16-de-dezembro-de-2022\">Resolu\u00e7\u00e3o 8359 de 16\/12\/2022<\/a>).<\/li>\n<li>Informar, no momento da inscri\u00e7\u00e3o, se o exame ser\u00e1 presencial, h\u00edbrido ou online.<\/li>\n<li>Verifique abaixo os procedimentos de inscri\u00e7\u00e3o de exames de qualifica\u00e7\u00e3o, segundo o regimento da sua matr\u00edcula.<\/li>\n<li><span style=\"text-decoration: underline;\">ATEN\u00c7\u00c3O! Estudantes do regimento antigo que forem realizar o exame de qualifica\u00e7\u00e3o 100% online ou em formato h\u00edbrido durante 2023, podem enviar um \u00fanico exemplar f\u00edsic<\/span>o.<\/li>\n<\/ul>\n<h3>Procedimentos para Inscri\u00e7\u00e3o no Exame de Qualifica\u00e7\u00e3o<\/h3>\n<h3><span style=\"text-decoration: underline;\">Regimento antigo (at\u00e9 turma de 2019)<\/span><\/h3>\n<p style=\"text-align: justify;\"><span style=\"color: #333300;\">O Exame de Qualifica\u00e7\u00e3o \u00e9 exigido tanto no curso de Mestrado quanto nos cursos de Doutorado e Doutorado Direto e a inscri\u00e7\u00e3o no exame \u00e9 de responsabilidade do\/a estudante.<br \/>\n<\/span><\/p>\n<p><strong>Inscri\u00e7\u00e3o:<\/strong><\/p>\n<ul>\n<li>A realiza\u00e7\u00e3o do exame poder\u00e1 ser presencial ou h\u00edbrida (presencial\/remota), para o\/a estudante e para os\/as examinadores\/as, devendo obrigatoriamente ter a presen\u00e7a de um\/a membro examinador\/a docente do Programa na sua sede ou na USP.<\/li>\n<li>Em casos excepcionais,\u00a0 a CPG poder\u00e1 autorizar, mediante apresenta\u00e7\u00e3o de justificativa pelo(a) aluno(a) com a concord\u00e2ncia do(a) orientador(a), a realiza\u00e7\u00e3o totalmente remota do exame (conforme <a href=\"https:\/\/leginf.usp.br\/?resolucao=resolucao-no-8359-de-16-de-dezembro-de-2022\">Resolu\u00e7\u00e3o 8359 de 16\/12\/2022<\/a>) pelo Google Meets.<\/li>\n<li>Para exames 100% online, a data do exame e o link da reuni\u00e3o dever\u00e3o ser informados no ato da inscri\u00e7\u00e3o. Quem n\u00e3o puder enviar data e link no dia da inscri\u00e7\u00e3o, ter\u00e1 imperetivelmente at\u00e9 a data da reuni\u00e3o da CPG que aprovar\u00e1 a banca, para enviar essas informa\u00e7\u00f5es.<\/li>\n<\/ul>\n<ul>\n<li>Todas as bancas devem ser aprovadas pela CPG antes da realiza\u00e7\u00e3o do exame. Por favor, atentar para o <a href=\"https:\/\/sites.usp.br\/ppgarqmae\/calendario\/\">calend\u00e1rio de reuni\u00f5es da CPG<\/a> e fazer a inscri\u00e7\u00e3o de maneira a ter, no m\u00ednimo, 30 dias entre a aprova\u00e7\u00e3o da banca e a data do exame (m\u00e1ximo de 60 dias entre a inscri\u00e7\u00e3o e o exame, para alunos\/as do regimento antigo; m\u00e1ximo de 90 dias entre a inscri\u00e7\u00e3o e o exame, para alunos\/as do regimento novo). Em casos em que o exame deva acontecer em menos de 30 dais ap\u00f3s a aprova\u00e7\u00e3o da banca pela CPG, o\/a orientador\/a dever\u00e1 enviar uma declara\u00e7\u00e3o de que os membros da banca est\u00e3o cientes de que haver\u00e1 menos de 30 dias entre o recebimento do exemplar pela se\u00e7\u00e3o de p\u00f3s-gradua\u00e7\u00e3o e a data do exame.<\/li>\n<\/ul>\n<p><strong>Mestrado: <\/strong><\/p>\n<ul>\n<li>A inscri\u00e7\u00e3o no exame de Qualifica\u00e7\u00e3o deve ser feita at\u00e9 18 (dezoito) meses ap\u00f3s a primeira matr\u00edcula no curso. Dever\u00e1, nesse per\u00edodo, ter conclu\u00eddo a totalidade dos cr\u00e9ditos em disciplinas.<\/li>\n<li><span style=\"color: #333300;\">O exame dever\u00e1 ser realizado no m\u00e1ximo 60 (sessenta) dias ap\u00f3s a inscri\u00e7\u00e3o.<\/span><\/li>\n<li>O exemplar da Qualifica\u00e7\u00e3o dever\u00e1 ser entregue no Servi\u00e7o de P\u00f3s-Gradua\u00e7\u00e3o, por ocasi\u00e3o da inscri\u00e7\u00e3o do\/a estudante ao referido exame, em <strong>5 (cinco) c\u00f3pias<\/strong>, com no m\u00e1ximo 100 (cem) p\u00e1ginas e organizado em duas partes: a) exposi\u00e7\u00e3o e coment\u00e1rios a respeito da forma\u00e7\u00e3o acad\u00eamica, realiza\u00e7\u00f5es profissionais e produ\u00e7\u00e3o t\u00e9cnico-cient\u00edfica (memorial); b) projeto de pesquisa atualizado com cronograma que demonstre as atividades conclu\u00eddas e por concluir.<\/li>\n<li>Entregar Guia de encaminhamento preenchida (dispon\u00edvel <a href=\"https:\/\/sites.usp.br\/ppgarqmae\/formularios\/\">aqui)<\/a><\/li>\n<li>Entregar Formul\u00e1rio de sugest\u00e3o de banca preenchido (dispon\u00edvel <a href=\"https:\/\/sites.usp.br\/ppgarqmae\/formularios\/\">aqui)<\/a><\/li>\n<li>A comiss\u00e3o examinadora deve ser constitu\u00edda por tr\u00eas membros, com titula\u00e7\u00e3o m\u00ednima de Doutor, sendo um o\/a orientador\/a<\/li>\n<li>A exposi\u00e7\u00e3o oral, em sess\u00e3o p\u00fablica, ter\u00e1 dura\u00e7\u00e3o m\u00e1xima de trinta minutos, sendo seguida de argui\u00e7\u00e3o, com dura\u00e7\u00e3o m\u00e1xima de duas horas e trinta minutos, pela Comiss\u00e3o Examinadora<\/li>\n<\/ul>\n<p><span style=\"color: #000000;\"><strong>Doutorado <\/strong><\/span><\/p>\n<ul>\n<li style=\"text-align: justify;\"><span style=\"color: #333300;\">A inscri\u00e7\u00e3o no exame de Qualifica\u00e7\u00e3o dever\u00e1 ser feita at\u00e9 24 (vinte e quatro) meses ap\u00f3s o in\u00edcio da contagem do prazo do curso. Dever\u00e1, nesse per\u00edodo, ter conclu\u00eddo a totalidade dos cr\u00e9ditos em disciplinas.<\/span><\/li>\n<li>O exame dever\u00e1 ser realizado no m\u00e1ximo 60 (sessenta) dias ap\u00f3s a inscri\u00e7\u00e3o.<\/li>\n<li style=\"text-align: justify;\"><span style=\"color: #333300;\"> O exemplar da Qualifica\u00e7\u00e3o dever\u00e1 ser entregue no Servi\u00e7o de P\u00f3s-Gradua\u00e7\u00e3o, por ocasi\u00e3o da inscri\u00e7\u00e3o do\/a estudante ao referido exame, em <strong>5 (cinco) c\u00f3pias<\/strong>, com no m\u00e1ximo 100 (cem) p\u00e1ginas e organizado em duas partes: a) <\/span><span style=\"color: #333300;\">exposi\u00e7\u00e3o e coment\u00e1rios a respeito da forma\u00e7\u00e3o acad\u00eamica, realiza\u00e7\u00f5es profissionais e produ\u00e7\u00e3o t\u00e9cnico-cient\u00edfica (memorial); b)<\/span><span style=\"color: #333300;\"> projeto de pesquisa atualizado com cronograma que demonstre as atividades conclu\u00eddas e por concluir.<\/span><\/li>\n<li>Entregar Guia de encaminhamento preenchida (dispon\u00edvel <a href=\"https:\/\/sites.usp.br\/ppgarqmae\/formularios\/\">aqui)<\/a><\/li>\n<li>Entregar Formul\u00e1rio de sugest\u00e3o de banca preenchido (dispon\u00edvel <a href=\"https:\/\/sites.usp.br\/ppgarqmae\/formularios\/\">aqui)<\/a><\/li>\n<li>A exposi\u00e7\u00e3o oral, em sess\u00e3o p\u00fablica, ter\u00e1 dura\u00e7\u00e3o m\u00e1xima de trinta minutos, sendo seguida de argui\u00e7\u00e3o, por no m\u00e1ximo duas horas e trinta minutos, pela Comiss\u00e3o Examinadora<\/li>\n<\/ul>\n<p><span style=\"color: #000000;\"><strong>Doutorado Direto <\/strong><\/span><\/p>\n<ul>\n<li style=\"text-align: justify;\"><span style=\"color: #333300;\">O exemplar da Qualifica\u00e7\u00e3o dever\u00e1 ser entregue at\u00e9 30 (trinta) meses ap\u00f3s o in\u00edcio da contagem do prazo no curso. Dever\u00e1, nesse per\u00edodo, ter conclu\u00eddo a totalidade dos cr\u00e9ditos em disciplinas.<\/span><\/li>\n<li>O objetivo do exame de qualifica\u00e7\u00e3o no Doutorado Direto \u00e9 o mesmo do Doutorado. O Exame ser\u00e1 realizado de acordo com as normas do Doutorado.<\/li>\n<\/ul>\n<p>O\/a estudante de p\u00f3s-gradua\u00e7\u00e3o que n\u00e3o realizar o exame no per\u00edodo previsto para o seu curso ser\u00e1 desligado do Programa. <span style=\"color: #333300;\">O\/A estudante que for reprovado\/a no exame de qualifica\u00e7\u00e3o poder\u00e1 se inscrever para repeti-lo apenas uma vez, devendo realizar nova inscri\u00e7\u00e3o no prazo de 120 (cento e vinte) dias ap\u00f3s a realiza\u00e7\u00e3o do primeiro exame. O segundo exame dever\u00e1 ser realizado no prazo de 60 (sessenta) dias ap\u00f3s a inscri\u00e7\u00e3o. Persistindo a reprova\u00e7\u00e3o, o\/a estudante ser\u00e1 desligado\/a do Programa e receber\u00e1 certificado das disciplinas cursadas. <\/span><\/p>\n<h3><span style=\"text-decoration: underline;\">Regimento novo (a partir de 2020)<\/span><\/h3>\n<p>O Exame de Qualifica\u00e7\u00e3o \u00e9 exigido tanto no curso de Mestrado quanto no curso de Doutorado e Doutorado Direto e a inscri\u00e7\u00e3o no exame \u00e9 de responsabilidade do\/a estudante.<\/p>\n<p><strong>Inscri\u00e7\u00e3o:<\/strong><\/p>\n<ul>\n<li>A realiza\u00e7\u00e3o do exame poder\u00e1 ser presencial ou h\u00edbrida (presencial\/remota), para o\/a estudante e para os\/as examinadores\/as, devendo obrigatoriamente ter a presen\u00e7a de um\/a membro examinador\/a docente do Programa na sua sede ou na USP.<\/li>\n<li>Em casos excepcionais,\u00a0 a CPG poder\u00e1 autorizar, mediante apresenta\u00e7\u00e3o de justificativa pelo(a) aluno(a) com a concord\u00e2ncia do(a) orientador(a), a realiza\u00e7\u00e3o totalmente remota do exame (conforme <a href=\"https:\/\/leginf.usp.br\/?resolucao=resolucao-no-8359-de-16-de-dezembro-de-2022\">Resolu\u00e7\u00e3o 8359 de 16\/12\/2022<\/a>) pelo Google Meets.<\/li>\n<li>Para exames online, a data do exame e o link da reuni\u00e3o dever\u00e3o ser informados no ato da inscri\u00e7\u00e3o. Quem n\u00e3o puder enviar data e link no dia da inscri\u00e7\u00e3o, ter\u00e1 imperetivelmente at\u00e9 a data da reuni\u00e3o da CPG que aprovar\u00e1 a banca, para enviar essas informa\u00e7\u00f5es.<\/li>\n<li>Todas as bancas devem ser aprovadas pela CPG antes da realiza\u00e7\u00e3o do exame. Por favor, atentar para o <a href=\"https:\/\/sites.usp.br\/ppgarqmae\/calendario\/\">calend\u00e1rio de reuni\u00f5es da CPG<\/a> e fazer a inscri\u00e7\u00e3o de maneira a ter, no m\u00ednimo, 30 dias entre a aprova\u00e7\u00e3o da banca e a data do exame (m\u00e1ximo de 60 dias entre a inscri\u00e7\u00e3o e o exame, para alunos\/as do regimento antigo; m\u00e1ximo de 90 dias entre a inscri\u00e7\u00e3o e o exame, para alunos\/as do regimento novo). Em casos em que o exame deva acontecer em menos de 30 dais ap\u00f3s a aprova\u00e7\u00e3o da banca pela CPG, o\/a orientador\/a dever\u00e1 enviar uma declara\u00e7\u00e3o de que os membros da banca est\u00e3o cientes de que haver\u00e1 menos de 30 dias entre o recebimento do exemplar pela se\u00e7\u00e3o de p\u00f3s-gradua\u00e7\u00e3o e a data do exame.<\/li>\n<\/ul>\n<p><strong>Mestrado: <\/strong><\/p>\n<ul>\n<li>A inscri\u00e7\u00e3o no exame de Qualifica\u00e7\u00e3o dever\u00e1 ser feita at\u00e9 13 (treze) meses ap\u00f3s a primeira matr\u00edcula no curso. O(a) estudante dever\u00e1, nesse per\u00edodo, ter conclu\u00eddo a totalidade dos cr\u00e9ditos em disciplinas.<\/li>\n<li>O exame dever\u00e1 ser realizado no m\u00e1ximo 90 (noventa) dias ap\u00f3s a inscri\u00e7\u00e3o.<\/li>\n<li>O exame consistir\u00e1 na apresenta\u00e7\u00e3o de uma monografia com o estado atual da pesquisa, um memorial suscinto das atividades desenvolvidas e uma exposi\u00e7\u00e3o oral sobre o projeto de pesquisa. Em conjunto monografia e memorial n\u00e3o dever\u00e1 ultrapassar 100 p\u00e1ginas.<\/li>\n<li>A monografia dever\u00e1 ser entregue na secretaria do programa de p\u00f3s-gradua\u00e7\u00e3o em m\u00eddia digital (arquivo pdf), por ocasi\u00e3o da inscri\u00e7\u00e3o do estudante no referido exame.<\/li>\n<li>Entregar Guia de encaminhamento preenchida (dispon\u00edvel <a href=\"https:\/\/sites.usp.br\/ppgarqmae\/formularios\/\">aqui)<\/a><\/li>\n<li>Entregar Formul\u00e1rio de sugest\u00e3o de banca preenchido (dispon\u00edvel <a href=\"https:\/\/sites.usp.br\/ppgarqmae\/formularios\/\">aqui)<\/a><\/li>\n<li>A comiss\u00e3o examinadora ser\u00e1 constitu\u00edda por tr\u00eas examinadores, com titula\u00e7\u00e3o m\u00ednima de doutor, sendo que um poder\u00e1 ser o\/a orientador\/a.<\/li>\n<li>A exposi\u00e7\u00e3o oral, em sess\u00e3o p\u00fablica, ter\u00e1 dura\u00e7\u00e3o m\u00ednima de vinte e m\u00e1xima de trinta minutos, sendo seguida de argui\u00e7\u00e3o pela comiss\u00e3o examinadora.<\/li>\n<\/ul>\n<p><strong>Doutorado <\/strong><\/p>\n<ul>\n<li>A inscri\u00e7\u00e3o no exame de Qualifica\u00e7\u00e3o dever\u00e1 ser feita at\u00e9 24 (vinte e quatro) meses ap\u00f3s o in\u00edcio da contagem do prazo do curso. O(a) estudante dever\u00e1, nesse per\u00edodo, ter conclu\u00eddo a totalidade dos cr\u00e9ditos em disciplinas.<\/li>\n<li>O exame dever\u00e1 ser realizado no m\u00e1ximo 90 (noventa) dias ap\u00f3s a inscri\u00e7\u00e3o.<\/li>\n<li>O exame consistir\u00e1 de uma monografia versando sobre a pesquisa desenvolvida at\u00e9 o momento da inscri\u00e7\u00e3o e uma exposi\u00e7\u00e3o oral sobre o projeto de pesquisa.<\/li>\n<li>A monografia dever\u00e1 ser entregue na secretaria do programa de p\u00f3s-gradua\u00e7\u00e3o em m\u00eddia digital (arquivo pdf), por ocasi\u00e3o da inscri\u00e7\u00e3o do estudante no referido exame.<\/li>\n<li>Entregar Guia de encaminhamento preenchida (dispon\u00edvel <a href=\"https:\/\/sites.usp.br\/ppgarqmae\/formularios\/\">aqui)<\/a><\/li>\n<li>Entregar Formul\u00e1rio de sugest\u00e3o de banca preenchido (dispon\u00edvel <a href=\"https:\/\/sites.usp.br\/ppgarqmae\/formularios\/\">aqui)<\/a><\/li>\n<li>A comiss\u00e3o examinadora ser\u00e1 constitu\u00edda por tr\u00eas examinadores, com titula\u00e7\u00e3o m\u00ednima de doutor, sendo que um poder\u00e1 ser o\/a orientador\/a e pelo menos um\/a examinador\/a dever\u00e1 ser externo\/a ao programa.<\/li>\n<li>A exposi\u00e7\u00e3o oral, em sess\u00e3o p\u00fablica, ter\u00e1 dura\u00e7\u00e3o m\u00ednima de vinte e m\u00e1xima de trinta minutos, sendo seguida de argui\u00e7\u00e3o pela comiss\u00e3o examinadora.<\/li>\n<\/ul>\n<p><strong>Doutorado Direto <\/strong><\/p>\n<ul>\n<li>A inscri\u00e7\u00e3o no exame de Qualifica\u00e7\u00e3o dever\u00e1 ser feita at\u00e9 30 (trinta) meses ap\u00f3s o in\u00edcio da contagem do prazo no curso. O(a) estudante dever\u00e1, nesse per\u00edodo, ter conclu\u00eddo a totalidade dos cr\u00e9ditos em disciplinas.<\/li>\n<li>O objetivo do exame de qualifica\u00e7\u00e3o no Doutorado Direto \u00e9 o mesmo do Doutorado. O Exame ser\u00e1 realizado de acordo com as normas do Doutorado.<\/li>\n<\/ul>\n<p>O\/A estudante de p\u00f3s-gradua\u00e7\u00e3o que n\u00e3o realizar o exame de qualifica\u00e7\u00e3o no per\u00edodo previsto para o seu curso ser\u00e1 desligado do programa, conforme Regimento de P\u00f3s-Gradua\u00e7\u00e3o da USP. O\/A estudante que for reprovado no exame de qualifica\u00e7\u00e3o poder\u00e1 se inscrever para repeti-lo apenas uma vez, devendo realizar nova inscri\u00e7\u00e3o no prazo de cento e vinte (120) dias ap\u00f3s a realiza\u00e7\u00e3o do primeiro exame. O segundo exame dever\u00e1 ser realizado no prazo de noventa (90) dias ap\u00f3s a segunda inscri\u00e7\u00e3o. Persistindo a reprova\u00e7\u00e3o, o\/a estudante ser\u00e1 desligado\/a do Programa e receber\u00e1 certificado das disciplinas cursadas.<\/p>\n<h3><span style=\"color: #ff0000;\">ATEN\u00c7\u00c3O:<\/span> Preencher sugest\u00e3o de banca <span style=\"color: #ff0000;\">COM O ENDERE\u00c7O COMPLETO DE CORRESPOND\u00caNCIA DOS MEMBROS DA BANCA<\/span> para entrega do exemplar. N\u00e3o nos responsabilizamos por exemplares n\u00e3o entregues devido a informa\u00e7\u00f5es n\u00e3o prestadas ou incorretas.<\/h3>\n<p>___________________<\/p>\n<h3><strong>\u00a0<\/strong><\/h3>\n","protected":false},"excerpt":{"rendered":"<p>ATEN\u00c7\u00c3O! N\u00c3O SER\u00c3O MAIS ACEITAS INSCRI\u00c7\u00d5ES VIA EMAIL. A documenta\u00e7\u00e3o (formul\u00e1rios e exemplares da qualifica\u00e7\u00e3o) para inscri\u00e7\u00e3o no exame dever\u00e1 ser entregue no balc\u00e3o da secretaria acad\u00eamica ou enviado via Sedex. A inscri\u00e7\u00e3o no exame tamb\u00e9m poder\u00e1 ser feita no balc\u00e3o por parte do\/a orientador\/a ou de um\/a colega. Aceitamos envio por email unicamente do arquivo pdf do exemplar da qualifica\u00e7\u00e3o (ainda assim deve ser entregue c\u00f3pia f\u00edsica, segundo o regimento da sua matr\u00edcula, verifique procedimentos abaixo). A realiza\u00e7\u00e3o do exame poder\u00e1 ser presencial ou h\u00edbrida (presencial\/remota), para o\/a estudante e para os\/as examinadores\/as, devendo obrigatoriamente ter a presen\u00e7a de um\/a membro examinador\/a docente do Programa na sua sede ou na USP; em casos excepcionais,\u00a0 a CPG poder\u00e1 autorizar, mediante apresenta\u00e7\u00e3o de justificativa pelo(a) aluno(a) com a concord\u00e2ncia do(a) orientador(a), a realiza\u00e7\u00e3o totalmente remota do exame (conforme Resolu\u00e7\u00e3o 8359 de 16\/12\/2022). Informar, no momento da inscri\u00e7\u00e3o, se o exame ser\u00e1 presencial, h\u00edbrido ou online. Verifique abaixo os procedimentos de inscri\u00e7\u00e3o de exames de qualifica\u00e7\u00e3o, segundo o regimento da sua matr\u00edcula. ATEN\u00c7\u00c3O! Estudantes do regimento antigo que forem realizar o exame de qualifica\u00e7\u00e3o 100% online ou em formato h\u00edbrido durante 2023, podem enviar um \u00fanico exemplar f\u00edsico. Procedimentos para Inscri\u00e7\u00e3o no [&#8230;]<\/p>\n","protected":false},"author":362,"featured_media":0,"parent":0,"menu_order":0,"comment_status":"closed","ping_status":"closed","template":"page-full.php","meta":{"_monsterinsights_skip_tracking":false,"_monsterinsights_sitenote_active":false,"_monsterinsights_sitenote_note":"","_monsterinsights_sitenote_category":0,"footnotes":"","_links_to":"","_links_to_target":""},"class_list":["post-1133","page","type-page","status-publish","hentry"],"_links":{"self":[{"href":"https:\/\/sites.usp.br\/ppgarqmae\/wp-json\/wp\/v2\/pages\/1133","targetHints":{"allow":["GET"]}}],"collection":[{"href":"https:\/\/sites.usp.br\/ppgarqmae\/wp-json\/wp\/v2\/pages"}],"about":[{"href":"https:\/\/sites.usp.br\/ppgarqmae\/wp-json\/wp\/v2\/types\/page"}],"author":[{"embeddable":true,"href":"https:\/\/sites.usp.br\/ppgarqmae\/wp-json\/wp\/v2\/users\/362"}],"replies":[{"embeddable":true,"href":"https:\/\/sites.usp.br\/ppgarqmae\/wp-json\/wp\/v2\/comments?post=1133"}],"version-history":[{"count":5,"href":"https:\/\/sites.usp.br\/ppgarqmae\/wp-json\/wp\/v2\/pages\/1133\/revisions"}],"predecessor-version":[{"id":3522,"href":"https:\/\/sites.usp.br\/ppgarqmae\/wp-json\/wp\/v2\/pages\/1133\/revisions\/3522"}],"wp:attachment":[{"href":"https:\/\/sites.usp.br\/ppgarqmae\/wp-json\/wp\/v2\/media?parent=1133"}],"curies":[{"name":"wp","href":"https:\/\/api.w.org\/{rel}","templated":true}]}}