{"id":1146,"date":"2017-06-20T14:16:40","date_gmt":"2017-06-20T17:16:40","guid":{"rendered":"http:\/\/sites.usp.br\/ppgarqmae\/?page_id=1146"},"modified":"2024-07-05T13:48:07","modified_gmt":"2024-07-05T16:48:07","slug":"depositos","status":"publish","type":"page","link":"https:\/\/sites.usp.br\/ppgarqmae\/depositos\/","title":{"rendered":"Dep\u00f3sitos e defesas"},"content":{"rendered":"<h3>ATEN\u00c7\u00c3O! N\u00c3O SER\u00c3O MAIS ACEITOS DEP\u00d3SITOS VIA EMAIL.<\/h3>\n<ul>\n<li>A documenta\u00e7\u00e3o (formul\u00e1rios e exemplares das teses e disserta\u00e7\u00f5es) para dep\u00f3sito poder\u00e1 ser entregue no balc\u00e3o da secretaria acad\u00eamica ou enviado via Sedex.<\/li>\n<li>O dep\u00f3sito tamb\u00e9m poder\u00e1 ser feito no balc\u00e3o por parte do\/a orientador\/a ou de um\/a colega.<\/li>\n<li>Aceitamos envio por email unicamente do arquivo pdf da tese ou disserta\u00e7\u00e3o (ainda assim deve ser entregue c\u00f3pia f\u00edsica, segundo o regimento da sua matr\u00edcula, verifique procedimentos abaixo).<\/li>\n<li>A sess\u00e3o de defesa da disserta\u00e7\u00e3o ou da tese poder\u00e1 ser presencial ou h\u00edbrida (presencial\/remota), para os\/as examinadores\/as, devendo obrigatoriamente ter a presen\u00e7a do\/a estudante e de seu\/sua orientador\/a na sede do Programa ou na USP; em casos excepcionais,\u00a0 a CPG poder\u00e1 autorizar, mediante apresenta\u00e7\u00e3o de justificativa pelo\/a estudante com a concord\u00e2ncia do\/a orientador\/a, a realiza\u00e7\u00e3o totalmente remota da sess\u00e3o (conforme <a href=\"https:\/\/leginf.usp.br\/?resolucao=resolucao-no-8359-de-16-de-dezembro-de-2022\">Resolu\u00e7\u00e3o 8359 de 16\/12\/2022<\/a>).<\/li>\n<li><span style=\"text-decoration: underline;\">ATEN\u00c7\u00c3O! Estudantes do regimento antigo que forem realizar a defesa 100% online ou em formato h\u00edbrido podem depositar um \u00fanico exemplar f\u00edsico da Disserta\u00e7\u00e3o ou Tese. Por\u00e9m, dever\u00e3o consultar os membros da banca se est\u00e3o de acordo em receber somente o arquivo pdf. Se mais de um membro da banca preferir exemplar f\u00edsico, ele dever\u00e1 tamb\u00e9m ser entregue no ato do dep\u00f3sito (a secretaria enviar\u00e1 pelo correio aos\/\u00e0s docentes).<br \/>\n<\/span><\/li>\n<\/ul>\n<p><strong>MUDAN\u00c7AS DE T\u00cdTULO<\/strong><\/p>\n<ul>\n<li>Solicita\u00e7\u00f5es de mudan\u00e7a de t\u00edtulo de Teses e Disserta\u00e7\u00f5es devem ser encaminhadas pelo\/a estudante e orientador para aprova\u00e7ao pela CPG.<\/li>\n<\/ul>\n<p><strong>MUDAN\u00c7AS DE PROJETO<\/strong><\/p>\n<ul>\n<li>Se o projeto incialmente enviado no ato da inscri\u00e7\u00e3o para o Processo Seletivo for mudar, deve ser enviada solicita\u00e7\u00e3o circunstanciada para avalia\u00e7\u00e3o por parecerista interno ao programa e posterior aprova\u00e7\u00e3o da CPG.<\/li>\n<li>N\u00e3o poder\u00e1 ser alterado o projeto enviado no ato da inscri\u00e7\u00e3o no Processo Seletivo sem aprova\u00e7\u00e3o da CPG.<\/li>\n<\/ul>\n<h3 style=\"text-align: left;\"><span style=\"color: #800000;\">Procedimentos para Dep\u00f3sito de Disserta\u00e7\u00e3o \/ Tese\u00a0<\/span><\/h3>\n<h3><strong><span style=\"text-decoration: underline;\">Regimento antigo (at\u00e9 turma de 2019)<\/span><\/strong><\/h3>\n<p><span style=\"color: #333300;\">A disserta\u00e7\u00e3o ou tese ser\u00e1 depositada pelo\/a interessado\/a, no Servi\u00e7o de P\u00f3s-Gradua\u00e7\u00e3o do MAE\/USP, at\u00e9 o final do expediente do \u00faltimo dia do seu prazo regimental.<\/span><\/p>\n<p><strong>Inscri\u00e7\u00e3o<\/strong><\/p>\n<ul>\n<li><span style=\"color: #333300;\"><span style=\"text-decoration: underline;\">Mestrado<\/span>: dever\u00e3o ser depositados <strong>7 (sete) exemplares<\/strong> impressos da disserta\u00e7\u00e3o, mais CD com c\u00f3pia da disserta\u00e7\u00e3o\u00a0 em formato PDF e seu resumo em formato DOC em meio digital.<\/span><\/li>\n<li><span style=\"color: #333300;\"><span style=\"text-decoration: underline;\">Doutorado e Doutorado Direto<\/span>: dever\u00e3o ser depositados <strong>9 (nove) exemplares<\/strong> impressos da tese, mais CD com c\u00f3pia da tese em formato PDF e resumo em formato DOC em meio digital.<\/span><\/li>\n<li>Carta do\/a orientador\/a (Guia de Encaminhamento) certificando que o\/a orientando\/a est\u00e1 apto \u00e0 defesa (dispon\u00edvel <a href=\"https:\/\/sites.usp.br\/ppgarqmae\/formularios\/\">aqui)<\/a><\/li>\n<li>Formul\u00e1rio de Sugest\u00e3o de Banca Examinadora a ser aprovada pela CPG (dispon\u00edvel <a href=\"https:\/\/sites.usp.br\/ppgarqmae\/formularios\/\">aqui)<\/a><\/li>\n<li>Formul\u00e1rio Ficha CAPES (enviado anualmente para preenchimento da plataforma Sucupira)<\/li>\n<li>Formul\u00e1rios de Autoriza\u00e7\u00e3o e de Dados da Disserta\u00e7\u00e3o ou Tese para inclus\u00e3o na Biblioteca Digital de Disserta\u00e7\u00f5es e Teses da USP (dispon\u00edvel <a href=\"https:\/\/sites.usp.br\/ppgarqmae\/formularios\/\">aqui)<\/a><\/li>\n<\/ul>\n<p><span style=\"color: #333300;\">Para a obten\u00e7\u00e3o do t\u00edtulo de Doutor, alunos\/as devem ter pelo menos 1 (um) artigo publicado ou submetido em revista nacional ou internacional indexada. A apresenta\u00e7\u00e3o do artigo, ou comprova\u00e7\u00e3o da submiss\u00e3o, \u00e9 indispens\u00e1vel at\u00e9 o dep\u00f3sito da tese.<\/span><\/p>\n<p><strong>Defesa<\/strong><\/p>\n<ul>\n<li>A sess\u00e3o de defesa da disserta\u00e7\u00e3o ou da tese poder\u00e1 ser presencial ou h\u00edbrida (presencial\/remota), para os\/as examinadores\/as, devendo obrigatoriamente ter a presen\u00e7a do\/a estudante e de seu\/sua orientador\/a na sede do Programa ou na USP.<\/li>\n<li>Em casos excepcionais,\u00a0 a CPG poder\u00e1 autorizar, mediante apresenta\u00e7\u00e3o de justificativa pelo\/a estudante com a concord\u00e2ncia do\/a orientador\/a, a realiza\u00e7\u00e3o totalmente remota da sess\u00e3o (conforme <a href=\"https:\/\/leginf.usp.br\/?resolucao=resolucao-no-8359-de-16-de-dezembro-de-2022\">Resolu\u00e7\u00e3o 8359 de 16\/12\/2022<\/a>).<\/li>\n<li>A <strong>data da defesa e o link da reuni\u00e3o (no caso de defesas online) dever\u00e3o ser informados no ato do dep\u00f3sito<\/strong>. Quem n\u00e3o puder enviar data e link no dia do dep\u00f3sito, ter\u00e1 impreterivelmente at\u00e9 a data da reuni\u00e3o da CPG que aprovar\u00e1 a banca, para enviar essas informa\u00e7\u00f5es.<\/li>\n<li>Todas as bancas devem ser aprovadas pela CPG antes da realiza\u00e7\u00e3o da defesa. Por favor, atentar para o <a href=\"https:\/\/sites.usp.br\/ppgarqmae\/calendario\/\">calend\u00e1rio de reuni\u00f5es da CPG<\/a> e fazer a inscri\u00e7\u00e3o de maneira a ter, no m\u00ednimo, 30 dias entre a aprova\u00e7\u00e3o da banca e a data da defesa (m\u00e1ximo de 60 dias entre a inscri\u00e7\u00e3o e a defesa). Em casos em que a defesa deva acontecer em menos de 30 dias ap\u00f3s a aprova\u00e7\u00e3o da banca pela CPG, o\/a orientador\/a dever\u00e1 enviar uma declara\u00e7\u00e3o de que os membros da banca est\u00e3o cientes de que haver\u00e1 menos de 30 dias entre o recebimento do exemplar pela se\u00e7\u00e3o de p\u00f3s-gradua\u00e7\u00e3o e a data da defesa.<\/li>\n<li>No caso de defesas 100% online, ap\u00f3s a defesa, o presidente da banca dever\u00e1 enviar ao e-mail pos.mae@usp.br o <strong>RELAT\u00d3RIO DA DEFESA<\/strong> com o resultado, seguindo o modelo dispon\u00edvel <a href=\"https:\/\/sites.usp.br\/ppgarqmae\/wp-content\/uploads\/sites\/153\/2021\/10\/Modelo-de-relatorio-de-qualificacao-defesa-PPGArq.doc\">aqui<\/a><span style=\"color: #333300;\">.<\/span><\/li>\n<li><span style=\"color: #333300;\">A exposi\u00e7\u00e3o pelo\/a estudante ser\u00e1 de no m\u00e1ximo de 60 minutos. A argui\u00e7\u00e3o ocorrer\u00e1 em sess\u00e3o p\u00fablica, e n\u00e3o dever\u00e1 exceder o prazo de tr\u00eas horas para o Mestrado e cinco horas para o Doutorado e Doutorado Direto.<\/span><\/li>\n<\/ul>\n<p><strong>N\u00famero de membros para bancas e disserta\u00e7\u00f5es e teses<\/strong><\/p>\n<ul>\n<li><span style=\"color: #333300;\">Mestrado: tr\u00eas membros<\/span><\/li>\n<li><span style=\"color: #333300;\">Doutorado e Doutorado Direto: cinco membros<\/span><\/li>\n<\/ul>\n<p><span style=\"color: #333300;\">O\/a orientador\/a, ou coorientador\/a, poder\u00e1 participar das comiss\u00f5es julgadoras das Disserta\u00e7\u00f5es de Mestrado e Teses de Doutorado com direito a voto.<\/span><\/p>\n<p><span style=\"color: #333300;\">Na composi\u00e7\u00e3o da comiss\u00e3o julgadora de Mestrado e Doutorado, a <strong>maioria dos examinadores dever\u00e1 ser externa<\/strong> ao PPGArq, sendo pelo menos um externo \u00e0 Universidade de S\u00e3o Paulo.<\/span><\/p>\n<p>Para cada membro titular interno, um suplente interno e\u00a0 para cada membro titular externo, um suplente externo.<\/p>\n<p><strong>Idiomas permitidos<\/strong><\/p>\n<ul>\n<li><span style=\"color: #333300;\">Todas as Disserta\u00e7\u00f5es e Teses dever\u00e3o conter t\u00edtulo, resumo e palavras-chave em portugu\u00eas e ingl\u00eas.<\/span><\/li>\n<li><span style=\"color: #333300;\">As Disserta\u00e7\u00f5es e Teses poder\u00e3o ser redigidas em portugu\u00eas ou espanhol ou ingl\u00eas e defendidas exclusivamente em portugu\u00eas.<\/span><\/li>\n<\/ul>\n<h3><strong><span style=\"text-decoration: underline;\">Regimento novo (a partir de 2020)<\/span><\/strong><\/h3>\n<ul>\n<li>A disserta\u00e7\u00e3o ou tese ser\u00e1 depositada pelo\/a interessado\/a, no Servi\u00e7o de P\u00f3s-Gradua\u00e7\u00e3o do MAE\/USP, at\u00e9 o final do expediente do \u00faltimo dia do seu prazo regimental.<\/li>\n<li>Deve ser entregue uma (1) c\u00f3pia eletr\u00f4nica, em m\u00eddia digital (arquivo pdf) ou via sistema pr\u00f3prio de dep\u00f3sito caso este esteja dispon\u00edvel.<\/li>\n<li>Carta do\/a orientador\/a (Guia de Encaminhamento) certificando que o\/a orientando\/a est\u00e1 apto \u00e0 defesa<\/li>\n<li>Formul\u00e1rio de Sugest\u00e3o de Banca Examinadora a ser aprovada pela CPG (dispon\u00edvel <a href=\"https:\/\/sites.usp.br\/ppgarqmae\/formularios\/\">aqui)<\/a><\/li>\n<li>Formul\u00e1rio Ficha CAPES (enviado anualmente para preenchimento da plataforma Sucupira)<\/li>\n<li>Formul\u00e1rios de Autoriza\u00e7\u00e3o e de Dados da Disserta\u00e7\u00e3o ou Tese para inclus\u00e3o na Biblioteca Digital de Disserta\u00e7\u00f5es e Teses da USP (dispon\u00edvel <a href=\"https:\/\/sites.usp.br\/ppgarqmae\/formularios\/\">aqui)<\/a><\/li>\n<li>Comprovante de publica\u00e7\u00e3o ou submiss\u00e3o de artigo em peri\u00f3dico cient\u00edfico nacional ou internacional arbitrado, sendo o\/a estudante primeiro\/a autor\/a, e que possua rela\u00e7\u00e3o com o projeto de sua tese<\/li>\n<\/ul>\n<p>Para a obten\u00e7\u00e3o do t\u00edtulo de doutor, os\/as estudantes devem ter pelo menos um (1) artigo publicado ou submetido em peri\u00f3dico cient\u00edfico nacional ou internacional arbitrado, sendo o\/a estudante primeiro\/a autor\/a, e que possua rela\u00e7\u00e3o com o projeto de sua tese. <strong>A apresenta\u00e7\u00e3o do artigo, ou comprova\u00e7\u00e3o da submiss\u00e3o, \u00e9 indispens\u00e1vel at\u00e9 o dep\u00f3sito da tese.<\/strong><\/p>\n<p><strong>Defesa<\/strong><\/p>\n<ul>\n<li>A sess\u00e3o de defesa da disserta\u00e7\u00e3o ou da tese poder\u00e1 ser presencial ou h\u00edbrida (presencial\/remota), para os\/as examinadores\/as, devendo obrigatoriamente ter a presen\u00e7a do\/a estudante e de seu\/sua orientador\/a na sede do Programa ou na USP.<\/li>\n<li>Em casos excepcionais,\u00a0 a CPG poder\u00e1 autorizar, mediante apresenta\u00e7\u00e3o de justificativa pelo\/a estudante com a concord\u00e2ncia do\/a orientador\/a, a realiza\u00e7\u00e3o totalmente remota da sess\u00e3o (conforme <a href=\"https:\/\/leginf.usp.br\/?resolucao=resolucao-no-8359-de-16-de-dezembro-de-2022\">Resolu\u00e7\u00e3o 8359 de 16\/12\/2022<\/a>).<\/li>\n<\/ul>\n<ul>\n<li>A <strong>data da defesa e o link da reuni\u00e3o (no caso de defesas online) dever\u00e3o ser informados no ato do dep\u00f3sito<\/strong>. Quem n\u00e3o puder enviar data e link no dia do dep\u00f3sito, ter\u00e1 impreterivelmente at\u00e9 a data da reuni\u00e3o da CPG que aprovar\u00e1 a banca, para enviar essas informa\u00e7\u00f5es.<\/li>\n<li>Todas as bancas devem ser aprovadas pela CPG antes da realiza\u00e7\u00e3o da defesa. Por favor, atentar para o <a href=\"https:\/\/sites.usp.br\/ppgarqmae\/calendario\/\">calend\u00e1rio de reuni\u00f5es da CPG<\/a> e fazer a inscri\u00e7\u00e3o de maneira a ter, no m\u00ednimo, 30 dias entre a aprova\u00e7\u00e3o da banca e a data da defesa (m\u00e1ximo de 90 dias entre a inscri\u00e7\u00e3o e a defesa). Em casos em que a defesa deva acontecer em menos de 30 dais ap\u00f3s a aprova\u00e7\u00e3o da banca pela CPG, o\/a orientador\/a dever\u00e1 enviar uma declara\u00e7\u00e3o de que os membros da banca est\u00e3o cientes de que haver\u00e1 menos de 30 dias entre o recebimento do exemplar pela se\u00e7\u00e3o de p\u00f3s-gradua\u00e7\u00e3o e a data da defesa.<\/li>\n<li>No caso de defesas 100% remotas, ap\u00f3s a defesa, o presidente da banca dever\u00e1 enviar ao e-mail pos.mae@usp.br o <strong>RELAT\u00d3RIO DA DEFESA<\/strong> com o resultado, seguindo o modelo dispon\u00edvel <a href=\"https:\/\/sites.usp.br\/ppgarqmae\/wp-content\/uploads\/sites\/153\/2021\/10\/Modelo-de-relatorio-de-qualificacao-defesa-PPGArq.doc\">aqui<\/a>.<\/li>\n<li>A exposi\u00e7\u00e3o pelo\/a estudante ser\u00e1 de no m\u00e1ximo de 60 minutos. A argui\u00e7\u00e3o ocorrer\u00e1 em sess\u00e3o p\u00fablica, e n\u00e3o dever\u00e1 exceder o prazo de tr\u00eas horas para Mestrado e cinco horas para Doutorado e Doutorado Direto.<\/li>\n<\/ul>\n<p><strong>N\u00famero de membros para bancas de disserta\u00e7\u00f5es e teses<\/strong><\/p>\n<ul>\n<li>Mestrado: tr\u00eas membros, incluindo o orientador ou coorientador, que, al\u00e9m de presidi-la ser\u00e1 membro votante<\/li>\n<li>Doutorado: tr\u00eas membros votantes, incluindo o orientador ou coorientador que, al\u00e9m de presidi-la, ser\u00e1 membro votante<\/li>\n<li>Em qualquer um dos casos, para a composi\u00e7\u00e3o das comiss\u00f5es julgadoras dever\u00e3o ser observados os crit\u00e9rios estabelecidos nos artigos 88 e 89 do Regimento de P\u00f3s-Gradua\u00e7\u00e3o da Universidade de S\u00e3o Paulo.<\/li>\n<\/ul>\n<p>Na composi\u00e7\u00e3o da comiss\u00e3o julgadora de Mestrado e Doutorado, a <strong>maioria dos examinadores dever\u00e1 ser externa<\/strong> ao PPGArq, sendo pelo menos um externo ao MAE\/USP.<\/p>\n<p>Para cada membro titular interno, um suplente interno e\u00a0 para cada membro titular externo, um suplente externo.<\/p>\n<p><strong>Idiomas permitidos<\/strong><\/p>\n<ul>\n<li>Todas as Disserta\u00e7\u00f5es e Teses dever\u00e3o conter t\u00edtulo, resumo e palavras-chave em portugu\u00eas e ingl\u00eas.<\/li>\n<li>As Disserta\u00e7\u00f5es e Teses poder\u00e3o ser redigidas e defendidas em portugu\u00eas ou ingl\u00eas. Teses escritas na forma de colet\u00e2nea de artigos poder\u00e3o ser escritas parcialmente em portugu\u00eas e ingl\u00eas.<\/li>\n<li>Disserta\u00e7\u00f5es e Teses poder\u00e3o ser escritas total ou parcialmente em espanhol ou franc\u00eas por solicita\u00e7\u00e3o do orientador e aprova\u00e7\u00e3o da CCP.<\/li>\n<\/ul>\n<h3 style=\"text-align: justify;\">ATEN\u00c7\u00c3O! PREENCHER A SUGEST\u00c3O DE BANCA COM O ENDERE\u00c7O COMPLETO DE CORRESPOND\u00caNCIA DOS MEMBROS DA BANCA PARA ENTREGA DO EXEMPLAR. N\u00c3O NOS RESPONSABILIZAMOS POR EXEMPLARES N\u00c3O ENTREGUES DEVIDO A INFORMA\u00c7\u00d5ES N\u00c3O PRESTADAS OU INCORRETAS.<\/h3>\n<p>__________<\/p>\n<h3><strong>\u00a0<\/strong><\/h3>\n","protected":false},"excerpt":{"rendered":"<p>ATEN\u00c7\u00c3O! N\u00c3O SER\u00c3O MAIS ACEITOS DEP\u00d3SITOS VIA EMAIL. A documenta\u00e7\u00e3o (formul\u00e1rios e exemplares das teses e disserta\u00e7\u00f5es) para dep\u00f3sito poder\u00e1 ser entregue no balc\u00e3o da secretaria acad\u00eamica ou enviado via Sedex. O dep\u00f3sito tamb\u00e9m poder\u00e1 ser feito no balc\u00e3o por parte do\/a orientador\/a ou de um\/a colega. Aceitamos envio por email unicamente do arquivo pdf da tese ou disserta\u00e7\u00e3o (ainda assim deve ser entregue c\u00f3pia f\u00edsica, segundo o regimento da sua matr\u00edcula, verifique procedimentos abaixo). A sess\u00e3o de defesa da disserta\u00e7\u00e3o ou da tese poder\u00e1 ser presencial ou h\u00edbrida (presencial\/remota), para os\/as examinadores\/as, devendo obrigatoriamente ter a presen\u00e7a do\/a estudante e de seu\/sua orientador\/a na sede do Programa ou na USP; em casos excepcionais,\u00a0 a CPG poder\u00e1 autorizar, mediante apresenta\u00e7\u00e3o de justificativa pelo\/a estudante com a concord\u00e2ncia do\/a orientador\/a, a realiza\u00e7\u00e3o totalmente remota da sess\u00e3o (conforme Resolu\u00e7\u00e3o 8359 de 16\/12\/2022). ATEN\u00c7\u00c3O! Estudantes do regimento antigo que forem realizar a defesa 100% online ou em formato h\u00edbrido podem depositar um \u00fanico exemplar f\u00edsico da Disserta\u00e7\u00e3o ou Tese. Por\u00e9m, dever\u00e3o consultar os membros da banca se est\u00e3o de acordo em receber somente o arquivo pdf. Se mais de um membro da banca preferir exemplar f\u00edsico, ele dever\u00e1 tamb\u00e9m ser entregue no ato [&#8230;]<\/p>\n","protected":false},"author":362,"featured_media":0,"parent":0,"menu_order":0,"comment_status":"closed","ping_status":"closed","template":"page-full.php","meta":{"_monsterinsights_skip_tracking":false,"_monsterinsights_sitenote_active":false,"_monsterinsights_sitenote_note":"","_monsterinsights_sitenote_category":0,"footnotes":"","_links_to":"","_links_to_target":""},"class_list":["post-1146","page","type-page","status-publish","hentry"],"_links":{"self":[{"href":"https:\/\/sites.usp.br\/ppgarqmae\/wp-json\/wp\/v2\/pages\/1146","targetHints":{"allow":["GET"]}}],"collection":[{"href":"https:\/\/sites.usp.br\/ppgarqmae\/wp-json\/wp\/v2\/pages"}],"about":[{"href":"https:\/\/sites.usp.br\/ppgarqmae\/wp-json\/wp\/v2\/types\/page"}],"author":[{"embeddable":true,"href":"https:\/\/sites.usp.br\/ppgarqmae\/wp-json\/wp\/v2\/users\/362"}],"replies":[{"embeddable":true,"href":"https:\/\/sites.usp.br\/ppgarqmae\/wp-json\/wp\/v2\/comments?post=1146"}],"version-history":[{"count":7,"href":"https:\/\/sites.usp.br\/ppgarqmae\/wp-json\/wp\/v2\/pages\/1146\/revisions"}],"predecessor-version":[{"id":3599,"href":"https:\/\/sites.usp.br\/ppgarqmae\/wp-json\/wp\/v2\/pages\/1146\/revisions\/3599"}],"wp:attachment":[{"href":"https:\/\/sites.usp.br\/ppgarqmae\/wp-json\/wp\/v2\/media?parent=1146"}],"curies":[{"name":"wp","href":"https:\/\/api.w.org\/{rel}","templated":true}]}}