{"id":1155,"date":"2017-06-20T16:02:27","date_gmt":"2017-06-20T19:02:27","guid":{"rendered":"http:\/\/sites.usp.br\/ppgarqmae\/?page_id=1155"},"modified":"2026-04-08T15:46:00","modified_gmt":"2026-04-08T18:46:00","slug":"pae","status":"publish","type":"page","link":"https:\/\/sites.usp.br\/ppgarqmae\/pae\/","title":{"rendered":"PAE"},"content":{"rendered":"<h3 style=\"text-align: left;\"><span style=\"color: #800000;\">PAE &#8211; Programa de Aperfei\u00e7oamento de Ensino<\/span><\/h3>\n<p>&nbsp;<\/p>\n<p><a href=\"https:\/\/sites.usp.br\/ppgarqmae\/wp-content\/uploads\/sites\/153\/2023\/01\/PAE_MAE_2023_1_sem.pdf\">Edital PAE &#8211; 2026 (2\u00ba semestre)<\/a><\/p>\n<p><span style=\"color: #000000;\"><strong>O que \u00e9<\/strong><\/span><\/p>\n<p style=\"text-align: justify;\"><span style=\"color: #333300;\">PAE &#8211; Programa de Aperfei\u00e7oamento de Ensino \u00e9 regulamentado pela Portaria GR 3588, de 10 de maio de 2005, destina-se exclusivamente a alunos de P\u00f3s-Gradua\u00e7\u00e3o matriculados na Universidade de S\u00e3o Paulo nos cursos de mestrado e doutorado.<\/span><\/p>\n<p style=\"text-align: justify;\"><span style=\"color: #333300;\">Seu principal objetivo \u00e9 aprimorar a forma\u00e7\u00e3o do\/a p\u00f3s-graduando\/a para atividade did\u00e1tica de gradua\u00e7\u00e3o e sua composi\u00e7\u00e3o consiste em duas etapas:\u00a0<\/span><\/p>\n<ol>\n<li style=\"text-align: justify;\"><span style=\"color: #333300;\">Prepara\u00e7\u00e3o Pedag\u00f3gica;<\/span><\/li>\n<li style=\"text-align: justify;\"><span style=\"color: #333300;\">Est\u00e1gio Supervisionado em Doc\u00eancia.<\/span><\/li>\n<\/ol>\n<p><span style=\"color: #000000;\"><strong>Etapa de Prepara\u00e7\u00e3o Pedag\u00f3gica<\/strong><\/span><\/p>\n<p style=\"text-align: justify;\"><span style=\"color: #333300;\">A Etapa de Prepara\u00e7\u00e3o Pedag\u00f3gica assume diferentes caracter\u00edsticas de acordo com a forma como a Unidade de Ensino a estrutura, podendo ser encontrada em tr\u00eas modalidades:<\/span><\/p>\n<ul>\n<li style=\"text-align: justify;\"><span style=\"color: #333300;\">Uma disciplina de P\u00f3s-Gradua\u00e7\u00e3o oferecendo cr\u00e9ditos, cujo conte\u00fado estar\u00e1 voltado para as quest\u00f5es da Universidade e do Ensino Superior;<\/span><\/li>\n<li style=\"text-align: justify;\"><span style=\"color: #333300;\">Conjunto de confer\u00eancias, com especialistas da \u00e1rea de Educa\u00e7\u00e3o, condensadas num tempo menor, tendo como tema as quest\u00f5es do Ensino Superior;<\/span><\/li>\n<li style=\"text-align: justify;\"><span style=\"color: #333300;\">N\u00facleo de atividades, envolvendo preparo de material did\u00e1tico, discuss\u00f5es de curriculum, de ementas de disciplinas e planejamento de cursos, coordenadas por professores.<\/span><\/li>\n<\/ul>\n<p style=\"text-align: justify;\"><span style=\"color: #000000;\"><strong>Etapa de Est\u00e1gio Supervisionado<\/strong><\/span><\/p>\n<p style=\"text-align: justify;\"><span style=\"color: #333300;\">A etapa de Est\u00e1gio Supervisionado em Doc\u00eancia \u00e9 realizada unicamente em disciplinas de gradua\u00e7\u00e3o, devendo o\/a interessado\/a se inscrever pelo sistema Janus.\u00a0 Antes da inscri\u00e7\u00e3o, o\/a interessado\/a dever\u00e1 entrar em contato com o\/a docente respons\u00e1vel pela disciplina na qual se pretende realizar o est\u00e1gio para verificar disponibilidade e definir o Plano de Trabalho. Ao final do est\u00e1gio, os\/as estudantes que obt\u00eam aproveitamento satisfat\u00f3rio t\u00eam direito a um certificado e, a crit\u00e9rio da Comiss\u00e3o de P\u00f3s-Gradua\u00e7\u00e3o, poder\u00e3o receber cr\u00e9ditos pela atividade.\u00a0<\/span><\/p>\n<p style=\"text-align: justify;\"><span style=\"color: #333300;\">O Programa PAE \u00e9 obrigat\u00f3rio para estudantes contemplados pela Bolsa Demanda Social da CAPES e \u00e9 opcional aos alunos de P\u00f3s-Gradua\u00e7\u00e3o da Universidade com ou sem bolsa de outras ag\u00eancias de fomento.<br \/>\n<\/span><\/p>\n<p><span style=\"color: #000000;\"><strong>Diretrizes<\/strong><\/span><\/p>\n<p><span style=\"color: #333300;\">As diretrizes do Programa PAE v\u00e1lidas est\u00e3o dispon\u00edveis <a href=\"\/\/sites.usp.br\/ppgarqmae\/wp-content\/uploads\/sites\/153\/2017\/06\/Diretrizes_PAE.pdf\">aqui<\/a>.<\/span><\/p>\n<p>Os crit\u00e9rios de sele\u00e7\u00e3o dos\/as inscritos\/as para realiza\u00e7\u00e3o do est\u00e1gio, assim como os crit\u00e9rios de classifica\u00e7\u00e3o para recebimento do aux\u00edlio financeiro, definidos pelo PPGArq, encontram-se <a href=\"https:\/\/sites.usp.br\/ppgarqmae\/wp-content\/uploads\/sites\/153\/2021\/06\/Aprovacao_Criterios_PAE_1sem2021.pdf\">aqui<\/a>.<\/p>\n","protected":false},"excerpt":{"rendered":"<p>PAE &#8211; Programa de Aperfei\u00e7oamento de Ensino &nbsp; Edital PAE &#8211; 2026 (2\u00ba semestre) O que \u00e9 PAE &#8211; Programa de Aperfei\u00e7oamento de Ensino \u00e9 regulamentado pela Portaria GR 3588, de 10 de maio de 2005, destina-se exclusivamente a alunos de P\u00f3s-Gradua\u00e7\u00e3o matriculados na Universidade de S\u00e3o Paulo nos cursos de mestrado e doutorado. Seu principal objetivo \u00e9 aprimorar a forma\u00e7\u00e3o do\/a p\u00f3s-graduando\/a para atividade did\u00e1tica de gradua\u00e7\u00e3o e sua composi\u00e7\u00e3o consiste em duas etapas:\u00a0 Prepara\u00e7\u00e3o Pedag\u00f3gica; Est\u00e1gio Supervisionado em Doc\u00eancia. Etapa de Prepara\u00e7\u00e3o Pedag\u00f3gica A Etapa de Prepara\u00e7\u00e3o Pedag\u00f3gica assume diferentes caracter\u00edsticas de acordo com a forma como a Unidade de Ensino a estrutura, podendo ser encontrada em tr\u00eas modalidades: Uma disciplina de P\u00f3s-Gradua\u00e7\u00e3o oferecendo cr\u00e9ditos, cujo conte\u00fado estar\u00e1 voltado para as quest\u00f5es da Universidade e do Ensino Superior; Conjunto de confer\u00eancias, com especialistas da \u00e1rea de Educa\u00e7\u00e3o, condensadas num tempo menor, tendo como tema as quest\u00f5es do Ensino Superior; N\u00facleo de atividades, envolvendo preparo de material did\u00e1tico, discuss\u00f5es de curriculum, de ementas de disciplinas e planejamento de cursos, coordenadas por professores. Etapa de Est\u00e1gio Supervisionado A etapa de Est\u00e1gio Supervisionado em Doc\u00eancia \u00e9 realizada unicamente em disciplinas de gradua\u00e7\u00e3o, devendo o\/a interessado\/a se inscrever pelo sistema Janus.\u00a0 Antes [&#8230;]<\/p>\n","protected":false},"author":362,"featured_media":0,"parent":0,"menu_order":0,"comment_status":"closed","ping_status":"closed","template":"page-full.php","meta":{"_monsterinsights_skip_tracking":false,"_monsterinsights_sitenote_active":false,"_monsterinsights_sitenote_note":"","_monsterinsights_sitenote_category":0,"footnotes":"","_links_to":"","_links_to_target":""},"class_list":["post-1155","page","type-page","status-publish","hentry"],"_links":{"self":[{"href":"https:\/\/sites.usp.br\/ppgarqmae\/wp-json\/wp\/v2\/pages\/1155","targetHints":{"allow":["GET"]}}],"collection":[{"href":"https:\/\/sites.usp.br\/ppgarqmae\/wp-json\/wp\/v2\/pages"}],"about":[{"href":"https:\/\/sites.usp.br\/ppgarqmae\/wp-json\/wp\/v2\/types\/page"}],"author":[{"embeddable":true,"href":"https:\/\/sites.usp.br\/ppgarqmae\/wp-json\/wp\/v2\/users\/362"}],"replies":[{"embeddable":true,"href":"https:\/\/sites.usp.br\/ppgarqmae\/wp-json\/wp\/v2\/comments?post=1155"}],"version-history":[{"count":6,"href":"https:\/\/sites.usp.br\/ppgarqmae\/wp-json\/wp\/v2\/pages\/1155\/revisions"}],"predecessor-version":[{"id":4025,"href":"https:\/\/sites.usp.br\/ppgarqmae\/wp-json\/wp\/v2\/pages\/1155\/revisions\/4025"}],"wp:attachment":[{"href":"https:\/\/sites.usp.br\/ppgarqmae\/wp-json\/wp\/v2\/media?parent=1155"}],"curies":[{"name":"wp","href":"https:\/\/api.w.org\/{rel}","templated":true}]}}