{"id":1600,"date":"2022-02-25T11:27:23","date_gmt":"2022-02-25T14:27:23","guid":{"rendered":"http:\/\/sites.usp.br\/ppgarqmae\/?page_id=1600"},"modified":"2025-11-27T16:37:51","modified_gmt":"2025-11-27T19:37:51","slug":"resultados","status":"publish","type":"page","link":"https:\/\/sites.usp.br\/ppgarqmae\/resultados\/","title":{"rendered":"Resultados"},"content":{"rendered":"<h3>PROCESSO SELETIVO PPGArq &#8211; MAE\/USP 2025<\/h3>\n<p><strong>Resultado <\/strong><a href=\"https:\/\/sites.usp.br\/ppgarqmae\/wp-content\/uploads\/sites\/153\/2025\/11\/Resultado-Final-PPGArq-2025.pdf\">FINAL<\/a><strong><br \/>\nResultado <\/strong><a href=\"https:\/\/sites.usp.br\/ppgarqmae\/wp-content\/uploads\/sites\/153\/2025\/11\/Resultado-Fase-2-2025.pdf\">FASE 2<\/a> &#8211; <a href=\"https:\/\/sites.usp.br\/ppgarqmae\/wp-content\/uploads\/sites\/153\/2025\/11\/Resultado-Fase-2-Recurso-2025.pdf\">Recursos<\/a><strong><br \/>\nResultado <\/strong><a href=\"https:\/\/sites.usp.br\/ppgarqmae\/wp-content\/uploads\/sites\/153\/2025\/10\/Resultado-Fase-1-2025.pdf\">FASE 1<\/a> &#8211;\u00a0<a href=\"https:\/\/sites.usp.br\/ppgarqmae\/wp-content\/uploads\/sites\/153\/2025\/11\/Resultado-Fase-1-Recurso-2025.pdf\">Recursos<\/a><strong><br \/>\nResultado <\/strong><em>Banca de Heteroidentifica\u00e7\u00e3o<\/em> &#8211; <a href=\"https:\/\/sites.usp.br\/ppgarqmae\/wp-content\/uploads\/sites\/153\/2025\/10\/PPGArq_2025_Heteroidentificacao_assinado_assinado.pdf\">Primeira Etapa<\/a>, <a href=\"https:\/\/sites.usp.br\/ppgarqmae\/wp-content\/uploads\/sites\/153\/2025\/11\/Resultado_heteroidentificacao_2025_2.pdf\">Segunda Etapa<\/a><\/p>\n<h3><\/h3>\n<p>&nbsp;<\/p>\n<div>\n<h3>___________________________<\/h3>\n<p>&nbsp;<\/p>\n<\/div>\n<h3>PROCESSO SELETIVO PPGArq &#8211; MAE\/USP 2025 &#8211; Edital para ind\u00edgenas<\/h3>\n<p><strong>Resultado <\/strong><a href=\"https:\/\/sites.usp.br\/ppgarqmae\/wp-content\/uploads\/sites\/153\/2025\/09\/resultado-fase-1-indigena-2025.pdf\">FASE 1<\/a><br \/>\n<strong>Resultado <\/strong><a href=\"https:\/\/sites.usp.br\/ppgarqmae\/wp-content\/uploads\/sites\/153\/2025\/09\/Resultado-Fase-2-Indigena.pdf\">FASE 2<\/a><br \/>\n<strong>Resultado <\/strong><a href=\"https:\/\/sites.usp.br\/ppgmus\/wp-content\/uploads\/sites\/116\/2025\/10\/Resultado-Fase-3-Indigena-2025.pdf\">FASE 3<\/a>; <a href=\"https:\/\/sites.usp.br\/ppgmus\/wp-content\/uploads\/sites\/116\/2025\/10\/Resultado-Fase-3.2-Indigena-2025.pdf\">Segunda Tentativa<\/a><\/p>\n<h3><\/h3>\n<p>&nbsp;<\/p>\n<div>\n<h3>_____________________________________________________________<\/h3>\n<\/div>\n<h3><\/h3>\n<p>&nbsp;<\/p>\n<p>&nbsp;<\/p>\n<h3>PROCESSO SELETIVO PPGArq &#8211; MAE\/USP 2024 &#8211; Edital para ind\u00edgenas<\/h3>\n<p><strong>Resultado FASE 2\u00a0<\/strong><\/p>\n<div><strong>Candidato<\/strong>: Joaton Surui<\/div>\n<div><strong>Nota<\/strong>: 9,0<\/div>\n<div><strong>Resultado<\/strong>: Aprovado<\/div>\n<div>_______________________<\/div>\n<div><\/div>\n<div><\/div>\n<p><strong>Resultado FASE 1 &#8211; <\/strong><a href=\"https:\/\/sites.usp.br\/ppgarqmae\/wp-content\/uploads\/sites\/153\/2024\/12\/Resultado-Fase-1-Doutorado-Indigenas-2024.pdf\">Doutorado<\/a><strong><br \/>\n<\/strong><\/p>\n<h3>_____________________________________________________________<\/h3>\n<h3>PROCESSO SELETIVO PPGArq &#8211; MAE\/USP 2024<\/h3>\n<p><strong>Resultado Final &#8211; <\/strong><a href=\"https:\/\/sites.usp.br\/ppgarqmae\/wp-content\/uploads\/sites\/153\/2024\/11\/Resultado-Final-Mestrado-2024.pdf\">Mestrado<\/a><strong>,<\/strong> <a href=\"https:\/\/sites.usp.br\/ppgarqmae\/wp-content\/uploads\/sites\/153\/2024\/11\/Resultado-Final-Doutorado-2024.pdf\">Doutorado<\/a><\/p>\n<p><strong>Resultado dos Recursos (FASE 2) &#8211; <\/strong><a href=\"https:\/\/sites.usp.br\/ppgarqmae\/wp-content\/uploads\/sites\/153\/2024\/11\/Resultado-dos-Recursos-Fase-2-2024.pdf\">Mestrado e Doutorado<\/a><\/p>\n<p><strong>Resultado FASE 2 &#8211; <\/strong><a href=\"https:\/\/sites.usp.br\/ppgarqmae\/wp-content\/uploads\/sites\/153\/2024\/11\/Resultado-Fase-2-Mestrado-2024.pdf\">Mestrado<\/a><strong>,<\/strong> <a href=\"https:\/\/sites.usp.br\/ppgarqmae\/wp-content\/uploads\/sites\/153\/2024\/11\/Resultado-Fase-2-Doutorado-2024.pdf\">Doutorado<\/a><\/p>\n<p><strong>Resultado dos Recursos (FASE 1) &#8211; <\/strong><a href=\"https:\/\/sites.usp.br\/ppgarqmae\/wp-content\/uploads\/sites\/153\/2024\/11\/Resultado-dos-Recursos-Fase-1-2024.pdf\">Mestrado e Doutorado<\/a><\/p>\n<p><strong>Resultado FASE 1 &#8211; <\/strong><a href=\"https:\/\/sites.usp.br\/ppgarqmae\/wp-content\/uploads\/sites\/153\/2024\/10\/Resultado-Fase-1-Processo-2024-Mestrado.pdf\">Mestrado<\/a><strong>,<\/strong> <a href=\"https:\/\/sites.usp.br\/ppgarqmae\/wp-content\/uploads\/sites\/153\/2024\/10\/Resultado-Fase-1-Processo-2024-Doutorado.pdf\">Doutorado<\/a><\/p>\n<p><strong>Resultados Prova de Profici\u00eancia em Espanhol \/ 1 semestre<\/strong> (Centro de L\u00ednguas FFLCH &#8211; USP) &#8211; <a href=\"https:\/\/sites.usp.br\/ppgarqmae\/wp-content\/uploads\/sites\/153\/2024\/04\/2024-Resultado-ESPANHOL-Processo-Seletivo-PPGArq-para-site.pdf\">aqui<\/a><\/p>\n<h3>_____________________________________________________________<\/h3>\n<h3>PROCESSO SELETIVO PPGArq &#8211; MAE\/USP 2023 &#8211; Edital para ind\u00edgenas<\/h3>\n<p><strong>Resultado FASE 2 &#8211;<\/strong> <a href=\"https:\/\/sites.usp.br\/ppgarqmae\/wp-content\/uploads\/sites\/153\/2023\/12\/Resultado-da-Fase-2-Indigenas.pdf\">aqui<\/a><\/p>\n<p><strong>Resultado FASE 1 &#8211;<\/strong> <a href=\"https:\/\/sites.usp.br\/ppgarqmae\/wp-content\/uploads\/sites\/153\/2023\/11\/Resultado-da-Fase-1-Indigenas.pdf\">aqui<\/a><strong><br \/>\n<\/strong><\/p>\n<h3>_____________________________________________________________<\/h3>\n<h3>PROCESSO SELETIVO PPGArq &#8211; MAE\/USP 2023<\/h3>\n<p><strong>Resultado FINAL COM CLASSIFICA\u00c7\u00c3O<\/strong> &#8211; <a href=\"https:\/\/sites.usp.br\/ppgarqmae\/wp-content\/uploads\/sites\/153\/2023\/12\/FINAL-com-classificacao-ok.pdf\">aqui<\/a><\/p>\n<p><strong>Resultado dos Recursos &#8211; FASE 2<\/strong> &#8211; <a href=\"https:\/\/sites.usp.br\/ppgarqmae\/wp-content\/uploads\/sites\/153\/2023\/11\/Recursos-RESULTADO-Fase-2-Processo-Seletivo-PPGArq-2023.pdf\">aqui<\/a><\/p>\n<p><strong>Resultados FASE 2 &#8211;<\/strong><a href=\"https:\/\/sites.usp.br\/ppgarqmae\/wp-content\/uploads\/sites\/153\/2023\/11\/Resultado-da-Fase-2-MESTRADO-E-DOUTORADO.pdf\">aqui<\/a><\/p>\n<p><strong>Resultado dos Recursos &#8211; FASE 1 &#8211; <\/strong><a href=\"https:\/\/sites.usp.br\/ppgarqmae\/wp-content\/uploads\/sites\/153\/2023\/11\/Recursos-Fase-1-Processo-Seletivo-PPGArq-2023.pdf\">aqui<\/a><\/p>\n<p><strong>Resultados FASE 1<\/strong> &#8211; <a href=\"https:\/\/sites.usp.br\/ppgarqmae\/wp-content\/uploads\/sites\/153\/2023\/11\/Resultado-da-Fase-1-MESTRADO-E-DOUTORADO.pdf\">aqui<\/a><\/p>\n<p><strong>Resultados Prova de Profici\u00eancia em Franc\u00eas<\/strong> (Centro de L\u00ednguas FFLCH &#8211; USP) &#8211; <a href=\"https:\/\/sites.usp.br\/ppgarqmae\/wp-content\/uploads\/sites\/153\/2023\/09\/2023-Resultado-Frances-Processo-Seletivo-PPGArq-2023.docx\">aqui<\/a><\/p>\n<p><strong>Resultados Prova de Profici\u00eancia em Italiano<\/strong> (Centro de L\u00ednguas FFLCH &#8211; USP) &#8211; <a href=\"https:\/\/sites.usp.br\/ppgarqmae\/wp-content\/uploads\/sites\/153\/2023\/09\/2023-Resultado-ITALIANO-Processo-Seletivo-PPGArq-2023.pdf\">aqui<\/a><\/p>\n<p><strong>Resultados Prova de Profici\u00eancia em Ingl\u00eas<\/strong>\u00a0(Centro de L\u00ednguas FFLCH &#8211; USP) &#8211; <a href=\"https:\/\/sites.usp.br\/ppgarqmae\/wp-content\/uploads\/sites\/153\/2023\/09\/2023-Resultado-Ingles-Processo-Seletivo-PPGArq-2023.pdf\">aqui<\/a><\/p>\n<p><strong>Resultados Prova de Profici\u00eancia em Espanhol<\/strong> (Centro de L\u00ednguas FFLCH &#8211; USP) &#8211; <a href=\"https:\/\/sites.usp.br\/ppgarqmae\/wp-content\/uploads\/sites\/153\/2023\/09\/2023-Resultado-ESPANHOL-Processo-Seletivo-PPGArq-2023.pdf\">aqui<\/a><\/p>\n<h3>_____________________________________________________________<\/h3>\n<h3>PROCESSO SELETIVO PPGArq &#8211; MAE\/USP 2022<\/h3>\n<p><em>Candidatos aprovados devem enviar a documenta\u00e7\u00e3o (conforme <a href=\"https:\/\/sites.usp.br\/ppgarqmae\/wp-content\/uploads\/sites\/153\/2022\/08\/2022_Edital_Processo-Seletivo-AC-e-PAA.docx.pdf\">Edital<\/a>) pelo correio ou entregar presencialmente na Secretaria de P\u00f3s-Gradua\u00e7\u00e3o do MAE entre os dias 16 a 20\/01\/2023.<\/em><\/p>\n<p><strong>Resultado FINAL COM CLASSIFICA\u00c7\u00c3O<\/strong> &#8211; <a href=\"https:\/\/sites.usp.br\/ppgarqmae\/wp-content\/uploads\/sites\/153\/2022\/12\/Nota-final-Processo-Seletivo-PPGArq-2022.pdf\">aqui\u00a0<\/a><\/p>\n<p><strong>Resultados dos Recursos &#8211; FASE 2<\/strong> &#8211; <a href=\"https:\/\/sites.usp.br\/ppgarqmae\/wp-content\/uploads\/sites\/153\/2022\/11\/Recurso-Fase-2-Processo-Seletivo-PPGArq-2022.pdf\">aqui<\/a><\/p>\n<p><strong>Resultados FASE 2 &#8211; Projeto de Pesquisa\/Curr\u00edculo <\/strong>(Mestrado e Doutorado) &#8211; <a href=\"https:\/\/sites.usp.br\/ppgarqmae\/wp-content\/uploads\/sites\/153\/2022\/11\/Resultado-\u2013-Fase-2-\u2013-Processo-Seletivo-PPGArq-2022.pdf\">aqui<\/a><\/p>\n<p><strong>Resultados dos Recursos &#8211; FASE 1<\/strong> &#8211; <a href=\"https:\/\/sites.usp.br\/ppgarqmae\/wp-content\/uploads\/sites\/153\/2022\/11\/Recursos-Fase-1-Processo-Seletivo-PPGArq-2022.pdf\">aqui<\/a><\/p>\n<p><strong>Resultados FASE 1 &#8211; Prova de Conhecimentos<\/strong> (Mestrado e Doutorado) &#8211;\u00a0<a href=\"https:\/\/sites.usp.br\/ppgarqmae\/wp-content\/uploads\/sites\/153\/2022\/10\/Resultado-Fase-1-Processo-Seletivo-PPGArq-2022_.pdf\">aqui<\/a><\/p>\n<p><strong>Resultados Prova de Profici\u00eancia em Espanhol<\/strong> &#8211; (Centro de L\u00ednguas FFLCH &#8211; USP) &#8211; <a href=\"https:\/\/sites.usp.br\/ppgarqmae\/wp-content\/uploads\/sites\/153\/2022\/09\/2022-Resultados-Espanhol-para-site.pdf\">aqui<\/a><\/p>\n<p><strong>Resultados Prova de Profici\u00eancia em Italiano<\/strong> &#8211; (Centro de L\u00ednguas FFLCH &#8211; USP) &#8211; <a href=\"https:\/\/sites.usp.br\/ppgarqmae\/wp-content\/uploads\/sites\/153\/2022\/09\/2022-Resultados-Italiano-para-site_.pdf\">aqui<\/a><\/p>\n<p><strong>Resultados Prova de Profici\u00eancia em Ingl\u00eas<\/strong> &#8211; (Centro de L\u00ednguas FFLCH &#8211; USP) &#8211; <a href=\"https:\/\/sites.usp.br\/ppgarqmae\/wp-content\/uploads\/sites\/153\/2022\/09\/2022-Resultados-Ingles-para-site.pdf\">aqui<\/a><\/p>\n<h3>_____________________________________________________________<\/h3>\n<h3>PROCESSO SELETIVO PPGArq &#8211; MAE\/USP 2022 &#8211; Edital para ind\u00edgenas<\/h3>\n<p><strong>Resultados Fase 2<\/strong> (Mestrado e Doutorado) &#8211; <a href=\"https:\/\/sites.usp.br\/ppgarqmae\/wp-content\/uploads\/sites\/153\/2022\/02\/Resultado-FASE-2-mestrado-e-doutorado-indigenas.docx\">aqui<\/a><\/p>\n<p><strong>Resultados Fase 1<\/strong> (Mestrado e Doutorado) &#8211; <a href=\"https:\/\/sites.usp.br\/ppgarqmae\/wp-content\/uploads\/sites\/153\/2022\/02\/Resultado-FASE-1-mestrado-e-doutorado-indigenas.docx\">aqui<\/a><\/p>\n<h3>_____________________________________________________________<\/h3>\n<h3>PROCESSO SELETIVO PPGArq &#8211; MAE\/USP 2021<\/h3>\n<p><strong>Resultado final com classifica\u00e7\u00e3o<\/strong> (Mestrado e Doutorado) &#8211; <a href=\"https:\/\/sites.usp.br\/ppgarqmae\/wp-content\/uploads\/sites\/153\/2021\/12\/Nota-Final-Processo-Seletivo-2021-PPGArq.pdf\">aqui<\/a><\/p>\n<div class=\"page\" title=\"Page 15\">\n<div class=\"layoutArea\">\n<div class=\"column\">\n<p>Artigo 8.7 do edital: &#8220;A posi\u00e7\u00e3o de classifica\u00e7\u00e3o no processo seletivo n\u00e3o garante a obten\u00e7\u00e3o de bolsa do PPGArq \u2013 MAE\/USP. A concess\u00e3o de bolsas depender\u00e1 da disponibilidade de bolsas vagas no PPGArq \u2013 MAE\/USP e as normativas para sua distribui\u00e7\u00e3o estabelecidas pela Comiss\u00e3o de Bolsas, definida pela CPG, em documento espec\u00edfico&#8221;.<\/p>\n<\/div>\n<\/div>\n<\/div>\n<p><strong>Resultados FASE 2 &#8211; CV\/Projeto<\/strong> (Mestrado e Doutorado) &#8211; <a href=\"https:\/\/sites.usp.br\/ppgarqmae\/wp-content\/uploads\/sites\/153\/2021\/12\/Resultado-FASE-2-mestrado-e-doutorado-para-divulga\u00e7\u00e3o.pdf\">aqui<\/a><\/p>\n<p><strong>Resultados FASE 1 &#8211; Prova de conhecimentos<\/strong> (Mestrado e Doutorado) &#8211; <a href=\"https:\/\/sites.usp.br\/ppgarqmae\/wp-content\/uploads\/sites\/153\/2021\/11\/Resultado-FASE-1-mestrado-e-doutorado-para-divulga\u00e7\u00e3o.pdf\">aqui<\/a><\/p>\n<p><strong>Resultados Prova de Profici\u00eancia em Espanhol<\/strong> (Centro de L\u00ednguas FFLCH &#8211; USP) &#8211; <a href=\"https:\/\/sites.usp.br\/ppgarqmae\/wp-content\/uploads\/sites\/153\/2021\/09\/2021-Resultados-Espanhol-para-site.pdf\">aqui<\/a><\/p>\n<p><strong>Resultados Prova de Profici\u00eancia em Ingl\u00eas<\/strong> (Centro de L\u00ednguas FFLCH &#8211; USP) &#8211; <a href=\"https:\/\/sites.usp.br\/ppgarqmae\/wp-content\/uploads\/sites\/153\/2021\/10\/2021-Resultados-Ingl\u00eas-para-site.pdf\">aqui<\/a><\/p>\n<h3>_____________________________________________________________<\/h3>\n<h3 style=\"text-align: left;\"><span style=\"color: #000000;\">PROCESSO SELETIVO PPGArq &#8211; MAE\/USP 2020<\/span><\/h3>\n<p style=\"text-align: left;\"><span style=\"color: #000000;\"><strong>Edital alunos(as) regulares ampla concorr\u00eancia e pol\u00edtica de a\u00e7\u00e3o afirmativa:<\/strong><\/span><\/p>\n<p style=\"text-align: left;\"><span style=\"color: #000000;\">Clique aqui:<\/span> <a href=\"https:\/\/sites.usp.br\/ppgarqmae\/wp-content\/uploads\/sites\/153\/2020\/12\/RESULTADO-FINAL-FASE-3-CLASSIFICACAO_XSV_VW_ME_DO.pdf\">RESULTADO FINAL COM CLASSIFICACAO<\/a><\/p>\n<p style=\"text-align: left;\"><span style=\"color: #000000;\">Clique aqui: <a href=\"https:\/\/sites.usp.br\/ppgarqmae\/wp-content\/uploads\/sites\/153\/2020\/12\/RESULTADO-FASE-3-OK_X.pdf\">RESULTADO FASE 3<\/a><\/span><\/p>\n<p style=\"text-align: left;\"><span style=\"color: #000000;\">Clique aqui: <a href=\"https:\/\/sites.usp.br\/ppgarqmae\/wp-content\/uploads\/sites\/153\/2020\/12\/RESULTADO-DOS-RECURSOS-FASE-2.pdf\">RESULTADO DOS RECURSOS &#8211; FASE 2<\/a><\/span><\/p>\n<p style=\"text-align: left;\"><span style=\"color: #000000;\">Clique aqui:<\/span> <a href=\"https:\/\/sites.usp.br\/ppgarqmae\/wp-content\/uploads\/sites\/153\/2020\/11\/RESULTADO-FASE-2.pdf\">RESULTADO FASE 2<\/a><\/p>\n<p>Clique aqui: <a href=\"https:\/\/sites.usp.br\/ppgarqmae\/wp-content\/uploads\/sites\/153\/2020\/11\/Site-Fase-1-Edital-AC-e-PAA.pdf\">RESULTADO FASE 1<\/a><\/p>\n<p style=\"text-align: left;\"><span style=\"color: #000000;\"><strong>Edital ind\u00edgenas:<\/strong><\/span><\/p>\n<p style=\"text-align: left;\"><span style=\"color: #000000;\">Clique aqui:<\/span> <a href=\"https:\/\/sites.usp.br\/ppgarqmae\/wp-content\/uploads\/sites\/153\/2020\/11\/EDITAL-INDIGENAS-RESULTADO-FASE-2.pdf\">EDITAL INDIGENAS &#8211; RESULTADO FASE 2<\/a><\/p>\n<p style=\"text-align: left;\">Clique aqui: <a href=\"https:\/\/sites.usp.br\/ppgarqmae\/wp-content\/uploads\/sites\/153\/2020\/11\/Resultado-recurso.pdf\">RESULTADO DOS RECURSOS &#8211; FASE 1<\/a><\/p>\n<p style=\"text-align: left;\">Clique aqui: <a href=\"https:\/\/sites.usp.br\/ppgarqmae\/wp-content\/uploads\/sites\/153\/2020\/11\/Site-Fase-1-Edital-ind\u00edgenas.pdf\">EDITAL IND\u00cdGENAS &#8211; RESULTADO FASE 1<\/a><\/p>\n<h3 style=\"text-align: left;\">_____________________________________________________________<\/h3>\n<h3 style=\"text-align: left;\">PROCESSO SELETIVO PPGArq &#8211; MAEUSP 2019<\/h3>\n<p style=\"text-align: left;\"><strong><span style=\"color: #000000;\">MESTRADO:<\/span><\/strong><\/p>\n<p style=\"text-align: left;\"><span style=\"color: #000000;\"><a style=\"color: #000000;\" href=\"https:\/\/sites.usp.br\/ppgarqmae\/wp-content\/uploads\/sites\/153\/2019\/06\/APROVADOS-MESTRADO-PROCESSO-SELETIVO-2019-ARQUEOLOGIA-COM-CLASSIFICACAO.pdf\">APROVADOS MESTRADO &#8211; PROCESSO SELETIVO 2019 &#8211; ARQUEOLOGIA &#8211; RESULTADO COM CLASSIFICACAO<\/a><\/span><\/p>\n<p style=\"text-align: left;\"><strong><span style=\"color: #000000;\">DOUTORADO:<\/span><\/strong><\/p>\n<p style=\"text-align: left;\"><span style=\"color: #000000;\"><a style=\"color: #000000;\" href=\"https:\/\/sites.usp.br\/ppgarqmae\/wp-content\/uploads\/sites\/153\/2019\/06\/APROVADOS-DOUTORADO-PROCESSO-SELETIVO-2019-ARQUEOLOGIA-COM-CLASSIFICACAO.pdf\">APROVADOS DOUTORADO &#8211; PROCESSO SELETIVO 2019 &#8211; ARQUEOLOGIA &#8211; RESULTADO COM CLASSIFICACAO<\/a><\/span><\/p>\n<hr \/>\n<p style=\"text-align: left;\">Observa\u00e7\u00e3o: Candidaturas que necessitarem ver as suas provas devem fazer a solicita\u00e7\u00e3o pelo email: pos.mae@usp.br<\/p>\n","protected":false},"excerpt":{"rendered":"<p>PROCESSO SELETIVO PPGArq &#8211; MAE\/USP 2025 Resultado FINAL Resultado FASE 2 &#8211; Recursos Resultado FASE 1 &#8211;\u00a0Recursos Resultado Banca de Heteroidentifica\u00e7\u00e3o &#8211; Primeira Etapa, Segunda Etapa &nbsp; ___________________________ &nbsp; PROCESSO SELETIVO PPGArq &#8211; MAE\/USP 2025 &#8211; Edital para ind\u00edgenas Resultado FASE 1 Resultado FASE 2 Resultado FASE 3; Segunda Tentativa &nbsp; _____________________________________________________________ &nbsp; &nbsp; PROCESSO SELETIVO PPGArq &#8211; MAE\/USP 2024 &#8211; Edital para ind\u00edgenas Resultado FASE 2\u00a0 Candidato: Joaton Surui Nota: 9,0 Resultado: Aprovado _______________________ Resultado FASE 1 &#8211; Doutorado _____________________________________________________________ PROCESSO SELETIVO PPGArq &#8211; MAE\/USP 2024 Resultado Final &#8211; Mestrado, Doutorado Resultado dos Recursos (FASE 2) &#8211; Mestrado e Doutorado Resultado FASE 2 &#8211; Mestrado, Doutorado Resultado dos Recursos (FASE 1) &#8211; Mestrado e Doutorado Resultado FASE 1 &#8211; Mestrado, Doutorado Resultados Prova de Profici\u00eancia em Espanhol \/ 1 semestre (Centro de L\u00ednguas FFLCH &#8211; USP) &#8211; aqui _____________________________________________________________ PROCESSO SELETIVO PPGArq &#8211; MAE\/USP 2023 &#8211; Edital para ind\u00edgenas Resultado FASE 2 &#8211; aqui Resultado FASE 1 &#8211; aqui _____________________________________________________________ PROCESSO SELETIVO PPGArq &#8211; MAE\/USP 2023 Resultado FINAL COM CLASSIFICA\u00c7\u00c3O &#8211; aqui Resultado dos Recursos &#8211; FASE 2 &#8211; aqui Resultados FASE 2 &#8211;aqui Resultado dos Recursos &#8211; FASE 1 &#8211; aqui Resultados FASE 1 &#8211; aqui Resultados Prova [&#8230;]<\/p>\n","protected":false},"author":828,"featured_media":0,"parent":0,"menu_order":0,"comment_status":"closed","ping_status":"closed","template":"page-full.php","meta":{"_monsterinsights_skip_tracking":false,"_monsterinsights_sitenote_active":false,"_monsterinsights_sitenote_note":"","_monsterinsights_sitenote_category":0,"footnotes":"","_links_to":"","_links_to_target":""},"class_list":["post-1600","page","type-page","status-publish","hentry"],"_links":{"self":[{"href":"https:\/\/sites.usp.br\/ppgarqmae\/wp-json\/wp\/v2\/pages\/1600","targetHints":{"allow":["GET"]}}],"collection":[{"href":"https:\/\/sites.usp.br\/ppgarqmae\/wp-json\/wp\/v2\/pages"}],"about":[{"href":"https:\/\/sites.usp.br\/ppgarqmae\/wp-json\/wp\/v2\/types\/page"}],"author":[{"embeddable":true,"href":"https:\/\/sites.usp.br\/ppgarqmae\/wp-json\/wp\/v2\/users\/828"}],"replies":[{"embeddable":true,"href":"https:\/\/sites.usp.br\/ppgarqmae\/wp-json\/wp\/v2\/comments?post=1600"}],"version-history":[{"count":7,"href":"https:\/\/sites.usp.br\/ppgarqmae\/wp-json\/wp\/v2\/pages\/1600\/revisions"}],"predecessor-version":[{"id":3951,"href":"https:\/\/sites.usp.br\/ppgarqmae\/wp-json\/wp\/v2\/pages\/1600\/revisions\/3951"}],"wp:attachment":[{"href":"https:\/\/sites.usp.br\/ppgarqmae\/wp-json\/wp\/v2\/media?parent=1600"}],"curies":[{"name":"wp","href":"https:\/\/api.w.org\/{rel}","templated":true}]}}