{"id":1741,"date":"2020-07-23T18:59:11","date_gmt":"2020-07-23T21:59:11","guid":{"rendered":"http:\/\/sites.usp.br\/ppgarqmae\/?page_id=1741"},"modified":"2023-09-01T13:27:59","modified_gmt":"2023-09-01T16:27:59","slug":"historia","status":"publish","type":"page","link":"https:\/\/sites.usp.br\/ppgarqmae\/historia\/","title":{"rendered":"Hist\u00f3ria"},"content":{"rendered":"<p style=\"text-align: justify;\">A P\u00f3s-Gradua\u00e7\u00e3o em Arqueologia existe na Universidade de S\u00e3o Paulo desde 1972, tendo se originado como uma \u00e1rea de concentra\u00e7\u00e3o no \u00e2mbito do programa de Antropologia Social da Faculdade de Filosofia, Letras e Ci\u00eancias Humanas.<\/p>\n<div>\n<div class=\"smartpartner_partnersummary\">\n<p style=\"text-align: justify;\">Em virtude da autonomia e especificidade de suas abordagens, da quantidade de disciplinas ministradas e do n\u00famero crescente de docentes que nele atuam, o Programa de P\u00f3s-Gradua\u00e7\u00e3o em Arqueologia (PPGArq) foi gradativamente adquirindo maior autonomia at\u00e9 que, em 2004, constituiu-se em um programa independente, com sede no Museu de Arqueologia e Etnologia da Universidade de S\u00e3o Paulo (MAE\/ USP).<\/p>\n<p style=\"text-align: justify;\">O\u00a0<strong>PPGArq<\/strong>\u00a0tem compromisso com uma forma\u00e7\u00e3o abrangente e completa, com intensa participa\u00e7\u00e3o em projetos de pesquisa, trabalhos de campo e laborat\u00f3rio. Os laborat\u00f3rios de pesquisa do MAE\/ USP, assim como sua rica biblioteca, oferecem o contexto ideal para o desenvolvimento \u00a0das pesquisas. V\u00e1rios projetos de car\u00e1ter interdisciplinar propiciam aos\/\u00e0s alunos\/as um completo envolvimento com uma Arqueologia \u00a0conectada com disciplinas afins, tais como Hist\u00f3ria, Antropologia, Geologia, Biologia, entre outras.<\/p>\n<p style=\"text-align: justify;\">O PPGarq foi, durante muitos anos, a \u00fanica P\u00f3s-gradua\u00e7\u00e3o em Arqueologia do Brasil e atualmente \u00e9 <strong>nota 6<\/strong> da <strong>CAPES. <\/strong>O nosso programa t\u00eam formado profissionais advidnos de todas as partes do Brasil, atendendo uma grande demanda sempre em crescimento. Com o recente aumento no n\u00famero de n\u00facleos de ensino superior de Arqueologia, o PPGArq MAE\/USP reafirma seu compromisso com a excel\u00eancia, visando a melhor forma\u00e7\u00e3o poss\u00edvel para profissionais em Arqueologia e Gest\u00e3o de Recursos Culturais, priorizando sobretudo a qualidade e capacidade t\u00e9cnico-cient\u00edfica dos\/as alunos\/as.<\/p>\n<p style=\"text-align: justify;\">\n<\/div>\n<\/div>\n","protected":false},"excerpt":{"rendered":"<p>A P\u00f3s-Gradua\u00e7\u00e3o em Arqueologia existe na Universidade de S\u00e3o Paulo desde 1972, tendo se originado como uma \u00e1rea de concentra\u00e7\u00e3o no \u00e2mbito do programa de Antropologia Social da Faculdade de Filosofia, Letras e Ci\u00eancias Humanas. Em virtude da autonomia e especificidade de suas abordagens, da quantidade de disciplinas ministradas e do n\u00famero crescente de docentes que nele atuam, o Programa de P\u00f3s-Gradua\u00e7\u00e3o em Arqueologia (PPGArq) foi gradativamente adquirindo maior autonomia at\u00e9 que, em 2004, constituiu-se em um programa independente, com sede no Museu de Arqueologia e Etnologia da Universidade de S\u00e3o Paulo (MAE\/ USP). O\u00a0PPGArq\u00a0tem compromisso com uma forma\u00e7\u00e3o abrangente e completa, com intensa participa\u00e7\u00e3o em projetos de pesquisa, trabalhos de campo e laborat\u00f3rio. Os laborat\u00f3rios de pesquisa do MAE\/ USP, assim como sua rica biblioteca, oferecem o contexto ideal para o desenvolvimento \u00a0das pesquisas. V\u00e1rios projetos de car\u00e1ter interdisciplinar propiciam aos\/\u00e0s alunos\/as um completo envolvimento com uma Arqueologia \u00a0conectada com disciplinas afins, tais como Hist\u00f3ria, Antropologia, Geologia, Biologia, entre outras. O PPGarq foi, durante muitos anos, a \u00fanica P\u00f3s-gradua\u00e7\u00e3o em Arqueologia do Brasil e atualmente \u00e9 nota 6 da CAPES. O nosso programa t\u00eam formado profissionais advidnos de todas as partes do Brasil, atendendo uma grande demanda sempre em [&#8230;]<\/p>\n","protected":false},"author":845,"featured_media":0,"parent":0,"menu_order":0,"comment_status":"closed","ping_status":"closed","template":"page-full.php","meta":{"_monsterinsights_skip_tracking":false,"_monsterinsights_sitenote_active":false,"_monsterinsights_sitenote_note":"","_monsterinsights_sitenote_category":0,"footnotes":"","_links_to":"","_links_to_target":""},"class_list":["post-1741","page","type-page","status-publish","hentry"],"_links":{"self":[{"href":"https:\/\/sites.usp.br\/ppgarqmae\/wp-json\/wp\/v2\/pages\/1741","targetHints":{"allow":["GET"]}}],"collection":[{"href":"https:\/\/sites.usp.br\/ppgarqmae\/wp-json\/wp\/v2\/pages"}],"about":[{"href":"https:\/\/sites.usp.br\/ppgarqmae\/wp-json\/wp\/v2\/types\/page"}],"author":[{"embeddable":true,"href":"https:\/\/sites.usp.br\/ppgarqmae\/wp-json\/wp\/v2\/users\/845"}],"replies":[{"embeddable":true,"href":"https:\/\/sites.usp.br\/ppgarqmae\/wp-json\/wp\/v2\/comments?post=1741"}],"version-history":[{"count":4,"href":"https:\/\/sites.usp.br\/ppgarqmae\/wp-json\/wp\/v2\/pages\/1741\/revisions"}],"predecessor-version":[{"id":3386,"href":"https:\/\/sites.usp.br\/ppgarqmae\/wp-json\/wp\/v2\/pages\/1741\/revisions\/3386"}],"wp:attachment":[{"href":"https:\/\/sites.usp.br\/ppgarqmae\/wp-json\/wp\/v2\/media?parent=1741"}],"curies":[{"name":"wp","href":"https:\/\/api.w.org\/{rel}","templated":true}]}}