{"id":1745,"date":"2020-07-23T19:03:50","date_gmt":"2020-07-23T22:03:50","guid":{"rendered":"http:\/\/sites.usp.br\/ppgarqmae\/?page_id=1745"},"modified":"2024-11-22T14:25:13","modified_gmt":"2024-11-22T17:25:13","slug":"ingresso","status":"publish","type":"page","link":"https:\/\/sites.usp.br\/ppgarqmae\/ingresso\/","title":{"rendered":"Ingresso"},"content":{"rendered":"<p><strong>Programa de P\u00f3s-gradua\u00e7\u00e3o em Arqueologia do MAE\/USP<\/strong><\/p>\n<p>O nosso objetivo \u00e9 formar e capacitar profissionais para desenvolver pesquisa cient\u00edfica, doc\u00eancia e outras atividades de gest\u00e3o patrimonial. O PPGArq MAE\/USP oferece um amplo leque de possibilidades de pesquisa associadas tanto \u00e0 Arqueologia e Pr\u00e9-Hist\u00f3ria do Brasil, Arqueologia Hist\u00f3rica e Arqueologia do Mediterr\u00e2neo e M\u00e9dio Oriente, assim como no \u00e2mbito de estudos de cultura material e arte das sociedades africanas. Os campos de pesquisa do programa s\u00e3o diversificados e incluem temas como: forma\u00e7\u00e3o do registro arqueol\u00f3gico; formas de contato, continuidade e mudan\u00e7a cultural; cultura material e etnicidade; representa\u00e7\u00f5es simb\u00f3licas e religi\u00e3o; etnoarqueologia; paisagem e territorialidade; organiza\u00e7\u00e3o social e poder; artefatos e agentes culturais; hist\u00f3ria ind\u00edgena.<\/p>\n<p>Nosso processo seletivo para alungos\/as regulares de ampla concorr\u00eancia e pol\u00edtica de a\u00e7\u00e3o afirmativa para pessoas pretas\/ pardas acontece uma vez por ano, durante o segundo semestre. As inscri\u00e7\u00f5es costumam ser no m\u00eas de outubro e as matr\u00edculas dos\/as estudantes aprovados acontecem entrer janeiro e fevereiro do ano seguinte.<\/p>\n<p><span dir=\"ltr\" role=\"presentation\">O<\/span> <span dir=\"ltr\" role=\"presentation\">processo<\/span> <span dir=\"ltr\" role=\"presentation\">seletivo<\/span> <span dir=\"ltr\" role=\"presentation\">inclui<\/span> <span dir=\"ltr\" role=\"presentation\">duas<\/span> <span dir=\"ltr\" role=\"presentation\">fases<\/span> <span dir=\"ltr\" role=\"presentation\">subseq<\/span><span dir=\"ltr\" role=\"presentation\">uentes,<\/span> <span dir=\"ltr\" role=\"presentation\">ambas<\/span> <span dir=\"ltr\" role=\"presentation\">obrigat\u00f3rias<\/span> <span dir=\"ltr\" role=\"presentation\">e <\/span><span dir=\"ltr\" role=\"presentation\">eliminat\u00f3rias para todas as candidaturas<\/span> <span dir=\"ltr\" role=\"presentation\">[Fases 1 e 2]. <\/span><span dir=\"ltr\" role=\"presentation\">A<\/span> <span dir=\"ltr\" role=\"presentation\">FASE 1<\/span> <span dir=\"ltr\" role=\"presentation\">\u00e9 constitu\u00edda pela avalia\u00e7\u00e3o de um ensaio escrito<\/span><span dir=\"ltr\" role=\"presentation\">. A<\/span> <span dir=\"ltr\" role=\"presentation\">FASE 2<\/span> <span dir=\"ltr\" role=\"presentation\">\u00e9 <\/span><span dir=\"ltr\" role=\"presentation\">constitu\u00edda pela avalia\u00e7\u00e3o do conjunto Projeto de Pesquisa\/ Curr\u00edculo.<\/span><\/p>\n","protected":false},"excerpt":{"rendered":"<p>Programa de P\u00f3s-gradua\u00e7\u00e3o em Arqueologia do MAE\/USP O nosso objetivo \u00e9 formar e capacitar profissionais para desenvolver pesquisa cient\u00edfica, doc\u00eancia e outras atividades de gest\u00e3o patrimonial. O PPGArq MAE\/USP oferece um amplo leque de possibilidades de pesquisa associadas tanto \u00e0 Arqueologia e Pr\u00e9-Hist\u00f3ria do Brasil, Arqueologia Hist\u00f3rica e Arqueologia do Mediterr\u00e2neo e M\u00e9dio Oriente, assim como no \u00e2mbito de estudos de cultura material e arte das sociedades africanas. Os campos de pesquisa do programa s\u00e3o diversificados e incluem temas como: forma\u00e7\u00e3o do registro arqueol\u00f3gico; formas de contato, continuidade e mudan\u00e7a cultural; cultura material e etnicidade; representa\u00e7\u00f5es simb\u00f3licas e religi\u00e3o; etnoarqueologia; paisagem e territorialidade; organiza\u00e7\u00e3o social e poder; artefatos e agentes culturais; hist\u00f3ria ind\u00edgena. Nosso processo seletivo para alungos\/as regulares de ampla concorr\u00eancia e pol\u00edtica de a\u00e7\u00e3o afirmativa para pessoas pretas\/ pardas acontece uma vez por ano, durante o segundo semestre. As inscri\u00e7\u00f5es costumam ser no m\u00eas de outubro e as matr\u00edculas dos\/as estudantes aprovados acontecem entrer janeiro e fevereiro do ano seguinte. O processo seletivo inclui duas fases subsequentes, ambas obrigat\u00f3rias e eliminat\u00f3rias para todas as candidaturas [Fases 1 e 2]. A FASE 1 \u00e9 constitu\u00edda pela avalia\u00e7\u00e3o de um ensaio escrito. A FASE 2 \u00e9 constitu\u00edda pela avalia\u00e7\u00e3o do [&#8230;]<\/p>\n","protected":false},"author":845,"featured_media":0,"parent":0,"menu_order":0,"comment_status":"closed","ping_status":"closed","template":"page-full.php","meta":{"_monsterinsights_skip_tracking":false,"_monsterinsights_sitenote_active":false,"_monsterinsights_sitenote_note":"","_monsterinsights_sitenote_category":0,"footnotes":"","_links_to":"","_links_to_target":""},"class_list":["post-1745","page","type-page","status-publish","hentry"],"_links":{"self":[{"href":"https:\/\/sites.usp.br\/ppgarqmae\/wp-json\/wp\/v2\/pages\/1745","targetHints":{"allow":["GET"]}}],"collection":[{"href":"https:\/\/sites.usp.br\/ppgarqmae\/wp-json\/wp\/v2\/pages"}],"about":[{"href":"https:\/\/sites.usp.br\/ppgarqmae\/wp-json\/wp\/v2\/types\/page"}],"author":[{"embeddable":true,"href":"https:\/\/sites.usp.br\/ppgarqmae\/wp-json\/wp\/v2\/users\/845"}],"replies":[{"embeddable":true,"href":"https:\/\/sites.usp.br\/ppgarqmae\/wp-json\/wp\/v2\/comments?post=1745"}],"version-history":[{"count":5,"href":"https:\/\/sites.usp.br\/ppgarqmae\/wp-json\/wp\/v2\/pages\/1745\/revisions"}],"predecessor-version":[{"id":3756,"href":"https:\/\/sites.usp.br\/ppgarqmae\/wp-json\/wp\/v2\/pages\/1745\/revisions\/3756"}],"wp:attachment":[{"href":"https:\/\/sites.usp.br\/ppgarqmae\/wp-json\/wp\/v2\/media?parent=1745"}],"curies":[{"name":"wp","href":"https:\/\/api.w.org\/{rel}","templated":true}]}}