{"id":1761,"date":"2020-07-23T20:14:20","date_gmt":"2020-07-23T23:14:20","guid":{"rendered":"http:\/\/sites.usp.br\/ppgarqmae\/?page_id=1761"},"modified":"2025-06-18T16:34:49","modified_gmt":"2025-06-18T19:34:49","slug":"formularios-para-inscricao","status":"publish","type":"page","link":"https:\/\/sites.usp.br\/ppgarqmae\/formularios-para-inscricao\/","title":{"rendered":"Formul\u00e1rios para inscri\u00e7\u00e3o"},"content":{"rendered":"<h4 style=\"text-align: center;\">Inscri\u00e7\u00e3o Processo Seletivo para Ampla Concorr\u00eancia e Pol\u00edtica de A\u00e7\u00e3o Afirmativa<\/h4>\n<p><a href=\"https:\/\/sites.usp.br\/ppgarqmae\/wp-content\/uploads\/sites\/153\/2021\/08\/Anexo-1.docx\">Anexo 1\u00a0 \u00a0(Autodeclara\u00e7\u00e3o para Candidaturas Optantes Pretas\/Pardas)<\/a><br \/>\n<a href=\"https:\/\/sites.usp.br\/ppgarqmae\/wp-content\/uploads\/sites\/153\/2021\/08\/Anexo-2.docx\">Anexo 2\u00a0 \u00a0(Autodeclara\u00e7\u00e3o para Candidaturas N\u00e3o-optantes)<\/a><br \/>\n<a href=\"https:\/\/sites.usp.br\/ppgarqmae\/wp-content\/uploads\/sites\/153\/2021\/08\/Anexo-3.docx\">Anexo 3\u00a0 \u00a0(Autodeclara\u00e7\u00e3o de Pessoa com Defici\u00eancia)<\/a><br \/>\n<a href=\"https:\/\/sites.usp.br\/ppgarqmae\/wp-content\/uploads\/sites\/153\/2023\/07\/Anexo-5.docx\">Anexo 5\u00a0 \u00a0(Documento de Declara\u00e7\u00e3o de Ci\u00eancia e Concord\u00e2ncia)\u00a0<\/a><br \/>\n<a href=\"https:\/\/sites.usp.br\/ppgarqmae\/wp-content\/uploads\/sites\/153\/2021\/08\/Anexo-6.docx\">Anexo 6\u00a0 \u00a0(Carta de Anu\u00eancia para Pesquisa)<\/a><br \/>\n<a href=\"https:\/\/sites.usp.br\/ppgarqmae\/wp-content\/uploads\/sites\/153\/2021\/08\/Anexo-7.docx\">Anexo 7\u00a0 \u00a0(Carta de Solicita\u00e7\u00e3o de Equival\u00eancia de T\u00edtulo)<\/a><br \/>\n<a href=\"https:\/\/sites.usp.br\/ppgarqmae\/wp-content\/uploads\/sites\/153\/2021\/08\/Anexo-8.docx\">Anexo 8\u00a0 \u00a0(Solicita\u00e7\u00e3o de Dispensa de L\u00edngua Materna)<\/a><br \/>\n<a href=\"https:\/\/sites.usp.br\/ppgarqmae\/wp-content\/uploads\/sites\/153\/2020\/10\/FORM_PESQUISA-Acervo-MAE.docx\">Formul\u00e1rio pesquisa em Acervo do MAE<\/a><\/p>\n<p>&nbsp;<\/p>\n<h4 style=\"text-align: center;\">Inscri\u00e7\u00e3o Processo Seletivo para Ind\u00edgenas<\/h4>\n<p><a href=\"https:\/\/sites.usp.br\/ppgarqmae\/wp-content\/uploads\/sites\/153\/2021\/08\/Indigenas_Anexo-1.docx\">Anexo 1\u00a0 \u00a0(Autodeclara\u00e7\u00e3o para Candidaturas Ind\u00edgenas)<\/a><br \/>\n<a href=\"https:\/\/sites.usp.br\/ppgarqmae\/wp-content\/uploads\/sites\/153\/2021\/08\/Indigenas_Anexo-2.docx\">Anexo 2\u00a0 \u00a0(Declara\u00e7\u00e3o de Pertencimento Ind\u00edgena)<\/a><br \/>\n<a href=\"https:\/\/sites.usp.br\/ppgarqmae\/wp-content\/uploads\/sites\/153\/2021\/09\/Indigenas_Anexo-3.docx\"> Anexo 3\u00a0 \u00a0(Autodeclara\u00e7\u00e3o de Pessoa com Defici\u00eancia)<\/a><br \/>\n<a href=\"https:\/\/sites.usp.br\/ppgarqmae\/wp-content\/uploads\/sites\/153\/2021\/09\/Indigenas_Anexo-5-.docx\">Anexo 5\u00a0 \u00a0(Documento de Declara\u00e7\u00e3o de Ci\u00eancia e Concord\u00e2ncia)<\/a><br \/>\n<a href=\"https:\/\/sites.usp.br\/ppgarqmae\/wp-content\/uploads\/sites\/153\/2021\/08\/Indigenas_Anexo-6.docx\">Anexo 6\u00a0 \u00a0(Memorial)<\/a><br \/>\n<a href=\"https:\/\/sites.usp.br\/ppgarqmae\/wp-content\/uploads\/sites\/153\/2021\/08\/Indigenas_Anexo-7.docx\">Anexo 7\u00a0 \u00a0(Carta de Anu\u00eancia para Pesquisa)<\/a><br \/>\n<a href=\"https:\/\/sites.usp.br\/ppgarqmae\/wp-content\/uploads\/sites\/153\/2021\/09\/Indigenas_Anexo-8.docx\">Anexo 8\u00a0 \u00a0(Solicita\u00e7\u00e3o de Dispensa de L\u00edngua Materna)<\/a><br \/>\n<a href=\"https:\/\/sites.usp.br\/ppgarqmae\/wp-content\/uploads\/sites\/153\/2020\/10\/FORM_PESQUISA-Acervo-MAE.docx\">Formul\u00e1rio pesquisa em Acervo do MAE<\/a><\/p>\n<p>&nbsp;<\/p>\n","protected":false},"excerpt":{"rendered":"<p>Inscri\u00e7\u00e3o Processo Seletivo para Ampla Concorr\u00eancia e Pol\u00edtica de A\u00e7\u00e3o Afirmativa Anexo 1\u00a0 \u00a0(Autodeclara\u00e7\u00e3o para Candidaturas Optantes Pretas\/Pardas) Anexo 2\u00a0 \u00a0(Autodeclara\u00e7\u00e3o para Candidaturas N\u00e3o-optantes) Anexo 3\u00a0 \u00a0(Autodeclara\u00e7\u00e3o de Pessoa com Defici\u00eancia) Anexo 5\u00a0 \u00a0(Documento de Declara\u00e7\u00e3o de Ci\u00eancia e Concord\u00e2ncia)\u00a0 Anexo 6\u00a0 \u00a0(Carta de Anu\u00eancia para Pesquisa) Anexo 7\u00a0 \u00a0(Carta de Solicita\u00e7\u00e3o de Equival\u00eancia de T\u00edtulo) Anexo 8\u00a0 \u00a0(Solicita\u00e7\u00e3o de Dispensa de L\u00edngua Materna) Formul\u00e1rio pesquisa em Acervo do MAE &nbsp; Inscri\u00e7\u00e3o Processo Seletivo para Ind\u00edgenas Anexo 1\u00a0 \u00a0(Autodeclara\u00e7\u00e3o para Candidaturas Ind\u00edgenas) Anexo 2\u00a0 \u00a0(Declara\u00e7\u00e3o de Pertencimento Ind\u00edgena) Anexo 3\u00a0 \u00a0(Autodeclara\u00e7\u00e3o de Pessoa com Defici\u00eancia) Anexo 5\u00a0 \u00a0(Documento de Declara\u00e7\u00e3o de Ci\u00eancia e Concord\u00e2ncia) Anexo 6\u00a0 \u00a0(Memorial) Anexo 7\u00a0 \u00a0(Carta de Anu\u00eancia para Pesquisa) Anexo 8\u00a0 \u00a0(Solicita\u00e7\u00e3o de Dispensa de L\u00edngua Materna) Formul\u00e1rio pesquisa em Acervo do MAE &nbsp;<\/p>\n","protected":false},"author":845,"featured_media":0,"parent":0,"menu_order":0,"comment_status":"closed","ping_status":"closed","template":"page-full.php","meta":{"_monsterinsights_skip_tracking":false,"_monsterinsights_sitenote_active":false,"_monsterinsights_sitenote_note":"","_monsterinsights_sitenote_category":0,"footnotes":"","_links_to":"","_links_to_target":""},"class_list":["post-1761","page","type-page","status-publish","hentry"],"_links":{"self":[{"href":"https:\/\/sites.usp.br\/ppgarqmae\/wp-json\/wp\/v2\/pages\/1761","targetHints":{"allow":["GET"]}}],"collection":[{"href":"https:\/\/sites.usp.br\/ppgarqmae\/wp-json\/wp\/v2\/pages"}],"about":[{"href":"https:\/\/sites.usp.br\/ppgarqmae\/wp-json\/wp\/v2\/types\/page"}],"author":[{"embeddable":true,"href":"https:\/\/sites.usp.br\/ppgarqmae\/wp-json\/wp\/v2\/users\/845"}],"replies":[{"embeddable":true,"href":"https:\/\/sites.usp.br\/ppgarqmae\/wp-json\/wp\/v2\/comments?post=1761"}],"version-history":[{"count":4,"href":"https:\/\/sites.usp.br\/ppgarqmae\/wp-json\/wp\/v2\/pages\/1761\/revisions"}],"predecessor-version":[{"id":3862,"href":"https:\/\/sites.usp.br\/ppgarqmae\/wp-json\/wp\/v2\/pages\/1761\/revisions\/3862"}],"wp:attachment":[{"href":"https:\/\/sites.usp.br\/ppgarqmae\/wp-json\/wp\/v2\/media?parent=1761"}],"curies":[{"name":"wp","href":"https:\/\/api.w.org\/{rel}","templated":true}]}}