{"id":1767,"date":"2020-07-23T20:23:02","date_gmt":"2020-07-23T23:23:02","guid":{"rendered":"http:\/\/sites.usp.br\/ppgarqmae\/?page_id=1767"},"modified":"2024-11-04T11:54:48","modified_gmt":"2024-11-04T14:54:48","slug":"formatacao-de-teses-e-dissertacoes","status":"publish","type":"page","link":"https:\/\/sites.usp.br\/ppgarqmae\/formatacao-de-teses-e-dissertacoes\/","title":{"rendered":"Formata\u00e7\u00e3o de Teses e Disserta\u00e7\u00f5es"},"content":{"rendered":"<h3>DIRETRIZES<\/h3>\n<h3><span style=\"text-decoration: underline;\">Regimento antigo (at\u00e9 turma de 2019)<\/span><\/h3>\n<p>Disserta\u00e7\u00f5es de <strong>Mestrado<\/strong> e teses de <strong>Doutorado <\/strong>devem conter:<strong><br \/>\n<\/strong><\/p>\n<ul>\n<li>Capa com nome do\/a autor\/a, t\u00edtulo do trabalho, local e data<\/li>\n<li>Contra Capa com nome da unidade, nome do\/a autor\/a, t\u00edtulo do trabalho, linha de pesquisa, nome do\/a orientador\/a, coorientador\/a (se tiver), local e data<\/li>\n<li>Resumo em portugu\u00eas<\/li>\n<li>Resumo em ingl\u00eas<\/li>\n<li>Agradecimentos<\/li>\n<li>Lista de Figuras, Ilustra\u00e7\u00f5es, Tabelas<\/li>\n<li>Sum\u00e1rio<\/li>\n<li>Introdu\u00e7\u00e3o<\/li>\n<li>Cap\u00edtulos<\/li>\n<li>Conclus\u00e3o<\/li>\n<li>Bibliografia<\/li>\n<li>Anexos<\/li>\n<\/ul>\n<p><span style=\"color: #333300;\">O PPGArq, entendendo a diversidade de sua produ\u00e7\u00e3o, estabelece a possibilidade de uso de dois padr\u00f5es de cita\u00e7\u00e3o e refer\u00eancia &#8211; ABNT e Vancouver &#8211; desde que o documento seja constru\u00eddo inteiramente no padr\u00e3o escolhido. Os manuais para a formata\u00e7\u00e3o foram produzidos pela USP e podem ser consultados atrav\u00e9s dos links abaixo. A primeira parte deles (at\u00e9 item 3) \u00e9 id\u00eantica, referindo-se a estrutura e formata\u00e7\u00e3o gr\u00e1fica que as teses e disserta\u00e7\u00f5es devem seguir.<\/span><\/p>\n<p><span style=\"color: #333300;\">ABNT :<\/span>\u00a0<a href=\"http:\/\/dx.doi.org\/10.11606\/9788573140606\" target=\"_blank\" rel=\"noopener noreferrer\" data-saferedirecturl=\"https:\/\/www.google.com\/url?hl=pt-BR&amp;q=http:\/\/dx.doi.org\/10.11606\/9788573140606&amp;source=gmail&amp;ust=1536083762245000&amp;usg=AFQjCNGvQkZEsmwBuJXwwDAIE4rygrKleQ\">http:\/\/dx.doi.org\/10.11606\/<wbr \/>9788573140606<\/a><\/p>\n<p><span style=\"color: #333300;\">Vancouver:<\/span>\u00a0\u00a0<a href=\"http:\/\/dx.doi.org\/10.11606\/9788573140569\" target=\"_blank\" rel=\"noopener noreferrer\" data-saferedirecturl=\"https:\/\/www.google.com\/url?hl=pt-BR&amp;q=http:\/\/dx.doi.org\/10.11606\/9788573140569&amp;source=gmail&amp;ust=1536083762245000&amp;usg=AFQjCNGr3YzCRwm5t0xge_fM15oiXJsxzQ\">http:\/\/dx.doi.org\/<wbr \/>10.11606\/9788573140569<\/a><\/p>\n<p><strong>Ficha catalogr\u00e1fica<\/strong><\/p>\n<p>A ficha catalogr\u00e1fica \u00e9 um item obrigat\u00f3rio nos trabalhos acad\u00eamicos. Cont\u00e9m um conjunto de elementos de descri\u00e7\u00e3o t\u00e9cnica do documento e deve ser impressa no verso da folha de rosto do trabalho. Para baixar a ficha catalogr\u00e1fica clique <a href=\"http:\/\/fichacatalografica.rf.gd\/ficha\/src\/ficha.php?i=1\">aqui<\/a><\/p>\n<h3><span style=\"text-decoration: underline;\">Regimento novo (a partir de 2020)<\/span><\/h3>\n<p>A estrutura das disserta\u00e7\u00f5es de Mestrado e teses de Doutorado \u00e9 definida pelas publica\u00e7\u00f5es \u201cDiretrizes para apresenta\u00e7\u00e3o de disserta\u00e7\u00f5es e teses da USP: documento eletr\u00f4nico e impresso. Parte I (ABNT)\u201d ou \u201cDiretrizes para apresenta\u00e7\u00e3o de disserta\u00e7\u00f5es e teses da USP: documento eletr\u00f4nico e impresso. Parte IV (Vancouver)\u201d, devendo ser consistente com o modelo escolhido.<\/p>\n<p><a href=\"https:\/\/www.teses.usp.br\/index.php?option=com_content&#038;view=article&#038;id=52&#038;Itemid=67&#038;lang=pt-br\">Diretrizes para confec\u00e7\u00e3o de teses e disserta\u00e7\u00f5es<\/a><\/p>\n<p>ABNT :\u00a0<a href=\"http:\/\/dx.doi.org\/10.11606\/9788573140606\" target=\"_blank\" rel=\"noopener noreferrer\" data-saferedirecturl=\"https:\/\/www.google.com\/url?hl=pt-BR&amp;q=http:\/\/dx.doi.org\/10.11606\/9788573140606&amp;source=gmail&amp;ust=1536083762245000&amp;usg=AFQjCNGvQkZEsmwBuJXwwDAIE4rygrKleQ\">http:\/\/dx.doi.org\/10.11606\/<wbr \/>9788573140606<\/a><\/p>\n<p>Vancouver:\u00a0\u00a0<a href=\"http:\/\/dx.doi.org\/10.11606\/9788573140569\" target=\"_blank\" rel=\"noopener noreferrer\" data-saferedirecturl=\"https:\/\/www.google.com\/url?hl=pt-BR&amp;q=http:\/\/dx.doi.org\/10.11606\/9788573140569&amp;source=gmail&amp;ust=1536083762245000&amp;usg=AFQjCNGr3YzCRwm5t0xge_fM15oiXJsxzQ\">http:\/\/dx.doi.org\/<wbr \/>10.11606\/9788573140569<\/a><\/p>\n<p><strong>Disserta\u00e7\u00f5es de Mestrado<\/strong>:<\/p>\n<ul>\n<li>Capa com nome do autor, t\u00edtulo do trabalho, local e data<\/li>\n<li>Contra Capa com nome da unidade, nome do autor, t\u00edtulo do trabalho, nome do orientador, local e data e ficha catalogr\u00e1fica em seu verso<\/li>\n<li>P\u00e1gina como os nomes e local para as assinaturas da Banca Examinador<\/li>\n<li>Lista de Figuras, Ilustra\u00e7\u00f5es, Equa\u00e7\u00f5es e tabelas<\/li>\n<li>Resumo em Portugu\u00eas<\/li>\n<li>Abstract em Ingl\u00eas<\/li>\n<li>Introdu\u00e7\u00e3o<\/li>\n<li>Fundamenta\u00e7\u00e3o te\u00f3rica<\/li>\n<li>Material e dos M\u00e9todos<\/li>\n<li>Resultados<\/li>\n<li>Conclus\u00f5es<\/li>\n<li>Bibliografia<\/li>\n<li>\u00c9 opcional a apresenta\u00e7\u00e3o de Sugest\u00f5es para trabalhos futuros; Anexos; Ap\u00eandices<\/li>\n<\/ul>\n<p><strong>Teses de Doutorado:<\/strong><\/p>\n<ul>\n<li>Poder\u00e1 ser uma <strong>tese na forma tradicional<\/strong> ou, alternativamente, tomar a forma de <strong>colet\u00e2nea de artigos<\/strong><\/li>\n<li>A tese no formato tradicional dever\u00e1 conter os seguintes itens:<br \/>\n\u2013 Capa com nome do autor, t\u00edtulo do trabalho, local e data<br \/>\n\u2013 Contra Capa com nome da unidade, nome do autor, t\u00edtulo do trabalho, nome do orientador, local e data e ficha catalogr\u00e1fica em seu verso<br \/>\n\u2013 P\u00e1gina como os nomes e local para as assinaturas da Banca Examinadora<br \/>\n\u2013 Lista de Figuras, Ilustra\u00e7\u00f5es, Equa\u00e7\u00f5es e tabelas<br \/>\n\u2013 Resumo em Portugu\u00eas<br \/>\n\u2013 Abstract em Ingl\u00eas<br \/>\n\u2013 Introdu\u00e7\u00e3o<br \/>\n\u2013 Fundamenta\u00e7\u00e3o te\u00f3rica<br \/>\n\u2013 Material e M\u00e9todos<br \/>\n\u2013 Resultados<br \/>\n\u2013 Conclus\u00f5es<br \/>\n\u2013 Bibliografia<br \/>\nSendo opcional a apresenta\u00e7\u00e3o de:<br \/>\n\u2013 Sugest\u00f5es para trabalhos futuros;<br \/>\n\u2013 Anexos;<br \/>\n\u2013 Ap\u00eandices.<\/li>\n<li>A tese na forma de colet\u00e2nea de artigos dever\u00e1 ter ao menos dois (2) artigos publicados, aceitos para publica\u00e7\u00e3o ou submetidos, sendo o\/a estudante obrigatoriamente primeiro\/a autor\/a. Neste caso, dever\u00e1 ser apresentada anu\u00eancia das editoras para publica\u00e7\u00e3o de cada um destes artigos na tese. A tese em formato de colet\u00e2nea dever\u00e1 conter uma introdu\u00e7\u00e3o que apresente o problema e os objetivos da pesquisa e um cap\u00edtulo de fundamenta\u00e7\u00e3o te\u00f3rico-metodol\u00f3gica, precedentes aos artigos presentes no corpo da tese. Deve tamb\u00e9m incluir um cap\u00edtulo de conclus\u00e3o que relacione os artigos apresentados. Cap\u00edtulos na forma tradicional e na forma de artigos dever\u00e3o ser combinados de forma a produzir um texto com estrutura coerente.<\/li>\n<\/ul>\n<p><strong>Ficha catalogr\u00e1fica<\/strong><\/p>\n<p>A ficha catalogr\u00e1fica \u00e9 um item obrigat\u00f3rio nos trabalhos acad\u00eamicos. Cont\u00e9m um conjunto de elementos de descri\u00e7\u00e3o t\u00e9cnica do documento e deve ser impressa no verso da folha de rosto do trabalho. Para baixar a ficha catalogr\u00e1fica clique <a href=\"https:\/\/mae.usp.br\/ficha-catalografica-2\/\">aqui<\/a><\/p>\n<p>&nbsp;<\/p>\n","protected":false},"excerpt":{"rendered":"<p>DIRETRIZES Regimento antigo (at\u00e9 turma de 2019) Disserta\u00e7\u00f5es de Mestrado e teses de Doutorado devem conter: Capa com nome do\/a autor\/a, t\u00edtulo do trabalho, local e data Contra Capa com nome da unidade, nome do\/a autor\/a, t\u00edtulo do trabalho, linha de pesquisa, nome do\/a orientador\/a, coorientador\/a (se tiver), local e data Resumo em portugu\u00eas Resumo em ingl\u00eas Agradecimentos Lista de Figuras, Ilustra\u00e7\u00f5es, Tabelas Sum\u00e1rio Introdu\u00e7\u00e3o Cap\u00edtulos Conclus\u00e3o Bibliografia Anexos O PPGArq, entendendo a diversidade de sua produ\u00e7\u00e3o, estabelece a possibilidade de uso de dois padr\u00f5es de cita\u00e7\u00e3o e refer\u00eancia &#8211; ABNT e Vancouver &#8211; desde que o documento seja constru\u00eddo inteiramente no padr\u00e3o escolhido. Os manuais para a formata\u00e7\u00e3o foram produzidos pela USP e podem ser consultados atrav\u00e9s dos links abaixo. A primeira parte deles (at\u00e9 item 3) \u00e9 id\u00eantica, referindo-se a estrutura e formata\u00e7\u00e3o gr\u00e1fica que as teses e disserta\u00e7\u00f5es devem seguir. ABNT :\u00a0http:\/\/dx.doi.org\/10.11606\/9788573140606 Vancouver:\u00a0\u00a0http:\/\/dx.doi.org\/10.11606\/9788573140569 Ficha catalogr\u00e1fica A ficha catalogr\u00e1fica \u00e9 um item obrigat\u00f3rio nos trabalhos acad\u00eamicos. Cont\u00e9m um conjunto de elementos de descri\u00e7\u00e3o t\u00e9cnica do documento e deve ser impressa no verso da folha de rosto do trabalho. Para baixar a ficha catalogr\u00e1fica clique aqui Regimento novo (a partir de 2020) A estrutura das disserta\u00e7\u00f5es de Mestrado e [&#8230;]<\/p>\n","protected":false},"author":845,"featured_media":0,"parent":0,"menu_order":0,"comment_status":"closed","ping_status":"closed","template":"page-full.php","meta":{"_monsterinsights_skip_tracking":false,"_monsterinsights_sitenote_active":false,"_monsterinsights_sitenote_note":"","_monsterinsights_sitenote_category":0,"footnotes":"","_links_to":"","_links_to_target":""},"class_list":["post-1767","page","type-page","status-publish","hentry"],"_links":{"self":[{"href":"https:\/\/sites.usp.br\/ppgarqmae\/wp-json\/wp\/v2\/pages\/1767","targetHints":{"allow":["GET"]}}],"collection":[{"href":"https:\/\/sites.usp.br\/ppgarqmae\/wp-json\/wp\/v2\/pages"}],"about":[{"href":"https:\/\/sites.usp.br\/ppgarqmae\/wp-json\/wp\/v2\/types\/page"}],"author":[{"embeddable":true,"href":"https:\/\/sites.usp.br\/ppgarqmae\/wp-json\/wp\/v2\/users\/845"}],"replies":[{"embeddable":true,"href":"https:\/\/sites.usp.br\/ppgarqmae\/wp-json\/wp\/v2\/comments?post=1767"}],"version-history":[{"count":5,"href":"https:\/\/sites.usp.br\/ppgarqmae\/wp-json\/wp\/v2\/pages\/1767\/revisions"}],"predecessor-version":[{"id":3715,"href":"https:\/\/sites.usp.br\/ppgarqmae\/wp-json\/wp\/v2\/pages\/1767\/revisions\/3715"}],"wp:attachment":[{"href":"https:\/\/sites.usp.br\/ppgarqmae\/wp-json\/wp\/v2\/media?parent=1767"}],"curies":[{"name":"wp","href":"https:\/\/api.w.org\/{rel}","templated":true}]}}